{"id":910,"date":"2022-10-27T17:10:55","date_gmt":"2022-10-27T17:10:55","guid":{"rendered":"https:\/\/www.tenerity.com\/fr\/?page_id=910"},"modified":"2023-07-11T16:17:48","modified_gmt":"2023-07-11T16:17:48","slug":"savings","status":"publish","type":"page","link":"https:\/\/www.tenerity.com\/fr\/solutions\/savings\/","title":{"rendered":"Savings"},"content":{"rendered":"<section class=\"l-section wpb_row us_custom_5be30638 height_large color_alternate with_img with_shape\"><div class=\"l-section-img\" role=\"img\" aria-label=\"Image\" data-img-width=\"2121\" data-img-height=\"1414\" style=\"background-image: url(https:\/\/www.tenerity.com\/fr\/wp-content\/uploads\/sites\/31\/2023\/06\/savings-page-banner_resized.jpg);\"><\/div><div class=\"l-section-overlay\" style=\"background:rgba(30,30,30,0.25)\"><\/div><div class=\"l-section-shape type_tilt pos_bottom hor_flip\" style=\"height:10vh;color:var(--color-header-middle-bg)\"><svg xmlns=\"http:\/\/www.w3.org\/2000\/svg\" viewBox=\"0 0 64 8\" preserveAspectRatio=\"none\" width=\"100%\" height=\"100%\">\r\n\t<path fill=\"currentColor\" d=\"M64 7.9 L64 10 L0 10 L0 0 Z\"\/>\r\n<\/svg><\/div><div class=\"l-section-h i-cf\"><div class=\"g-cols vc_row via_flex valign_middle type_default stacking_default\"><div class=\"vc_col-sm-6 wpb_column vc_column_container\"><div class=\"vc_column-inner us_custom_fcc6a1c6\"><div class=\"wpb_wrapper\"><div class=\"wpb_text_column us_custom_4b9db530 us_animate_this\"><div class=\"wpb_wrapper\"><h1>Savings<\/h1>\n<\/div><\/div><div class=\"wpb_text_column us_custom_de366d1c text___intro us_animate_this\"><div class=\"wpb_wrapper\"><p>Transformez l\u2019acte d\u2019achat en une exp\u00e9rience r\u00e9compensant davantage vos clients.<\/p>\n<\/div><\/div><\/div><\/div><\/div><div class=\"vc_col-sm-6 wpb_column vc_column_container\"><div class=\"vc_column-inner\"><div class=\"wpb_wrapper\"><\/div><\/div><\/div><\/div><\/div><\/section><section class=\"l-section wpb_row us_custom_6f9d098d height_auto type_sticky\" id=\"program___tab-bar\"><div class=\"l-section-h i-cf\"><div class=\"g-cols vc_row via_flex valign_bottom type_default stacking_default\"><div class=\"vc_col-sm-6 wpb_column vc_column_container\"><div class=\"vc_column-inner\"><div class=\"wpb_wrapper\"><div class=\"wpb_text_column smallprint\"><div class=\"wpb_wrapper\"><p>SOLUTION<\/p>\n<\/div><\/div><div class=\"wpb_text_column\"><div class=\"wpb_wrapper\"><h3>Savings<\/h3>\n<\/div><\/div><\/div><\/div><\/div><div class=\"vc_col-sm-6 wpb_column vc_column_container\"><div class=\"vc_column-inner\"><div class=\"wpb_wrapper\"><nav class=\"w-menu sub-nav layout_hor style_links us_menu_1\" style=\"--main-gap:1.5rem;--main-ver-indent:0.8em;--main-hor-indent:0.8em;--main-color:inherit;\"><ul id=\"menu-program-savings\" class=\"menu\"><li id=\"menu-item-968\" class=\"menu-item menu-item-type-custom menu-item-object-custom menu-item-968\"><a href=\"#program___overview\">Aper\u00e7u<\/a><\/li><li id=\"menu-item-969\" class=\"menu-item menu-item-type-custom menu-item-object-custom menu-item-969\"><a href=\"#program___solutions\">Solutions<\/a><\/li><li id=\"menu-item-970\" class=\"menu-item menu-item-type-custom menu-item-object-custom menu-item-970\"><a href=\"#program___why\">Pourquoi choisir Tenerity ?<\/a><\/li><\/ul><style>@media ( max-width:600px ){.us_menu_1 .menu{display:block!important}.us_menu_1 .menu>li{margin:0 0 var(--main-gap,1.5rem)!important}}<\/style><\/nav><\/div><\/div><\/div><\/div><\/div><\/section><section class=\"l-section wpb_row height_auto type_sticky\" id=\"program___tab-bar-shadow\"><div class=\"l-section-h i-cf\"><div class=\"g-cols vc_row via_flex valign_bottom type_default stacking_default\"><div class=\"vc_col-sm-12 wpb_column vc_column_container\"><div class=\"vc_column-inner\"><div class=\"wpb_wrapper\"><\/div><\/div><\/div><\/div><\/div><\/section><section class=\"l-section wpb_row height_medium\" id=\"program___overview\"><div class=\"l-section-h i-cf\"><div class=\"g-cols vc_row via_flex valign_middle type_default stacking_default\"><div class=\"vc_col-sm-6 wpb_column vc_column_container\"><div class=\"vc_column-inner\"><div class=\"wpb_wrapper\"><div class=\"wpb_text_column\"><div class=\"wpb_wrapper\"><h2>Aper\u00e7u<\/h2>\n<p><strong>Transformez l\u2019acte d\u2019achat en une exp\u00e9rience r\u00e9compensant davantage vos clients.<\/strong><\/p>\n<p>Nos portails de bons plans shopping, leaders sur le march\u00e9, permettent \u00e0 vos clients de consommer \u201cplus malin\u201d en offrant des r\u00e9compenses permanentes \u2013 leur permettant d&rsquo;\u00e9conomiser des centaines d&rsquo;euros par an sur leurs achats et de stimuler le r\u00e9achat et la fr\u00e9quence de contact.<\/p>\n<p>Pour en savoir plus sur nos portails de bons plans shopping, cliquer ici (EN SAVOIR PLUS)<\/p>\n<\/div><\/div><\/div><\/div><\/div><div class=\"vc_col-sm-6 wpb_column vc_column_container\"><div class=\"vc_column-inner\"><div class=\"wpb_wrapper\"><div class=\"w-image us_custom_bec20362 us_animate_this align_none\"><div class=\"w-image-h\"><img decoding=\"async\" width=\"1000\" height=\"538\" src=\"https:\/\/www.tenerity.com\/fr\/wp-content\/uploads\/sites\/31\/2022\/10\/WL-index_jumbotron-1-1024x551.png\" class=\"attachment-large size-large\" alt=\"\" loading=\"lazy\" srcset=\"https:\/\/www.tenerity.com\/fr\/wp-content\/uploads\/sites\/31\/2022\/10\/WL-index_jumbotron-1-1024x551.png 1024w, https:\/\/www.tenerity.com\/fr\/wp-content\/uploads\/sites\/31\/2022\/10\/WL-index_jumbotron-1-300x161.png 300w, https:\/\/www.tenerity.com\/fr\/wp-content\/uploads\/sites\/31\/2022\/10\/WL-index_jumbotron-1.png 1888w\" sizes=\"auto, (max-width: 1000px) 100vw, 1000px\" \/><\/div><\/div><\/div><\/div><\/div><\/div><\/div><\/section><section class=\"l-section wpb_row height_auto with_shape\"><div class=\"l-section-shape type_tilt pos_bottom hor_flip\" style=\"height:10vh;color:var(--color-content-bg-alt)\"><svg xmlns=\"http:\/\/www.w3.org\/2000\/svg\" viewBox=\"0 0 64 8\" preserveAspectRatio=\"none\" width=\"100%\" height=\"100%\">\r\n\t<path fill=\"currentColor\" d=\"M64 7.9 L64 10 L0 10 L0 0 Z\"\/>\r\n<\/svg><\/div><div class=\"l-section-h i-cf\"><div class=\"g-cols vc_row via_flex valign_top type_default stacking_default\"><div class=\"vc_col-sm-12 wpb_column vc_column_container\"><div class=\"vc_column-inner\"><div class=\"wpb_wrapper\"><\/div><\/div><\/div><\/div><\/div><\/section><section class=\"l-section wpb_row us_custom_c70c97eb height_medium\" id=\"program___solutions\"><div class=\"l-section-h i-cf\"><div class=\"g-cols vc_row via_flex valign_middle type_default stacking_default\"><div class=\"vc_col-sm-12 wpb_column vc_column_container\"><div class=\"vc_column-inner\"><div class=\"wpb_wrapper\"><div class=\"g-cols wpb_row via_flex valign_top type_default stacking_default\"><div class=\"vc_col-sm-2 wpb_column vc_column_container\"><div class=\"vc_column-inner\"><div class=\"wpb_wrapper\"><\/div><\/div><\/div><div class=\"vc_col-sm-8 wpb_column vc_column_container\"><div class=\"vc_column-inner\"><div class=\"wpb_wrapper\"><div class=\"wpb_text_column\"><div class=\"wpb_wrapper\"><h2 style=\"text-align: center;\">Des solutions personnalisables qui s\u2019int\u00e8grent \u00e0 votre business<\/h2>\n<\/div><\/div><\/div><\/div><\/div><div class=\"vc_col-sm-2 wpb_column vc_column_container\"><div class=\"vc_column-inner\"><div class=\"wpb_wrapper\"><\/div><\/div><\/div><\/div><div class=\"g-cols wpb_row text___smaller via_flex valign_top type_default stacking_default\"><div class=\"vc_col-sm-6 wpb_column vc_column_container\"><div class=\"vc_column-inner\"><div class=\"wpb_wrapper\"><div class=\"w-image us_custom_439390a6 align_center\"><div class=\"w-image-h\"><img decoding=\"async\" width=\"1000\" height=\"1000\" src=\"https:\/\/www.tenerity.com\/fr\/wp-content\/uploads\/sites\/31\/2022\/11\/icon___webloyalty-pg-plugandplay-1024x1024.png\" class=\"attachment-large size-large\" alt=\"\" loading=\"lazy\" srcset=\"https:\/\/www.tenerity.com\/fr\/wp-content\/uploads\/sites\/31\/2022\/11\/icon___webloyalty-pg-plugandplay-1024x1024.png 1024w, https:\/\/www.tenerity.com\/fr\/wp-content\/uploads\/sites\/31\/2022\/11\/icon___webloyalty-pg-plugandplay-300x300.png 300w, https:\/\/www.tenerity.com\/fr\/wp-content\/uploads\/sites\/31\/2022\/11\/icon___webloyalty-pg-plugandplay-150x150.png 150w, https:\/\/www.tenerity.com\/fr\/wp-content\/uploads\/sites\/31\/2022\/11\/icon___webloyalty-pg-plugandplay.png 1080w\" sizes=\"auto, (max-width: 1000px) 100vw, 1000px\" \/><\/div><\/div><div class=\"wpb_text_column\"><div class=\"wpb_wrapper\"><h3 style=\"text-align: center;\">Plug &amp; Play<\/h3>\n<\/div><\/div><div class=\"wpb_text_column\"><div class=\"wpb_wrapper\"><p style=\"text-align: center;\">Notre plateforme de fid\u00e9lisation permet de g\u00e9n\u00e9rer des revenus additionnels \u00e0 partir de votre site web ou Apps. Les avantages propos\u00e9s par notre plateforme comprennent du cashback (15% chez plus de 1 000 sites marchands), des r\u00e9ductions jusqu\u2019\u00e0 20% sur des cartes-cadeaux et des bonus de fid\u00e9lit\u00e9 mensuels.<\/p>\n<\/div><\/div><\/div><\/div><\/div><div class=\"vc_col-sm-6 wpb_column vc_column_container\"><div class=\"vc_column-inner\"><div class=\"wpb_wrapper\"><div class=\"w-image us_custom_439390a6 align_center\"><div class=\"w-image-h\"><img decoding=\"async\" width=\"1000\" height=\"1000\" src=\"https:\/\/www.tenerity.com\/fr\/wp-content\/uploads\/sites\/31\/2022\/11\/icon___webloyalty-pg-whitelabel-1024x1024.png\" class=\"attachment-large size-large\" alt=\"White label\" loading=\"lazy\" srcset=\"https:\/\/www.tenerity.com\/fr\/wp-content\/uploads\/sites\/31\/2022\/11\/icon___webloyalty-pg-whitelabel-1024x1024.png 1024w, https:\/\/www.tenerity.com\/fr\/wp-content\/uploads\/sites\/31\/2022\/11\/icon___webloyalty-pg-whitelabel-300x300.png 300w, https:\/\/www.tenerity.com\/fr\/wp-content\/uploads\/sites\/31\/2022\/11\/icon___webloyalty-pg-whitelabel-150x150.png 150w, https:\/\/www.tenerity.com\/fr\/wp-content\/uploads\/sites\/31\/2022\/11\/icon___webloyalty-pg-whitelabel.png 1080w\" sizes=\"auto, (max-width: 1000px) 100vw, 1000px\" \/><\/div><\/div><div class=\"wpb_text_column\"><div class=\"wpb_wrapper\"><h3 style=\"text-align: center;\">White Label<\/h3>\n<\/div><\/div><div class=\"wpb_text_column\"><div class=\"wpb_wrapper\"><p style=\"text-align: center;\">Nous accompagnons \u00e9galement nos partenaires sr pour proposer \u00e0 leurs clients nos portails de fid\u00e9lisation en leur nom. Ils peuvent ainsi interagir davantage avec leurs clients tout en leur offrant une exp\u00e9rience sans couture et coh\u00e9rente.<\/p>\n<\/div><\/div><\/div><\/div><\/div><div class=\"vc_col-sm-4 wpb_column vc_column_container hide_on_default hide_on_laptops hide_on_tablets hide_on_mobiles\"><div class=\"vc_column-inner\"><div class=\"wpb_wrapper\"><div class=\"w-image align_center\"><div class=\"w-image-h\"><img decoding=\"async\" width=\"1000\" height=\"1000\" src=\"https:\/\/www.tenerity.com\/fr\/wp-content\/uploads\/sites\/31\/2022\/11\/icon___webloyalty-pg-bespoke-1024x1024.png\" class=\"attachment-large size-large\" alt=\"Bespoke\" loading=\"lazy\" srcset=\"https:\/\/www.tenerity.com\/fr\/wp-content\/uploads\/sites\/31\/2022\/11\/icon___webloyalty-pg-bespoke-1024x1024.png 1024w, https:\/\/www.tenerity.com\/fr\/wp-content\/uploads\/sites\/31\/2022\/11\/icon___webloyalty-pg-bespoke-300x300.png 300w, https:\/\/www.tenerity.com\/fr\/wp-content\/uploads\/sites\/31\/2022\/11\/icon___webloyalty-pg-bespoke-150x150.png 150w, https:\/\/www.tenerity.com\/fr\/wp-content\/uploads\/sites\/31\/2022\/11\/icon___webloyalty-pg-bespoke.png 1080w\" sizes=\"auto, (max-width: 1000px) 100vw, 1000px\" \/><\/div><\/div><div class=\"wpb_text_column\"><div class=\"wpb_wrapper\"><h3 style=\"text-align: center;\">Bespoke<\/h3>\n<\/div><\/div><div class=\"wpb_text_column\"><div class=\"wpb_wrapper\"><p style=\"text-align: center;\">Our bespoke API solutions enable partners to offer their own rewards program as an extension of their business, powered by Webloyalty. Using a tailored approach, partners can optimize their customers\u2019 experience to achieve even better outcomes.<\/p>\n<\/div><\/div><\/div><\/div><\/div><\/div><\/div><\/div><\/div><\/div><\/div><\/section><section class=\"l-section wpb_row us_custom_c70c97eb height_auto with_shape\"><div class=\"l-section-shape type_triangle pos_bottom hor_flip\" style=\"height:10vh;color:var(--color-content-secondary)\"><svg xmlns=\"http:\/\/www.w3.org\/2000\/svg\" viewBox=\"0 0 64 8\" preserveAspectRatio=\"none\" width=\"100%\" height=\"100%\">\r\n\t<path fill=\"currentColor\" d=\"M64 8 L0 8 L0 0 L32 7.9 L64 0 Z\"\/>\r\n<\/svg><\/div><div class=\"l-section-h i-cf\"><div class=\"g-cols vc_row via_flex valign_top type_default stacking_default\"><div class=\"vc_col-sm-12 wpb_column vc_column_container\"><div class=\"vc_column-inner\"><div class=\"wpb_wrapper\"><\/div><\/div><\/div><\/div><\/div><\/section><section class=\"l-section wpb_row last-row height_medium color_alternate\" id=\"program___why\"><div class=\"l-section-h i-cf\"><div class=\"g-cols vc_row via_flex valign_top type_default stacking_default\"><div class=\"vc_col-sm-12 wpb_column vc_column_container content\"><div class=\"vc_column-inner\"><div class=\"wpb_wrapper\"><div class=\"wpb_text_column us_custom_4f24afa8\"><div class=\"wpb_wrapper\"><h2 style=\"text-align: center;\">Pourquoi choisir Tenerity ?<\/h2>\n<\/div><\/div><div class=\"g-cols wpb_row why-tenerity via_flex valign_top type_default stacking_default\"><div class=\"vc_col-sm-6 wpb_column vc_column_container text\"><div class=\"vc_column-inner\"><div class=\"wpb_wrapper\"><div class=\"wpb_text_column\"><div class=\"wpb_wrapper\"><h3>Des programmes d\u2019engagement client<\/h3>\n<\/div><\/div><div class=\"wpb_text_column\"><div class=\"wpb_wrapper\"><p>Nos plateformes de r\u00e9compenses ont fait leur preuve aupr\u00e8s des leaders de la Distribution. Nos solutions compl\u00e8tes et modulables s\u2019adaptent aux besoins sp\u00e9cifiques de votre entreprise, au style de votre marque et \u00e0 votre fa\u00e7on d\u2019interagir avec vos clients pour d\u00e9livrer des r\u00e9sultats efficaces et mesurables.<\/p>\n<\/div><\/div><\/div><\/div><\/div><div class=\"vc_col-sm-6 wpb_column vc_column_container text\"><div class=\"vc_column-inner\"><div class=\"wpb_wrapper\"><div class=\"wpb_text_column\"><div class=\"wpb_wrapper\"><h3>Achats Intelligents<\/h3>\n<\/div><\/div><div class=\"wpb_text_column\"><div class=\"wpb_wrapper\"><p>Nous offrons \u00e0 vos clients la meilleure exp\u00e9rience d&rsquo;achat possible. Nous testons et analysons constamment les r\u00e9sultats afin de comprendre et optimiser ce qui fonctionne le mieux afin de vous aider \u00e0 conqu\u00e9rir et fid\u00e9liser plus de clients.<\/p>\n<\/div><\/div><\/div><\/div><\/div><\/div><div class=\"g-cols wpb_row why-tenerity via_flex valign_top type_default stacking_default\"><div class=\"vc_col-sm-6 wpb_column vc_column_container text\"><div class=\"vc_column-inner\"><div class=\"wpb_wrapper\"><div class=\"wpb_text_column\"><div class=\"wpb_wrapper\"><h3>Des exp\u00e9riences plus rentables<\/h3>\n<\/div><\/div><div class=\"wpb_text_column\"><div class=\"wpb_wrapper\"><p>Gr\u00e2ce \u00e0 notre approche \u00ab\u00a0customer focused\u201dnous apportons de la valeur additionnelle \u00e0 vos offres ou services, tout en garantissant une int\u00e9gration fluide et sans friction.<\/p>\n<\/div><\/div><\/div><\/div><\/div><div class=\"vc_col-sm-6 wpb_column vc_column_container text\"><div class=\"vc_column-inner\"><div class=\"wpb_wrapper\"><div class=\"wpb_text_column\"><div class=\"wpb_wrapper\"><h3>Une extension de votre marque<\/h3>\n<\/div><\/div><div class=\"wpb_text_column\"><div class=\"wpb_wrapper\"><p>Nous veillons \u00e0 ce que chaque incentive propos\u00e9 soit appropri\u00e9, pertinent et conforme \u00e0 vos besoins et \u00e0 ceux de vos clients, tout en \u00e9tant compl\u00e9mentaire \u00e0 l\u2019offre de votre marque.<\/p>\n<\/div><\/div><\/div><\/div><\/div><\/div><div class=\"g-cols wpb_row why-tenerity via_flex valign_top type_default stacking_default\"><div class=\"vc_col-sm-6 wpb_column vc_column_container text\"><div class=\"vc_column-inner\"><div class=\"wpb_wrapper\"><div class=\"wpb_text_column\"><div class=\"wpb_wrapper\"><h3>Impl\u00e9mentation rapide<\/h3>\n<\/div><\/div><div class=\"wpb_text_column\"><div class=\"wpb_wrapper\"><p>Que vous ayez besoin d&rsquo;une solution compl\u00e9mentaire standard ou d&rsquo;un niveau d&rsquo;int\u00e9gration plus pouss\u00e9, notre dispositif fonctionne de mani\u00e8re transparente avec votre entreprise et vous pouvez commencer \u00e0 g\u00e9n\u00e9rer des revenus additionnels en seulement 30 minutes.<\/p>\n<\/div><\/div><\/div><\/div><\/div><\/div><\/div><\/div><\/div><\/div><\/div><\/section>\n","protected":false},"excerpt":{"rendered":"Savings Transformez l\u2019acte d\u2019achat en une exp\u00e9rience r\u00e9compensant davantage vos clients. SOLUTION Savings Aper\u00e7uSolutionsPourquoi choisir Tenerity ?Aper\u00e7u Transformez l\u2019acte d\u2019achat en une exp\u00e9rience r\u00e9compensant davantage vos clients. Nos portails de bons plans shopping, leaders sur le march\u00e9, permettent \u00e0 vos clients de consommer \u201cplus malin\u201d en offrant des r\u00e9compenses permanentes \u2013 leur permettant d&rsquo;\u00e9conomiser des...","protected":false},"author":3,"featured_media":1295,"parent":139,"menu_order":2,"comment_status":"closed","ping_status":"closed","template":"","meta":{"footnotes":""},"class_list":["post-910","page","type-page","status-publish","has-post-thumbnail","hentry"],"yoast_head":"<!-- This site is optimized with the Yoast SEO plugin v27.1.1 - https:\/\/yoast.com\/product\/yoast-seo-wordpress\/ -->\n<title>Savings - Tenerity FR<\/title>\n<meta name=\"robots\" content=\"index, follow, max-snippet:-1, max-image-preview:large, max-video-preview:-1\" \/>\n<link rel=\"canonical\" href=\"https:\/\/www.tenerity.com\/fr\/solutions\/savings\/\" \/>\n<meta property=\"og:locale\" content=\"fr_FR\" \/>\n<meta property=\"og:type\" content=\"article\" \/>\n<meta property=\"og:title\" content=\"Savings - Tenerity FR\" \/>\n<meta property=\"og:url\" content=\"https:\/\/www.tenerity.com\/fr\/solutions\/savings\/\" \/>\n<meta property=\"og:site_name\" content=\"Tenerity FR\" \/>\n<meta property=\"article:modified_time\" content=\"2023-07-11T16:17:48+00:00\" \/>\n<meta property=\"og:image\" content=\"https:\/\/www.tenerity.com\/fr\/wp-content\/uploads\/sites\/31\/2023\/06\/savings-page-banner_resized.jpg\" \/>\n\t<meta property=\"og:image:width\" content=\"2121\" \/>\n\t<meta property=\"og:image:height\" content=\"1414\" \/>\n\t<meta property=\"og:image:type\" content=\"image\/jpeg\" \/>\n<meta name=\"twitter:card\" content=\"summary_large_image\" \/>\n<meta name=\"twitter:label1\" content=\"Dur\u00e9e de lecture estim\u00e9e\" \/>\n\t<meta name=\"twitter:data1\" content=\"3 minutes\" \/>\n<script type=\"application\/ld+json\" class=\"yoast-schema-graph\">{\"@context\":\"https:\/\/schema.org\",\"@graph\":[{\"@type\":\"WebPage\",\"@id\":\"https:\/\/www.tenerity.com\/fr\/solutions\/savings\/\",\"url\":\"https:\/\/www.tenerity.com\/fr\/solutions\/savings\/\",\"name\":\"Savings - Tenerity FR\",\"isPartOf\":{\"@id\":\"https:\/\/www.tenerity.com\/fr\/#website\"},\"primaryImageOfPage\":{\"@id\":\"https:\/\/www.tenerity.com\/fr\/solutions\/savings\/#primaryimage\"},\"image\":{\"@id\":\"https:\/\/www.tenerity.com\/fr\/solutions\/savings\/#primaryimage\"},\"thumbnailUrl\":\"https:\/\/www.tenerity.com\/fr\/wp-content\/uploads\/sites\/31\/2023\/06\/savings-page-banner_resized.jpg\",\"datePublished\":\"2022-10-27T17:10:55+00:00\",\"dateModified\":\"2023-07-11T16:17:48+00:00\",\"breadcrumb\":{\"@id\":\"https:\/\/www.tenerity.com\/fr\/solutions\/savings\/#breadcrumb\"},\"inLanguage\":\"fr-FR\",\"potentialAction\":[{\"@type\":\"ReadAction\",\"target\":[\"https:\/\/www.tenerity.com\/fr\/solutions\/savings\/\"]}]},{\"@type\":\"ImageObject\",\"inLanguage\":\"fr-FR\",\"@id\":\"https:\/\/www.tenerity.com\/fr\/solutions\/savings\/#primaryimage\",\"url\":\"https:\/\/www.tenerity.com\/fr\/wp-content\/uploads\/sites\/31\/2023\/06\/savings-page-banner_resized.jpg\",\"contentUrl\":\"https:\/\/www.tenerity.com\/fr\/wp-content\/uploads\/sites\/31\/2023\/06\/savings-page-banner_resized.jpg\",\"width\":2121,\"height\":1414},{\"@type\":\"BreadcrumbList\",\"@id\":\"https:\/\/www.tenerity.com\/fr\/solutions\/savings\/#breadcrumb\",\"itemListElement\":[{\"@type\":\"ListItem\",\"position\":1,\"name\":\"Home\",\"item\":\"https:\/\/www.tenerity.com\/fr\/\"},{\"@type\":\"ListItem\",\"position\":2,\"name\":\"Solutions\",\"item\":\"https:\/\/www.tenerity.com\/fr\/solutions\/\"},{\"@type\":\"ListItem\",\"position\":3,\"name\":\"Savings\"}]},{\"@type\":\"WebSite\",\"@id\":\"https:\/\/www.tenerity.com\/fr\/#website\",\"url\":\"https:\/\/www.tenerity.com\/fr\/\",\"name\":\"Tenerity\",\"description\":\"Intelligent engagement and loyalty for modern brands\",\"potentialAction\":[{\"@type\":\"SearchAction\",\"target\":{\"@type\":\"EntryPoint\",\"urlTemplate\":\"https:\/\/www.tenerity.com\/fr\/?s={search_term_string}\"},\"query-input\":{\"@type\":\"PropertyValueSpecification\",\"valueRequired\":true,\"valueName\":\"search_term_string\"}}],\"inLanguage\":\"fr-FR\"}]}<\/script>\n<!-- \/ Yoast SEO plugin. -->","yoast_head_json":{"title":"Savings - Tenerity FR","robots":{"index":"index","follow":"follow","max-snippet":"max-snippet:-1","max-image-preview":"max-image-preview:large","max-video-preview":"max-video-preview:-1"},"canonical":"https:\/\/www.tenerity.com\/fr\/solutions\/savings\/","og_locale":"fr_FR","og_type":"article","og_title":"Savings - Tenerity FR","og_url":"https:\/\/www.tenerity.com\/fr\/solutions\/savings\/","og_site_name":"Tenerity FR","article_modified_time":"2023-07-11T16:17:48+00:00","og_image":[{"width":2121,"height":1414,"url":"https:\/\/www.tenerity.com\/fr\/wp-content\/uploads\/sites\/31\/2023\/06\/savings-page-banner_resized.jpg","type":"image\/jpeg"}],"twitter_card":"summary_large_image","twitter_misc":{"Dur\u00e9e de lecture estim\u00e9e":"3 minutes"},"schema":{"@context":"https:\/\/schema.org","@graph":[{"@type":"WebPage","@id":"https:\/\/www.tenerity.com\/fr\/solutions\/savings\/","url":"https:\/\/www.tenerity.com\/fr\/solutions\/savings\/","name":"Savings - Tenerity FR","isPartOf":{"@id":"https:\/\/www.tenerity.com\/fr\/#website"},"primaryImageOfPage":{"@id":"https:\/\/www.tenerity.com\/fr\/solutions\/savings\/#primaryimage"},"image":{"@id":"https:\/\/www.tenerity.com\/fr\/solutions\/savings\/#primaryimage"},"thumbnailUrl":"https:\/\/www.tenerity.com\/fr\/wp-content\/uploads\/sites\/31\/2023\/06\/savings-page-banner_resized.jpg","datePublished":"2022-10-27T17:10:55+00:00","dateModified":"2023-07-11T16:17:48+00:00","breadcrumb":{"@id":"https:\/\/www.tenerity.com\/fr\/solutions\/savings\/#breadcrumb"},"inLanguage":"fr-FR","potentialAction":[{"@type":"ReadAction","target":["https:\/\/www.tenerity.com\/fr\/solutions\/savings\/"]}]},{"@type":"ImageObject","inLanguage":"fr-FR","@id":"https:\/\/www.tenerity.com\/fr\/solutions\/savings\/#primaryimage","url":"https:\/\/www.tenerity.com\/fr\/wp-content\/uploads\/sites\/31\/2023\/06\/savings-page-banner_resized.jpg","contentUrl":"https:\/\/www.tenerity.com\/fr\/wp-content\/uploads\/sites\/31\/2023\/06\/savings-page-banner_resized.jpg","width":2121,"height":1414},{"@type":"BreadcrumbList","@id":"https:\/\/www.tenerity.com\/fr\/solutions\/savings\/#breadcrumb","itemListElement":[{"@type":"ListItem","position":1,"name":"Home","item":"https:\/\/www.tenerity.com\/fr\/"},{"@type":"ListItem","position":2,"name":"Solutions","item":"https:\/\/www.tenerity.com\/fr\/solutions\/"},{"@type":"ListItem","position":3,"name":"Savings"}]},{"@type":"WebSite","@id":"https:\/\/www.tenerity.com\/fr\/#website","url":"https:\/\/www.tenerity.com\/fr\/","name":"Tenerity","description":"Intelligent engagement and loyalty for modern brands","potentialAction":[{"@type":"SearchAction","target":{"@type":"EntryPoint","urlTemplate":"https:\/\/www.tenerity.com\/fr\/?s={search_term_string}"},"query-input":{"@type":"PropertyValueSpecification","valueRequired":true,"valueName":"search_term_string"}}],"inLanguage":"fr-FR"}]}},"_links":{"self":[{"href":"https:\/\/www.tenerity.com\/fr\/wp-json\/wp\/v2\/pages\/910","targetHints":{"allow":["GET"]}}],"collection":[{"href":"https:\/\/www.tenerity.com\/fr\/wp-json\/wp\/v2\/pages"}],"about":[{"href":"https:\/\/www.tenerity.com\/fr\/wp-json\/wp\/v2\/types\/page"}],"author":[{"embeddable":true,"href":"https:\/\/www.tenerity.com\/fr\/wp-json\/wp\/v2\/users\/3"}],"replies":[{"embeddable":true,"href":"https:\/\/www.tenerity.com\/fr\/wp-json\/wp\/v2\/comments?post=910"}],"version-history":[{"count":0,"href":"https:\/\/www.tenerity.com\/fr\/wp-json\/wp\/v2\/pages\/910\/revisions"}],"up":[{"embeddable":true,"href":"https:\/\/www.tenerity.com\/fr\/wp-json\/wp\/v2\/pages\/139"}],"wp:featuredmedia":[{"embeddable":true,"href":"https:\/\/www.tenerity.com\/fr\/wp-json\/wp\/v2\/media\/1295"}],"wp:attachment":[{"href":"https:\/\/www.tenerity.com\/fr\/wp-json\/wp\/v2\/media?parent=910"}],"curies":[{"name":"wp","href":"https:\/\/api.w.org\/{rel}","templated":true}]}}