{"id":875,"date":"2022-10-20T15:59:30","date_gmt":"2022-10-20T15:59:30","guid":{"rendered":"https:\/\/www.tenerity.com\/fr\/?page_id=875"},"modified":"2024-01-25T17:09:39","modified_gmt":"2024-01-25T17:09:39","slug":"equipe-dirigeante","status":"publish","type":"page","link":"https:\/\/www.tenerity.com\/fr\/a-propos\/equipe-dirigeante\/","title":{"rendered":"\u00c9quipe Dirigeante"},"content":{"rendered":"<section class=\"l-section wpb_row us_custom_8cd4af33 bg-img-cover height_huge color_primary with_img with_shape\" id=\"hero\"><div class=\"l-section-img\" role=\"img\" aria-label=\"About Us\" data-img-width=\"1440\" data-img-height=\"421\" style=\"background-image: url(https:\/\/www.tenerity.com\/fr\/wp-content\/uploads\/sites\/31\/2022\/10\/hero___about-us.jpg);background-repeat: no-repeat;\"><\/div><div class=\"l-section-overlay\" style=\"background:rgba(26,26,26,0.25)\"><\/div><div class=\"l-section-shape type_tilt pos_bottom hor_flip\" style=\"height:10vh;color:#ffffff\"><svg xmlns=\"http:\/\/www.w3.org\/2000\/svg\" viewBox=\"0 0 64 8\" preserveAspectRatio=\"none\" width=\"100%\" height=\"100%\">\r\n\t<path fill=\"currentColor\" d=\"M64 7.9 L64 10 L0 10 L0 0 Z\"\/>\r\n<\/svg><\/div><div class=\"l-section-h i-cf\"><div class=\"g-cols vc_row via_flex valign_top type_default stacking_default\"><div class=\"vc_col-sm-12 wpb_column vc_column_container\"><div class=\"vc_column-inner\"><div class=\"wpb_wrapper\"><div class=\"wpb_text_column us_custom_4b9db530 us_animate_this\"><div class=\"wpb_wrapper\"><h1 style=\"text-align: left;\">\u00c9quipe Dirigeante<\/h1>\n<\/div><\/div><\/div><\/div><\/div><\/div><\/div><\/section><section class=\"l-section wpb_row height_medium\"><div class=\"l-section-h i-cf\"><div class=\"g-cols vc_row via_flex valign_top type_default stacking_default\"><div class=\"vc_col-sm-12 wpb_column vc_column_container\"><div class=\"vc_column-inner\"><div class=\"wpb_wrapper\"><div class=\"wpb_text_column\"><div class=\"wpb_wrapper\"><h2 style=\"text-align: center;\">Une exp\u00e9rience qui favorise l\u2019Engagement<\/h2>\n<\/div><\/div><div class=\"wpb_text_column text___intro\"><div class=\"wpb_wrapper\"><p>Forte de longues ann\u00e9es d&rsquo;exp\u00e9rience en mati\u00e8re de services commerciaux et d&rsquo;une profonde connaissance de la valeur de l\u2019Engagement des consommateurs, notre \u00e9quipe de dirigeants travaille ensemble pour apporter aux clients une exp\u00e9rience empathique intelligente qui favorise l\u2019engagement et suscite l&rsquo;int\u00e9r\u00eat des consommateurs.<\/p>\n<\/div><\/div><\/div><\/div><\/div><\/div><\/div><\/section><section class=\"l-section wpb_row last-row height_auto\" id=\"about-us-team\"><div class=\"l-section-h i-cf\"><div class=\"g-cols vc_row via_flex valign_top type_default stacking_default\"><div class=\"vc_col-sm-12 wpb_column vc_column_container\"><div class=\"vc_column-inner\"><div class=\"wpb_wrapper\"><div class=\"w-tabs layout_hor style_trendy switch_click has_scrolling\" style=\"--sections-title-size:1em\"><div class=\"w-tabs-list items_1 align_center\"><div class=\"w-tabs-list-h\"><button class=\"w-tabs-item active\" aria-controls=\"content-u41d\" aria-expanded=\"false\"><span class=\"w-tabs-item-title\">Direction<\/span><\/button><\/div><\/div><div class=\"w-tabs-sections titles-align_none icon_chevron cpos_right\"><div class=\"w-tabs-section active\" id=\"u41d\"><button class=\"w-tabs-section-header active\" aria-controls=\"content-u41d\" aria-expanded=\"true\"><div class=\"w-tabs-section-title\">Direction<\/div><div class=\"w-tabs-section-control\"><\/div><\/button><div  class=\"w-tabs-section-content\" id=\"content-u41d\"><div class=\"w-tabs-section-content-h i-cf\"><div class=\"g-cols wpb_row via_flex valign_top type_default stacking_default\"><div class=\"vc_col-sm-4 wpb_column vc_column_container team-member\"><div class=\"vc_column-inner\"><div class=\"wpb_wrapper\"><div class=\"w-image align_center\"><div class=\"w-image-h\"><img decoding=\"async\" width=\"500\" height=\"429\" src=\"https:\/\/www.tenerity.com\/fr\/wp-content\/uploads\/sites\/31\/2024\/01\/michael-iaccarino.jpg\" class=\"attachment-large size-large\" alt=\"\" loading=\"lazy\" srcset=\"https:\/\/www.tenerity.com\/fr\/wp-content\/uploads\/sites\/31\/2024\/01\/michael-iaccarino.jpg 500w, https:\/\/www.tenerity.com\/fr\/wp-content\/uploads\/sites\/31\/2024\/01\/michael-iaccarino-300x257.jpg 300w\" sizes=\"auto, (max-width: 500px) 100vw, 500px\" \/><\/div><\/div><div class=\"wpb_text_column about-team-name\"><div class=\"wpb_wrapper\"><p>Michael Iacarrino<\/p>\n<\/div><\/div><div class=\"wpb_text_column about-team-title\"><div class=\"wpb_wrapper\"><p><strong>Pr\u00e9sident-directeur g\u00e9n\u00e9ral<\/strong><\/p>\n<\/div><\/div><div class=\"wpb_text_column with_collapsible_content\" data-content-height=\"100px\"><div class=\"wpb_wrapper\"><p>Mike est un dirigeant am\u00e9ricain qui exerce sa vision dans le domaine du marketing direct depuis 1998. Il excelle dans la transformation des entreprises pour les aider \u00e0 atteindre leur plein potentiel et occupe actuellement le poste de Pr\u00e9sident Directeur Ex\u00e9cutif dans trois entreprises de marketing direct de premier plan.<\/p>\n<p>En tant que PDG et Pr\u00e9sident de Tenerity, Mike coordonne la mission de l&rsquo;entreprise &#8211; aider toutes les soci\u00e9t\u00e9s \u00e0 d\u00e9passer leurs objectifs gr\u00e2ce \u00e0 des solutions puissantes favorisant la fid\u00e9lit\u00e9 par le biais d&rsquo;un engagement client accru. Mike si\u00e8ge au conseil d&rsquo;administration de Tenerity depuis 2017 et en est le Pr\u00e9sident depuis 2019.<\/p>\n<p>Avant de rejoindre Tenerity, Mike a \u00e9t\u00e9 Pr\u00e9sident et PDG de Data Axle, une agence de marketing direct multicanaux ax\u00e9e sur les donn\u00e9es de premier plan depuis 2011. Data Axle dispose de bases de donn\u00e9es exclusives de premier plan pour les entreprises et les consommateurs, \u00e9galement utilis\u00e9es pour alimenter les produits des clients via sa division de licence. Mike demeure Pr\u00e9sident de Data Axle.<\/p>\n<p>Mike a \u00e9t\u00e9 Pr\u00e9sident et PDG de Mobile Messenger de 2009 \u00e0 2011, \u00e9tablissant la soci\u00e9t\u00e9 en tant qu&rsquo;acteur dominant dans la distribution de contenus technologiques mobiles en Am\u00e9rique du Nord. Il a \u00e9t\u00e9 PDG d&rsquo;Epsilon de 2001 \u00e0 2009, transformant Epsilon en une entreprise leader dans le marketing de gestion de bases de donn\u00e9es. Epsilon a enregistr\u00e9 une croissance du chiffre d&rsquo;affaires de plus de trois fois et une multiplication par six de l&rsquo;EBITDA sous sa direction. Avant d&rsquo;\u00eatre PDG, Mike \u00e9tait directeur financier d&rsquo;Epsilon et a jou\u00e9 un r\u00f4le cl\u00e9 dans la scission de l&rsquo;entreprise d&rsquo;American Express.<\/p>\n<p>Il poss\u00e8de une grande exp\u00e9rience dans la collaboration avec des \u00e9tablissements financiers et a \u00e9t\u00e9 un partenaire op\u00e9rationnel reconnu chez CCMP Capital. Il est titulaire d&rsquo;un Bachelor of Science en comptabilit\u00e9 et en anglais du Boston College, o\u00f9 il a obtenu son dipl\u00f4me avec les honneurs et c\u2019est \u00e9galement un ancien expert-comptable dipl\u00f4m\u00e9 et certifi\u00e9.<\/p>\n<p>En mai 2023, Mike a \u00e9t\u00e9 nomm\u00e9 Pr\u00e9sident de Catalina Marketing Corporation.<\/p>\n<\/div><div class=\"toggle-links align_left\"><button class=\"collapsible-content-more\">+<\/button><button class=\"collapsible-content-less\">-<\/button><\/div><\/div><\/div><\/div><\/div><div class=\"vc_col-sm-4 wpb_column vc_column_container team-member\"><div class=\"vc_column-inner\"><div class=\"wpb_wrapper\"><div class=\"w-image align_center\"><div class=\"w-image-h\"><img decoding=\"async\" width=\"280\" height=\"240\" src=\"https:\/\/www.tenerity.com\/fr\/wp-content\/uploads\/sites\/31\/2022\/09\/team_uk___michele-conforti.jpg\" class=\"attachment-large size-large\" alt=\"Michele Conforti\" loading=\"lazy\" \/><\/div><\/div><div class=\"wpb_text_column about-team-name\"><div class=\"wpb_wrapper\"><p>Michele Conforti<\/p>\n<\/div><\/div><div class=\"wpb_text_column about-team-title\"><div class=\"wpb_wrapper\"><p><strong>Pr\u00e9sident, Directeur G\u00e9n\u00e9ral International<\/strong><\/p>\n<\/div><\/div><div class=\"wpb_text_column with_collapsible_content\" data-content-height=\"100px\"><div class=\"wpb_wrapper\"><p>Michele a rejoint Tenerity en 2007, exer\u00e7ant des fonctions de Pr\u00e9sident et de Directeur Financier. Actuellement, il dirige l&rsquo;activit\u00e9 Global Customer Engagement dont il a men\u00e9 avec succ\u00e8s l&rsquo;expansion en pilotant l&rsquo;innovation et les acquisitions de clients, parmi lesquels des acteurs ne renom dans le secteur des institutions financi\u00e8res, les t\u00e9l\u00e9communications, le commerce \u00e9lectronique et la vente au d\u00e9tail.<\/p>\n<p>Avant de rejoindre Tenerity, Michele a pass\u00e9 dix ans chez American Express, o\u00f9 il a occup\u00e9 plusieurs postes cl\u00e9s, dont celui de Directeur Financier Establishment Services International. Avant American Express, Michele a \u00e9galement occup\u00e9 des postes chez Enel en tant que Vice-Pr\u00e9sident\/Chef des Finances &#8211; relations avec les investisseurs et chez DHL Int&rsquo;l en tant que Controller-Business Transformation.<\/p>\n<p>Michele est n\u00e9 en Italie, est expert-comptable et est titulaire d&rsquo;un dipl\u00f4me d&rsquo;\u00e9tudes sup\u00e9rieures en \u00e9conomie et commerce, d&rsquo;un MBA (Universit\u00e0 degli Studi Federico II, I.U.N &#8211; Italie) et d&rsquo;un dipl\u00f4me d&rsquo;\u00e9tudes sup\u00e9rieures de Gestion Financi\u00e8re (Formez\/Fiat School of Management &#8211; Italie).<\/p>\n<\/div><div class=\"toggle-links align_left\"><button class=\"collapsible-content-more\">+<\/button><button class=\"collapsible-content-less\">-<\/button><\/div><\/div><\/div><\/div><\/div><div class=\"vc_col-sm-4 wpb_column vc_column_container team-member\"><div class=\"vc_column-inner\"><div class=\"wpb_wrapper\"><div class=\"w-image align_center\"><div class=\"w-image-h\"><img decoding=\"async\" width=\"500\" height=\"429\" src=\"https:\/\/www.tenerity.com\/fr\/wp-content\/uploads\/sites\/31\/2023\/07\/Rodolphe-Oulmi-resized-v3.jpg\" class=\"attachment-large size-large\" alt=\"\" loading=\"lazy\" srcset=\"https:\/\/www.tenerity.com\/fr\/wp-content\/uploads\/sites\/31\/2023\/07\/Rodolphe-Oulmi-resized-v3.jpg 500w, https:\/\/www.tenerity.com\/fr\/wp-content\/uploads\/sites\/31\/2023\/07\/Rodolphe-Oulmi-resized-v3-300x257.jpg 300w\" sizes=\"auto, (max-width: 500px) 100vw, 500px\" \/><\/div><\/div><div class=\"wpb_text_column about-team-name\"><div class=\"wpb_wrapper\"><p>RODOLPHE OULMI<\/p>\n<\/div><\/div><div class=\"wpb_text_column about-team-title\"><div class=\"wpb_wrapper\"><p><strong>Directeur G\u00e9n\u00e9ral France et Belgique de Tenerity<\/strong><\/p>\n<\/div><\/div><div class=\"wpb_text_column with_collapsible_content\" data-content-height=\"100px\"><div class=\"wpb_wrapper\"><p>Rodolphe Oulmi est le Directeur G\u00e9n\u00e9ral France et Belgique de Tenerity. Rodolphe d\u00e9bute sa carri\u00e8re comme commercial Grands Comptes chez Deutsche Telekom. Il int\u00e8gre ensuite un autre op\u00e9rateur, Telecom Italia en tant que Responsable e-commerce, Rodolphe Oulmi est recrut\u00e9 par Webloyalty France (filiale du Groupe Tenerity) en 2009 pour prendre en charge le d\u00e9veloppement commercial et les partenariats e-commerce. En mai 2016, il devient Directeur G\u00e9n\u00e9ral Adjoint avant de prendre la Direction G\u00e9n\u00e9rale de l\u2019entreprise en 2017. En janvier 2019, apr\u00e8s 10 ans pass\u00e9s au sein du groupe, Rodolphe prend la t\u00eate de l\u2019ensemble des activit\u00e9s de Tenerity en France et Belgique en tant que Directeur G\u00e9n\u00e9ral.<\/p>\n<\/div><div class=\"toggle-links align_left\"><button class=\"collapsible-content-more\">+<\/button><button class=\"collapsible-content-less\">-<\/button><\/div><\/div><\/div><\/div><\/div><\/div><\/div><\/div><\/div><\/div><\/div><\/div><\/div><\/div><\/div><\/div><\/section>\n","protected":false},"excerpt":{"rendered":"\u00c9quipe Dirigeante Une exp\u00e9rience qui favorise l\u2019Engagement Forte de longues ann\u00e9es d&rsquo;exp\u00e9rience en mati\u00e8re de services commerciaux et d&rsquo;une profonde connaissance de la valeur de l\u2019Engagement des consommateurs, notre \u00e9quipe de dirigeants travaille ensemble pour apporter aux clients une exp\u00e9rience empathique intelligente qui favorise l\u2019engagement et suscite l&rsquo;int\u00e9r\u00eat des consommateurs. DirectionDirectionMichael Iacarrino Pr\u00e9sident-directeur g\u00e9n\u00e9ral Mike...","protected":false},"author":3,"featured_media":620,"parent":26,"menu_order":1,"comment_status":"closed","ping_status":"closed","template":"","meta":{"footnotes":""},"class_list":["post-875","page","type-page","status-publish","has-post-thumbnail","hentry"],"yoast_head":"<!-- This site is optimized with the Yoast SEO plugin v27.1.1 - https:\/\/yoast.com\/product\/yoast-seo-wordpress\/ -->\n<title>\u00c9quipe Dirigeante - Tenerity FR<\/title>\n<meta name=\"robots\" content=\"index, follow, max-snippet:-1, max-image-preview:large, max-video-preview:-1\" \/>\n<link rel=\"canonical\" href=\"https:\/\/www.tenerity.com\/fr\/a-propos\/equipe-dirigeante\/\" \/>\n<meta property=\"og:locale\" content=\"fr_FR\" \/>\n<meta property=\"og:type\" content=\"article\" \/>\n<meta property=\"og:title\" content=\"\u00c9quipe Dirigeante - Tenerity FR\" \/>\n<meta property=\"og:url\" content=\"https:\/\/www.tenerity.com\/fr\/a-propos\/equipe-dirigeante\/\" \/>\n<meta property=\"og:site_name\" content=\"Tenerity FR\" \/>\n<meta property=\"article:modified_time\" content=\"2024-01-25T17:09:39+00:00\" \/>\n<meta property=\"og:image\" content=\"https:\/\/www.tenerity.com\/fr\/wp-content\/uploads\/sites\/31\/2022\/10\/hero___about-us.jpg\" \/>\n\t<meta property=\"og:image:width\" content=\"1440\" \/>\n\t<meta property=\"og:image:height\" content=\"421\" \/>\n\t<meta property=\"og:image:type\" content=\"image\/jpeg\" \/>\n<meta name=\"twitter:card\" content=\"summary_large_image\" \/>\n<meta name=\"twitter:label1\" content=\"Dur\u00e9e de lecture estim\u00e9e\" \/>\n\t<meta name=\"twitter:data1\" content=\"5 minutes\" \/>\n<script type=\"application\/ld+json\" class=\"yoast-schema-graph\">{\"@context\":\"https:\/\/schema.org\",\"@graph\":[{\"@type\":\"WebPage\",\"@id\":\"https:\/\/www.tenerity.com\/fr\/a-propos\/equipe-dirigeante\/\",\"url\":\"https:\/\/www.tenerity.com\/fr\/a-propos\/equipe-dirigeante\/\",\"name\":\"\u00c9quipe Dirigeante - Tenerity FR\",\"isPartOf\":{\"@id\":\"https:\/\/www.tenerity.com\/fr\/#website\"},\"primaryImageOfPage\":{\"@id\":\"https:\/\/www.tenerity.com\/fr\/a-propos\/equipe-dirigeante\/#primaryimage\"},\"image\":{\"@id\":\"https:\/\/www.tenerity.com\/fr\/a-propos\/equipe-dirigeante\/#primaryimage\"},\"thumbnailUrl\":\"https:\/\/www.tenerity.com\/fr\/wp-content\/uploads\/sites\/31\/2022\/10\/hero___about-us.jpg\",\"datePublished\":\"2022-10-20T15:59:30+00:00\",\"dateModified\":\"2024-01-25T17:09:39+00:00\",\"breadcrumb\":{\"@id\":\"https:\/\/www.tenerity.com\/fr\/a-propos\/equipe-dirigeante\/#breadcrumb\"},\"inLanguage\":\"fr-FR\",\"potentialAction\":[{\"@type\":\"ReadAction\",\"target\":[\"https:\/\/www.tenerity.com\/fr\/a-propos\/equipe-dirigeante\/\"]}]},{\"@type\":\"ImageObject\",\"inLanguage\":\"fr-FR\",\"@id\":\"https:\/\/www.tenerity.com\/fr\/a-propos\/equipe-dirigeante\/#primaryimage\",\"url\":\"https:\/\/www.tenerity.com\/fr\/wp-content\/uploads\/sites\/31\/2022\/10\/hero___about-us.jpg\",\"contentUrl\":\"https:\/\/www.tenerity.com\/fr\/wp-content\/uploads\/sites\/31\/2022\/10\/hero___about-us.jpg\",\"width\":1440,\"height\":421,\"caption\":\"About Us\"},{\"@type\":\"BreadcrumbList\",\"@id\":\"https:\/\/www.tenerity.com\/fr\/a-propos\/equipe-dirigeante\/#breadcrumb\",\"itemListElement\":[{\"@type\":\"ListItem\",\"position\":1,\"name\":\"Home\",\"item\":\"https:\/\/www.tenerity.com\/fr\/\"},{\"@type\":\"ListItem\",\"position\":2,\"name\":\"\u00c0 propos\",\"item\":\"https:\/\/www.tenerity.com\/fr\/a-propos\/\"},{\"@type\":\"ListItem\",\"position\":3,\"name\":\"\u00c9quipe Dirigeante\"}]},{\"@type\":\"WebSite\",\"@id\":\"https:\/\/www.tenerity.com\/fr\/#website\",\"url\":\"https:\/\/www.tenerity.com\/fr\/\",\"name\":\"Tenerity\",\"description\":\"Intelligent engagement and loyalty for modern brands\",\"potentialAction\":[{\"@type\":\"SearchAction\",\"target\":{\"@type\":\"EntryPoint\",\"urlTemplate\":\"https:\/\/www.tenerity.com\/fr\/?s={search_term_string}\"},\"query-input\":{\"@type\":\"PropertyValueSpecification\",\"valueRequired\":true,\"valueName\":\"search_term_string\"}}],\"inLanguage\":\"fr-FR\"}]}<\/script>\n<!-- \/ Yoast SEO plugin. -->","yoast_head_json":{"title":"\u00c9quipe Dirigeante - Tenerity FR","robots":{"index":"index","follow":"follow","max-snippet":"max-snippet:-1","max-image-preview":"max-image-preview:large","max-video-preview":"max-video-preview:-1"},"canonical":"https:\/\/www.tenerity.com\/fr\/a-propos\/equipe-dirigeante\/","og_locale":"fr_FR","og_type":"article","og_title":"\u00c9quipe Dirigeante - Tenerity FR","og_url":"https:\/\/www.tenerity.com\/fr\/a-propos\/equipe-dirigeante\/","og_site_name":"Tenerity FR","article_modified_time":"2024-01-25T17:09:39+00:00","og_image":[{"width":1440,"height":421,"url":"https:\/\/www.tenerity.com\/fr\/wp-content\/uploads\/sites\/31\/2022\/10\/hero___about-us.jpg","type":"image\/jpeg"}],"twitter_card":"summary_large_image","twitter_misc":{"Dur\u00e9e de lecture estim\u00e9e":"5 minutes"},"schema":{"@context":"https:\/\/schema.org","@graph":[{"@type":"WebPage","@id":"https:\/\/www.tenerity.com\/fr\/a-propos\/equipe-dirigeante\/","url":"https:\/\/www.tenerity.com\/fr\/a-propos\/equipe-dirigeante\/","name":"\u00c9quipe Dirigeante - Tenerity FR","isPartOf":{"@id":"https:\/\/www.tenerity.com\/fr\/#website"},"primaryImageOfPage":{"@id":"https:\/\/www.tenerity.com\/fr\/a-propos\/equipe-dirigeante\/#primaryimage"},"image":{"@id":"https:\/\/www.tenerity.com\/fr\/a-propos\/equipe-dirigeante\/#primaryimage"},"thumbnailUrl":"https:\/\/www.tenerity.com\/fr\/wp-content\/uploads\/sites\/31\/2022\/10\/hero___about-us.jpg","datePublished":"2022-10-20T15:59:30+00:00","dateModified":"2024-01-25T17:09:39+00:00","breadcrumb":{"@id":"https:\/\/www.tenerity.com\/fr\/a-propos\/equipe-dirigeante\/#breadcrumb"},"inLanguage":"fr-FR","potentialAction":[{"@type":"ReadAction","target":["https:\/\/www.tenerity.com\/fr\/a-propos\/equipe-dirigeante\/"]}]},{"@type":"ImageObject","inLanguage":"fr-FR","@id":"https:\/\/www.tenerity.com\/fr\/a-propos\/equipe-dirigeante\/#primaryimage","url":"https:\/\/www.tenerity.com\/fr\/wp-content\/uploads\/sites\/31\/2022\/10\/hero___about-us.jpg","contentUrl":"https:\/\/www.tenerity.com\/fr\/wp-content\/uploads\/sites\/31\/2022\/10\/hero___about-us.jpg","width":1440,"height":421,"caption":"About Us"},{"@type":"BreadcrumbList","@id":"https:\/\/www.tenerity.com\/fr\/a-propos\/equipe-dirigeante\/#breadcrumb","itemListElement":[{"@type":"ListItem","position":1,"name":"Home","item":"https:\/\/www.tenerity.com\/fr\/"},{"@type":"ListItem","position":2,"name":"\u00c0 propos","item":"https:\/\/www.tenerity.com\/fr\/a-propos\/"},{"@type":"ListItem","position":3,"name":"\u00c9quipe Dirigeante"}]},{"@type":"WebSite","@id":"https:\/\/www.tenerity.com\/fr\/#website","url":"https:\/\/www.tenerity.com\/fr\/","name":"Tenerity","description":"Intelligent engagement and loyalty for modern brands","potentialAction":[{"@type":"SearchAction","target":{"@type":"EntryPoint","urlTemplate":"https:\/\/www.tenerity.com\/fr\/?s={search_term_string}"},"query-input":{"@type":"PropertyValueSpecification","valueRequired":true,"valueName":"search_term_string"}}],"inLanguage":"fr-FR"}]}},"_links":{"self":[{"href":"https:\/\/www.tenerity.com\/fr\/wp-json\/wp\/v2\/pages\/875","targetHints":{"allow":["GET"]}}],"collection":[{"href":"https:\/\/www.tenerity.com\/fr\/wp-json\/wp\/v2\/pages"}],"about":[{"href":"https:\/\/www.tenerity.com\/fr\/wp-json\/wp\/v2\/types\/page"}],"author":[{"embeddable":true,"href":"https:\/\/www.tenerity.com\/fr\/wp-json\/wp\/v2\/users\/3"}],"replies":[{"embeddable":true,"href":"https:\/\/www.tenerity.com\/fr\/wp-json\/wp\/v2\/comments?post=875"}],"version-history":[{"count":0,"href":"https:\/\/www.tenerity.com\/fr\/wp-json\/wp\/v2\/pages\/875\/revisions"}],"up":[{"embeddable":true,"href":"https:\/\/www.tenerity.com\/fr\/wp-json\/wp\/v2\/pages\/26"}],"wp:featuredmedia":[{"embeddable":true,"href":"https:\/\/www.tenerity.com\/fr\/wp-json\/wp\/v2\/media\/620"}],"wp:attachment":[{"href":"https:\/\/www.tenerity.com\/fr\/wp-json\/wp\/v2\/media?parent=875"}],"curies":[{"name":"wp","href":"https:\/\/api.w.org\/{rel}","templated":true}]}}