{"id":467,"date":"2022-10-14T15:30:38","date_gmt":"2022-10-14T15:30:38","guid":{"rendered":"https:\/\/testing123.mobi\/tenerity\/?page_id=467"},"modified":"2023-08-23T12:56:49","modified_gmt":"2023-08-23T12:56:49","slug":"contactez-nous","status":"publish","type":"page","link":"https:\/\/www.tenerity.com\/fr\/contactez-nous\/","title":{"rendered":"Contactez-nous!"},"content":{"rendered":"<section class=\"l-section wpb_row us_custom_88df1257 overflowHidden height_huge color_primary with_img with_shape\"><div class=\"l-section-img\" role=\"img\" aria-label=\"Contact Us\" data-img-width=\"1436\" data-img-height=\"574\" style=\"background-image: url(https:\/\/www.tenerity.com\/fr\/wp-content\/uploads\/sites\/31\/2022\/10\/hero___contact-us.jpg);background-repeat: no-repeat;\"><\/div><div class=\"l-section-overlay\" style=\"background:rgba(26,26,26,0.25)\"><\/div><div class=\"l-section-shape type_tilt pos_bottom hor_flip\" style=\"height:15vmin;\"><svg xmlns=\"http:\/\/www.w3.org\/2000\/svg\" viewBox=\"0 0 64 8\" preserveAspectRatio=\"none\" width=\"100%\" height=\"100%\">\r\n\t<path fill=\"currentColor\" d=\"M64 7.9 L64 10 L0 10 L0 0 Z\"\/>\r\n<\/svg><\/div><div class=\"l-section-h i-cf\"><div class=\"g-cols vc_row via_flex valign_middle type_default stacking_default\"><div class=\"vc_col-sm-6 wpb_column vc_column_container\"><div class=\"vc_column-inner\"><div class=\"wpb_wrapper\"><div class=\"wpb_text_column\"><div class=\"wpb_wrapper\"><h1>Travaillons ensemble !<\/h1>\n<\/div><\/div><div class=\"wpb_text_column text___intro\"><div class=\"wpb_wrapper\"><p>Nos solutions permettent \u00e0 nos partenaires de g\u00e9n\u00e9rer des revenus suppl\u00e9mentaires et de fid\u00e9liser leurs clients en leur proposant des produits diff\u00e9renciants et \u00e0 valeur ajout\u00e9e. Contactez-nous d\u00e8s aujourd&rsquo;hui et confiez-nous le soin de vous aider.<\/p>\n<\/div><\/div><\/div><\/div><\/div><div class=\"vc_col-sm-6 wpb_column vc_column_container\"><div class=\"vc_column-inner\"><div class=\"wpb_wrapper\"><\/div><\/div><\/div><\/div><\/div><\/section><section class=\"l-section wpb_row z-index_high height_medium\"><div class=\"l-section-h i-cf\"><div class=\"g-cols vc_row via_flex valign_top type_default stacking_default\"><div class=\"vc_col-sm-12 wpb_column vc_column_container\"><div class=\"vc_column-inner\"><div class=\"wpb_wrapper\"><div class=\"g-cols wpb_row via_flex valign_top type_default stacking_default\"><div class=\"vc_col-sm-6 wpb_column vc_column_container\"><div class=\"vc_column-inner\"><div class=\"wpb_wrapper\"><div class=\"wpb_text_column us_custom_9bf7374e\"><div class=\"wpb_wrapper\"><h3>Remplissez le formulaire pour prendre rendez-vous avec notre \u00e9quipe.<\/h3>\n<\/div><\/div><div class=\"wpb_text_column us_custom_1bad9bfb\"><div class=\"wpb_wrapper\"><p><strong>Veuillez utiliser votre adresse \u00e9lectronique professionnelle.<\/strong> <em>Le formulaire n&rsquo;accepte pas les demandes provenant de Hotmail, Gmail et d&rsquo;autres fournisseurs d&rsquo;adresses \u00e9lectroniques gratuites.<\/em><\/p>\n<\/div><\/div><div class=\"w-image us_custom_efc17075 hide_on_default hide_on_laptops hide_on_tablets hide_on_mobiles align_none\"><div class=\"w-image-h\"><img decoding=\"async\" width=\"571\" height=\"482\" src=\"https:\/\/www.tenerity.com\/fr\/wp-content\/uploads\/sites\/31\/2022\/11\/hero-products.png\" class=\"attachment-large size-large\" alt=\"Tenerity : Products\" loading=\"lazy\" srcset=\"https:\/\/www.tenerity.com\/fr\/wp-content\/uploads\/sites\/31\/2022\/11\/hero-products.png 571w, https:\/\/www.tenerity.com\/fr\/wp-content\/uploads\/sites\/31\/2022\/11\/hero-products-300x253.png 300w\" sizes=\"auto, (max-width: 571px) 100vw, 571px\" \/><\/div><\/div><\/div><\/div><\/div><div class=\"vc_col-sm-6 wpb_column vc_column_container\"><div class=\"vc_column-inner\"><div class=\"wpb_wrapper\">[vc_raw_html]JTNDZm9ybSUyMGFjdGlvbiUzRCUyMmh0dHBzJTNBJTJGJTJGZ28udGVuZXJpdHkuY29tJTJGbCUyRjk1MTYzMiUyRjIwMjItMTItMDclMkZtd2M4NCUyMiUyMG1ldGhvZCUzRCUyMnBvc3QlMjIlM0UlMEElMjAlMjAlM0NwJTNFJTBBJTIwJTIwJTIwJTIwJTNDbGFiZWwlM0UlMEElMjAlMjAlMjAlMjAlMjAlMjBQciVDMyVBOW5vbSUyQSUzQ2JyJTIwJTJGJTNFJTBBJTIwJTIwJTIwJTIwJTIwJTIwJTNDaW5wdXQlMjB0eXBlJTNEJTIydGV4dCUyMiUyMGlkJTNEJTIyZmlyc3RuYW1lJTIyJTIwbmFtZSUzRCUyMmZpcnN0bmFtZSUyMiUyMHZhbHVlJTNEJTIyJTIyJTIwcmVxdWlyZWQlM0QlMjJyZXF1aXJlZCUyMiUyMCUyRiUzRSUwQSUyMCUyMCUyMCUyMCUzQyUyRmxhYmVsJTNFJTBBJTIwJTIwJTNDJTJGcCUzRSUwQSUyMCUyMCUzQ3AlM0UlMEElMjAlMjAlMjAlMjAlM0NsYWJlbCUzRSUwQSUyMCUyMCUyMCUyMCUyMCUyME5vbSUyMGRlJTIwZmFtaWxsZSUyQSUzQ2JyJTIwJTJGJTNFJTBBJTIwJTIwJTIwJTIwJTIwJTIwJTNDaW5wdXQlMjB0eXBlJTNEJTIydGV4dCUyMiUyMGlkJTNEJTIybGFzdG5hbWUlMjIlMjBuYW1lJTNEJTIybGFzdG5hbWUlMjIlMjB2YWx1ZSUzRCUyMiUyMiUyMHJlcXVpcmVkJTNEJTIycmVxdWlyZWQlMjIlMjAlMkYlM0UlMEElMjAlMjAlMjAlMjAlM0MlMkZsYWJlbCUzRSUwQSUyMCUyMCUzQyUyRnAlM0UlMEElM0NwJTNFJTBBJTIwJTIwJTIwJTIwJTNDbGFiZWwlM0UlMEElMjAlMjAlMjAlMjAlMjAlMjBTb2NpJUMzJUE5dCVDMyVBOSUyQSUzQ2JyJTIwJTJGJTNFJTBBJTIwJTIwJTIwJTIwJTIwJTIwJTNDaW5wdXQlMjB0eXBlJTNEJTIyY29tcGFueSUyMiUyMGlkJTNEJTIyY29tcGFueSUyMiUyMG5hbWUlM0QlMjJjb21wYW55JTIyJTIwdmFsdWUlM0QlMjIlMjIlMjByZXF1aXJlZCUzRCUyMnJlcXVpcmVkJTIyJTIwJTJGJTNFJTBBJTIwJTIwJTIwJTIwJTNDJTJGbGFiZWwlM0UlMEElMjAlMjAlM0MlMkZwJTNFJTBBJTIwJTIwJTNDcCUzRSUwQSUyMCUyMCUyMCUyMCUzQ2xhYmVsJTNFJTBBJTIwJTIwJTIwJTIwJTIwJTIwRW1haWwlMjBwcm9mZXNzaW9ubmVsJTJBJTNDYnIlMjAlMkYlM0UlMEElMjAlMjAlMjAlMjAlMjAlMjAlM0NpbnB1dCUyMHR5cGUlM0QlMjJlbWFpbCUyMiUyMGlkJTNEJTIyZW1haWwlMjIlMjBuYW1lJTNEJTIyZW1haWwlMjIlMjB2YWx1ZSUzRCUyMiUyMiUyMHJlcXVpcmVkJTNEJTIycmVxdWlyZWQlMjIlMjAlMkYlM0UlMEElMjAlMjAlMjAlMjAlM0MlMkZsYWJlbCUzRSUwQSUyMCUyMCUzQyUyRnAlM0UlMEElMjAlMjAlM0NwJTNFJTBBJTIwJTIwJTIwJTIwJTNDbGFiZWwlMjBmb3IlM0QlMjJtZXNzYWdlJTIyJTNFVmV1aWxsZXolMjBmb3VybmlyJTIwcGx1cyUyMGRlJTIwZCVDMyVBOXRhaWxzJTIwc3VyJTIwdm90cmUlMjBkZW1hbmRlJTJBJTNDJTJGbGFiZWwlM0UlM0NiciUyMCUyRiUzRSUzQ3RleHRhcmVhJTIwaWQlM0QlMjJtZXNzYWdlJTIyJTIwbmFtZSUzRCUyMm1lc3NhZ2UlMjIlMjAlMjByb3dzJTNEJTIyMTAlMjIlM0UlM0MlMkZ0ZXh0YXJlYSUzRSUwQSUyMCUyMCUzQyUyRnAlM0UlMEElMjAlM0NwJTNFJTNDaW5wdXQlMjB0eXBlJTNEJTIyaGlkZGVuJTIyJTIwbmFtZSUzRCUyMnByb2Nlc3NkYXRhJTIyJTIwaWQlM0QlMjJwcm9jZXNzZGF0YSUyMiUyMHZhbHVlJTNEJTIybm8lMjIlMjBvbmNoYW5nZSUzRCUyMiUyMiUyMGNoZWNrZWQlMjAlMkYlM0UlM0NsYWJlbCUyMGNsYXNzJTNEJTIyaW5saW5lJTIyJTIwZm9yJTNEJTIycHJvY2Vzc2RhdGElMjIlM0UlMEElMjAlMjAlMjAlMjAlM0NpbnB1dCUyMHR5cGUlM0QlMjJjaGVja2JveCUyMiUyMG5hbWUlM0QlMjJwcm9jZXNzZGF0YSUyMiUyMGlkJTNEJTIycHJvY2Vzc2RhdGElMjIlMjB2YWx1ZSUzRCUyMnllcyUyMiUyMG9uY2hhbmdlJTNEJTIyJTIyJTIwcmVxdWlyZWQlMjAlMkYlM0UlM0NsYWJlbCUyMGNsYXNzJTNEJTIyaW5saW5lJTIyJTIwZm9yJTNEJTIycHJvY2Vzc2RhdGElMjIlM0UlMEElMjAlMjAlMjAlMjAlMjAlMjBKZSUyMHJlY29ubmFpcyUyMGF2b2lyJTIwbHUlMjBldCUyMGFjY2VwdCVDMyVBOSUyMGwlRTIlODAlOTl1dGlsaXNhdGlvbiUyMGRlJTIwbWVzJTIwZG9ubiVDMyVBOWVzJTIwZGFucyUyMGxlcyUyMHRlcm1lcyUyMGRlJTIwbm90cmUlMjBQb2xpdGlxdWUlMjBkZSUyMERvbm4lQzMlQTllcyUyMFBlcnNvbm5lbGxlcyUyQSUyQSUzQyUyRmxhYmVsJTNFJTBBJTIwJTIwJTNDJTJGcCUzRSUwQSUyMCUyMCUzQ3AlM0UlMEElMjAlMjAlMjAlMjAlM0NpbnB1dCUyMHR5cGUlM0QlMjJoaWRkZW4lMjIlMjBuYW1lJTNEJTIyb3B0aW4lMjIlMjBpZCUzRCUyMm9wdGluJTIyJTIwdmFsdWUlM0QlMjJubyUyMiUyMG9uY2hhbmdlJTNEJTIyJTIyJTIwY2hlY2tlZCUyMCUyRiUzRSUwQSUzQ2lucHV0JTIwdHlwZSUzRCUyMmNoZWNrYm94JTIyJTIwbmFtZSUzRCUyMm9wdGluJTIyJTIwaWQlM0QlMjJvcHRpbiUyMiUyMHZhbHVlJTNEJTIyeWVzJTIyJTIwb25jaGFuZ2UlM0QlMjIlMjIlMjAlMkYlM0UlM0NsYWJlbCUyMGNsYXNzJTNEJTIyaW5saW5lJTIyJTIwZm9yJTNEJTIyb3B0aW4lMjIlM0UlMEElMjAlMjAlMjAlMjAlMjAlMjBFbiUyMGFjY2VwdGFudCUyMGRlJTIwcmVjZXZvaXIlMjBkZXMlMjBjb21tdW5pY2F0aW9ucyUyMGRlJTIwVGVuZXJpdHklMkZzZXMlMjBzb2NpJUMzJUE5dCVDMyVBOXMlMjBhZmZpbGklQzMlQTllcyUyQyUyMHZvdXMlMjBhY2NlcHRleiUyMGRhbnMlMjBsZXMlMjB0ZXJtZXMlMjBkZSUyMG5vdHJlJTIwUG9saXRpcXVlJTIwZGUlMjBEb25uJUMzJUE5ZXMlMjBQZXJzb25uZWxsZXMlMkElMkElMkMlMjBxdWUlMjBub3VzJTIwdXRpbGlzaW9ucyUyMGRlcyUyMHRyYWNldXJzJTIwYW5hbHl0aXF1ZXMlMjBkYW5zJTIwY2VzJTIwY29tbXVuaWNhdGlvbnMuJTNDJTJGbGFiZWwlM0UlMEElMjAlMjAlM0MlMkZwJTNFJTBBJTVCYndzX2dvb2dsZV9jYXB0Y2hhJTVEJTBBJTIwJTIwJTNDcCUzRSUzQ2lucHV0JTIwdHlwZSUzRCUyMnN1Ym1pdCUyMiUyMHZhbHVlJTNEJTIyRW52b3llciUyMiUyMCUyRiUzRSUzQyUyRnAlM0UlMEElMjAlMjAlM0N1bCUyMGNsYXNzJTNEJTIyc21hbGxwcmludCUyMiUzRSUwQSUyMCUyMCUyMCUyMCUzQ2xpJTNFJTJBVmV1aWxsZXolMjByZW1wbGlyJTIwdG91cyUyMGxlcyUyMGNoYW1wcyUyMG9ibGlnYXRvaXJlcy4lM0MlMkZsaSUzRSUwQSUyMCUyMCUyMCUyMCUzQ2xpJTNFJTJBJTJBJTNDYSUyMGhyZWYlM0QlMjIlMkZmciUyRnBvbGl0aXF1ZS1kZS1kb25uZWVzLXBlcnNvbm5lbGxlcy1ldC1kZS1jb29raWVzJTJGJTIyJTNFUG9saXRpcXVlJTIwZGUlMjBEb25uJUMzJUE5ZXMlMjBQZXJzb25uZWxsZXMlMjBldCUyMGRlJTIwQ29va2llcyUzQyUyRmElM0UlM0MlMkZsaSUzRSUwQSUyMCUyMCUzQyUyRnVsJTNFJTBBJTNDJTJGZm9ybSUzRSUwQQ==[\/vc_raw_html]<\/div><\/div><\/div><\/div><\/div><\/div><\/div><\/div><\/div><\/section><section class=\"l-section wpb_row last-row height_medium\"><div class=\"l-section-h i-cf\"><div class=\"g-cols vc_row via_flex valign_top type_default stacking_default\"><div class=\"vc_col-sm-12 wpb_column vc_column_container\"><div class=\"vc_column-inner\"><div class=\"wpb_wrapper\"><div class=\"wpb_text_column us_custom_efc17075\"><div class=\"wpb_wrapper\"><h2 style=\"text-align: center;\">Nos bureaux \u00e0 travers le monde<\/h2>\n<\/div><\/div><div class=\"w-tabs style_default switch_click accordion has_scrolling remove_indents\" style=\"--sections-title-size:1.5rem\"><div class=\"w-tabs-sections titles-align_none icon_chevron cpos_right\"><div class=\"w-tabs-section\" id=\"sb77\"><button class=\"w-tabs-section-header\" aria-controls=\"content-sb77\" aria-expanded=\"false\"><h3 class=\"w-tabs-section-title\">\u00c9tats-Unis<\/h3><div class=\"w-tabs-section-control\"><\/div><\/button><div  class=\"w-tabs-section-content\" id=\"content-sb77\"><div class=\"w-tabs-section-content-h i-cf\"><section class=\"l-section wpb_row locations___block height_medium\"><div class=\"l-section-h i-cf\"><div class=\"g-cols vc_row via_flex valign_top type_default stacking_default\"><div class=\"vc_col-sm-4 wpb_column vc_column_container locations___card\"><div class=\"vc_column-inner\"><div class=\"wpb_wrapper\"><div class=\"wpb_text_column\"><div class=\"wpb_wrapper\"><h3>\u00c9tats-Unis<\/h3>\n<\/div><\/div><div class=\"wpb_text_column\"><div class=\"wpb_wrapper\"><p><strong>Stamford<\/strong><br \/>\n6 High Ridge Park<br \/>\nStamford, CT 06905, \u00c9tats-Unis<\/p>\n<\/div><\/div><\/div><\/div><\/div><div class=\"vc_col-sm-4 wpb_column vc_column_container locations___card\"><div class=\"vc_column-inner\"><div class=\"wpb_wrapper\"><div class=\"wpb_text_column\"><div class=\"wpb_wrapper\"><h3>\u00c9tats-Unis<\/h3>\n<\/div><\/div><div class=\"wpb_text_column\"><div class=\"wpb_wrapper\"><p><strong>Columbus<\/strong><br \/>\n2600 Corporate Exchange Dr,<br \/>\nFloor 2, Suite 250,<br \/>\nColumbus, OH 43231, \u00c9tats-Unis<\/p>\n<\/div><\/div><\/div><\/div><\/div><div class=\"vc_col-sm-4 wpb_column vc_column_container locations___card\"><div class=\"vc_column-inner\"><div class=\"wpb_wrapper\"><div class=\"wpb_text_column\"><div class=\"wpb_wrapper\"><h3>Br\u00e9sil<\/h3>\n<\/div><\/div><div class=\"wpb_text_column\"><div class=\"wpb_wrapper\"><p><strong>S\u00e3o Paulo<\/strong><br \/>\nAv. Juscelino Kubitschek, 1327 &#8211; 4\u00baand \/ cj.41 \/ cv1003<\/p>\n<p>S\u00e3o Paulo, Br\u00e9sil &#8211; 04543.011<\/p>\n<\/div><\/div><\/div><\/div><\/div><\/div><\/div><\/section>\n<\/div><\/div><\/div><div class=\"w-tabs-section\" id=\"tf0d\"><button class=\"w-tabs-section-header\" aria-controls=\"content-tf0d\" aria-expanded=\"false\"><h3 class=\"w-tabs-section-title\">Europe<\/h3><div class=\"w-tabs-section-control\"><\/div><\/button><div  class=\"w-tabs-section-content\" id=\"content-tf0d\"><div class=\"w-tabs-section-content-h i-cf\"><section class=\"l-section wpb_row locations___block height_medium\"><div class=\"l-section-h i-cf\"><div class=\"g-cols vc_row via_flex valign_top type_default stacking_default\"><div class=\"vc_col-sm-4 wpb_column vc_column_container locations___card\"><div class=\"vc_column-inner\"><div class=\"wpb_wrapper\"><div class=\"wpb_text_column\"><div class=\"wpb_wrapper\"><h3>Royaume-Uni<\/h3>\n<\/div><\/div><div class=\"wpb_text_column\"><div class=\"wpb_wrapper\"><p><strong>Slough<br \/>\n<\/strong>50 Windsor Road<br \/>\nSlough SL1 2EJ, Royaume-Uni<\/p>\n<\/div><\/div><\/div><\/div><\/div><div class=\"vc_col-sm-4 wpb_column vc_column_container locations___card\"><div class=\"vc_column-inner\"><div class=\"wpb_wrapper\"><div class=\"wpb_text_column\"><div class=\"wpb_wrapper\"><h3>Royaume-Uni<\/h3>\n<\/div><\/div><div class=\"wpb_text_column\"><div class=\"wpb_wrapper\"><p><strong>Londres<\/strong><br \/>\n6 Ramillies St, Soho,<br \/>\nLondon, W1F7TY, Royaume-Uni<\/p>\n<\/div><\/div><\/div><\/div><\/div><div class=\"vc_col-sm-4 wpb_column vc_column_container locations___card\"><div class=\"vc_column-inner\"><div class=\"wpb_wrapper\"><div class=\"wpb_text_column\"><div class=\"wpb_wrapper\"><h3>Royaume-Uni<\/h3>\n<\/div><\/div><div class=\"wpb_text_column\"><div class=\"wpb_wrapper\"><p><strong>Portsmouth<\/strong><br \/>\nAirspeed Rd Portsmouth,<br \/>\nHampshire, PO3 5RF, Royaume-Uni<\/p>\n<\/div><\/div><\/div><\/div><\/div><div class=\"vc_col-sm-4 wpb_column vc_column_container locations___card\"><div class=\"vc_column-inner\"><div class=\"wpb_wrapper\"><div class=\"wpb_text_column\"><div class=\"wpb_wrapper\"><h3>Royaume-Uni<\/h3>\n<\/div><\/div><div class=\"wpb_text_column\"><div class=\"wpb_wrapper\"><p><strong>Kettering<\/strong><br \/>\nHaylock House, Kettering Parkway,<br \/>\nKettering,<br \/>\nNorthamptonshire , NN15 6EY, Royaume-Uni<\/p>\n<\/div><\/div><\/div><\/div><\/div><div class=\"vc_col-sm-4 wpb_column vc_column_container locations___card\"><div class=\"vc_column-inner\"><div class=\"wpb_wrapper\"><div class=\"wpb_text_column\"><div class=\"wpb_wrapper\"><h3>Turquie<\/h3>\n<\/div><\/div><div class=\"wpb_text_column\"><div class=\"wpb_wrapper\"><p><strong>Istanbul<\/strong><br \/>\nMaslak Mah B\u00fcy\u00fckdere Cad,<br \/>\nNoramin \u0130\u015f Merkezi Sitesi o: 237 \u0130\u00e7 Kap\u0131 No:8,<br \/>\n34485 Sar\u0131yer<\/p>\n<\/div><\/div><\/div><\/div><\/div><div class=\"vc_col-sm-4 wpb_column vc_column_container locations___card\"><div class=\"vc_column-inner\"><div class=\"wpb_wrapper\"><div class=\"wpb_text_column\"><div class=\"wpb_wrapper\"><h3>Suisse<\/h3>\n<\/div><\/div><div class=\"wpb_text_column\"><div class=\"wpb_wrapper\"><p><strong>Nyon<\/strong><br \/>\nAvenue Reverdil 8<br \/>\nCH-1260 Nyon<\/p>\n<\/div><\/div><\/div><\/div><\/div><div class=\"vc_col-sm-4 wpb_column vc_column_container locations___card\"><div class=\"vc_column-inner\"><div class=\"wpb_wrapper\"><div class=\"wpb_text_column\"><div class=\"wpb_wrapper\"><h3>Su\u00e8de<\/h3>\n<\/div><\/div><div class=\"wpb_text_column\"><div class=\"wpb_wrapper\"><p><strong>Stockholm<\/strong><br \/>\nBirger\u00a0Jarlsgatan\u00a058,<br \/>\n114 29 Stockholm<\/p>\n<\/div><\/div><\/div><\/div><\/div><div class=\"vc_col-sm-4 wpb_column vc_column_container locations___card\"><div class=\"vc_column-inner\"><div class=\"wpb_wrapper\"><div class=\"wpb_text_column\"><div class=\"wpb_wrapper\"><h3>Espagne<\/h3>\n<\/div><\/div><div class=\"wpb_text_column\"><div class=\"wpb_wrapper\"><p><strong>Madrid<\/strong><br \/>\nParque Empresarial\u00a0Alvento,<br \/>\nCalle Via de los\u00a0Poblados\u00a01,<br \/>\n28033 Madrid<\/p>\n<\/div><\/div><\/div><\/div><\/div><div class=\"vc_col-sm-4 wpb_column vc_column_container locations___card\"><div class=\"vc_column-inner\"><div class=\"wpb_wrapper\"><div class=\"wpb_text_column\"><div class=\"wpb_wrapper\"><h3>Norv\u00e8ge<\/h3>\n<\/div><\/div><div class=\"wpb_text_column\"><div class=\"wpb_wrapper\"><p><strong>Sandvika<\/strong><br \/>\nKj\u00f8rbokollen\u00a030,<br \/>\n1337\u00a0Sandvika<\/p>\n<\/div><\/div><\/div><\/div><\/div><div class=\"vc_col-sm-4 wpb_column vc_column_container locations___card\"><div class=\"vc_column-inner\"><div class=\"wpb_wrapper\"><div class=\"wpb_text_column\"><div class=\"wpb_wrapper\"><h3>Pays-Bas<\/h3>\n<\/div><\/div><div class=\"wpb_text_column\"><div class=\"wpb_wrapper\"><p><strong>Arnhem<\/strong><br \/>\nMeester B.M. Teldersstraat 7,<br \/>\n6842 CT Arnhem<\/p>\n<\/div><\/div><\/div><\/div><\/div><div class=\"vc_col-sm-4 wpb_column vc_column_container locations___card\"><div class=\"vc_column-inner\"><div class=\"wpb_wrapper\"><div class=\"wpb_text_column\"><div class=\"wpb_wrapper\"><h3>Allemagne<\/h3>\n<\/div><\/div><div class=\"wpb_text_column\"><div class=\"wpb_wrapper\"><p><strong>Hamburg<\/strong><br \/>\nBarnerstra\u00dfe 14c,<br \/>\nottensenOPEN<br \/>\n22765 Hamburg<\/p>\n<\/div><\/div><\/div><\/div><\/div><div class=\"vc_col-sm-4 wpb_column vc_column_container locations___card\"><div class=\"vc_column-inner\"><div class=\"wpb_wrapper\"><div class=\"wpb_text_column\"><div class=\"wpb_wrapper\"><h3>France<\/h3>\n<\/div><\/div><div class=\"wpb_text_column\"><div class=\"wpb_wrapper\"><p><strong>Paris<\/strong><br \/>\n17 \u2013 21 rue Saint-Fiacre,<br \/>\n75002 Paris,<br \/>\nFrance<\/p>\n<\/div><\/div><\/div><\/div><\/div><div class=\"vc_col-sm-4 wpb_column vc_column_container locations___card\"><div class=\"vc_column-inner\"><div class=\"wpb_wrapper\"><div class=\"wpb_text_column\"><div class=\"wpb_wrapper\"><h3>Finlande<\/h3>\n<\/div><\/div><div class=\"wpb_text_column\"><div class=\"wpb_wrapper\"><p><strong>Helsinki<\/strong><br \/>\nEtel\u00e4 Esplanadi 24 A 00130 Helsinki<\/p>\n<\/div><\/div><\/div><\/div><\/div><div class=\"vc_col-sm-4 wpb_column vc_column_container locations___card\"><div class=\"vc_column-inner\"><div class=\"wpb_wrapper\"><div class=\"wpb_text_column\"><div class=\"wpb_wrapper\"><h3>Danemark<\/h3>\n<\/div><\/div><div class=\"wpb_text_column\"><div class=\"wpb_wrapper\"><p><strong>Copenhagen<\/strong><br \/>\nRegus Business Center NORD<br \/>\nLyngbyvej 20,<br \/>\n2100 Copenhagen<\/p>\n<\/div><\/div><\/div><\/div><\/div><\/div><\/div><\/section>\n<\/div><\/div><\/div><div class=\"w-tabs-section\" id=\"o6a0\"><button class=\"w-tabs-section-header\" aria-controls=\"content-o6a0\" aria-expanded=\"false\"><h3 class=\"w-tabs-section-title\">Asie<\/h3><div class=\"w-tabs-section-control\"><\/div><\/button><div  class=\"w-tabs-section-content\" id=\"content-o6a0\"><div class=\"w-tabs-section-content-h i-cf\"><section class=\"l-section wpb_row locations___block height_medium\"><div class=\"l-section-h i-cf\"><div class=\"g-cols vc_row via_flex valign_top type_default stacking_default\"><div class=\"vc_col-sm-4 wpb_column vc_column_container locations___card\"><div class=\"vc_column-inner\"><div class=\"wpb_wrapper\"><div class=\"wpb_text_column\"><div class=\"wpb_wrapper\"><h3>Philippines<\/h3>\n<\/div><\/div><div class=\"wpb_text_column\"><div class=\"wpb_wrapper\"><p><strong>Taguig<\/strong><br \/>\nNet Square Building,<br \/>\n3rd Ave &amp; 28th St Bonifacio City,<br \/>\nTaguig, Metro Manila <\/p>\n<\/div><\/div><\/div><\/div><\/div><div class=\"vc_col-sm-4 wpb_column vc_column_container locations___card\"><div class=\"vc_column-inner\"><div class=\"wpb_wrapper\"><div class=\"wpb_text_column\"><div class=\"wpb_wrapper\"><h3>Philippines<\/h3>\n<\/div><\/div><div class=\"wpb_text_column\"><div class=\"wpb_wrapper\"><p><strong>Taguig<\/strong><br \/>\nThe W Fifth Avenue,<br \/>\n5th Avenue Taguig,<br \/>\nMetro Manila Floor<\/p>\n<\/div><\/div><\/div><\/div><\/div><div class=\"vc_col-sm-4 wpb_column vc_column_container locations___card\"><div class=\"vc_column-inner\"><div class=\"wpb_wrapper\"><div class=\"wpb_text_column\"><div class=\"wpb_wrapper\"><h3>Inde<\/h3>\n<\/div><\/div><div class=\"wpb_text_column\"><div class=\"wpb_wrapper\"><div>\n<div><strong>Pune<\/strong><\/div>\n<div>Tenerity India Private Limited (formerly Tavisca Solutions Private Limited),<\/div>\n<div>Level 5- Marisoft Wing C,<\/div>\n<div>Kalyani Nagar Vadgaon Sheri Rd,<\/div>\n<div>Marigold complex,<\/div>\n<div>Pune MH 411014 IN<\/div>\n<\/div>\n<\/div><\/div><\/div><\/div><\/div><\/div><\/div><\/section>\n<\/div><\/div><\/div><\/div><\/div><\/div><\/div><\/div><\/div><\/div><\/section>\n","protected":false},"excerpt":{"rendered":"Travaillons ensemble ! Nos solutions permettent \u00e0 nos partenaires de g\u00e9n\u00e9rer des revenus suppl\u00e9mentaires et de fid\u00e9liser leurs clients en leur proposant des produits diff\u00e9renciants et \u00e0 valeur ajout\u00e9e. Contactez-nous d\u00e8s aujourd&rsquo;hui et confiez-nous le soin de vous aider. Remplissez le formulaire pour prendre rendez-vous avec notre \u00e9quipe. Veuillez utiliser votre adresse \u00e9lectronique professionnelle. Le...","protected":false},"author":1,"featured_media":916,"parent":0,"menu_order":8,"comment_status":"closed","ping_status":"closed","template":"","meta":{"footnotes":""},"class_list":["post-467","page","type-page","status-publish","has-post-thumbnail","hentry"],"yoast_head":"<!-- This site is optimized with the Yoast SEO plugin v27.1.1 - https:\/\/yoast.com\/product\/yoast-seo-wordpress\/ -->\n<title>Contactez-nous! - Tenerity FR<\/title>\n<meta name=\"robots\" content=\"index, follow, max-snippet:-1, max-image-preview:large, max-video-preview:-1\" \/>\n<link rel=\"canonical\" href=\"https:\/\/www.tenerity.com\/fr\/contactez-nous\/\" \/>\n<meta property=\"og:locale\" content=\"fr_FR\" \/>\n<meta property=\"og:type\" content=\"article\" \/>\n<meta property=\"og:title\" content=\"Contactez-nous! - Tenerity FR\" \/>\n<meta property=\"og:url\" content=\"https:\/\/www.tenerity.com\/fr\/contactez-nous\/\" \/>\n<meta property=\"og:site_name\" content=\"Tenerity FR\" \/>\n<meta property=\"article:modified_time\" content=\"2023-08-23T12:56:49+00:00\" \/>\n<meta property=\"og:image\" content=\"https:\/\/www.tenerity.com\/fr\/wp-content\/uploads\/sites\/31\/2022\/10\/hero___contact-us.jpg\" \/>\n\t<meta property=\"og:image:width\" content=\"1436\" \/>\n\t<meta property=\"og:image:height\" content=\"574\" \/>\n\t<meta property=\"og:image:type\" content=\"image\/jpeg\" \/>\n<meta name=\"twitter:card\" content=\"summary_large_image\" \/>\n<meta name=\"twitter:label1\" content=\"Dur\u00e9e de lecture estim\u00e9e\" \/>\n\t<meta name=\"twitter:data1\" content=\"1 minute\" \/>\n<script type=\"application\/ld+json\" class=\"yoast-schema-graph\">{\"@context\":\"https:\/\/schema.org\",\"@graph\":[{\"@type\":\"WebPage\",\"@id\":\"https:\/\/www.tenerity.com\/fr\/contactez-nous\/\",\"url\":\"https:\/\/www.tenerity.com\/fr\/contactez-nous\/\",\"name\":\"Contactez-nous! - Tenerity FR\",\"isPartOf\":{\"@id\":\"https:\/\/www.tenerity.com\/fr\/#website\"},\"primaryImageOfPage\":{\"@id\":\"https:\/\/www.tenerity.com\/fr\/contactez-nous\/#primaryimage\"},\"image\":{\"@id\":\"https:\/\/www.tenerity.com\/fr\/contactez-nous\/#primaryimage\"},\"thumbnailUrl\":\"https:\/\/www.tenerity.com\/fr\/wp-content\/uploads\/sites\/31\/2022\/10\/hero___contact-us.jpg\",\"datePublished\":\"2022-10-14T15:30:38+00:00\",\"dateModified\":\"2023-08-23T12:56:49+00:00\",\"breadcrumb\":{\"@id\":\"https:\/\/www.tenerity.com\/fr\/contactez-nous\/#breadcrumb\"},\"inLanguage\":\"fr-FR\",\"potentialAction\":[{\"@type\":\"ReadAction\",\"target\":[\"https:\/\/www.tenerity.com\/fr\/contactez-nous\/\"]}]},{\"@type\":\"ImageObject\",\"inLanguage\":\"fr-FR\",\"@id\":\"https:\/\/www.tenerity.com\/fr\/contactez-nous\/#primaryimage\",\"url\":\"https:\/\/www.tenerity.com\/fr\/wp-content\/uploads\/sites\/31\/2022\/10\/hero___contact-us.jpg\",\"contentUrl\":\"https:\/\/www.tenerity.com\/fr\/wp-content\/uploads\/sites\/31\/2022\/10\/hero___contact-us.jpg\",\"width\":1436,\"height\":574,\"caption\":\"Contact Us\"},{\"@type\":\"BreadcrumbList\",\"@id\":\"https:\/\/www.tenerity.com\/fr\/contactez-nous\/#breadcrumb\",\"itemListElement\":[{\"@type\":\"ListItem\",\"position\":1,\"name\":\"Home\",\"item\":\"https:\/\/www.tenerity.com\/fr\/\"},{\"@type\":\"ListItem\",\"position\":2,\"name\":\"Contactez-nous!\"}]},{\"@type\":\"WebSite\",\"@id\":\"https:\/\/www.tenerity.com\/fr\/#website\",\"url\":\"https:\/\/www.tenerity.com\/fr\/\",\"name\":\"Tenerity\",\"description\":\"Intelligent engagement and loyalty for modern brands\",\"potentialAction\":[{\"@type\":\"SearchAction\",\"target\":{\"@type\":\"EntryPoint\",\"urlTemplate\":\"https:\/\/www.tenerity.com\/fr\/?s={search_term_string}\"},\"query-input\":{\"@type\":\"PropertyValueSpecification\",\"valueRequired\":true,\"valueName\":\"search_term_string\"}}],\"inLanguage\":\"fr-FR\"}]}<\/script>\n<!-- \/ Yoast SEO plugin. -->","yoast_head_json":{"title":"Contactez-nous! - Tenerity FR","robots":{"index":"index","follow":"follow","max-snippet":"max-snippet:-1","max-image-preview":"max-image-preview:large","max-video-preview":"max-video-preview:-1"},"canonical":"https:\/\/www.tenerity.com\/fr\/contactez-nous\/","og_locale":"fr_FR","og_type":"article","og_title":"Contactez-nous! - Tenerity FR","og_url":"https:\/\/www.tenerity.com\/fr\/contactez-nous\/","og_site_name":"Tenerity FR","article_modified_time":"2023-08-23T12:56:49+00:00","og_image":[{"width":1436,"height":574,"url":"https:\/\/www.tenerity.com\/fr\/wp-content\/uploads\/sites\/31\/2022\/10\/hero___contact-us.jpg","type":"image\/jpeg"}],"twitter_card":"summary_large_image","twitter_misc":{"Dur\u00e9e de lecture estim\u00e9e":"1 minute"},"schema":{"@context":"https:\/\/schema.org","@graph":[{"@type":"WebPage","@id":"https:\/\/www.tenerity.com\/fr\/contactez-nous\/","url":"https:\/\/www.tenerity.com\/fr\/contactez-nous\/","name":"Contactez-nous! - Tenerity FR","isPartOf":{"@id":"https:\/\/www.tenerity.com\/fr\/#website"},"primaryImageOfPage":{"@id":"https:\/\/www.tenerity.com\/fr\/contactez-nous\/#primaryimage"},"image":{"@id":"https:\/\/www.tenerity.com\/fr\/contactez-nous\/#primaryimage"},"thumbnailUrl":"https:\/\/www.tenerity.com\/fr\/wp-content\/uploads\/sites\/31\/2022\/10\/hero___contact-us.jpg","datePublished":"2022-10-14T15:30:38+00:00","dateModified":"2023-08-23T12:56:49+00:00","breadcrumb":{"@id":"https:\/\/www.tenerity.com\/fr\/contactez-nous\/#breadcrumb"},"inLanguage":"fr-FR","potentialAction":[{"@type":"ReadAction","target":["https:\/\/www.tenerity.com\/fr\/contactez-nous\/"]}]},{"@type":"ImageObject","inLanguage":"fr-FR","@id":"https:\/\/www.tenerity.com\/fr\/contactez-nous\/#primaryimage","url":"https:\/\/www.tenerity.com\/fr\/wp-content\/uploads\/sites\/31\/2022\/10\/hero___contact-us.jpg","contentUrl":"https:\/\/www.tenerity.com\/fr\/wp-content\/uploads\/sites\/31\/2022\/10\/hero___contact-us.jpg","width":1436,"height":574,"caption":"Contact Us"},{"@type":"BreadcrumbList","@id":"https:\/\/www.tenerity.com\/fr\/contactez-nous\/#breadcrumb","itemListElement":[{"@type":"ListItem","position":1,"name":"Home","item":"https:\/\/www.tenerity.com\/fr\/"},{"@type":"ListItem","position":2,"name":"Contactez-nous!"}]},{"@type":"WebSite","@id":"https:\/\/www.tenerity.com\/fr\/#website","url":"https:\/\/www.tenerity.com\/fr\/","name":"Tenerity","description":"Intelligent engagement and loyalty for modern brands","potentialAction":[{"@type":"SearchAction","target":{"@type":"EntryPoint","urlTemplate":"https:\/\/www.tenerity.com\/fr\/?s={search_term_string}"},"query-input":{"@type":"PropertyValueSpecification","valueRequired":true,"valueName":"search_term_string"}}],"inLanguage":"fr-FR"}]}},"_links":{"self":[{"href":"https:\/\/www.tenerity.com\/fr\/wp-json\/wp\/v2\/pages\/467","targetHints":{"allow":["GET"]}}],"collection":[{"href":"https:\/\/www.tenerity.com\/fr\/wp-json\/wp\/v2\/pages"}],"about":[{"href":"https:\/\/www.tenerity.com\/fr\/wp-json\/wp\/v2\/types\/page"}],"author":[{"embeddable":true,"href":"https:\/\/www.tenerity.com\/fr\/wp-json\/wp\/v2\/users\/1"}],"replies":[{"embeddable":true,"href":"https:\/\/www.tenerity.com\/fr\/wp-json\/wp\/v2\/comments?post=467"}],"version-history":[{"count":0,"href":"https:\/\/www.tenerity.com\/fr\/wp-json\/wp\/v2\/pages\/467\/revisions"}],"wp:featuredmedia":[{"embeddable":true,"href":"https:\/\/www.tenerity.com\/fr\/wp-json\/wp\/v2\/media\/916"}],"wp:attachment":[{"href":"https:\/\/www.tenerity.com\/fr\/wp-json\/wp\/v2\/media?parent=467"}],"curies":[{"name":"wp","href":"https:\/\/api.w.org\/{rel}","templated":true}]}}