{"id":452,"date":"2022-10-14T15:10:30","date_gmt":"2022-10-14T15:10:30","guid":{"rendered":"https:\/\/testing123.mobi\/tenerity\/?page_id=452"},"modified":"2023-08-02T15:47:29","modified_gmt":"2023-08-02T15:47:29","slug":"carrieres","status":"publish","type":"page","link":"https:\/\/www.tenerity.com\/fr\/carrieres\/","title":{"rendered":"Carri\u00e8res"},"content":{"rendered":"<section class=\"l-section wpb_row us_custom_11553957 bg-img-cover height_large color_primary with_img with_shape\"><div class=\"l-section-img\" role=\"img\" aria-label=\"Tenerity : Careers\" data-img-width=\"1440\" data-img-height=\"426\" style=\"background-image: url(https:\/\/www.tenerity.com\/fr\/wp-content\/uploads\/sites\/31\/2022\/10\/join-us.png);background-repeat: no-repeat;\"><\/div><div class=\"l-section-overlay\" style=\"background:rgba(26,26,26,0.25)\"><\/div><div class=\"l-section-shape type_tilt pos_bottom hor_flip\" style=\"height:10vh;color:var(--color-header-middle-bg)\"><svg xmlns=\"http:\/\/www.w3.org\/2000\/svg\" viewBox=\"0 0 64 8\" preserveAspectRatio=\"none\" width=\"100%\" height=\"100%\">\r\n\t<path fill=\"currentColor\" d=\"M64 7.9 L64 10 L0 10 L0 0 Z\"\/>\r\n<\/svg><\/div><div class=\"l-section-h i-cf\"><div class=\"g-cols vc_row via_flex valign_middle type_default stacking_default\"><div class=\"vc_col-sm-12 wpb_column vc_column_container\"><div class=\"vc_column-inner\"><div class=\"wpb_wrapper\"><div class=\"g-cols wpb_row via_flex valign_top type_default stacking_default\"><div class=\"vc_col-sm-6 wpb_column vc_column_container\"><div class=\"vc_column-inner\"><div class=\"wpb_wrapper\"><div class=\"wpb_text_column us_custom_4b9db530 us_animate_this\"><div class=\"wpb_wrapper\"><h1 style=\"text-align: left;\">Rejoignez-nous<\/h1>\n<\/div><\/div><div class=\"wpb_text_column us_custom_f0b29229 us_animate_this\"><div class=\"wpb_wrapper\"><p>L&rsquo;esprit d&rsquo;entreprise, ainsi que l&rsquo;\u00e9nergie et l&rsquo;engagement de nos employ\u00e9s, sont la pierre angulaire de notre succ\u00e8s. Notre qu\u00eate pour acqu\u00e9rir et d\u00e9velopper des talents de classe mondiale est permanente.<\/p>\n<\/div><\/div><\/div><\/div><\/div><div class=\"vc_col-sm-6 wpb_column vc_column_container\"><div class=\"vc_column-inner\"><div class=\"wpb_wrapper\"><\/div><\/div><\/div><\/div><div class=\"g-cols wpb_row us_custom_3ef98895 button-group us_animate_this via_flex valign_top type_default stacking_default\"><div class=\"vc_col-sm-12 wpb_column vc_column_container button-group\"><div class=\"vc_column-inner\"><div class=\"wpb_wrapper\"><div class=\"w-btn-wrapper align_none\"><a class=\"w-btn us-btn-style_1 us_custom_d3c6354d inline\" target=\"_blank\" rel=\"nofollow\" href=\"https:\/\/internationalcareers-tenerity.icims.com\/\"><span class=\"w-btn-label\">NOS OPPORTUNIT\u00c9S<\/span><\/a><\/div><div class=\"w-iconbox us_custom_c901145c inline iconpos_left style_default color_contrast align_left no_text\"><a target=\"_blank\" rel=\"nofollow\" href=\"https:\/\/tenerity.icims.com\/icims2\/servlet\/icims2?module=AppInert&amp;action=download&amp;id=1196&amp;hashed=-523915472\" class=\"w-iconbox-link\" aria-label=\"Politique de Donn\u00e9es Personnelles pour les Candidats\"><div class=\"w-iconbox-icon\" style=\"font-size:1.5rem;\"><i class=\"material-icons\">download<\/i><\/div><\/a><div class=\"w-iconbox-meta\"><p class=\"w-iconbox-title\"><a target=\"_blank\" rel=\"nofollow\" href=\"https:\/\/tenerity.icims.com\/icims2\/servlet\/icims2?module=AppInert&amp;action=download&amp;id=1196&amp;hashed=-523915472\" class=\"w-iconbox-link\" aria-label=\"Politique de Donn\u00e9es Personnelles pour les Candidats\">Politique de Donn\u00e9es Personnelles pour les Candidats<\/a><\/p><\/div><\/div><\/div><\/div><\/div><\/div><\/div><\/div><\/div><\/div><\/div><\/section><section class=\"l-section wpb_row us_custom_30e2d85b height_medium\" id=\"careers___values\"><div class=\"l-section-h i-cf\"><div class=\"g-cols vc_row via_flex valign_top type_default stacking_default\"><div class=\"vc_col-sm-12 wpb_column vc_column_container\"><div class=\"vc_column-inner\"><div class=\"wpb_wrapper\"><div class=\"g-cols wpb_row via_flex valign_top type_default stacking_default\"><div class=\"vc_col-sm-12 wpb_column vc_column_container\"><div class=\"vc_column-inner us_custom_ab6de256\"><div class=\"wpb_wrapper\"><div class=\"wpb_text_column\"><div class=\"wpb_wrapper\"><h2 class=\"config-title\">Nos valeurs<\/h2>\n<\/div><\/div><div class=\"wpb_text_column text___intro\"><div class=\"wpb_wrapper\"><p>Le succ\u00e8s de notre \u00e9quipe, se traduit \u00e0 travers la transparence, la bonne communication, l&rsquo;int\u00e9grit\u00e9, l&rsquo;\u00e9coute du client et la confiance qui en d\u00e9coulent<\/p>\n<\/div><\/div><\/div><\/div><\/div><\/div><div class=\"g-cols wpb_row via_flex valign_top type_default stacking_default\"><div class=\"vc_col-sm-4 wpb_column vc_column_container core-value\"><div class=\"vc_column-inner\"><div class=\"wpb_wrapper\"><div class=\"w-image align_center\"><div class=\"w-image-h\"><img decoding=\"async\" width=\"140\" height=\"140\" src=\"https:\/\/www.tenerity.com\/fr\/wp-content\/uploads\/sites\/31\/2022\/10\/value___no-hierarchy.png\" class=\"attachment-large size-large\" alt=\"No hierarchy\" loading=\"lazy\" \/><\/div><\/div><div class=\"wpb_text_column\"><div class=\"wpb_wrapper\"><p style=\"text-align: center;\">La <strong>hi\u00e9rarchie<\/strong> n\u2019existe pas dans la communication<\/p>\n<\/div><\/div><\/div><\/div><\/div><div class=\"vc_col-sm-4 wpb_column vc_column_container core-value\"><div class=\"vc_column-inner\"><div class=\"wpb_wrapper\"><div class=\"w-image align_center\"><div class=\"w-image-h\"><img decoding=\"async\" width=\"140\" height=\"140\" src=\"https:\/\/www.tenerity.com\/fr\/wp-content\/uploads\/sites\/31\/2022\/10\/value___opportunity.png\" class=\"attachment-large size-large\" alt=\"Opportunity\" loading=\"lazy\" \/><\/div><\/div><div class=\"wpb_text_column\"><div class=\"wpb_wrapper\"><p style=\"text-align: center;\">Toute <strong>opportunit\u00e9<\/strong> est la n\u00f4tre. Tout <strong>enjeu<\/strong> est le n\u00f4tre.<\/p>\n<\/div><\/div><\/div><\/div><\/div><div class=\"vc_col-sm-4 wpb_column vc_column_container core-value\"><div class=\"vc_column-inner\"><div class=\"wpb_wrapper\"><div class=\"w-image align_center\"><div class=\"w-image-h\"><img decoding=\"async\" width=\"140\" height=\"140\" src=\"https:\/\/www.tenerity.com\/fr\/wp-content\/uploads\/sites\/31\/2022\/10\/value___diversity.png\" class=\"attachment-large size-large\" alt=\"Diversity\" loading=\"lazy\" \/><\/div><\/div><div class=\"wpb_text_column\"><div class=\"wpb_wrapper\"><p style=\"text-align: center;\">La <strong>diversit\u00e9<\/strong> est un avantage<\/p>\n<\/div><\/div><\/div><\/div><\/div><div class=\"vc_col-sm-4 wpb_column vc_column_container core-value\"><div class=\"vc_column-inner\"><div class=\"wpb_wrapper\"><div class=\"w-image align_center\"><div class=\"w-image-h\"><img decoding=\"async\" width=\"140\" height=\"140\" src=\"https:\/\/www.tenerity.com\/fr\/wp-content\/uploads\/sites\/31\/2022\/10\/value___understanding.png\" class=\"attachment-large size-large\" alt=\"Understanding\" loading=\"lazy\" \/><\/div><\/div><div class=\"wpb_text_column\"><div class=\"wpb_wrapper\"><p style=\"text-align: center;\">Toute action efficace est pr\u00e9c\u00e9d\u00e9e par la <strong>une bonne compr\u00e9hension<\/strong>.<\/p>\n<\/div><\/div><\/div><\/div><\/div><div class=\"vc_col-sm-4 wpb_column vc_column_container core-value\"><div class=\"vc_column-inner\"><div class=\"wpb_wrapper\"><div class=\"w-image align_center\"><div class=\"w-image-h\"><img decoding=\"async\" width=\"140\" height=\"140\" src=\"https:\/\/www.tenerity.com\/fr\/wp-content\/uploads\/sites\/31\/2022\/10\/value___loyalty.png\" class=\"attachment-large size-large\" alt=\"Loyalty\" loading=\"lazy\" \/><\/div><\/div><div class=\"wpb_text_column\"><div class=\"wpb_wrapper\"><p style=\"text-align: center;\">L\u2019<strong>engagement<\/strong> est le r\u00e9sultat de ce que nous sommes et de ce que nous faisons.<\/p>\n<\/div><\/div><\/div><\/div><\/div><\/div><\/div><\/div><\/div><\/div><\/div><\/section><section class=\"l-section wpb_row us_custom_c70c97eb height_auto with_shape\"><div class=\"l-section-shape type_triangle-inv pos_top\" style=\"height:10vh;color:#ffffff\"><svg xmlns=\"http:\/\/www.w3.org\/2000\/svg\" viewBox=\"0 0 64 8\" preserveAspectRatio=\"none\" width=\"100%\" height=\"100%\">\r\n\t<path fill=\"currentColor\" d=\"M64 9 L0 9 L0 7.9 L32 0 L64 7.9 Z\"\/>\r\n<\/svg><\/div><div class=\"l-section-h i-cf\"><div class=\"g-cols vc_row via_flex valign_top type_default stacking_default\"><div class=\"vc_col-sm-12 wpb_column vc_column_container\"><div class=\"vc_column-inner\"><div class=\"wpb_wrapper\"><\/div><\/div><\/div><\/div><\/div><\/section><section class=\"l-section wpb_row us_custom_c70c97eb last-row height_medium\"><div class=\"l-section-h i-cf\"><div class=\"g-cols vc_row via_flex valign_top type_default stacking_default\"><div class=\"vc_col-sm-6 wpb_column vc_column_container\"><div class=\"vc_column-inner\"><div class=\"wpb_wrapper\"><div class=\"w-image align_center\"><div class=\"w-image-h\"><img decoding=\"async\" width=\"140\" height=\"140\" src=\"https:\/\/www.tenerity.com\/fr\/wp-content\/uploads\/sites\/31\/2022\/10\/value___diversity.png\" class=\"attachment-large size-large\" alt=\"Diversity\" loading=\"lazy\" \/><\/div><\/div><div class=\"wpb_text_column\"><div class=\"wpb_wrapper\"><h3 style=\"text-align: center;\">La diversit\u00e9 est un avantage<\/h3>\n<\/div><\/div><div class=\"wpb_text_column\"><div class=\"wpb_wrapper\"><p>Nous sommes une \u00e9quipe talentueuse, fi\u00e8re et diversifi\u00e9e, compos\u00e9e de personnalit\u00e9s de tous horizons. En tant qu&rsquo;entreprise mondiale, notre objectif est de cr\u00e9er un environnement o\u00f9 des personnes d&rsquo;origines, de cultures, de perspectives et d&rsquo;exp\u00e9riences diff\u00e9rentes s\u2019associent pour d\u00e9clencher un impact positif.<\/p>\n<\/div><\/div><\/div><\/div><\/div><div class=\"vc_col-sm-6 wpb_column vc_column_container\"><div class=\"vc_column-inner\"><div class=\"wpb_wrapper\"><div class=\"w-image align_center\"><div class=\"w-image-h\"><img decoding=\"async\" width=\"140\" height=\"140\" src=\"https:\/\/www.tenerity.com\/fr\/wp-content\/uploads\/sites\/31\/2022\/10\/careers___wellness.png\" class=\"attachment-large size-large\" alt=\"Total Wellness\" loading=\"lazy\" \/><\/div><\/div><div class=\"wpb_text_column\"><div class=\"wpb_wrapper\"><h3 style=\"text-align: center;\">Adh\u00e9rer au bien-\u00eatre de l\u2019ensemble<\/h3>\n<\/div><\/div><div class=\"wpb_text_column\"><div class=\"wpb_wrapper\"><p>Notre conviction repose sur le fait que la sant\u00e9 de nos collaborateurs est au c\u0153ur de leur \u00e9panouissement, leur engagement et leur productivit\u00e9. Notre syst\u00e8me d&rsquo;avantages est con\u00e7u pour contribuer sur tous les aspects de votre sant\u00e9 &#8211; y compris les composantes physiques, mentales, \u00e9motionnelles et financi\u00e8res.<\/p>\n<\/div><\/div><\/div><\/div><\/div><\/div><\/div><\/section>\n","protected":false},"excerpt":{"rendered":"Rejoignez-nous L&rsquo;esprit d&rsquo;entreprise, ainsi que l&rsquo;\u00e9nergie et l&rsquo;engagement de nos employ\u00e9s, sont la pierre angulaire de notre succ\u00e8s. Notre qu\u00eate pour acqu\u00e9rir et d\u00e9velopper des talents de classe mondiale est permanente. NOS OPPORTUNIT\u00c9SdownloadPolitique de Donn\u00e9es Personnelles pour les CandidatsNos valeurs Le succ\u00e8s de notre \u00e9quipe, se traduit \u00e0 travers la transparence, la bonne communication, l&rsquo;int\u00e9grit\u00e9,...","protected":false},"author":1,"featured_media":464,"parent":0,"menu_order":6,"comment_status":"closed","ping_status":"closed","template":"","meta":{"footnotes":""},"class_list":["post-452","page","type-page","status-publish","has-post-thumbnail","hentry"],"yoast_head":"<!-- This site is optimized with the Yoast SEO plugin v27.1.1 - https:\/\/yoast.com\/product\/yoast-seo-wordpress\/ -->\n<title>Carri\u00e8res - Tenerity FR<\/title>\n<meta name=\"robots\" content=\"index, follow, max-snippet:-1, max-image-preview:large, max-video-preview:-1\" \/>\n<link rel=\"canonical\" href=\"https:\/\/www.tenerity.com\/fr\/carrieres\/\" \/>\n<meta property=\"og:locale\" content=\"fr_FR\" \/>\n<meta property=\"og:type\" content=\"article\" \/>\n<meta property=\"og:title\" content=\"Carri\u00e8res - Tenerity FR\" \/>\n<meta property=\"og:url\" content=\"https:\/\/www.tenerity.com\/fr\/carrieres\/\" \/>\n<meta property=\"og:site_name\" content=\"Tenerity FR\" \/>\n<meta property=\"article:modified_time\" content=\"2023-08-02T15:47:29+00:00\" \/>\n<meta property=\"og:image\" content=\"https:\/\/www.tenerity.com\/fr\/wp-content\/uploads\/sites\/31\/2022\/10\/join-us.png\" \/>\n\t<meta property=\"og:image:width\" content=\"1440\" \/>\n\t<meta property=\"og:image:height\" content=\"426\" \/>\n\t<meta property=\"og:image:type\" content=\"image\/png\" \/>\n<meta name=\"twitter:card\" content=\"summary_large_image\" \/>\n<meta name=\"twitter:label1\" content=\"Dur\u00e9e de lecture estim\u00e9e\" \/>\n\t<meta name=\"twitter:data1\" content=\"2 minutes\" \/>\n<script type=\"application\/ld+json\" class=\"yoast-schema-graph\">{\"@context\":\"https:\/\/schema.org\",\"@graph\":[{\"@type\":\"WebPage\",\"@id\":\"https:\/\/www.tenerity.com\/fr\/carrieres\/\",\"url\":\"https:\/\/www.tenerity.com\/fr\/carrieres\/\",\"name\":\"Carri\u00e8res - Tenerity FR\",\"isPartOf\":{\"@id\":\"https:\/\/www.tenerity.com\/fr\/#website\"},\"primaryImageOfPage\":{\"@id\":\"https:\/\/www.tenerity.com\/fr\/carrieres\/#primaryimage\"},\"image\":{\"@id\":\"https:\/\/www.tenerity.com\/fr\/carrieres\/#primaryimage\"},\"thumbnailUrl\":\"https:\/\/www.tenerity.com\/fr\/wp-content\/uploads\/sites\/31\/2022\/10\/join-us.png\",\"datePublished\":\"2022-10-14T15:10:30+00:00\",\"dateModified\":\"2023-08-02T15:47:29+00:00\",\"breadcrumb\":{\"@id\":\"https:\/\/www.tenerity.com\/fr\/carrieres\/#breadcrumb\"},\"inLanguage\":\"fr-FR\",\"potentialAction\":[{\"@type\":\"ReadAction\",\"target\":[\"https:\/\/www.tenerity.com\/fr\/carrieres\/\"]}]},{\"@type\":\"ImageObject\",\"inLanguage\":\"fr-FR\",\"@id\":\"https:\/\/www.tenerity.com\/fr\/carrieres\/#primaryimage\",\"url\":\"https:\/\/www.tenerity.com\/fr\/wp-content\/uploads\/sites\/31\/2022\/10\/join-us.png\",\"contentUrl\":\"https:\/\/www.tenerity.com\/fr\/wp-content\/uploads\/sites\/31\/2022\/10\/join-us.png\",\"width\":1440,\"height\":426,\"caption\":\"Tenerity : Careers\"},{\"@type\":\"BreadcrumbList\",\"@id\":\"https:\/\/www.tenerity.com\/fr\/carrieres\/#breadcrumb\",\"itemListElement\":[{\"@type\":\"ListItem\",\"position\":1,\"name\":\"Home\",\"item\":\"https:\/\/www.tenerity.com\/fr\/\"},{\"@type\":\"ListItem\",\"position\":2,\"name\":\"Carri\u00e8res\"}]},{\"@type\":\"WebSite\",\"@id\":\"https:\/\/www.tenerity.com\/fr\/#website\",\"url\":\"https:\/\/www.tenerity.com\/fr\/\",\"name\":\"Tenerity\",\"description\":\"Intelligent engagement and loyalty for modern brands\",\"potentialAction\":[{\"@type\":\"SearchAction\",\"target\":{\"@type\":\"EntryPoint\",\"urlTemplate\":\"https:\/\/www.tenerity.com\/fr\/?s={search_term_string}\"},\"query-input\":{\"@type\":\"PropertyValueSpecification\",\"valueRequired\":true,\"valueName\":\"search_term_string\"}}],\"inLanguage\":\"fr-FR\"}]}<\/script>\n<!-- \/ Yoast SEO plugin. -->","yoast_head_json":{"title":"Carri\u00e8res - Tenerity FR","robots":{"index":"index","follow":"follow","max-snippet":"max-snippet:-1","max-image-preview":"max-image-preview:large","max-video-preview":"max-video-preview:-1"},"canonical":"https:\/\/www.tenerity.com\/fr\/carrieres\/","og_locale":"fr_FR","og_type":"article","og_title":"Carri\u00e8res - Tenerity FR","og_url":"https:\/\/www.tenerity.com\/fr\/carrieres\/","og_site_name":"Tenerity FR","article_modified_time":"2023-08-02T15:47:29+00:00","og_image":[{"width":1440,"height":426,"url":"https:\/\/www.tenerity.com\/fr\/wp-content\/uploads\/sites\/31\/2022\/10\/join-us.png","type":"image\/png"}],"twitter_card":"summary_large_image","twitter_misc":{"Dur\u00e9e de lecture estim\u00e9e":"2 minutes"},"schema":{"@context":"https:\/\/schema.org","@graph":[{"@type":"WebPage","@id":"https:\/\/www.tenerity.com\/fr\/carrieres\/","url":"https:\/\/www.tenerity.com\/fr\/carrieres\/","name":"Carri\u00e8res - Tenerity FR","isPartOf":{"@id":"https:\/\/www.tenerity.com\/fr\/#website"},"primaryImageOfPage":{"@id":"https:\/\/www.tenerity.com\/fr\/carrieres\/#primaryimage"},"image":{"@id":"https:\/\/www.tenerity.com\/fr\/carrieres\/#primaryimage"},"thumbnailUrl":"https:\/\/www.tenerity.com\/fr\/wp-content\/uploads\/sites\/31\/2022\/10\/join-us.png","datePublished":"2022-10-14T15:10:30+00:00","dateModified":"2023-08-02T15:47:29+00:00","breadcrumb":{"@id":"https:\/\/www.tenerity.com\/fr\/carrieres\/#breadcrumb"},"inLanguage":"fr-FR","potentialAction":[{"@type":"ReadAction","target":["https:\/\/www.tenerity.com\/fr\/carrieres\/"]}]},{"@type":"ImageObject","inLanguage":"fr-FR","@id":"https:\/\/www.tenerity.com\/fr\/carrieres\/#primaryimage","url":"https:\/\/www.tenerity.com\/fr\/wp-content\/uploads\/sites\/31\/2022\/10\/join-us.png","contentUrl":"https:\/\/www.tenerity.com\/fr\/wp-content\/uploads\/sites\/31\/2022\/10\/join-us.png","width":1440,"height":426,"caption":"Tenerity : Careers"},{"@type":"BreadcrumbList","@id":"https:\/\/www.tenerity.com\/fr\/carrieres\/#breadcrumb","itemListElement":[{"@type":"ListItem","position":1,"name":"Home","item":"https:\/\/www.tenerity.com\/fr\/"},{"@type":"ListItem","position":2,"name":"Carri\u00e8res"}]},{"@type":"WebSite","@id":"https:\/\/www.tenerity.com\/fr\/#website","url":"https:\/\/www.tenerity.com\/fr\/","name":"Tenerity","description":"Intelligent engagement and loyalty for modern brands","potentialAction":[{"@type":"SearchAction","target":{"@type":"EntryPoint","urlTemplate":"https:\/\/www.tenerity.com\/fr\/?s={search_term_string}"},"query-input":{"@type":"PropertyValueSpecification","valueRequired":true,"valueName":"search_term_string"}}],"inLanguage":"fr-FR"}]}},"_links":{"self":[{"href":"https:\/\/www.tenerity.com\/fr\/wp-json\/wp\/v2\/pages\/452","targetHints":{"allow":["GET"]}}],"collection":[{"href":"https:\/\/www.tenerity.com\/fr\/wp-json\/wp\/v2\/pages"}],"about":[{"href":"https:\/\/www.tenerity.com\/fr\/wp-json\/wp\/v2\/types\/page"}],"author":[{"embeddable":true,"href":"https:\/\/www.tenerity.com\/fr\/wp-json\/wp\/v2\/users\/1"}],"replies":[{"embeddable":true,"href":"https:\/\/www.tenerity.com\/fr\/wp-json\/wp\/v2\/comments?post=452"}],"version-history":[{"count":0,"href":"https:\/\/www.tenerity.com\/fr\/wp-json\/wp\/v2\/pages\/452\/revisions"}],"wp:featuredmedia":[{"embeddable":true,"href":"https:\/\/www.tenerity.com\/fr\/wp-json\/wp\/v2\/media\/464"}],"wp:attachment":[{"href":"https:\/\/www.tenerity.com\/fr\/wp-json\/wp\/v2\/media?parent=452"}],"curies":[{"name":"wp","href":"https:\/\/api.w.org\/{rel}","templated":true}]}}