{"id":422,"date":"2022-10-13T15:45:17","date_gmt":"2022-10-13T15:45:17","guid":{"rendered":"https:\/\/testing123.mobi\/tenerity\/?page_id=422"},"modified":"2023-07-11T16:47:16","modified_gmt":"2023-07-11T16:47:16","slug":"institution-financiere-americaine","status":"publish","type":"page","link":"https:\/\/www.tenerity.com\/fr\/cas-client\/institution-financiere-americaine\/","title":{"rendered":"Institution financi\u00e8re am\u00e9ricaine"},"content":{"rendered":"<section class=\"l-section wpb_row us_custom_b90abba9 height_large color_secondary with_img with_shape\"><div class=\"l-section-img\" role=\"img\" aria-label=\"Tenerity: Case Study - US Financial Institution\" data-img-width=\"1440\" data-img-height=\"676\" style=\"background-image: url(https:\/\/www.tenerity.com\/fr\/wp-content\/uploads\/sites\/31\/2022\/10\/hero___us-financial-institution.png);background-position: top center;background-repeat: no-repeat;\"><\/div><div class=\"l-section-overlay\" style=\"background:rgba(26,26,26,0.25)\"><\/div><div class=\"l-section-shape type_tilt pos_bottom hor_flip\" style=\"height:10vh;\"><svg xmlns=\"http:\/\/www.w3.org\/2000\/svg\" viewBox=\"0 0 64 8\" preserveAspectRatio=\"none\" width=\"100%\" height=\"100%\">\r\n\t<path fill=\"currentColor\" d=\"M64 7.9 L64 10 L0 10 L0 0 Z\"\/>\r\n<\/svg><\/div><div class=\"l-section-h i-cf\"><div class=\"g-cols vc_row via_flex valign_middle type_default stacking_default\"><div class=\"vc_col-sm-6 wpb_column vc_column_container\"><div class=\"vc_column-inner\"><div class=\"wpb_wrapper\"><div class=\"wpb_text_column us_custom_4b9db530 us_animate_this\"><div class=\"wpb_wrapper\"><h1>Institution financi\u00e8re am\u00e9ricaine<\/h1>\n<\/div><\/div><div class=\"wpb_text_column us_custom_de366d1c us_animate_this\"><div class=\"wpb_wrapper\"><p>Am\u00e9liorer la r\u00e9tention des clients et augmenter les revenus gr\u00e2ce \u00e0 la protection de l&rsquo;identit\u00e9 num\u00e9rique et des services de surveillance de cr\u00e9dit.<\/p>\n<\/div><\/div><\/div><\/div><\/div><div class=\"vc_col-sm-6 wpb_column vc_column_container\"><div class=\"vc_column-inner\"><div class=\"wpb_wrapper\"><\/div><\/div><\/div><\/div><\/div><\/section><section class=\"l-section wpb_row us_custom_4fb9e5a3 height_medium\" id=\"post-launch-highlights\"><div class=\"l-section-h i-cf\"><div class=\"g-cols vc_row via_flex valign_middle type_default stacking_default\"><div class=\"vc_col-sm-12 wpb_column vc_column_container\"><div class=\"vc_column-inner\"><div class=\"wpb_wrapper\"><div class=\"wpb_text_column us_custom_d33ec220 us_animate_this\"><div class=\"wpb_wrapper\"><h2 style=\"text-align: center;\">Principaux r\u00e9sultats<\/h2>\n<\/div><\/div><div class=\"g-cols wpb_row highlights via_flex valign_top type_default stacking_default\"><div class=\"vc_col-sm-4 wpb_column vc_column_container\"><div class=\"vc_column-inner us_custom_8c71efed us_animate_this\"><div class=\"wpb_wrapper\"><div class=\"w-counter color_heading align_center\" data-duration=\"2\"><div class=\"w-counter-value\"><span class=\"w-counter-value-part type_text\" data-final=\"\"><\/span><span class=\"w-counter-value-part type_number\" data-final=\"3\">0<\/span><span class=\"w-counter-value-part type_text\" data-final=\"%\">%<\/span><\/div><p class=\"w-counter-title\" style=\"font-size:1.1rem;font-weight:700;\">d&rsquo;augmentation de la r\u00e9tention<\/p><\/div><\/div><\/div><\/div><div class=\"vc_col-sm-4 wpb_column vc_column_container\"><div class=\"vc_column-inner us_custom_d6925446 us_animate_this\"><div class=\"wpb_wrapper\"><div class=\"w-counter color_heading align_center\" data-duration=\"2\"><div class=\"w-counter-value\"><span class=\"w-counter-value-part type_text\" data-final=\"$\">$<\/span><span class=\"w-counter-value-part type_number\" data-final=\"2 000\">0<\/span><span class=\"w-counter-value-part type_text\" data-final=\"\"><\/span><\/div><p class=\"w-counter-title\" style=\"font-size:1.1rem;font-weight:700;\">de revenus additionnels g\u00e9n\u00e9r\u00e9s par les m\u00e9nages chaque ann\u00e9e<\/p><\/div><\/div><\/div><\/div><div class=\"vc_col-sm-4 wpb_column vc_column_container\"><div class=\"vc_column-inner us_custom_03a0b499 us_animate_this\"><div class=\"wpb_wrapper\"><div class=\"w-counter color_heading align_center\" data-duration=\"2\"><div class=\"w-counter-value\"><span class=\"w-counter-value-part type_text\" data-final=\"+\">+<\/span><span class=\"w-counter-value-part type_number\" data-final=\"2\">0<\/span><span class=\"w-counter-value-part type_text\" data-final=\"\"><\/span><\/div><p class=\"w-counter-title\" style=\"font-size:1.1rem;font-weight:700;\">produits bancaires suppl\u00e9mentaires souscrits<\/p><\/div><\/div><\/div><\/div><\/div><\/div><\/div><\/div><\/div><\/div><\/section><section class=\"l-section wpb_row height_medium with_shape\"><div class=\"l-section-shape type_tilt pos_bottom hor_flip\" style=\"height:10vh;color:var(--color-content-bg-alt)\"><svg xmlns=\"http:\/\/www.w3.org\/2000\/svg\" viewBox=\"0 0 64 8\" preserveAspectRatio=\"none\" width=\"100%\" height=\"100%\">\r\n\t<path fill=\"currentColor\" d=\"M64 7.9 L64 10 L0 10 L0 0 Z\"\/>\r\n<\/svg><\/div><div class=\"l-section-h i-cf\"><div class=\"g-cols vc_row via_flex valign_top type_default stacking_default\"><div class=\"vc_col-sm-12 wpb_column vc_column_container\"><div class=\"vc_column-inner\"><div class=\"wpb_wrapper\"><\/div><\/div><\/div><\/div><\/div><\/section><section class=\"l-section wpb_row us_custom_0d15be52 height_medium\" id=\"challenge\"><div class=\"l-section-h i-cf\"><div class=\"g-cols vc_row via_flex valign_top type_default stacking_default\"><div class=\"vc_col-sm-12 wpb_column vc_column_container\"><div class=\"vc_column-inner\"><div class=\"wpb_wrapper\"><div class=\"wpb_text_column\"><div class=\"wpb_wrapper\"><h2 style=\"text-align: center;\">D\u00e9fi \u00e0 relever<\/h2>\n<\/div><\/div><div class=\"g-cols wpb_row via_flex valign_top type_default stacking_default\"><div class=\"vc_col-sm-2 wpb_column vc_column_container\"><div class=\"vc_column-inner\"><div class=\"wpb_wrapper\"><\/div><\/div><\/div><div class=\"vc_col-sm-8 wpb_column vc_column_container\"><div class=\"vc_column-inner\"><div class=\"wpb_wrapper\"><div class=\"wpb_text_column\"><div class=\"wpb_wrapper\"><p>Ce client de longue date, l&rsquo;une des plus grandes banques de l&rsquo;ouest des \u00c9tats-Unis avec 1 100 succursales r\u00e9parties dans 10 \u00c9tats, dispose d&rsquo;environ 410 milliards de dollars d&rsquo;actifs de client\u00e8le.<\/p>\n<p><strong>Les objectifs de ce client \u00e9taient les suivants:<\/strong><\/p>\n<ul>\n<li>Am\u00e9liorer la fid\u00e9lisation des clients et leur offrir davantage de valeur ajout\u00e9e.<\/li>\n<li>Augmenter le revenu par client<\/li>\n<li>Augmenter la pr\u00e9f\u00e9rence de la marque pour les services additionnels (hypoth\u00e8ques, pr\u00eats, etc.).<\/li>\n<\/ul>\n<\/div><\/div><\/div><\/div><\/div><div class=\"vc_col-sm-2 wpb_column vc_column_container\"><div class=\"vc_column-inner\"><div class=\"wpb_wrapper\"><\/div><\/div><\/div><\/div><\/div><\/div><\/div><\/div><\/div><\/section><section class=\"l-section wpb_row us_custom_c70c97eb height_medium with_shape\"><div class=\"l-section-shape type_triangle pos_bottom\" style=\"height:10vh;color:var(--color-content-secondary)\"><svg xmlns=\"http:\/\/www.w3.org\/2000\/svg\" viewBox=\"0 0 64 8\" preserveAspectRatio=\"none\" width=\"100%\" height=\"100%\">\r\n\t<path fill=\"currentColor\" d=\"M64 8 L0 8 L0 0 L32 7.9 L64 0 Z\"\/>\r\n<\/svg><\/div><div class=\"l-section-h i-cf\"><div class=\"g-cols vc_row via_flex valign_top type_default stacking_default\"><div class=\"vc_col-sm-12 wpb_column vc_column_container\"><div class=\"vc_column-inner\"><div class=\"wpb_wrapper\"><\/div><\/div><\/div><\/div><\/div><\/section><section class=\"l-section wpb_row last-row height_medium color_secondary\" id=\"solution\"><div class=\"l-section-h i-cf\"><div class=\"g-cols vc_row via_flex valign_middle type_default stacking_default\"><div class=\"vc_col-sm-6 wpb_column vc_column_container\"><div class=\"vc_column-inner\"><div class=\"wpb_wrapper\"><div class=\"wpb_text_column\"><div class=\"wpb_wrapper\"><h2>La solution<\/h2>\n<\/div><\/div><div class=\"wpb_text_column\"><div class=\"wpb_wrapper\"><p>En travaillant avec ce partenaire, nous avons vu une opportunit\u00e9 de nous diff\u00e9rencier de la concurrence en offrant \u00e0 nosclients une protection contre l&rsquo;usurpation d&rsquo;identit\u00e9 num\u00e9rique, <strong>une gestion du cr\u00e9dit et une assurance<\/strong>.<\/p>\n<\/div><\/div><\/div><\/div><\/div><div class=\"vc_col-sm-6 wpb_column vc_column_container\"><div class=\"vc_column-inner\"><div class=\"wpb_wrapper\"><div class=\"w-image align_center\"><div class=\"w-image-h\"><img decoding=\"async\" width=\"566\" height=\"604\" src=\"https:\/\/www.tenerity.com\/fr\/wp-content\/uploads\/sites\/31\/2022\/11\/image_privacy-guard_02.png\" class=\"attachment-large size-large\" alt=\"PrivacyGuard | Tenerity\" loading=\"lazy\" srcset=\"https:\/\/www.tenerity.com\/fr\/wp-content\/uploads\/sites\/31\/2022\/11\/image_privacy-guard_02.png 566w, https:\/\/www.tenerity.com\/fr\/wp-content\/uploads\/sites\/31\/2022\/11\/image_privacy-guard_02-281x300.png 281w\" sizes=\"auto, (max-width: 566px) 100vw, 566px\" \/><\/div><\/div><\/div><\/div><\/div><\/div><\/div><\/section>\n","protected":false},"excerpt":{"rendered":"Institution financi\u00e8re am\u00e9ricaine Am\u00e9liorer la r\u00e9tention des clients et augmenter les revenus gr\u00e2ce \u00e0 la protection de l&rsquo;identit\u00e9 num\u00e9rique et des services de surveillance de cr\u00e9dit. Principaux r\u00e9sultats 0%d&rsquo;augmentation de la r\u00e9tention$0de revenus additionnels g\u00e9n\u00e9r\u00e9s par les m\u00e9nages chaque ann\u00e9e+0produits bancaires suppl\u00e9mentaires souscrits D\u00e9fi \u00e0 relever Ce client de longue date, l&rsquo;une des plus grandes...","protected":false},"author":1,"featured_media":429,"parent":195,"menu_order":3,"comment_status":"closed","ping_status":"closed","template":"","meta":{"footnotes":""},"class_list":["post-422","page","type-page","status-publish","has-post-thumbnail","hentry"],"yoast_head":"<!-- This site is optimized with the Yoast SEO plugin v27.1.1 - https:\/\/yoast.com\/product\/yoast-seo-wordpress\/ -->\n<title>Institution financi\u00e8re am\u00e9ricaine - Tenerity FR<\/title>\n<meta name=\"robots\" content=\"index, follow, max-snippet:-1, max-image-preview:large, max-video-preview:-1\" \/>\n<link rel=\"canonical\" href=\"https:\/\/www.tenerity.com\/fr\/cas-client\/institution-financiere-americaine\/\" \/>\n<meta property=\"og:locale\" content=\"fr_FR\" \/>\n<meta property=\"og:type\" content=\"article\" \/>\n<meta property=\"og:title\" content=\"Institution financi\u00e8re am\u00e9ricaine - Tenerity FR\" \/>\n<meta property=\"og:url\" content=\"https:\/\/www.tenerity.com\/fr\/cas-client\/institution-financiere-americaine\/\" \/>\n<meta property=\"og:site_name\" content=\"Tenerity FR\" \/>\n<meta property=\"article:modified_time\" content=\"2023-07-11T16:47:16+00:00\" \/>\n<meta property=\"og:image\" content=\"https:\/\/www.tenerity.com\/fr\/wp-content\/uploads\/sites\/31\/2022\/10\/hero___us-financial-institution.png\" \/>\n\t<meta property=\"og:image:width\" content=\"1440\" \/>\n\t<meta property=\"og:image:height\" content=\"676\" \/>\n\t<meta property=\"og:image:type\" content=\"image\/png\" \/>\n<meta name=\"twitter:card\" content=\"summary_large_image\" \/>\n<meta name=\"twitter:label1\" content=\"Dur\u00e9e de lecture estim\u00e9e\" \/>\n\t<meta name=\"twitter:data1\" content=\"1 minute\" \/>\n<script type=\"application\/ld+json\" class=\"yoast-schema-graph\">{\"@context\":\"https:\/\/schema.org\",\"@graph\":[{\"@type\":\"WebPage\",\"@id\":\"https:\/\/www.tenerity.com\/fr\/cas-client\/institution-financiere-americaine\/\",\"url\":\"https:\/\/www.tenerity.com\/fr\/cas-client\/institution-financiere-americaine\/\",\"name\":\"Institution financi\u00e8re am\u00e9ricaine - Tenerity FR\",\"isPartOf\":{\"@id\":\"https:\/\/www.tenerity.com\/fr\/#website\"},\"primaryImageOfPage\":{\"@id\":\"https:\/\/www.tenerity.com\/fr\/cas-client\/institution-financiere-americaine\/#primaryimage\"},\"image\":{\"@id\":\"https:\/\/www.tenerity.com\/fr\/cas-client\/institution-financiere-americaine\/#primaryimage\"},\"thumbnailUrl\":\"https:\/\/www.tenerity.com\/fr\/wp-content\/uploads\/sites\/31\/2022\/10\/hero___us-financial-institution.png\",\"datePublished\":\"2022-10-13T15:45:17+00:00\",\"dateModified\":\"2023-07-11T16:47:16+00:00\",\"breadcrumb\":{\"@id\":\"https:\/\/www.tenerity.com\/fr\/cas-client\/institution-financiere-americaine\/#breadcrumb\"},\"inLanguage\":\"fr-FR\",\"potentialAction\":[{\"@type\":\"ReadAction\",\"target\":[\"https:\/\/www.tenerity.com\/fr\/cas-client\/institution-financiere-americaine\/\"]}]},{\"@type\":\"ImageObject\",\"inLanguage\":\"fr-FR\",\"@id\":\"https:\/\/www.tenerity.com\/fr\/cas-client\/institution-financiere-americaine\/#primaryimage\",\"url\":\"https:\/\/www.tenerity.com\/fr\/wp-content\/uploads\/sites\/31\/2022\/10\/hero___us-financial-institution.png\",\"contentUrl\":\"https:\/\/www.tenerity.com\/fr\/wp-content\/uploads\/sites\/31\/2022\/10\/hero___us-financial-institution.png\",\"width\":1440,\"height\":676,\"caption\":\"Tenerity: Case Study - US Financial Institution\"},{\"@type\":\"BreadcrumbList\",\"@id\":\"https:\/\/www.tenerity.com\/fr\/cas-client\/institution-financiere-americaine\/#breadcrumb\",\"itemListElement\":[{\"@type\":\"ListItem\",\"position\":1,\"name\":\"Home\",\"item\":\"https:\/\/www.tenerity.com\/fr\/\"},{\"@type\":\"ListItem\",\"position\":2,\"name\":\"Cas client\",\"item\":\"https:\/\/www.tenerity.com\/fr\/cas-client\/\"},{\"@type\":\"ListItem\",\"position\":3,\"name\":\"Institution financi\u00e8re am\u00e9ricaine\"}]},{\"@type\":\"WebSite\",\"@id\":\"https:\/\/www.tenerity.com\/fr\/#website\",\"url\":\"https:\/\/www.tenerity.com\/fr\/\",\"name\":\"Tenerity\",\"description\":\"Intelligent engagement and loyalty for modern brands\",\"potentialAction\":[{\"@type\":\"SearchAction\",\"target\":{\"@type\":\"EntryPoint\",\"urlTemplate\":\"https:\/\/www.tenerity.com\/fr\/?s={search_term_string}\"},\"query-input\":{\"@type\":\"PropertyValueSpecification\",\"valueRequired\":true,\"valueName\":\"search_term_string\"}}],\"inLanguage\":\"fr-FR\"}]}<\/script>\n<!-- \/ Yoast SEO plugin. -->","yoast_head_json":{"title":"Institution financi\u00e8re am\u00e9ricaine - Tenerity FR","robots":{"index":"index","follow":"follow","max-snippet":"max-snippet:-1","max-image-preview":"max-image-preview:large","max-video-preview":"max-video-preview:-1"},"canonical":"https:\/\/www.tenerity.com\/fr\/cas-client\/institution-financiere-americaine\/","og_locale":"fr_FR","og_type":"article","og_title":"Institution financi\u00e8re am\u00e9ricaine - Tenerity FR","og_url":"https:\/\/www.tenerity.com\/fr\/cas-client\/institution-financiere-americaine\/","og_site_name":"Tenerity FR","article_modified_time":"2023-07-11T16:47:16+00:00","og_image":[{"width":1440,"height":676,"url":"https:\/\/www.tenerity.com\/fr\/wp-content\/uploads\/sites\/31\/2022\/10\/hero___us-financial-institution.png","type":"image\/png"}],"twitter_card":"summary_large_image","twitter_misc":{"Dur\u00e9e de lecture estim\u00e9e":"1 minute"},"schema":{"@context":"https:\/\/schema.org","@graph":[{"@type":"WebPage","@id":"https:\/\/www.tenerity.com\/fr\/cas-client\/institution-financiere-americaine\/","url":"https:\/\/www.tenerity.com\/fr\/cas-client\/institution-financiere-americaine\/","name":"Institution financi\u00e8re am\u00e9ricaine - Tenerity FR","isPartOf":{"@id":"https:\/\/www.tenerity.com\/fr\/#website"},"primaryImageOfPage":{"@id":"https:\/\/www.tenerity.com\/fr\/cas-client\/institution-financiere-americaine\/#primaryimage"},"image":{"@id":"https:\/\/www.tenerity.com\/fr\/cas-client\/institution-financiere-americaine\/#primaryimage"},"thumbnailUrl":"https:\/\/www.tenerity.com\/fr\/wp-content\/uploads\/sites\/31\/2022\/10\/hero___us-financial-institution.png","datePublished":"2022-10-13T15:45:17+00:00","dateModified":"2023-07-11T16:47:16+00:00","breadcrumb":{"@id":"https:\/\/www.tenerity.com\/fr\/cas-client\/institution-financiere-americaine\/#breadcrumb"},"inLanguage":"fr-FR","potentialAction":[{"@type":"ReadAction","target":["https:\/\/www.tenerity.com\/fr\/cas-client\/institution-financiere-americaine\/"]}]},{"@type":"ImageObject","inLanguage":"fr-FR","@id":"https:\/\/www.tenerity.com\/fr\/cas-client\/institution-financiere-americaine\/#primaryimage","url":"https:\/\/www.tenerity.com\/fr\/wp-content\/uploads\/sites\/31\/2022\/10\/hero___us-financial-institution.png","contentUrl":"https:\/\/www.tenerity.com\/fr\/wp-content\/uploads\/sites\/31\/2022\/10\/hero___us-financial-institution.png","width":1440,"height":676,"caption":"Tenerity: Case Study - US Financial Institution"},{"@type":"BreadcrumbList","@id":"https:\/\/www.tenerity.com\/fr\/cas-client\/institution-financiere-americaine\/#breadcrumb","itemListElement":[{"@type":"ListItem","position":1,"name":"Home","item":"https:\/\/www.tenerity.com\/fr\/"},{"@type":"ListItem","position":2,"name":"Cas client","item":"https:\/\/www.tenerity.com\/fr\/cas-client\/"},{"@type":"ListItem","position":3,"name":"Institution financi\u00e8re am\u00e9ricaine"}]},{"@type":"WebSite","@id":"https:\/\/www.tenerity.com\/fr\/#website","url":"https:\/\/www.tenerity.com\/fr\/","name":"Tenerity","description":"Intelligent engagement and loyalty for modern brands","potentialAction":[{"@type":"SearchAction","target":{"@type":"EntryPoint","urlTemplate":"https:\/\/www.tenerity.com\/fr\/?s={search_term_string}"},"query-input":{"@type":"PropertyValueSpecification","valueRequired":true,"valueName":"search_term_string"}}],"inLanguage":"fr-FR"}]}},"_links":{"self":[{"href":"https:\/\/www.tenerity.com\/fr\/wp-json\/wp\/v2\/pages\/422","targetHints":{"allow":["GET"]}}],"collection":[{"href":"https:\/\/www.tenerity.com\/fr\/wp-json\/wp\/v2\/pages"}],"about":[{"href":"https:\/\/www.tenerity.com\/fr\/wp-json\/wp\/v2\/types\/page"}],"author":[{"embeddable":true,"href":"https:\/\/www.tenerity.com\/fr\/wp-json\/wp\/v2\/users\/1"}],"replies":[{"embeddable":true,"href":"https:\/\/www.tenerity.com\/fr\/wp-json\/wp\/v2\/comments?post=422"}],"version-history":[{"count":0,"href":"https:\/\/www.tenerity.com\/fr\/wp-json\/wp\/v2\/pages\/422\/revisions"}],"up":[{"embeddable":true,"href":"https:\/\/www.tenerity.com\/fr\/wp-json\/wp\/v2\/pages\/195"}],"wp:featuredmedia":[{"embeddable":true,"href":"https:\/\/www.tenerity.com\/fr\/wp-json\/wp\/v2\/media\/429"}],"wp:attachment":[{"href":"https:\/\/www.tenerity.com\/fr\/wp-json\/wp\/v2\/media?parent=422"}],"curies":[{"name":"wp","href":"https:\/\/api.w.org\/{rel}","templated":true}]}}