{"id":195,"date":"2022-09-28T15:24:16","date_gmt":"2022-09-28T15:24:16","guid":{"rendered":"https:\/\/testing123.mobi\/tenerity\/?page_id=195"},"modified":"2023-07-11T16:33:03","modified_gmt":"2023-07-11T16:33:03","slug":"cas-client","status":"publish","type":"page","link":"https:\/\/www.tenerity.com\/fr\/cas-client\/","title":{"rendered":"Cas client"},"content":{"rendered":"<section class=\"l-section wpb_row us_custom_9ccc05f2 overflowHidden height_large color_alternate with_img with_shape\"><div class=\"l-section-img\" role=\"img\" aria-label=\"Case Studies | Tenerity\" data-img-width=\"1436\" data-img-height=\"420\" style=\"background-image: url(https:\/\/www.tenerity.com\/fr\/wp-content\/uploads\/sites\/31\/2023\/05\/hero_banner___case_studies.jpg);background-repeat: no-repeat;\"><\/div><div class=\"l-section-overlay\" style=\"background:rgba(26,26,26,0.25)\"><\/div><div class=\"l-section-shape type_tilt pos_bottom hor_flip\" style=\"height:15vmin;\"><svg xmlns=\"http:\/\/www.w3.org\/2000\/svg\" viewBox=\"0 0 64 8\" preserveAspectRatio=\"none\" width=\"100%\" height=\"100%\">\r\n\t<path fill=\"currentColor\" d=\"M64 7.9 L64 10 L0 10 L0 0 Z\"\/>\r\n<\/svg><\/div><div class=\"l-section-h i-cf\"><div class=\"g-cols vc_row via_flex valign_middle type_default stacking_default\"><div class=\"vc_col-sm-7 wpb_column vc_column_container\"><div class=\"vc_column-inner\"><div class=\"wpb_wrapper\"><div class=\"wpb_text_column us_custom_4b9db530 us_animate_this\"><div class=\"wpb_wrapper\"><h1>Des exp\u00e9riences qui cr\u00e9ent des liens<\/h1>\n<\/div><\/div><div class=\"wpb_text_column us_custom_bbbfcf23 text___intro us_animate_this\"><div class=\"wpb_wrapper\"><p>Tenerity aide les marques \u00e0 se connecter avec leurs clients, tout en d\u00e9livrant des r\u00e9sultats commerciaux significatifs.<\/p>\n<\/div><\/div><\/div><\/div><\/div><div class=\"vc_col-sm-5 wpb_column vc_column_container\"><div class=\"vc_column-inner\"><div class=\"wpb_wrapper\"><\/div><\/div><\/div><\/div><\/div><\/section><section class=\"l-section wpb_row height_auto\"><div class=\"l-section-h i-cf\"><div class=\"g-cols vc_row via_flex valign_middle type_default stacking_default\"><div class=\"vc_col-sm-12 wpb_column vc_column_container\"><div class=\"vc_column-inner\"><div class=\"wpb_wrapper\"><section class=\"l-section wpb_row us_custom_4fb9e5a3 height_medium\" id=\"case-studies\"><div class=\"l-section-h i-cf\"><div class=\"g-cols vc_row via_flex valign_middle type_default stacking_default\"><div class=\"vc_col-sm-12 wpb_column vc_column_container\"><div class=\"vc_column-inner\"><div class=\"wpb_wrapper\"><div class=\"wpb_text_column\"><div class=\"wpb_wrapper\"><h2 style=\"text-align: center;\">D\u00e9couvrez nos cas clients<\/h2>\n<\/div><\/div><div class=\"g-cols wpb_row us_custom_ec9218fc align-buttons-to-bottom via_flex valign_top type_default stacking_default\"><div class=\"vc_col-sm-6 wpb_column vc_column_container case-study-card\"><div class=\"vc_column-inner\"><div class=\"wpb_wrapper\"><div class=\"w-image align_center\"><a title=\"National Express\" href=\"https:\/\/www.tenerity.com\/fr\/case-studies\/national-express\/\" aria-label=\"National Express | Tenerity Case Study\" class=\"w-image-h\"><img decoding=\"async\" width=\"720\" height=\"480\" src=\"https:\/\/www.tenerity.com\/fr\/wp-content\/uploads\/sites\/31\/2023\/05\/case_study_thumb___national_express.jpg\" class=\"attachment-large size-large\" alt=\"National Express | Tenerity Case Study\" loading=\"lazy\" srcset=\"https:\/\/www.tenerity.com\/fr\/wp-content\/uploads\/sites\/31\/2023\/05\/case_study_thumb___national_express.jpg 720w, https:\/\/www.tenerity.com\/fr\/wp-content\/uploads\/sites\/31\/2023\/05\/case_study_thumb___national_express-300x200.jpg 300w\" sizes=\"auto, (max-width: 720px) 100vw, 720px\" \/><\/a><\/div><div class=\"wpb_text_column text-with-bottom-button\"><div class=\"wpb_wrapper\"><h3 style=\"text-align: left;\">National\u00a0Express<\/h3>\n<p style=\"text-align: left;\">D\u00e9couvrez comment notre solution Private Label a permis \u00e0 National Express de renforcer la rentabilit\u00e9 et la valeur de sa relation client.<\/p>\n<\/div><\/div><div class=\"w-btn-wrapper align_center\"><a class=\"w-btn us-btn-style_1\" title=\"National Express\" href=\"https:\/\/www.tenerity.com\/fr\/cas-client\/national-express\/\"><span class=\"w-btn-label\">En savoir plus<\/span><\/a><\/div><\/div><\/div><\/div><div class=\"vc_col-sm-6 wpb_column vc_column_container case-study-card\"><div class=\"vc_column-inner\"><div class=\"wpb_wrapper\"><div class=\"w-image align_center\"><a title=\"Wowcher\" href=\"https:\/\/www.tenerity.com\/fr\/case-studies\/wowcher\/\" aria-label=\"Wowcher | Tenerity Case Study\" class=\"w-image-h\"><img decoding=\"async\" width=\"720\" height=\"480\" src=\"https:\/\/www.tenerity.com\/fr\/wp-content\/uploads\/sites\/31\/2023\/05\/case_study_thumb___wowcher.jpg\" class=\"attachment-large size-large\" alt=\"Wowcher | Tenerity Case Study\" loading=\"lazy\" srcset=\"https:\/\/www.tenerity.com\/fr\/wp-content\/uploads\/sites\/31\/2023\/05\/case_study_thumb___wowcher.jpg 720w, https:\/\/www.tenerity.com\/fr\/wp-content\/uploads\/sites\/31\/2023\/05\/case_study_thumb___wowcher-300x200.jpg 300w\" sizes=\"auto, (max-width: 720px) 100vw, 720px\" \/><\/a><\/div><div class=\"wpb_text_column text-with-bottom-button\"><div class=\"wpb_wrapper\"><h3 style=\"text-align: left;\">Wowcher<\/h3>\n<p style=\"text-align: left;\">D\u00e9couvrez le cas client de Wowcher et apprenez \u00e0 g\u00e9n\u00e9rer des revenus additionnels d\u00e8s le lancement du partenariat.<\/p>\n<\/div><\/div><div class=\"w-btn-wrapper align_center\"><a class=\"w-btn us-btn-style_1\" title=\"Wowcher\" href=\"https:\/\/www.tenerity.com\/fr\/cas-client\/wowcher\/\"><span class=\"w-btn-label\">En savoir plus<\/span><\/a><\/div><\/div><\/div><\/div><div class=\"vc_col-sm-6 wpb_column vc_column_container case-study-card\"><div class=\"vc_column-inner\"><div class=\"wpb_wrapper\"><div class=\"w-image align_center\"><a title=\"US Financial Institution\" href=\"https:\/\/www.tenerity.com\/fr\/case-studies\/us-financial-institution\/\" aria-label=\"case-study03\" class=\"w-image-h\"><img decoding=\"async\" width=\"360\" height=\"240\" src=\"https:\/\/www.tenerity.com\/fr\/wp-content\/uploads\/sites\/31\/2022\/09\/case-study03.jpg\" class=\"attachment-large size-large\" alt=\"\" loading=\"lazy\" srcset=\"https:\/\/www.tenerity.com\/fr\/wp-content\/uploads\/sites\/31\/2022\/09\/case-study03.jpg 360w, https:\/\/www.tenerity.com\/fr\/wp-content\/uploads\/sites\/31\/2022\/09\/case-study03-300x200.jpg 300w\" sizes=\"auto, (max-width: 360px) 100vw, 360px\" \/><\/a><\/div><div class=\"wpb_text_column text-with-bottom-button\"><div class=\"wpb_wrapper\"><h3 style=\"text-align: left;\">Institution financi\u00e8re US<\/h3>\n<p style=\"text-align: left;\">Am\u00e9liorez la fid\u00e9lisation de vos clients et la rentabilit\u00e9 de votre business gr\u00e2ce \u00e0 notre solution de protection de l&rsquo;identit\u00e9 num\u00e9rique et des services de surveillance de cr\u00e9dit.<\/p>\n<\/div><\/div><div class=\"w-btn-wrapper align_center\"><a class=\"w-btn us-btn-style_1\" title=\"US Financial Institution\" href=\"https:\/\/www.tenerity.com\/fr\/cas-client\/institution-financiere-americaine\/\"><span class=\"w-btn-label\">En savoir plus<\/span><\/a><\/div><\/div><\/div><\/div><div class=\"vc_col-sm-6 wpb_column vc_column_container case-study-card\"><div class=\"vc_column-inner\"><div class=\"wpb_wrapper\"><div class=\"w-image align_center\"><a title=\"Funky Pigeon\" href=\"https:\/\/www.tenerity.com\/fr\/case-studies\/funky-pigeon\/\" aria-label=\"Funky Pigeon | Tenerity Case Study\" class=\"w-image-h\"><img decoding=\"async\" width=\"720\" height=\"480\" src=\"https:\/\/www.tenerity.com\/fr\/wp-content\/uploads\/sites\/31\/2023\/05\/case_study_thumb___funky_pigeon.jpg\" class=\"attachment-large size-large\" alt=\"Funky Pigeon | Tenerity Case Study\" loading=\"lazy\" srcset=\"https:\/\/www.tenerity.com\/fr\/wp-content\/uploads\/sites\/31\/2023\/05\/case_study_thumb___funky_pigeon.jpg 720w, https:\/\/www.tenerity.com\/fr\/wp-content\/uploads\/sites\/31\/2023\/05\/case_study_thumb___funky_pigeon-300x200.jpg 300w\" sizes=\"auto, (max-width: 720px) 100vw, 720px\" \/><\/a><\/div><div class=\"wpb_text_column text-with-bottom-button\"><div class=\"wpb_wrapper\"><h3 style=\"text-align: left;\">Funky\u00a0Pigeon<\/h3>\n<p style=\"text-align: left;\">D\u00e9couvrez notre collaboration avec Funky Pigeon pour mieux vous connecter avec vos clients gr\u00e2ce \u00e0 notre solution API int\u00e9gr\u00e9e.<\/p>\n<\/div><\/div><div class=\"w-btn-wrapper align_center\"><a class=\"w-btn us-btn-style_1\" title=\"Funky Pigeon\" href=\"https:\/\/www.tenerity.com\/fr\/cas-client\/funky-pigeon\/\"><span class=\"w-btn-label\">En savoir plus<\/span><\/a><\/div><\/div><\/div><\/div><\/div><\/div><\/div><\/div><\/div><\/div><\/section>\n<\/div><\/div><\/div><\/div><\/div><\/section>\n","protected":false},"excerpt":{"rendered":"Des exp\u00e9riences qui cr\u00e9ent des liens Tenerity aide les marques \u00e0 se connecter avec leurs clients, tout en d\u00e9livrant des r\u00e9sultats commerciaux significatifs. D\u00e9couvrez nos cas clients National\u00a0Express D\u00e9couvrez comment notre solution Private Label a permis \u00e0 National Express de renforcer la rentabilit\u00e9 et la valeur de sa relation client. En savoir plusWowcher D\u00e9couvrez le...","protected":false},"author":1,"featured_media":1240,"parent":0,"menu_order":3,"comment_status":"closed","ping_status":"closed","template":"","meta":{"footnotes":""},"class_list":["post-195","page","type-page","status-publish","has-post-thumbnail","hentry"],"yoast_head":"<!-- This site is optimized with the Yoast SEO plugin v27.1.1 - https:\/\/yoast.com\/product\/yoast-seo-wordpress\/ -->\n<title>Cas client - Tenerity FR<\/title>\n<meta name=\"robots\" content=\"index, follow, max-snippet:-1, max-image-preview:large, max-video-preview:-1\" \/>\n<link rel=\"canonical\" href=\"https:\/\/www.tenerity.com\/fr\/cas-client\/\" \/>\n<meta property=\"og:locale\" content=\"fr_FR\" \/>\n<meta property=\"og:type\" content=\"article\" \/>\n<meta property=\"og:title\" content=\"Cas client - Tenerity FR\" \/>\n<meta property=\"og:url\" content=\"https:\/\/www.tenerity.com\/fr\/cas-client\/\" \/>\n<meta property=\"og:site_name\" content=\"Tenerity FR\" \/>\n<meta property=\"article:modified_time\" content=\"2023-07-11T16:33:03+00:00\" \/>\n<meta property=\"og:image\" content=\"https:\/\/www.tenerity.com\/fr\/wp-content\/uploads\/sites\/31\/2023\/05\/hero_banner___case_studies.jpg\" \/>\n\t<meta property=\"og:image:width\" content=\"1436\" \/>\n\t<meta property=\"og:image:height\" content=\"420\" \/>\n\t<meta property=\"og:image:type\" content=\"image\/jpeg\" \/>\n<meta name=\"twitter:card\" content=\"summary_large_image\" \/>\n<meta name=\"twitter:label1\" content=\"Dur\u00e9e de lecture estim\u00e9e\" \/>\n\t<meta name=\"twitter:data1\" content=\"1 minute\" \/>\n<script type=\"application\/ld+json\" class=\"yoast-schema-graph\">{\"@context\":\"https:\/\/schema.org\",\"@graph\":[{\"@type\":\"WebPage\",\"@id\":\"https:\/\/www.tenerity.com\/fr\/cas-client\/\",\"url\":\"https:\/\/www.tenerity.com\/fr\/cas-client\/\",\"name\":\"Cas client - Tenerity FR\",\"isPartOf\":{\"@id\":\"https:\/\/www.tenerity.com\/fr\/#website\"},\"primaryImageOfPage\":{\"@id\":\"https:\/\/www.tenerity.com\/fr\/cas-client\/#primaryimage\"},\"image\":{\"@id\":\"https:\/\/www.tenerity.com\/fr\/cas-client\/#primaryimage\"},\"thumbnailUrl\":\"https:\/\/www.tenerity.com\/fr\/wp-content\/uploads\/sites\/31\/2023\/05\/hero_banner___case_studies.jpg\",\"datePublished\":\"2022-09-28T15:24:16+00:00\",\"dateModified\":\"2023-07-11T16:33:03+00:00\",\"breadcrumb\":{\"@id\":\"https:\/\/www.tenerity.com\/fr\/cas-client\/#breadcrumb\"},\"inLanguage\":\"fr-FR\",\"potentialAction\":[{\"@type\":\"ReadAction\",\"target\":[\"https:\/\/www.tenerity.com\/fr\/cas-client\/\"]}]},{\"@type\":\"ImageObject\",\"inLanguage\":\"fr-FR\",\"@id\":\"https:\/\/www.tenerity.com\/fr\/cas-client\/#primaryimage\",\"url\":\"https:\/\/www.tenerity.com\/fr\/wp-content\/uploads\/sites\/31\/2023\/05\/hero_banner___case_studies.jpg\",\"contentUrl\":\"https:\/\/www.tenerity.com\/fr\/wp-content\/uploads\/sites\/31\/2023\/05\/hero_banner___case_studies.jpg\",\"width\":1436,\"height\":420,\"caption\":\"Case Studies | Tenerity\"},{\"@type\":\"BreadcrumbList\",\"@id\":\"https:\/\/www.tenerity.com\/fr\/cas-client\/#breadcrumb\",\"itemListElement\":[{\"@type\":\"ListItem\",\"position\":1,\"name\":\"Home\",\"item\":\"https:\/\/www.tenerity.com\/fr\/\"},{\"@type\":\"ListItem\",\"position\":2,\"name\":\"Cas client\"}]},{\"@type\":\"WebSite\",\"@id\":\"https:\/\/www.tenerity.com\/fr\/#website\",\"url\":\"https:\/\/www.tenerity.com\/fr\/\",\"name\":\"Tenerity\",\"description\":\"Intelligent engagement and loyalty for modern brands\",\"potentialAction\":[{\"@type\":\"SearchAction\",\"target\":{\"@type\":\"EntryPoint\",\"urlTemplate\":\"https:\/\/www.tenerity.com\/fr\/?s={search_term_string}\"},\"query-input\":{\"@type\":\"PropertyValueSpecification\",\"valueRequired\":true,\"valueName\":\"search_term_string\"}}],\"inLanguage\":\"fr-FR\"}]}<\/script>\n<!-- \/ Yoast SEO plugin. -->","yoast_head_json":{"title":"Cas client - Tenerity FR","robots":{"index":"index","follow":"follow","max-snippet":"max-snippet:-1","max-image-preview":"max-image-preview:large","max-video-preview":"max-video-preview:-1"},"canonical":"https:\/\/www.tenerity.com\/fr\/cas-client\/","og_locale":"fr_FR","og_type":"article","og_title":"Cas client - Tenerity FR","og_url":"https:\/\/www.tenerity.com\/fr\/cas-client\/","og_site_name":"Tenerity FR","article_modified_time":"2023-07-11T16:33:03+00:00","og_image":[{"width":1436,"height":420,"url":"https:\/\/www.tenerity.com\/fr\/wp-content\/uploads\/sites\/31\/2023\/05\/hero_banner___case_studies.jpg","type":"image\/jpeg"}],"twitter_card":"summary_large_image","twitter_misc":{"Dur\u00e9e de lecture estim\u00e9e":"1 minute"},"schema":{"@context":"https:\/\/schema.org","@graph":[{"@type":"WebPage","@id":"https:\/\/www.tenerity.com\/fr\/cas-client\/","url":"https:\/\/www.tenerity.com\/fr\/cas-client\/","name":"Cas client - Tenerity FR","isPartOf":{"@id":"https:\/\/www.tenerity.com\/fr\/#website"},"primaryImageOfPage":{"@id":"https:\/\/www.tenerity.com\/fr\/cas-client\/#primaryimage"},"image":{"@id":"https:\/\/www.tenerity.com\/fr\/cas-client\/#primaryimage"},"thumbnailUrl":"https:\/\/www.tenerity.com\/fr\/wp-content\/uploads\/sites\/31\/2023\/05\/hero_banner___case_studies.jpg","datePublished":"2022-09-28T15:24:16+00:00","dateModified":"2023-07-11T16:33:03+00:00","breadcrumb":{"@id":"https:\/\/www.tenerity.com\/fr\/cas-client\/#breadcrumb"},"inLanguage":"fr-FR","potentialAction":[{"@type":"ReadAction","target":["https:\/\/www.tenerity.com\/fr\/cas-client\/"]}]},{"@type":"ImageObject","inLanguage":"fr-FR","@id":"https:\/\/www.tenerity.com\/fr\/cas-client\/#primaryimage","url":"https:\/\/www.tenerity.com\/fr\/wp-content\/uploads\/sites\/31\/2023\/05\/hero_banner___case_studies.jpg","contentUrl":"https:\/\/www.tenerity.com\/fr\/wp-content\/uploads\/sites\/31\/2023\/05\/hero_banner___case_studies.jpg","width":1436,"height":420,"caption":"Case Studies | Tenerity"},{"@type":"BreadcrumbList","@id":"https:\/\/www.tenerity.com\/fr\/cas-client\/#breadcrumb","itemListElement":[{"@type":"ListItem","position":1,"name":"Home","item":"https:\/\/www.tenerity.com\/fr\/"},{"@type":"ListItem","position":2,"name":"Cas client"}]},{"@type":"WebSite","@id":"https:\/\/www.tenerity.com\/fr\/#website","url":"https:\/\/www.tenerity.com\/fr\/","name":"Tenerity","description":"Intelligent engagement and loyalty for modern brands","potentialAction":[{"@type":"SearchAction","target":{"@type":"EntryPoint","urlTemplate":"https:\/\/www.tenerity.com\/fr\/?s={search_term_string}"},"query-input":{"@type":"PropertyValueSpecification","valueRequired":true,"valueName":"search_term_string"}}],"inLanguage":"fr-FR"}]}},"_links":{"self":[{"href":"https:\/\/www.tenerity.com\/fr\/wp-json\/wp\/v2\/pages\/195","targetHints":{"allow":["GET"]}}],"collection":[{"href":"https:\/\/www.tenerity.com\/fr\/wp-json\/wp\/v2\/pages"}],"about":[{"href":"https:\/\/www.tenerity.com\/fr\/wp-json\/wp\/v2\/types\/page"}],"author":[{"embeddable":true,"href":"https:\/\/www.tenerity.com\/fr\/wp-json\/wp\/v2\/users\/1"}],"replies":[{"embeddable":true,"href":"https:\/\/www.tenerity.com\/fr\/wp-json\/wp\/v2\/comments?post=195"}],"version-history":[{"count":0,"href":"https:\/\/www.tenerity.com\/fr\/wp-json\/wp\/v2\/pages\/195\/revisions"}],"wp:featuredmedia":[{"embeddable":true,"href":"https:\/\/www.tenerity.com\/fr\/wp-json\/wp\/v2\/media\/1240"}],"wp:attachment":[{"href":"https:\/\/www.tenerity.com\/fr\/wp-json\/wp\/v2\/media?parent=195"}],"curies":[{"name":"wp","href":"https:\/\/api.w.org\/{rel}","templated":true}]}}