{"id":1358,"date":"2023-11-08T13:36:05","date_gmt":"2023-11-08T13:36:05","guid":{"rendered":"https:\/\/www.tenerity.com\/fr\/?page_id=1358"},"modified":"2023-11-08T17:44:08","modified_gmt":"2023-11-08T17:44:08","slug":"check-my-web","status":"publish","type":"page","link":"https:\/\/www.tenerity.com\/fr\/cas-client\/check-my-web\/","title":{"rendered":"Check My Web"},"content":{"rendered":"<section class=\"l-section wpb_row us_custom_5be30638 height_large color_alternate with_img with_shape\"><div class=\"l-section-img\" role=\"img\" aria-label=\"Image\" data-img-width=\"2121\" data-img-height=\"1414\" style=\"background-image: url(https:\/\/www.tenerity.com\/fr\/wp-content\/uploads\/sites\/31\/2023\/06\/savings-page-banner_resized.jpg);\"><\/div><div class=\"l-section-overlay\" style=\"background:rgba(30,30,30,0.25)\"><\/div><div class=\"l-section-shape type_tilt pos_bottom hor_flip\" style=\"height:10vh;color:var(--color-header-middle-bg)\"><svg xmlns=\"http:\/\/www.w3.org\/2000\/svg\" viewBox=\"0 0 64 8\" preserveAspectRatio=\"none\" width=\"100%\" height=\"100%\">\r\n\t<path fill=\"currentColor\" d=\"M64 7.9 L64 10 L0 10 L0 0 Z\"\/>\r\n<\/svg><\/div><div class=\"l-section-h i-cf\"><div class=\"g-cols vc_row via_flex valign_middle type_default stacking_default\"><div class=\"vc_col-sm-6 wpb_column vc_column_container\"><div class=\"vc_column-inner us_custom_fcc6a1c6\"><div class=\"wpb_wrapper\"><div class=\"wpb_text_column us_custom_4b9db530 us_animate_this\"><div class=\"wpb_wrapper\"><h1>CheckMyWeb<\/h1>\n<\/div><\/div><div class=\"wpb_text_column us_custom_de366d1c text___intro us_animate_this\"><div class=\"wpb_wrapper\"><p>Protection des donn\u00e9es personnelles<\/p>\n<\/div><\/div><\/div><\/div><\/div><div class=\"vc_col-sm-6 wpb_column vc_column_container\"><div class=\"vc_column-inner\"><div class=\"wpb_wrapper\"><\/div><\/div><\/div><\/div><\/div><\/section><section class=\"l-section wpb_row us_custom_6f9d098d height_auto type_sticky\" id=\"program___tab-bar\"><div class=\"l-section-h i-cf\"><div class=\"g-cols vc_row via_flex valign_bottom type_default stacking_default\"><div class=\"vc_col-sm-6 wpb_column vc_column_container\"><div class=\"vc_column-inner\"><div class=\"wpb_wrapper\"><div class=\"wpb_text_column smallprint\"><div class=\"wpb_wrapper\"><p>SOLUTION<\/p>\n<\/div><\/div><div class=\"wpb_text_column\"><div class=\"wpb_wrapper\"><h3>CheckMyWeb<\/h3>\n<\/div><\/div><\/div><\/div><\/div><div class=\"vc_col-sm-6 wpb_column vc_column_container\"><div class=\"vc_column-inner\"><div class=\"wpb_wrapper\"><nav class=\"w-menu sub-nav layout_hor style_links us_menu_1\" style=\"--main-gap:1.5rem;--main-ver-indent:0.8em;--main-hor-indent:0.8em;--main-color:inherit;\"><ul id=\"menu-program-savings\" class=\"menu\"><li id=\"menu-item-968\" class=\"menu-item menu-item-type-custom menu-item-object-custom menu-item-968\"><a href=\"#program___overview\">Aper\u00e7u<\/a><\/li><li id=\"menu-item-969\" class=\"menu-item menu-item-type-custom menu-item-object-custom menu-item-969\"><a href=\"#program___solutions\">Solutions<\/a><\/li><li id=\"menu-item-970\" class=\"menu-item menu-item-type-custom menu-item-object-custom menu-item-970\"><a href=\"#program___why\">Pourquoi choisir Tenerity ?<\/a><\/li><\/ul><style>@media ( max-width:600px ){.us_menu_1 .menu{display:block!important}.us_menu_1 .menu>li{margin:0 0 var(--main-gap,1.5rem)!important}}<\/style><\/nav><\/div><\/div><\/div><\/div><\/div><\/section><section class=\"l-section wpb_row height_auto type_sticky\" id=\"program___tab-bar-shadow\"><div class=\"l-section-h i-cf\"><div class=\"g-cols vc_row via_flex valign_bottom type_default stacking_default\"><div class=\"vc_col-sm-12 wpb_column vc_column_container\"><div class=\"vc_column-inner\"><div class=\"wpb_wrapper\"><\/div><\/div><\/div><\/div><\/div><\/section><section class=\"l-section wpb_row height_medium\" id=\"program___overview\"><div class=\"l-section-h i-cf\"><div class=\"g-cols vc_row via_flex valign_middle type_default stacking_default\"><div class=\"vc_col-sm-6 wpb_column vc_column_container\"><div class=\"vc_column-inner\"><div class=\"wpb_wrapper\"><div class=\"wpb_text_column\"><div class=\"wpb_wrapper\"><h2>Aper\u00e7u<\/h2>\n<p><b>Prot\u00e9gez les donn\u00e9es personnelles de vos clients gr\u00e2ce au service de protection de la vie num\u00e9rique CheckMyWeb<\/b><strong>.<\/strong><\/p>\n<p>La cybers\u00e9curit\u00e9 est aujourd\u2019hui une pr\u00e9occupation de plus en plus pr\u00e9gnante pour les Fran\u00e7ais depuis la multiplication des cyberattaques sur le territoire. Parmi les victimes, 90% sont des particuliers, souvent vuln\u00e9rables et d\u00e9sarm\u00e9s face aux incidents de s\u00e9curit\u00e9 qui les frappent. Selon une \u00e9tude men\u00e9e par Toluna pour Tenerity en 2022, 81% des Fran\u00e7ais sont pr\u00e9occup\u00e9s par les risques de cybers\u00e9curit\u00e9 et fraudes sur Internet.<\/p>\n<p>Pour en savoir plus sur notre service de protection des donn\u00e9es personnelles, cliquer ici <a href=\"https:\/\/www.check-my-web.com\/\" target=\"_blank\" rel=\"noopener\">(EN SAVOIR PLUS)<\/a><\/p>\n<\/div><\/div><\/div><\/div><\/div><div class=\"vc_col-sm-6 wpb_column vc_column_container\"><div class=\"vc_column-inner\"><div class=\"wpb_wrapper\"><div class=\"w-image us_custom_bec20362 us_animate_this align_none\"><div class=\"w-image-h\"><img decoding=\"async\" width=\"530\" height=\"577\" src=\"https:\/\/www.tenerity.com\/fr\/wp-content\/uploads\/sites\/31\/2023\/10\/landing-cmw.png\" class=\"attachment-large size-large\" alt=\"\" loading=\"lazy\" srcset=\"https:\/\/www.tenerity.com\/fr\/wp-content\/uploads\/sites\/31\/2023\/10\/landing-cmw.png 530w, https:\/\/www.tenerity.com\/fr\/wp-content\/uploads\/sites\/31\/2023\/10\/landing-cmw-276x300.png 276w\" sizes=\"auto, (max-width: 530px) 100vw, 530px\" \/><\/div><\/div><\/div><\/div><\/div><\/div><\/div><\/section><section class=\"l-section wpb_row height_auto with_shape\"><div class=\"l-section-shape type_tilt pos_bottom hor_flip\" style=\"height:10vh;color:var(--color-content-bg-alt)\"><svg xmlns=\"http:\/\/www.w3.org\/2000\/svg\" viewBox=\"0 0 64 8\" preserveAspectRatio=\"none\" width=\"100%\" height=\"100%\">\r\n\t<path fill=\"currentColor\" d=\"M64 7.9 L64 10 L0 10 L0 0 Z\"\/>\r\n<\/svg><\/div><div class=\"l-section-h i-cf\"><div class=\"g-cols vc_row via_flex valign_top type_default stacking_default\"><div class=\"vc_col-sm-12 wpb_column vc_column_container\"><div class=\"vc_column-inner\"><div class=\"wpb_wrapper\"><\/div><\/div><\/div><\/div><\/div><\/section><section class=\"l-section wpb_row us_custom_c70c97eb height_medium\" id=\"program___solutions\"><div class=\"l-section-h i-cf\"><div class=\"g-cols vc_row via_flex valign_middle type_default stacking_default\"><div class=\"vc_col-sm-12 wpb_column vc_column_container\"><div class=\"vc_column-inner\"><div class=\"wpb_wrapper\"><div class=\"g-cols wpb_row via_flex valign_top type_default stacking_default\"><div class=\"vc_col-sm-2 wpb_column vc_column_container\"><div class=\"vc_column-inner\"><div class=\"wpb_wrapper\"><\/div><\/div><\/div><div class=\"vc_col-sm-8 wpb_column vc_column_container\"><div class=\"vc_column-inner\"><div class=\"wpb_wrapper\"><div class=\"wpb_text_column\"><div class=\"wpb_wrapper\"><h2 style=\"text-align: center\">Une solution de protection digitale \u00e0 l&rsquo;image de votre business<\/h2>\n<\/div><\/div><\/div><\/div><\/div><div class=\"vc_col-sm-2 wpb_column vc_column_container\"><div class=\"vc_column-inner\"><div class=\"wpb_wrapper\"><\/div><\/div><\/div><\/div><div class=\"g-cols wpb_row text___smaller via_flex valign_top type_default stacking_default\"><div class=\"vc_col-sm-12 wpb_column vc_column_container\"><div class=\"vc_column-inner\"><div class=\"wpb_wrapper\"><div class=\"w-image us_custom_439390a6 align_center\"><div class=\"w-image-h\"><img decoding=\"async\" width=\"150\" height=\"150\" src=\"https:\/\/www.tenerity.com\/fr\/wp-content\/uploads\/sites\/31\/2022\/11\/icon___webloyalty-pg-detection-150x150.png\" class=\"attachment-thumbnail size-thumbnail\" alt=\"Detection\" loading=\"lazy\" srcset=\"https:\/\/www.tenerity.com\/fr\/wp-content\/uploads\/sites\/31\/2022\/11\/icon___webloyalty-pg-detection-150x150.png 150w, https:\/\/www.tenerity.com\/fr\/wp-content\/uploads\/sites\/31\/2022\/11\/icon___webloyalty-pg-detection-300x300.png 300w, https:\/\/www.tenerity.com\/fr\/wp-content\/uploads\/sites\/31\/2022\/11\/icon___webloyalty-pg-detection-1024x1024.png 1024w, https:\/\/www.tenerity.com\/fr\/wp-content\/uploads\/sites\/31\/2022\/11\/icon___webloyalty-pg-detection.png 1080w\" sizes=\"auto, (max-width: 150px) 100vw, 150px\" \/><\/div><\/div><div class=\"wpb_text_column\"><div class=\"wpb_wrapper\"><h3 style=\"text-align: center\"><b>Surveillance 24h\/24 et 7j\/7<\/b><\/h3>\n<\/div><\/div><div class=\"wpb_text_column\"><div class=\"wpb_wrapper\"><p style=\"text-align: center\">Le Service CheckMyWeb est un service en ligne de protection de la vie num\u00e9rique qui permet de surveiller l\u2019utilisation des donn\u00e9es en temps r\u00e9el sur l\u2019ensemble du r\u00e9seau Internet (aussi bien dans ses couches Public, Dark et Deep Web) en permettant de naviguer en toute confidentialit\u00e9 sur Internet \u00e0 partir d&rsquo;un appareil mobile.<\/p>\n<\/div><\/div><div class=\"w-image us_custom_439390a6 align_center\"><div class=\"w-image-h\"><img decoding=\"async\" width=\"300\" height=\"300\" src=\"https:\/\/www.tenerity.com\/fr\/wp-content\/uploads\/sites\/31\/2022\/11\/icon___cyber___device-vulnerability-300x300.png\" class=\"attachment-medium size-medium\" alt=\"Device Vulnerability\" loading=\"lazy\" srcset=\"https:\/\/www.tenerity.com\/fr\/wp-content\/uploads\/sites\/31\/2022\/11\/icon___cyber___device-vulnerability-300x300.png 300w, https:\/\/www.tenerity.com\/fr\/wp-content\/uploads\/sites\/31\/2022\/11\/icon___cyber___device-vulnerability-1024x1024.png 1024w, https:\/\/www.tenerity.com\/fr\/wp-content\/uploads\/sites\/31\/2022\/11\/icon___cyber___device-vulnerability-150x150.png 150w, https:\/\/www.tenerity.com\/fr\/wp-content\/uploads\/sites\/31\/2022\/11\/icon___cyber___device-vulnerability.png 1080w\" sizes=\"auto, (max-width: 300px) 100vw, 300px\" \/><\/div><\/div><div class=\"wpb_text_column\"><div class=\"wpb_wrapper\"><h3 style=\"text-align: center\"><b>Alertes et recommandations de r\u00e9solution<\/b><\/h3>\n<\/div><\/div><div class=\"wpb_text_column\"><div class=\"wpb_wrapper\"><p style=\"text-align: center\">Si une correspondance est d\u00e9tect\u00e9e avec des donn\u00e9es renseign\u00e9es, la plateforme envoie une notification d&rsquo;alerte instantan\u00e9e par email. Selon le type d\u2019alerte et l\u2019endroit o\u00f9 les donn\u00e9es ont \u00e9t\u00e9 trouv\u00e9es, CheckMyWeb propose des recommandations permettant de r\u00e9sorber tout risque pour l\u2019utilisateur afin de r\u00e9duire les potentielles menaces.<\/p>\n<p>&nbsp;<\/p>\n<\/div><\/div><div class=\"w-image align_center\"><div class=\"w-image-h\"><img decoding=\"async\" width=\"150\" height=\"150\" src=\"https:\/\/www.tenerity.com\/fr\/wp-content\/uploads\/sites\/31\/2022\/11\/icon___cyber___mobile-vpn-150x150.png\" class=\"attachment-thumbnail size-thumbnail\" alt=\"Mobile VPN\" loading=\"lazy\" srcset=\"https:\/\/www.tenerity.com\/fr\/wp-content\/uploads\/sites\/31\/2022\/11\/icon___cyber___mobile-vpn-150x150.png 150w, https:\/\/www.tenerity.com\/fr\/wp-content\/uploads\/sites\/31\/2022\/11\/icon___cyber___mobile-vpn-300x300.png 300w, https:\/\/www.tenerity.com\/fr\/wp-content\/uploads\/sites\/31\/2022\/11\/icon___cyber___mobile-vpn-1024x1024.png 1024w, https:\/\/www.tenerity.com\/fr\/wp-content\/uploads\/sites\/31\/2022\/11\/icon___cyber___mobile-vpn.png 1080w\" sizes=\"auto, (max-width: 150px) 100vw, 150px\" \/><\/div><\/div><div class=\"wpb_text_column\"><div class=\"wpb_wrapper\"><h3 style=\"text-align: center\"><strong>Application Mobile VPN<\/strong><\/h3>\n<\/div><\/div><div class=\"wpb_text_column\"><div class=\"wpb_wrapper\"><p style=\"text-align: center\">Le service VPN Mobile (ou de \u00ab\u00a0<em>r\u00e9seau priv\u00e9 virtuel<\/em> \u00bb) \u00bb permet de naviguer en toute confidentialit\u00e9 sur Internet \u00e0 partir d\u2019un terminal mobile (smartphone ou tablette) compatible en utilisant l\u2019Application VPN mise \u00e0 disposition dans le cadre du Service<strong>.<\/strong><\/p>\n<\/div><\/div><\/div><\/div><\/div><\/div><\/div><\/div><\/div><\/div><\/div><\/section><section class=\"l-section wpb_row us_custom_c70c97eb height_auto with_shape\"><div class=\"l-section-shape type_triangle pos_bottom hor_flip\" style=\"height:10vh;color:var(--color-content-secondary)\"><svg xmlns=\"http:\/\/www.w3.org\/2000\/svg\" viewBox=\"0 0 64 8\" preserveAspectRatio=\"none\" width=\"100%\" height=\"100%\">\r\n\t<path fill=\"currentColor\" d=\"M64 8 L0 8 L0 0 L32 7.9 L64 0 Z\"\/>\r\n<\/svg><\/div><div class=\"l-section-h i-cf\"><div class=\"g-cols vc_row via_flex valign_top type_default stacking_default\"><div class=\"vc_col-sm-12 wpb_column vc_column_container\"><div class=\"vc_column-inner\"><div class=\"wpb_wrapper\"><\/div><\/div><\/div><\/div><\/div><\/section><section class=\"l-section wpb_row last-row height_medium color_alternate\" id=\"program___why\"><div class=\"l-section-h i-cf\"><div class=\"g-cols vc_row via_flex valign_top type_default stacking_default\"><div class=\"vc_col-sm-12 wpb_column vc_column_container content\"><div class=\"vc_column-inner\"><div class=\"wpb_wrapper\"><div class=\"wpb_text_column us_custom_4f24afa8\"><div class=\"wpb_wrapper\"><h2 style=\"text-align: center\">Pourquoi choisir CheckMyWeb ?<\/h2>\n<\/div><\/div><div class=\"g-cols wpb_row why-tenerity via_flex valign_top type_default stacking_default\"><div class=\"vc_col-sm-6 wpb_column vc_column_container text\"><div class=\"vc_column-inner\"><div class=\"wpb_wrapper\"><div class=\"wpb_text_column\"><div class=\"wpb_wrapper\"><h3>Service de protection de la vie num\u00e9rique<\/h3>\n<\/div><\/div><div class=\"wpb_text_column\"><div class=\"wpb_wrapper\"><p>Notre service de protection de la vie num\u00e9rique est disponible sans engagement et permet aux clients de surveiller en temps r\u00e9el l&rsquo;ensemble de leurs donn\u00e9es personnelles et financi\u00e8res.<\/p>\n<\/div><\/div><\/div><\/div><\/div><div class=\"vc_col-sm-6 wpb_column vc_column_container text\"><div class=\"vc_column-inner\"><div class=\"wpb_wrapper\"><div class=\"wpb_text_column\"><div class=\"wpb_wrapper\"><h3>Alertes et recommandations<\/h3>\n<\/div><\/div><div class=\"wpb_text_column\"><div class=\"wpb_wrapper\"><p>Un syst\u00e8me d&rsquo;alertes et de recommandations afin d&rsquo;accompagner le client \u00e0 faire face aux risques et menaces en temps r\u00e9el.<\/p>\n<\/div><\/div><\/div><\/div><\/div><\/div><div class=\"g-cols wpb_row why-tenerity via_flex valign_top type_default stacking_default\"><div class=\"vc_col-sm-6 wpb_column vc_column_container text\"><div class=\"vc_column-inner\"><div class=\"wpb_wrapper\"><div class=\"wpb_text_column\"><div class=\"wpb_wrapper\"><h3>Impl\u00e9mentation rapide<\/h3>\n<\/div><\/div><div class=\"wpb_text_column\"><div class=\"wpb_wrapper\"><p>Que vous ayez besoin d&rsquo;une solution compl\u00e9mentaire standard ou d&rsquo;un niveau d&rsquo;int\u00e9gration plus pouss\u00e9, notre dispositif fonctionne de mani\u00e8re transparente avec votre entreprise et vous pouvez commencer \u00e0 g\u00e9n\u00e9rer des revenus additionnels en seulement 30 minutes.<\/p>\n<\/div><\/div><\/div><\/div><\/div><\/div><\/div><\/div><\/div><\/div><\/div><\/section>\n","protected":false},"excerpt":{"rendered":"CheckMyWeb Protection des donn\u00e9es personnelles SOLUTION CheckMyWeb Aper\u00e7uSolutionsPourquoi choisir Tenerity ?Aper\u00e7u Prot\u00e9gez les donn\u00e9es personnelles de vos clients gr\u00e2ce au service de protection de la vie num\u00e9rique CheckMyWeb. La cybers\u00e9curit\u00e9 est aujourd\u2019hui une pr\u00e9occupation de plus en plus pr\u00e9gnante pour les Fran\u00e7ais depuis la multiplication des cyberattaques sur le territoire. Parmi les victimes, 90% sont...","protected":false},"author":12,"featured_media":1295,"parent":195,"menu_order":2,"comment_status":"closed","ping_status":"closed","template":"","meta":{"footnotes":""},"class_list":["post-1358","page","type-page","status-publish","has-post-thumbnail","hentry"],"yoast_head":"<!-- This site is optimized with the Yoast SEO plugin v27.1.1 - https:\/\/yoast.com\/product\/yoast-seo-wordpress\/ -->\n<title>Check My Web - Tenerity FR<\/title>\n<meta name=\"description\" content=\"Ajoutez vos donn\u00e9es personnelles dans l&#039;outil de recherche du service afin que la surveillance en ligne de vos donn\u00e9es, qui sera lanc\u00e9e par d\u00e9faut avec l&#039;adresse email que vous aurez renseign\u00e9e lors de votre inscription au service CheckMyWeb, soit optimale. Plus vous int\u00e9grerez de donn\u00e9es et plus la recherche sera ainsi efficace.\" \/>\n<meta name=\"robots\" content=\"index, follow, max-snippet:-1, max-image-preview:large, max-video-preview:-1\" \/>\n<link rel=\"canonical\" href=\"https:\/\/www.tenerity.com\/fr\/cas-client\/check-my-web\/\" \/>\n<meta property=\"og:locale\" content=\"fr_FR\" \/>\n<meta property=\"og:type\" content=\"article\" \/>\n<meta property=\"og:title\" content=\"Check My Web - Tenerity FR\" \/>\n<meta property=\"og:description\" content=\"Ajoutez vos donn\u00e9es personnelles dans l&#039;outil de recherche du service afin que la surveillance en ligne de vos donn\u00e9es, qui sera lanc\u00e9e par d\u00e9faut avec l&#039;adresse email que vous aurez renseign\u00e9e lors de votre inscription au service CheckMyWeb, soit optimale. Plus vous int\u00e9grerez de donn\u00e9es et plus la recherche sera ainsi efficace.\" \/>\n<meta property=\"og:url\" content=\"https:\/\/www.tenerity.com\/fr\/cas-client\/check-my-web\/\" \/>\n<meta property=\"og:site_name\" content=\"Tenerity FR\" \/>\n<meta property=\"article:modified_time\" content=\"2023-11-08T17:44:08+00:00\" \/>\n<meta property=\"og:image\" content=\"https:\/\/www.tenerity.com\/fr\/wp-content\/uploads\/sites\/31\/2023\/06\/savings-page-banner_resized.jpg\" \/>\n\t<meta property=\"og:image:width\" content=\"2121\" \/>\n\t<meta property=\"og:image:height\" content=\"1414\" \/>\n\t<meta property=\"og:image:type\" content=\"image\/jpeg\" \/>\n<meta name=\"twitter:card\" content=\"summary_large_image\" \/>\n<meta name=\"twitter:label1\" content=\"Dur\u00e9e de lecture estim\u00e9e\" \/>\n\t<meta name=\"twitter:data1\" content=\"3 minutes\" \/>\n<script type=\"application\/ld+json\" class=\"yoast-schema-graph\">{\"@context\":\"https:\/\/schema.org\",\"@graph\":[{\"@type\":\"WebPage\",\"@id\":\"https:\/\/www.tenerity.com\/fr\/cas-client\/check-my-web\/\",\"url\":\"https:\/\/www.tenerity.com\/fr\/cas-client\/check-my-web\/\",\"name\":\"Check My Web - Tenerity FR\",\"isPartOf\":{\"@id\":\"https:\/\/www.tenerity.com\/fr\/#website\"},\"primaryImageOfPage\":{\"@id\":\"https:\/\/www.tenerity.com\/fr\/cas-client\/check-my-web\/#primaryimage\"},\"image\":{\"@id\":\"https:\/\/www.tenerity.com\/fr\/cas-client\/check-my-web\/#primaryimage\"},\"thumbnailUrl\":\"https:\/\/www.tenerity.com\/fr\/wp-content\/uploads\/sites\/31\/2023\/06\/savings-page-banner_resized.jpg\",\"datePublished\":\"2023-11-08T13:36:05+00:00\",\"dateModified\":\"2023-11-08T17:44:08+00:00\",\"description\":\"Ajoutez vos donn\u00e9es personnelles dans l'outil de recherche du service afin que la surveillance en ligne de vos donn\u00e9es, qui sera lanc\u00e9e par d\u00e9faut avec l'adresse email que vous aurez renseign\u00e9e lors de votre inscription au service CheckMyWeb, soit optimale. Plus vous int\u00e9grerez de donn\u00e9es et plus la recherche sera ainsi efficace.\",\"breadcrumb\":{\"@id\":\"https:\/\/www.tenerity.com\/fr\/cas-client\/check-my-web\/#breadcrumb\"},\"inLanguage\":\"fr-FR\",\"potentialAction\":[{\"@type\":\"ReadAction\",\"target\":[\"https:\/\/www.tenerity.com\/fr\/cas-client\/check-my-web\/\"]}]},{\"@type\":\"ImageObject\",\"inLanguage\":\"fr-FR\",\"@id\":\"https:\/\/www.tenerity.com\/fr\/cas-client\/check-my-web\/#primaryimage\",\"url\":\"https:\/\/www.tenerity.com\/fr\/wp-content\/uploads\/sites\/31\/2023\/06\/savings-page-banner_resized.jpg\",\"contentUrl\":\"https:\/\/www.tenerity.com\/fr\/wp-content\/uploads\/sites\/31\/2023\/06\/savings-page-banner_resized.jpg\",\"width\":2121,\"height\":1414},{\"@type\":\"BreadcrumbList\",\"@id\":\"https:\/\/www.tenerity.com\/fr\/cas-client\/check-my-web\/#breadcrumb\",\"itemListElement\":[{\"@type\":\"ListItem\",\"position\":1,\"name\":\"Home\",\"item\":\"https:\/\/www.tenerity.com\/fr\/\"},{\"@type\":\"ListItem\",\"position\":2,\"name\":\"Cas client\",\"item\":\"https:\/\/www.tenerity.com\/fr\/cas-client\/\"},{\"@type\":\"ListItem\",\"position\":3,\"name\":\"Check My Web\"}]},{\"@type\":\"WebSite\",\"@id\":\"https:\/\/www.tenerity.com\/fr\/#website\",\"url\":\"https:\/\/www.tenerity.com\/fr\/\",\"name\":\"Tenerity\",\"description\":\"Intelligent engagement and loyalty for modern brands\",\"potentialAction\":[{\"@type\":\"SearchAction\",\"target\":{\"@type\":\"EntryPoint\",\"urlTemplate\":\"https:\/\/www.tenerity.com\/fr\/?s={search_term_string}\"},\"query-input\":{\"@type\":\"PropertyValueSpecification\",\"valueRequired\":true,\"valueName\":\"search_term_string\"}}],\"inLanguage\":\"fr-FR\"}]}<\/script>\n<!-- \/ Yoast SEO plugin. -->","yoast_head_json":{"title":"Check My Web - Tenerity FR","description":"Ajoutez vos donn\u00e9es personnelles dans l'outil de recherche du service afin que la surveillance en ligne de vos donn\u00e9es, qui sera lanc\u00e9e par d\u00e9faut avec l'adresse email que vous aurez renseign\u00e9e lors de votre inscription au service CheckMyWeb, soit optimale. Plus vous int\u00e9grerez de donn\u00e9es et plus la recherche sera ainsi efficace.","robots":{"index":"index","follow":"follow","max-snippet":"max-snippet:-1","max-image-preview":"max-image-preview:large","max-video-preview":"max-video-preview:-1"},"canonical":"https:\/\/www.tenerity.com\/fr\/cas-client\/check-my-web\/","og_locale":"fr_FR","og_type":"article","og_title":"Check My Web - Tenerity FR","og_description":"Ajoutez vos donn\u00e9es personnelles dans l'outil de recherche du service afin que la surveillance en ligne de vos donn\u00e9es, qui sera lanc\u00e9e par d\u00e9faut avec l'adresse email que vous aurez renseign\u00e9e lors de votre inscription au service CheckMyWeb, soit optimale. Plus vous int\u00e9grerez de donn\u00e9es et plus la recherche sera ainsi efficace.","og_url":"https:\/\/www.tenerity.com\/fr\/cas-client\/check-my-web\/","og_site_name":"Tenerity FR","article_modified_time":"2023-11-08T17:44:08+00:00","og_image":[{"width":2121,"height":1414,"url":"https:\/\/www.tenerity.com\/fr\/wp-content\/uploads\/sites\/31\/2023\/06\/savings-page-banner_resized.jpg","type":"image\/jpeg"}],"twitter_card":"summary_large_image","twitter_misc":{"Dur\u00e9e de lecture estim\u00e9e":"3 minutes"},"schema":{"@context":"https:\/\/schema.org","@graph":[{"@type":"WebPage","@id":"https:\/\/www.tenerity.com\/fr\/cas-client\/check-my-web\/","url":"https:\/\/www.tenerity.com\/fr\/cas-client\/check-my-web\/","name":"Check My Web - Tenerity FR","isPartOf":{"@id":"https:\/\/www.tenerity.com\/fr\/#website"},"primaryImageOfPage":{"@id":"https:\/\/www.tenerity.com\/fr\/cas-client\/check-my-web\/#primaryimage"},"image":{"@id":"https:\/\/www.tenerity.com\/fr\/cas-client\/check-my-web\/#primaryimage"},"thumbnailUrl":"https:\/\/www.tenerity.com\/fr\/wp-content\/uploads\/sites\/31\/2023\/06\/savings-page-banner_resized.jpg","datePublished":"2023-11-08T13:36:05+00:00","dateModified":"2023-11-08T17:44:08+00:00","description":"Ajoutez vos donn\u00e9es personnelles dans l'outil de recherche du service afin que la surveillance en ligne de vos donn\u00e9es, qui sera lanc\u00e9e par d\u00e9faut avec l'adresse email que vous aurez renseign\u00e9e lors de votre inscription au service CheckMyWeb, soit optimale. Plus vous int\u00e9grerez de donn\u00e9es et plus la recherche sera ainsi efficace.","breadcrumb":{"@id":"https:\/\/www.tenerity.com\/fr\/cas-client\/check-my-web\/#breadcrumb"},"inLanguage":"fr-FR","potentialAction":[{"@type":"ReadAction","target":["https:\/\/www.tenerity.com\/fr\/cas-client\/check-my-web\/"]}]},{"@type":"ImageObject","inLanguage":"fr-FR","@id":"https:\/\/www.tenerity.com\/fr\/cas-client\/check-my-web\/#primaryimage","url":"https:\/\/www.tenerity.com\/fr\/wp-content\/uploads\/sites\/31\/2023\/06\/savings-page-banner_resized.jpg","contentUrl":"https:\/\/www.tenerity.com\/fr\/wp-content\/uploads\/sites\/31\/2023\/06\/savings-page-banner_resized.jpg","width":2121,"height":1414},{"@type":"BreadcrumbList","@id":"https:\/\/www.tenerity.com\/fr\/cas-client\/check-my-web\/#breadcrumb","itemListElement":[{"@type":"ListItem","position":1,"name":"Home","item":"https:\/\/www.tenerity.com\/fr\/"},{"@type":"ListItem","position":2,"name":"Cas client","item":"https:\/\/www.tenerity.com\/fr\/cas-client\/"},{"@type":"ListItem","position":3,"name":"Check My Web"}]},{"@type":"WebSite","@id":"https:\/\/www.tenerity.com\/fr\/#website","url":"https:\/\/www.tenerity.com\/fr\/","name":"Tenerity","description":"Intelligent engagement and loyalty for modern brands","potentialAction":[{"@type":"SearchAction","target":{"@type":"EntryPoint","urlTemplate":"https:\/\/www.tenerity.com\/fr\/?s={search_term_string}"},"query-input":{"@type":"PropertyValueSpecification","valueRequired":true,"valueName":"search_term_string"}}],"inLanguage":"fr-FR"}]}},"_links":{"self":[{"href":"https:\/\/www.tenerity.com\/fr\/wp-json\/wp\/v2\/pages\/1358","targetHints":{"allow":["GET"]}}],"collection":[{"href":"https:\/\/www.tenerity.com\/fr\/wp-json\/wp\/v2\/pages"}],"about":[{"href":"https:\/\/www.tenerity.com\/fr\/wp-json\/wp\/v2\/types\/page"}],"author":[{"embeddable":true,"href":"https:\/\/www.tenerity.com\/fr\/wp-json\/wp\/v2\/users\/12"}],"replies":[{"embeddable":true,"href":"https:\/\/www.tenerity.com\/fr\/wp-json\/wp\/v2\/comments?post=1358"}],"version-history":[{"count":0,"href":"https:\/\/www.tenerity.com\/fr\/wp-json\/wp\/v2\/pages\/1358\/revisions"}],"up":[{"embeddable":true,"href":"https:\/\/www.tenerity.com\/fr\/wp-json\/wp\/v2\/pages\/195"}],"wp:featuredmedia":[{"embeddable":true,"href":"https:\/\/www.tenerity.com\/fr\/wp-json\/wp\/v2\/media\/1295"}],"wp:attachment":[{"href":"https:\/\/www.tenerity.com\/fr\/wp-json\/wp\/v2\/media?parent=1358"}],"curies":[{"name":"wp","href":"https:\/\/api.w.org\/{rel}","templated":true}]}}