{"id":1356,"date":"2024-01-10T12:00:08","date_gmt":"2024-01-10T12:00:08","guid":{"rendered":"https:\/\/www.tenerity.com\/fr\/?page_id=1356"},"modified":"2024-01-11T10:58:01","modified_gmt":"2024-01-11T10:58:01","slug":"axa-partners","status":"publish","type":"page","link":"https:\/\/www.tenerity.com\/fr\/cas-client\/axa-partners\/","title":{"rendered":"AXA Partners"},"content":{"rendered":"<section class=\"l-section wpb_row us_custom_11553957 has-hero-image bg-img-cover height_large color_secondary with_img with_shape\"><div class=\"l-section-img\" role=\"img\" aria-label=\"Image\" data-img-width=\"2560\" data-img-height=\"1709\" style=\"background-image: url(https:\/\/www.tenerity.com\/fr\/wp-content\/uploads\/sites\/31\/2023\/11\/scott-graham-OQMZwNd3ThU-unsplash-scaled.jpg);background-position: top center;background-repeat: no-repeat;\"><\/div><div class=\"l-section-overlay\" style=\"background:rgba(26,26,26,0.25)\"><\/div><div class=\"l-section-shape type_tilt pos_bottom on_front hor_flip\" style=\"height:10vh;\"><svg xmlns=\"http:\/\/www.w3.org\/2000\/svg\" viewBox=\"0 0 64 8\" preserveAspectRatio=\"none\" width=\"100%\" height=\"100%\">\r\n\t<path fill=\"currentColor\" d=\"M64 7.9 L64 10 L0 10 L0 0 Z\"\/>\r\n<\/svg><\/div><div class=\"l-section-h i-cf\"><div class=\"g-cols vc_row via_flex valign_middle type_default stacking_default\"><div class=\"vc_col-sm-6 wpb_column vc_column_container\"><div class=\"vc_column-inner\"><div class=\"wpb_wrapper\"><div class=\"wpb_text_column us_custom_4b9db530 us_animate_this\"><div class=\"wpb_wrapper\"><h1>AXA Partners<\/h1>\n<\/div><\/div><div class=\"wpb_text_column us_custom_5494d4ee text___intro us_animate_this\"><div class=\"wpb_wrapper\"><p class=\"text--primary text-2-bold\">La transformation num\u00e9rique impacte fortement le secteur de l&rsquo;assurance et fait \u00e9merger de nouveaux besoins clients. Notre collaboration avec Tenerity a permis d&rsquo;op\u00e9rer des actions concr\u00e8tes qui visent \u00e0 sensibiliser et mieux prot\u00e9ger nos clients face aux risques cyber.<\/p>\n<\/div><\/div><\/div><\/div><\/div><div class=\"vc_col-sm-6 wpb_column vc_column_container\"><div class=\"vc_column-inner\"><div class=\"wpb_wrapper\"><\/div><\/div><\/div><\/div><\/div><\/section><section class=\"l-section wpb_row us_custom_4fb9e5a3 height_small\" id=\"post-launch-highlights\"><div class=\"l-section-h i-cf\"><div class=\"g-cols vc_row via_flex valign_middle type_default stacking_default\"><div class=\"vc_col-sm-12 wpb_column vc_column_container\"><div class=\"vc_column-inner\"><div class=\"wpb_wrapper\"><div class=\"wpb_text_column\"><div class=\"wpb_wrapper\"><h2 style=\"text-align: center\">Principaux enseignements<\/h2>\n<\/div><\/div><div class=\"g-cols wpb_row us_custom_4f24afa8 highlights via_flex valign_top type_default stacking_default\"><div class=\"vc_col-sm-6 wpb_column vc_column_container\"><div class=\"vc_column-inner\"><div class=\"wpb_wrapper\"><div class=\"w-counter us_custom_1056433e mid-line color_heading align_center has_font_size\" data-duration=\"2\"><div class=\"w-counter-value\"><span class=\"w-counter-value-part type_text\" data-final=\"\"><\/span><span class=\"w-counter-value-part type_number\" data-final=\"81\">1<\/span><span class=\"w-counter-value-part type_text\" data-final=\"%\">%<\/span><\/div><p class=\"w-counter-title\" style=\"font-size:1.1rem;font-weight:700;\">des Fran\u00e7ais se sentent concern\u00e9s par les risques num\u00e9riques*<\/p><\/div><\/div><\/div><\/div><div class=\"vc_col-sm-6 wpb_column vc_column_container\"><div class=\"vc_column-inner\"><div class=\"wpb_wrapper\"><div class=\"w-counter us_custom_1056433e mid-line color_heading align_center has_font_size\" data-duration=\"2\"><div class=\"w-counter-value\"><span class=\"w-counter-value-part type_text\" data-final=\"\"><\/span><span class=\"w-counter-value-part type_number\" data-final=\"13\">1<\/span><span class=\"w-counter-value-part type_text\" data-final=\"\"><\/span><\/div><p class=\"w-counter-title\" style=\"font-size:1.1rem;font-weight:700;\">c&rsquo;est le nombre de pays au sein desquels nous visons \u00e0 d\u00e9ployer notre service<\/p><\/div><\/div><\/div><\/div><\/div><div class=\"g-cols wpb_row via_flex valign_top type_default stacking_default\"><div class=\"vc_col-sm-12 wpb_column vc_column_container\"><div class=\"vc_column-inner\"><div class=\"wpb_wrapper\"><div class=\"wpb_text_column us_custom_10cde4aa\"><div class=\"wpb_wrapper\"><p style=\"text-align: center\">* Source : Etude\u00a0Toluna\u00a0pour\u00a0<a href=\"https:\/\/www.linkedin.com\/company\/tenerity-france\/\" data-attribute-index=\"2\" data-entity-type=\"MINI_COMPANY\">Tenerity France<\/a>\u00a0men\u00e9e en janvier 2021 aupr\u00e8s de 1000 Fran\u00e7ais \u00e2g\u00e9s de 18 ans et plus.<\/p>\n<\/div><\/div><\/div><\/div><\/div><\/div><\/div><\/div><\/div><\/div><\/div><\/section><section class=\"l-section wpb_row us_custom_0d15be52 height_medium\" id=\"challenge\"><div class=\"l-section-h i-cf\"><div class=\"g-cols vc_row via_flex valign_top type_default stacking_default\"><div class=\"vc_col-sm-12 wpb_column vc_column_container\"><div class=\"vc_column-inner\"><div class=\"wpb_wrapper\"><div class=\"wpb_text_column\"><div class=\"wpb_wrapper\"><h2 style=\"text-align: center\">D\u00e9fi \u00e0 relever<\/h2>\n<\/div><\/div><div class=\"g-cols wpb_row via_flex valign_top type_default stacking_default\"><div class=\"vc_col-sm-2 wpb_column vc_column_container\"><div class=\"vc_column-inner\"><div class=\"wpb_wrapper\"><\/div><\/div><\/div><div class=\"vc_col-sm-8 wpb_column vc_column_container\"><div class=\"vc_column-inner\"><div class=\"wpb_wrapper\"><div class=\"wpb_text_column\"><div class=\"wpb_wrapper\"><p style=\"text-align: center\"><strong>La collaboration avec AXA Partners a d\u00e9marr\u00e9 en 2021 en Italie <\/strong>avec une solution de protection, de d\u00e9tection et de r\u00e9solution des risques cyber correspondant aux attentes des clients finaux.<\/p>\n<\/div><\/div><\/div><\/div><\/div><div class=\"vc_col-sm-2 wpb_column vc_column_container\"><div class=\"vc_column-inner\"><div class=\"wpb_wrapper\"><\/div><\/div><\/div><\/div><\/div><\/div><\/div><\/div><\/div><\/section><section class=\"l-section wpb_row us_custom_c70c97eb height_medium with_shape\"><div class=\"l-section-shape type_triangle pos_bottom\" style=\"height:10vh;color:var(--color-content-secondary)\"><svg xmlns=\"http:\/\/www.w3.org\/2000\/svg\" viewBox=\"0 0 64 8\" preserveAspectRatio=\"none\" width=\"100%\" height=\"100%\">\r\n\t<path fill=\"currentColor\" d=\"M64 8 L0 8 L0 0 L32 7.9 L64 0 Z\"\/>\r\n<\/svg><\/div><div class=\"l-section-h i-cf\"><div class=\"g-cols vc_row via_flex valign_top type_default stacking_default\"><div class=\"vc_col-sm-12 wpb_column vc_column_container\"><div class=\"vc_column-inner\"><div class=\"wpb_wrapper\"><\/div><\/div><\/div><\/div><\/div><\/section><section class=\"l-section wpb_row last-row height_medium color_secondary\" id=\"solution\"><div class=\"l-section-h i-cf\"><div class=\"g-cols vc_row via_flex valign_middle type_default stacking_default\"><div class=\"vc_col-sm-6 wpb_column vc_column_container\"><div class=\"vc_column-inner\"><div class=\"wpb_wrapper\"><div class=\"wpb_text_column\"><div class=\"wpb_wrapper\"><h2>Solution<\/h2>\n<\/div><\/div><div class=\"wpb_text_column\"><div class=\"wpb_wrapper\"><p>\u00ab\u00a0Dans un monde de plus en plus connect\u00e9 qui impose l&rsquo;\u00e9mergence de nouveaux comportements, les exigences des particuliers \u00e9voluent\u00a0 y compris dans le domaine de l&rsquo;assurance.<\/p>\n<p>En raison de notre constante recherche d&rsquo;innovation, nous avons naturellement choisi les solutions et les services offerts par Tenerity en mati\u00e8re\u00a0 de protection des donn\u00e9es personnelles de nos clients.<\/p>\n<p>En cas de fuites de donn\u00e9es sensibles nos assur\u00e9s sont couverts et accompagn\u00e9s et conseill\u00e9s pour se prot\u00e9ger ou r\u00e9soudre des probl\u00e8mes d&rsquo;usurpation d&rsquo;identit\u00e9.\u00a0\u00bb<\/p>\n<p><strong>Pierre-Emmanuel Lefebvre,\u00a0<\/strong>Global Business Transformation &amp; Operations Director<em>,\u00a0<\/em><strong>AXA Partners<\/strong><\/p>\n<\/div><\/div><\/div><\/div><\/div><div class=\"vc_col-sm-6 wpb_column vc_column_container\"><div class=\"vc_column-inner\"><div class=\"wpb_wrapper\"><div class=\"w-image align_center\"><div class=\"w-image-h\"><img decoding=\"async\" width=\"150\" height=\"150\" src=\"https:\/\/www.tenerity.com\/fr\/wp-content\/uploads\/sites\/31\/2023\/12\/axa_logo_open_white_rgb-1-150x150.png\" class=\"attachment-thumbnail size-thumbnail\" alt=\"\" loading=\"lazy\" srcset=\"https:\/\/www.tenerity.com\/fr\/wp-content\/uploads\/sites\/31\/2023\/12\/axa_logo_open_white_rgb-1-150x150.png 150w, https:\/\/www.tenerity.com\/fr\/wp-content\/uploads\/sites\/31\/2023\/12\/axa_logo_open_white_rgb-1-300x300.png 300w, https:\/\/www.tenerity.com\/fr\/wp-content\/uploads\/sites\/31\/2023\/12\/axa_logo_open_white_rgb-1-1024x1024.png 1024w\" sizes=\"auto, (max-width: 150px) 100vw, 150px\" \/><\/div><\/div><\/div><\/div><\/div><\/div><\/div><\/section><section class=\"l-section wpb_row us_custom_cdf14ffd height_medium\"><div class=\"l-section-h i-cf\"><div class=\"g-cols vc_row via_flex valign_top type_default stacking_default\"><div class=\"vc_col-sm-3 wpb_column vc_column_container\"><div class=\"vc_column-inner\"><div class=\"wpb_wrapper\"><\/div><\/div><\/div><div class=\"vc_col-sm-6 wpb_column vc_column_container\"><div class=\"vc_column-inner\"><div class=\"wpb_wrapper\"><div class=\"w-iconbox us_custom_50cc7d67 iconpos_top style_default color_contrast align_center no_text no_title\"><div class=\"w-iconbox-icon\" style=\"font-size:3rem;\"><i class=\"fas fa-quote-left\"><\/i><\/div><div class=\"w-iconbox-meta\"><\/div><\/div><div class=\"wpb_text_column\"><div class=\"wpb_wrapper\"><p style=\"text-align: center\"><em><strong>La protection des donn\u00e9es personnelles de nos clients est un enjeu majeur chez AXA Partners. En tant qu\u2019expert de l\u2019assistance et de l\u2019assurance, nous sommes en collaboration directe avec Tenerity et leurs \u00e9quipes depuis 2021. Cela nous a permis de construire un service qui s\u2019int\u00e8gre parfaitement \u00e0 la strat\u00e9gie de d\u00e9veloppement des savoir-faire d\u2019AXA Partners, visant \u00e0 am\u00e9liorer la qualit\u00e9 de nos offres. Nous prenons toujours pour point de d\u00e9part : le client, ses attentes et ses besoins. Ce sont des \u00e9l\u00e9ments cl\u00e9s de notre strat\u00e9gie qui nous permettent de nous rapprocher encore davantage de nos clients<\/strong><\/em><\/p>\n<p style=\"text-align: center\"><strong>Pierre-Emmanuel Lefebvre,\u00a0<\/strong><em>Global Business Transformation &amp; Operations Director,<\/em> <em><strong>AXA Partners<\/strong><\/em><\/p>\n<\/div><\/div><\/div><\/div><\/div><div class=\"vc_col-sm-3 wpb_column vc_column_container\"><div class=\"vc_column-inner\"><div class=\"wpb_wrapper\"><\/div><\/div><\/div><\/div><\/div><\/section>\n","protected":false},"excerpt":{"rendered":"AXA Partners La transformation num\u00e9rique impacte fortement le secteur de l&rsquo;assurance et fait \u00e9merger de nouveaux besoins clients. Notre collaboration avec Tenerity a permis d&rsquo;op\u00e9rer des actions concr\u00e8tes qui visent \u00e0 sensibiliser et mieux prot\u00e9ger nos clients face aux risques cyber. Principaux enseignements 1%des Fran\u00e7ais se sentent concern\u00e9s par les risques num\u00e9riques*1c&rsquo;est le nombre de...","protected":false},"author":12,"featured_media":1365,"parent":195,"menu_order":4,"comment_status":"closed","ping_status":"closed","template":"","meta":{"footnotes":""},"class_list":["post-1356","page","type-page","status-publish","has-post-thumbnail","hentry"],"yoast_head":"<!-- This site is optimized with the Yoast SEO plugin v27.1.1 - https:\/\/yoast.com\/product\/yoast-seo-wordpress\/ -->\n<title>AXA Partners - Tenerity FR<\/title>\n<meta name=\"description\" content=\"Tenerity vous pr\u00e9sente son \u00e9tude de cas avec Moonshot Assurances dans l&#039;accompagnement de la mise en place d&#039;une solution de cyber-protection pour ses assur\u00e9s.\" \/>\n<meta name=\"robots\" content=\"index, follow, max-snippet:-1, max-image-preview:large, max-video-preview:-1\" \/>\n<link rel=\"canonical\" href=\"https:\/\/www.tenerity.com\/fr\/cas-client\/axa-partners\/\" \/>\n<meta property=\"og:locale\" content=\"fr_FR\" \/>\n<meta property=\"og:type\" content=\"article\" \/>\n<meta property=\"og:title\" content=\"AXA Partners - Tenerity FR\" \/>\n<meta property=\"og:description\" content=\"Tenerity vous pr\u00e9sente son \u00e9tude de cas avec Moonshot Assurances dans l&#039;accompagnement de la mise en place d&#039;une solution de cyber-protection pour ses assur\u00e9s.\" \/>\n<meta property=\"og:url\" content=\"https:\/\/www.tenerity.com\/fr\/cas-client\/axa-partners\/\" \/>\n<meta property=\"og:site_name\" content=\"Tenerity FR\" \/>\n<meta property=\"article:modified_time\" content=\"2024-01-11T10:58:01+00:00\" \/>\n<meta property=\"og:image\" content=\"https:\/\/www.tenerity.com\/fr\/wp-content\/uploads\/sites\/31\/2023\/11\/scott-graham-OQMZwNd3ThU-unsplash-scaled.jpg\" \/>\n\t<meta property=\"og:image:width\" content=\"2560\" \/>\n\t<meta property=\"og:image:height\" content=\"1709\" \/>\n\t<meta property=\"og:image:type\" content=\"image\/jpeg\" \/>\n<meta name=\"twitter:card\" content=\"summary_large_image\" \/>\n<meta name=\"twitter:label1\" content=\"Dur\u00e9e de lecture estim\u00e9e\" \/>\n\t<meta name=\"twitter:data1\" content=\"3 minutes\" \/>\n<script type=\"application\/ld+json\" class=\"yoast-schema-graph\">{\"@context\":\"https:\/\/schema.org\",\"@graph\":[{\"@type\":\"WebPage\",\"@id\":\"https:\/\/www.tenerity.com\/fr\/cas-client\/axa-partners\/\",\"url\":\"https:\/\/www.tenerity.com\/fr\/cas-client\/axa-partners\/\",\"name\":\"AXA Partners - Tenerity FR\",\"isPartOf\":{\"@id\":\"https:\/\/www.tenerity.com\/fr\/#website\"},\"primaryImageOfPage\":{\"@id\":\"https:\/\/www.tenerity.com\/fr\/cas-client\/axa-partners\/#primaryimage\"},\"image\":{\"@id\":\"https:\/\/www.tenerity.com\/fr\/cas-client\/axa-partners\/#primaryimage\"},\"thumbnailUrl\":\"https:\/\/www.tenerity.com\/fr\/wp-content\/uploads\/sites\/31\/2023\/11\/scott-graham-OQMZwNd3ThU-unsplash-scaled.jpg\",\"datePublished\":\"2024-01-10T12:00:08+00:00\",\"dateModified\":\"2024-01-11T10:58:01+00:00\",\"description\":\"Tenerity vous pr\u00e9sente son \u00e9tude de cas avec Moonshot Assurances dans l'accompagnement de la mise en place d'une solution de cyber-protection pour ses assur\u00e9s.\",\"breadcrumb\":{\"@id\":\"https:\/\/www.tenerity.com\/fr\/cas-client\/axa-partners\/#breadcrumb\"},\"inLanguage\":\"fr-FR\",\"potentialAction\":[{\"@type\":\"ReadAction\",\"target\":[\"https:\/\/www.tenerity.com\/fr\/cas-client\/axa-partners\/\"]}]},{\"@type\":\"ImageObject\",\"inLanguage\":\"fr-FR\",\"@id\":\"https:\/\/www.tenerity.com\/fr\/cas-client\/axa-partners\/#primaryimage\",\"url\":\"https:\/\/www.tenerity.com\/fr\/wp-content\/uploads\/sites\/31\/2023\/11\/scott-graham-OQMZwNd3ThU-unsplash-scaled.jpg\",\"contentUrl\":\"https:\/\/www.tenerity.com\/fr\/wp-content\/uploads\/sites\/31\/2023\/11\/scott-graham-OQMZwNd3ThU-unsplash-scaled.jpg\",\"width\":2560,\"height\":1709},{\"@type\":\"BreadcrumbList\",\"@id\":\"https:\/\/www.tenerity.com\/fr\/cas-client\/axa-partners\/#breadcrumb\",\"itemListElement\":[{\"@type\":\"ListItem\",\"position\":1,\"name\":\"Home\",\"item\":\"https:\/\/www.tenerity.com\/fr\/\"},{\"@type\":\"ListItem\",\"position\":2,\"name\":\"Cas client\",\"item\":\"https:\/\/www.tenerity.com\/fr\/cas-client\/\"},{\"@type\":\"ListItem\",\"position\":3,\"name\":\"AXA Partners\"}]},{\"@type\":\"WebSite\",\"@id\":\"https:\/\/www.tenerity.com\/fr\/#website\",\"url\":\"https:\/\/www.tenerity.com\/fr\/\",\"name\":\"Tenerity\",\"description\":\"Intelligent engagement and loyalty for modern brands\",\"potentialAction\":[{\"@type\":\"SearchAction\",\"target\":{\"@type\":\"EntryPoint\",\"urlTemplate\":\"https:\/\/www.tenerity.com\/fr\/?s={search_term_string}\"},\"query-input\":{\"@type\":\"PropertyValueSpecification\",\"valueRequired\":true,\"valueName\":\"search_term_string\"}}],\"inLanguage\":\"fr-FR\"}]}<\/script>\n<!-- \/ Yoast SEO plugin. -->","yoast_head_json":{"title":"AXA Partners - Tenerity FR","description":"Tenerity vous pr\u00e9sente son \u00e9tude de cas avec Moonshot Assurances dans l'accompagnement de la mise en place d'une solution de cyber-protection pour ses assur\u00e9s.","robots":{"index":"index","follow":"follow","max-snippet":"max-snippet:-1","max-image-preview":"max-image-preview:large","max-video-preview":"max-video-preview:-1"},"canonical":"https:\/\/www.tenerity.com\/fr\/cas-client\/axa-partners\/","og_locale":"fr_FR","og_type":"article","og_title":"AXA Partners - Tenerity FR","og_description":"Tenerity vous pr\u00e9sente son \u00e9tude de cas avec Moonshot Assurances dans l'accompagnement de la mise en place d'une solution de cyber-protection pour ses assur\u00e9s.","og_url":"https:\/\/www.tenerity.com\/fr\/cas-client\/axa-partners\/","og_site_name":"Tenerity FR","article_modified_time":"2024-01-11T10:58:01+00:00","og_image":[{"width":2560,"height":1709,"url":"https:\/\/www.tenerity.com\/fr\/wp-content\/uploads\/sites\/31\/2023\/11\/scott-graham-OQMZwNd3ThU-unsplash-scaled.jpg","type":"image\/jpeg"}],"twitter_card":"summary_large_image","twitter_misc":{"Dur\u00e9e de lecture estim\u00e9e":"3 minutes"},"schema":{"@context":"https:\/\/schema.org","@graph":[{"@type":"WebPage","@id":"https:\/\/www.tenerity.com\/fr\/cas-client\/axa-partners\/","url":"https:\/\/www.tenerity.com\/fr\/cas-client\/axa-partners\/","name":"AXA Partners - Tenerity FR","isPartOf":{"@id":"https:\/\/www.tenerity.com\/fr\/#website"},"primaryImageOfPage":{"@id":"https:\/\/www.tenerity.com\/fr\/cas-client\/axa-partners\/#primaryimage"},"image":{"@id":"https:\/\/www.tenerity.com\/fr\/cas-client\/axa-partners\/#primaryimage"},"thumbnailUrl":"https:\/\/www.tenerity.com\/fr\/wp-content\/uploads\/sites\/31\/2023\/11\/scott-graham-OQMZwNd3ThU-unsplash-scaled.jpg","datePublished":"2024-01-10T12:00:08+00:00","dateModified":"2024-01-11T10:58:01+00:00","description":"Tenerity vous pr\u00e9sente son \u00e9tude de cas avec Moonshot Assurances dans l'accompagnement de la mise en place d'une solution de cyber-protection pour ses assur\u00e9s.","breadcrumb":{"@id":"https:\/\/www.tenerity.com\/fr\/cas-client\/axa-partners\/#breadcrumb"},"inLanguage":"fr-FR","potentialAction":[{"@type":"ReadAction","target":["https:\/\/www.tenerity.com\/fr\/cas-client\/axa-partners\/"]}]},{"@type":"ImageObject","inLanguage":"fr-FR","@id":"https:\/\/www.tenerity.com\/fr\/cas-client\/axa-partners\/#primaryimage","url":"https:\/\/www.tenerity.com\/fr\/wp-content\/uploads\/sites\/31\/2023\/11\/scott-graham-OQMZwNd3ThU-unsplash-scaled.jpg","contentUrl":"https:\/\/www.tenerity.com\/fr\/wp-content\/uploads\/sites\/31\/2023\/11\/scott-graham-OQMZwNd3ThU-unsplash-scaled.jpg","width":2560,"height":1709},{"@type":"BreadcrumbList","@id":"https:\/\/www.tenerity.com\/fr\/cas-client\/axa-partners\/#breadcrumb","itemListElement":[{"@type":"ListItem","position":1,"name":"Home","item":"https:\/\/www.tenerity.com\/fr\/"},{"@type":"ListItem","position":2,"name":"Cas client","item":"https:\/\/www.tenerity.com\/fr\/cas-client\/"},{"@type":"ListItem","position":3,"name":"AXA Partners"}]},{"@type":"WebSite","@id":"https:\/\/www.tenerity.com\/fr\/#website","url":"https:\/\/www.tenerity.com\/fr\/","name":"Tenerity","description":"Intelligent engagement and loyalty for modern brands","potentialAction":[{"@type":"SearchAction","target":{"@type":"EntryPoint","urlTemplate":"https:\/\/www.tenerity.com\/fr\/?s={search_term_string}"},"query-input":{"@type":"PropertyValueSpecification","valueRequired":true,"valueName":"search_term_string"}}],"inLanguage":"fr-FR"}]}},"_links":{"self":[{"href":"https:\/\/www.tenerity.com\/fr\/wp-json\/wp\/v2\/pages\/1356","targetHints":{"allow":["GET"]}}],"collection":[{"href":"https:\/\/www.tenerity.com\/fr\/wp-json\/wp\/v2\/pages"}],"about":[{"href":"https:\/\/www.tenerity.com\/fr\/wp-json\/wp\/v2\/types\/page"}],"author":[{"embeddable":true,"href":"https:\/\/www.tenerity.com\/fr\/wp-json\/wp\/v2\/users\/12"}],"replies":[{"embeddable":true,"href":"https:\/\/www.tenerity.com\/fr\/wp-json\/wp\/v2\/comments?post=1356"}],"version-history":[{"count":0,"href":"https:\/\/www.tenerity.com\/fr\/wp-json\/wp\/v2\/pages\/1356\/revisions"}],"up":[{"embeddable":true,"href":"https:\/\/www.tenerity.com\/fr\/wp-json\/wp\/v2\/pages\/195"}],"wp:featuredmedia":[{"embeddable":true,"href":"https:\/\/www.tenerity.com\/fr\/wp-json\/wp\/v2\/media\/1365"}],"wp:attachment":[{"href":"https:\/\/www.tenerity.com\/fr\/wp-json\/wp\/v2\/media?parent=1356"}],"curies":[{"name":"wp","href":"https:\/\/api.w.org\/{rel}","templated":true}]}}