{"id":1352,"date":"2023-10-12T12:15:12","date_gmt":"2023-10-12T12:15:12","guid":{"rendered":"https:\/\/www.tenerity.com\/fr\/?page_id=1352"},"modified":"2023-11-16T17:48:27","modified_gmt":"2023-11-16T17:48:27","slug":"moonshot","status":"publish","type":"page","link":"https:\/\/www.tenerity.com\/fr\/cas-client\/moonshot\/","title":{"rendered":"Moonshot"},"content":{"rendered":"<section class=\"l-section wpb_row us_custom_11553957 has-hero-image bg-img-cover height_large color_secondary with_img with_shape\"><div class=\"l-section-img\" role=\"img\" aria-label=\"Image\" data-img-width=\"2560\" data-img-height=\"1707\" style=\"background-image: url(https:\/\/www.tenerity.com\/fr\/wp-content\/uploads\/sites\/31\/2023\/11\/moonshot-scaled.jpg);background-position: top center;background-repeat: no-repeat;\"><\/div><div class=\"l-section-overlay\" style=\"background:rgba(26,26,26,0.25)\"><\/div><div class=\"l-section-shape type_tilt pos_bottom on_front hor_flip\" style=\"height:10vh;\"><svg xmlns=\"http:\/\/www.w3.org\/2000\/svg\" viewBox=\"0 0 64 8\" preserveAspectRatio=\"none\" width=\"100%\" height=\"100%\">\r\n\t<path fill=\"currentColor\" d=\"M64 7.9 L64 10 L0 10 L0 0 Z\"\/>\r\n<\/svg><\/div><div class=\"l-section-h i-cf\"><div class=\"g-cols vc_row via_flex valign_middle type_default stacking_default\"><div class=\"vc_col-sm-6 wpb_column vc_column_container\"><div class=\"vc_column-inner\"><div class=\"wpb_wrapper\"><div class=\"wpb_text_column us_custom_4b9db530 us_animate_this\"><div class=\"wpb_wrapper\"><h1>Moonshot<\/h1>\n<\/div><\/div><div class=\"wpb_text_column us_custom_5494d4ee text___intro us_animate_this\"><div class=\"wpb_wrapper\"><p class=\"text--primary text-2-bold\">Prot\u00e9ger gr\u00e2ce \u00e0 la d\u00e9tection du risque en temps r\u00e9el, caract\u00e9riser les faits gr\u00e2ce \u00e0 un accompagnement par des sp\u00e9cialistes, traiter les cons\u00e9quences d\u2019un acte av\u00e9r\u00e9 de cyber malveillance pour des milliers d&rsquo;assur\u00e9s Moonshot.<\/p>\n<\/div><\/div><\/div><\/div><\/div><div class=\"vc_col-sm-6 wpb_column vc_column_container\"><div class=\"vc_column-inner\"><div class=\"wpb_wrapper\"><\/div><\/div><\/div><\/div><\/div><\/section><section class=\"l-section wpb_row us_custom_4fb9e5a3 height_small\" id=\"post-launch-highlights\"><div class=\"l-section-h i-cf\"><div class=\"g-cols vc_row via_flex valign_middle type_default stacking_default\"><div class=\"vc_col-sm-12 wpb_column vc_column_container\"><div class=\"vc_column-inner\"><div class=\"wpb_wrapper\"><div class=\"wpb_text_column\"><div class=\"wpb_wrapper\"><h2 style=\"text-align: center\">Principaux r\u00e9sultats<\/h2>\n<\/div><\/div><div class=\"g-cols wpb_row us_custom_4f24afa8 highlights via_flex valign_top type_default stacking_default\"><div class=\"vc_col-sm-6 wpb_column vc_column_container\"><div class=\"vc_column-inner\"><div class=\"wpb_wrapper\"><div class=\"w-counter us_custom_1056433e mid-line color_heading align_center has_font_size\" data-duration=\"2\"><div class=\"w-counter-value\"><span class=\"w-counter-value-part type_text\" data-final=\"\"><\/span><span class=\"w-counter-value-part type_number\" data-final=\"53\">1<\/span><span class=\"w-counter-value-part type_text\" data-final=\"%\">%<\/span><\/div><p class=\"w-counter-title\" style=\"font-size:1.1rem;font-weight:700;\">c&rsquo;est l&rsquo;augmentation de la fr\u00e9quentation des visites de la plateforme Cybermalveillance.gouv.fr en 2022<\/p><\/div><\/div><\/div><\/div><div class=\"vc_col-sm-6 wpb_column vc_column_container\"><div class=\"vc_column-inner\"><div class=\"wpb_wrapper\"><div class=\"w-counter us_custom_1056433e mid-line color_heading align_center has_font_size\" data-duration=\"2\"><div class=\"w-counter-value\"><span class=\"w-counter-value-part type_text\" data-final=\"\"><\/span><span class=\"w-counter-value-part type_number\" data-final=\"88\">1<\/span><span class=\"w-counter-value-part type_text\" data-final=\"%\">%<\/span><\/div><p class=\"w-counter-title\" style=\"font-size:1.1rem;font-weight:700;\">des victimes sont des particuliers, souvent plus vuln\u00e9rables et d\u00e9sarm\u00e9s face aux incidents de s\u00e9curit\u00e9 qui les frappent<\/p><\/div><\/div><\/div><\/div><\/div><div class=\"g-cols wpb_row via_flex valign_top type_default stacking_default\"><div class=\"vc_col-sm-12 wpb_column vc_column_container\"><div class=\"vc_column-inner\"><div class=\"wpb_wrapper\"><div class=\"wpb_text_column us_custom_10cde4aa\"><div class=\"wpb_wrapper\"><p style=\"text-align: center\">* source : Chiffres et tendances des cybermenaces : Rapport d\u2019activit\u00e9 2022 Cybermalveillance.gouv.fr<\/p>\n<\/div><\/div><\/div><\/div><\/div><\/div><\/div><\/div><\/div><\/div><\/div><\/section><section class=\"l-section wpb_row us_custom_0d15be52 height_medium\" id=\"challenge\"><div class=\"l-section-h i-cf\"><div class=\"g-cols vc_row via_flex valign_top type_default stacking_default\"><div class=\"vc_col-sm-12 wpb_column vc_column_container\"><div class=\"vc_column-inner\"><div class=\"wpb_wrapper\"><div class=\"wpb_text_column\"><div class=\"wpb_wrapper\"><h2 style=\"text-align: center\">D\u00e9fi \u00e0 relever<\/h2>\n<\/div><\/div><div class=\"g-cols wpb_row via_flex valign_top type_default stacking_default\"><div class=\"vc_col-sm-2 wpb_column vc_column_container\"><div class=\"vc_column-inner\"><div class=\"wpb_wrapper\"><\/div><\/div><\/div><div class=\"vc_col-sm-8 wpb_column vc_column_container\"><div class=\"vc_column-inner\"><div class=\"wpb_wrapper\"><div class=\"wpb_text_column\"><div class=\"wpb_wrapper\"><p><strong>Moonshot Insurance<\/strong> est n\u00e9e en 2017 d&rsquo;un projet d&rsquo;intrapreneuriat initi\u00e9 au sein de <strong>Soci\u00e9t\u00e9 G\u00e9n\u00e9rale Assurances<\/strong> avec l&rsquo;ambition de construire un mod\u00e8le d&rsquo;assurance adapt\u00e9 aux nouveaux standards de consommation : l&rsquo;assurance contextuelle.<\/p>\n<ul>\n<li><strong>Date de cr\u00e9ation en 2017<\/strong><\/li>\n<li><strong>32 Collaborateurs<\/strong><\/li>\n<li><strong>+1M de contrats<\/strong><\/li>\n<li><strong>4 produits prim\u00e9s depuis 2020<\/strong><\/li>\n<\/ul>\n<p>Les actes de cyber malveillance peuvent prendre des formes vari\u00e9es que l\u2019on peut r\u00e9sumer en deux cat\u00e9gories :<\/p>\n<div class=\"article__content--listing\" data-v-6ec3a612=\"\" data-v-2b2ab512=\"\">\n<div data-v-6ec3a612=\"\" data-v-2b2ab512=\"\">\n<p class=\"text-2-bold\" data-v-6ec3a612=\"\" data-v-2b2ab512=\"\">Les actes visant \u00e0 nuire volontairement \u00e0 une personne, la plupart du temps commis par des particuliers.<\/p>\n<\/div>\n<\/div>\n<div class=\"article__content--listing\" data-v-6ec3a612=\"\" data-v-2b2ab512=\"\">\n<div data-v-6ec3a612=\"\" data-v-2b2ab512=\"\">\n<ul class=\"text-2\" data-v-6ec3a612=\"\" data-v-2b2ab512=\"\">\n<li class=\"text-2 item\" data-v-6ec3a612=\"\" data-v-2b2ab512=\"\"><span class=\"text--primary text-2-bold\" data-v-6ec3a612=\"\" data-v-2b2ab512=\"\"><strong>Cyberharc\u00e8lement<\/strong> :<\/span>\u00a0Votre adolescent de 13 ans est friand de jeux vid\u00e9os en ligne et vous observez que cela influe sur son comportement au quotidien. Vous d\u00e9couvrez qu\u2019il est la cible de contenu haineux \u00e0 raison de plusieurs fois par jour, comme 30% des jeunes de son \u00e2ge.<\/li>\n<li class=\"text-2 item\" data-v-6ec3a612=\"\" data-v-2b2ab512=\"\"><span class=\"text--primary text-2-bold\" data-v-6ec3a612=\"\" data-v-2b2ab512=\"\"><strong>Atteinte \u00e0 l\u2019e-r\u00e9putation<\/strong> :<\/span>\u00a0votre fille, jeune dipl\u00f4m\u00e9e, cherche un emploi. Elle d\u00e9couvre qu\u2019elle est identifi\u00e9e sur une image que l&rsquo;on a prise \u00e0 son insu lors d&rsquo;une soir\u00e9e. Cela ressort directement dans les r\u00e9sultats de recherche Google alors que 90% des recruteurs googlisent les candidats.<\/li>\n<\/ul>\n<\/div>\n<\/div>\n<\/div><\/div><\/div><\/div><\/div><div class=\"vc_col-sm-2 wpb_column vc_column_container\"><div class=\"vc_column-inner\"><div class=\"wpb_wrapper\"><\/div><\/div><\/div><\/div><\/div><\/div><\/div><\/div><\/div><\/section><section class=\"l-section wpb_row us_custom_c70c97eb height_medium with_shape\"><div class=\"l-section-shape type_triangle pos_bottom\" style=\"height:10vh;color:var(--color-content-secondary)\"><svg xmlns=\"http:\/\/www.w3.org\/2000\/svg\" viewBox=\"0 0 64 8\" preserveAspectRatio=\"none\" width=\"100%\" height=\"100%\">\r\n\t<path fill=\"currentColor\" d=\"M64 8 L0 8 L0 0 L32 7.9 L64 0 Z\"\/>\r\n<\/svg><\/div><div class=\"l-section-h i-cf\"><div class=\"g-cols vc_row via_flex valign_top type_default stacking_default\"><div class=\"vc_col-sm-12 wpb_column vc_column_container\"><div class=\"vc_column-inner\"><div class=\"wpb_wrapper\"><\/div><\/div><\/div><\/div><\/div><\/section><section class=\"l-section wpb_row last-row height_medium color_secondary\" id=\"solution\"><div class=\"l-section-h i-cf\"><div class=\"g-cols vc_row via_flex valign_middle type_default stacking_default\"><div class=\"vc_col-sm-6 wpb_column vc_column_container\"><div class=\"vc_column-inner\"><div class=\"wpb_wrapper\"><div class=\"wpb_text_column\"><div class=\"wpb_wrapper\"><h2>Solution<\/h2>\n<\/div><\/div><div class=\"wpb_text_column\"><div class=\"wpb_wrapper\"><p>Dans un monde de plus en plus connect\u00e9 qui favorise l&rsquo;apparition de nouveaux usages et de nouveaux besoins, de nouvelles attentes client apparaissent y compris lorsqu&rsquo;il s&rsquo;agit d&rsquo;assurance ! <span class=\"text-2-bold\" data-v-320c947e=\"\">Moonshot Insurance est le premier acteur en France \u00e0 revendiquer un esprit d&rsquo;innovation et de transformation qui lui permet de construire un nouveau mod\u00e8le d&rsquo;assurance simple et cr\u00e9ateur de valeur : l&rsquo;assurance contextuelle.<\/span><\/p>\n<p>Dans le cadre de son innovation permanente, Moonshot s&rsquo;est naturellement orient\u00e9 vers les solutions et services propos\u00e9s par Tenerity afin de permettre \u00e0 ses milliers d&rsquo;assur\u00e9s de b\u00e9n\u00e9ficier des meilleurs technologies au service de la Cyber-Protection des donn\u00e9es personnelles.<\/p>\n<p>En cas de d\u00e9couverte ou de fuites de donn\u00e9es sensibles les b\u00e9n\u00e9ficiaires de cette solution de Tenerity peuvent obtenir des alertes en temps r\u00e9el leur indiquant les d\u00e9marches \u00e0 entreprendre pour \u00e9viter les d\u00e9sagr\u00e9ments.<\/p>\n<\/div><\/div><\/div><\/div><\/div><div class=\"vc_col-sm-6 wpb_column vc_column_container\"><div class=\"vc_column-inner\"><div class=\"wpb_wrapper\"><div class=\"w-image align_center\"><div class=\"w-image-h\"><img decoding=\"async\" width=\"312\" height=\"127\" src=\"https:\/\/www.tenerity.com\/fr\/wp-content\/uploads\/sites\/31\/2023\/10\/Moosnhot-wide.jpg\" class=\"attachment-large size-large\" alt=\"\" loading=\"lazy\" srcset=\"https:\/\/www.tenerity.com\/fr\/wp-content\/uploads\/sites\/31\/2023\/10\/Moosnhot-wide.jpg 312w, https:\/\/www.tenerity.com\/fr\/wp-content\/uploads\/sites\/31\/2023\/10\/Moosnhot-wide-300x122.jpg 300w\" sizes=\"auto, (max-width: 312px) 100vw, 312px\" \/><\/div><\/div><\/div><\/div><\/div><\/div><\/div><\/section><section class=\"l-section wpb_row us_custom_a9be633b height_medium with_shape\"><div class=\"l-section-shape type_tilt pos_bottom hor_flip\" style=\"height:10vh;color:var(--color-content-bg-alt)\"><svg xmlns=\"http:\/\/www.w3.org\/2000\/svg\" viewBox=\"0 0 64 8\" preserveAspectRatio=\"none\" width=\"100%\" height=\"100%\">\r\n\t<path fill=\"currentColor\" d=\"M64 7.9 L64 10 L0 10 L0 0 Z\"\/>\r\n<\/svg><\/div><div class=\"l-section-h i-cf\"><div class=\"g-cols vc_row via_flex valign_top type_default stacking_default\"><div class=\"vc_col-sm-12 wpb_column vc_column_container\"><div class=\"vc_column-inner\"><div class=\"wpb_wrapper\"><\/div><\/div><\/div><\/div><\/div><\/section><section class=\"l-section wpb_row us_custom_0ef2abdf height_medium\" id=\"challenge\"><div class=\"l-section-h i-cf\"><div class=\"g-cols vc_row via_flex valign_top type_default stacking_default\"><div class=\"vc_col-sm-12 wpb_column vc_column_container\"><div class=\"vc_column-inner\"><div class=\"wpb_wrapper\"><div class=\"wpb_text_column\"><div class=\"wpb_wrapper\"><h2>Principaux r\u00e9sultats<\/h2>\n<\/div><\/div><div class=\"g-cols wpb_row via_flex valign_top type_default stacking_default\"><div class=\"vc_col-sm-6 wpb_column vc_column_container\"><div class=\"vc_column-inner\"><div class=\"wpb_wrapper\"><div class=\"wpb_text_column\"><div class=\"wpb_wrapper\"><p class=\"heading\" data-action=\"edit-text\"><strong>Surveillance de vos donn\u00e9es personnelles<\/strong><\/p>\n<p class=\"heading\" data-action=\"edit-text\">Gardez vos donn\u00e9es priv\u00e9es<\/p>\n<p class=\"heading\" data-action=\"edit-text\">Ajoutez vos donn\u00e9es personnelles dans l&rsquo;outil de recherche du service propos\u00e9 par <strong>Tenerity<\/strong> aux assur\u00e9s de <strong>Moonshot.<\/strong><\/p>\n<\/div><\/div><\/div><\/div><\/div><div class=\"vc_col-sm-6 wpb_column vc_column_container\"><div class=\"vc_column-inner\"><div class=\"wpb_wrapper\"><div class=\"wpb_text_column\"><div class=\"wpb_wrapper\"><p><strong>Scanning en continue des donn\u00e9es personnelles sur le Web visible et invisible (DarkNet)<\/strong><\/p>\n<div class=\"heading_oz\" data-action=\"edit-text\">Bilan mensuel de vos alertes<\/div>\n<div data-action=\"edit-text\"><\/div>\n<div class=\"text-alert\" data-action=\"edit-text\">Chaque mois recevez un bilan personnalis\u00e9 relativement \u00e0 la d\u00e9tection de vos donn\u00e9es en ligne qui sont surveill\u00e9es 24h\/24 par les solutions de Tenerity<\/div>\n<\/div><\/div><\/div><\/div><\/div><\/div><\/div><\/div><\/div><\/div><\/div><\/section><section class=\"l-section wpb_row us_custom_cdf14ffd height_medium\"><div class=\"l-section-h i-cf\"><div class=\"g-cols vc_row via_flex valign_top type_default stacking_default\"><div class=\"vc_col-sm-3 wpb_column vc_column_container\"><div class=\"vc_column-inner\"><div class=\"wpb_wrapper\"><\/div><\/div><\/div><div class=\"vc_col-sm-6 wpb_column vc_column_container\"><div class=\"vc_column-inner\"><div class=\"wpb_wrapper\"><div class=\"w-iconbox us_custom_50cc7d67 iconpos_top style_default color_contrast align_center no_text no_title\"><div class=\"w-iconbox-icon\" style=\"font-size:3rem;\"><i class=\"fas fa-quote-left\"><\/i><\/div><div class=\"w-iconbox-meta\"><\/div><\/div><div class=\"wpb_text_column\"><div class=\"wpb_wrapper\"><h4 style=\"text-align: center\"><em>La protection des donn\u00e9es personnelles est devenue une pr\u00e9occupation majeure pour les consommateurs et par cons\u00e9quent celle des soci\u00e9t\u00e9s qui les accompagnent.<\/em><\/h4>\n<h4 style=\"text-align: center\"><em>Notre partenariat avec Tenerity nous permet d\u2019apporter une r\u00e9ponse sp\u00e9cifique face aux risques d\u2019usurpation d\u2019identit\u00e9, et d\u2019offrir \u00e0 nos partenaires une opportunit\u00e9 de renforcer davantage l&rsquo;engagement, la confiance et la fid\u00e9lit\u00e9 de leurs clients.<\/em><\/h4>\n<p style=\"text-align: center\"><b>Nicolas Serceau <\/b>Co-<em>Fondateur, <strong>Moonshot Insurance<\/strong><\/em><\/p>\n<\/div><\/div><\/div><\/div><\/div><div class=\"vc_col-sm-3 wpb_column vc_column_container\"><div class=\"vc_column-inner\"><div class=\"wpb_wrapper\"><\/div><\/div><\/div><\/div><\/div><\/section>\n","protected":false},"excerpt":{"rendered":"Moonshot Prot\u00e9ger gr\u00e2ce \u00e0 la d\u00e9tection du risque en temps r\u00e9el, caract\u00e9riser les faits gr\u00e2ce \u00e0 un accompagnement par des sp\u00e9cialistes, traiter les cons\u00e9quences d\u2019un acte av\u00e9r\u00e9 de cyber malveillance pour des milliers d&rsquo;assur\u00e9s Moonshot. Principaux r\u00e9sultats 1%c&rsquo;est l&rsquo;augmentation de la fr\u00e9quentation des visites de la plateforme Cybermalveillance.gouv.fr en 20221%des victimes sont des particuliers, souvent...","protected":false},"author":13,"featured_media":1378,"parent":195,"menu_order":6,"comment_status":"closed","ping_status":"closed","template":"","meta":{"footnotes":""},"class_list":["post-1352","page","type-page","status-publish","has-post-thumbnail","hentry"],"yoast_head":"<!-- This site is optimized with the Yoast SEO plugin v27.1.1 - https:\/\/yoast.com\/product\/yoast-seo-wordpress\/ -->\n<title>Moonshot - Tenerity FR<\/title>\n<meta name=\"description\" content=\"Tenerity vous pr\u00e9sente son \u00e9tude de cas avec Moonshot Assurances dans l&#039;accompagnement de la mise en place d&#039;une solution de cyber-protection pour ses assur\u00e9s.\" \/>\n<meta name=\"robots\" content=\"index, follow, max-snippet:-1, max-image-preview:large, max-video-preview:-1\" \/>\n<link rel=\"canonical\" href=\"https:\/\/www.tenerity.com\/fr\/cas-client\/moonshot\/\" \/>\n<meta property=\"og:locale\" content=\"fr_FR\" \/>\n<meta property=\"og:type\" content=\"article\" \/>\n<meta property=\"og:title\" content=\"Moonshot - Tenerity FR\" \/>\n<meta property=\"og:description\" content=\"Tenerity vous pr\u00e9sente son \u00e9tude de cas avec Moonshot Assurances dans l&#039;accompagnement de la mise en place d&#039;une solution de cyber-protection pour ses assur\u00e9s.\" \/>\n<meta property=\"og:url\" content=\"https:\/\/www.tenerity.com\/fr\/cas-client\/moonshot\/\" \/>\n<meta property=\"og:site_name\" content=\"Tenerity FR\" \/>\n<meta property=\"article:modified_time\" content=\"2023-11-16T17:48:27+00:00\" \/>\n<meta property=\"og:image\" content=\"https:\/\/www.tenerity.com\/fr\/wp-content\/uploads\/sites\/31\/2023\/11\/moonshot-scaled.jpg\" \/>\n\t<meta property=\"og:image:width\" content=\"2560\" \/>\n\t<meta property=\"og:image:height\" content=\"1707\" \/>\n\t<meta property=\"og:image:type\" content=\"image\/jpeg\" \/>\n<meta name=\"twitter:card\" content=\"summary_large_image\" \/>\n<meta name=\"twitter:label1\" content=\"Dur\u00e9e de lecture estim\u00e9e\" \/>\n\t<meta name=\"twitter:data1\" content=\"4 minutes\" \/>\n<script type=\"application\/ld+json\" class=\"yoast-schema-graph\">{\"@context\":\"https:\/\/schema.org\",\"@graph\":[{\"@type\":\"WebPage\",\"@id\":\"https:\/\/www.tenerity.com\/fr\/cas-client\/moonshot\/\",\"url\":\"https:\/\/www.tenerity.com\/fr\/cas-client\/moonshot\/\",\"name\":\"Moonshot - Tenerity FR\",\"isPartOf\":{\"@id\":\"https:\/\/www.tenerity.com\/fr\/#website\"},\"primaryImageOfPage\":{\"@id\":\"https:\/\/www.tenerity.com\/fr\/cas-client\/moonshot\/#primaryimage\"},\"image\":{\"@id\":\"https:\/\/www.tenerity.com\/fr\/cas-client\/moonshot\/#primaryimage\"},\"thumbnailUrl\":\"https:\/\/www.tenerity.com\/fr\/wp-content\/uploads\/sites\/31\/2023\/11\/moonshot-scaled.jpg\",\"datePublished\":\"2023-10-12T12:15:12+00:00\",\"dateModified\":\"2023-11-16T17:48:27+00:00\",\"description\":\"Tenerity vous pr\u00e9sente son \u00e9tude de cas avec Moonshot Assurances dans l'accompagnement de la mise en place d'une solution de cyber-protection pour ses assur\u00e9s.\",\"breadcrumb\":{\"@id\":\"https:\/\/www.tenerity.com\/fr\/cas-client\/moonshot\/#breadcrumb\"},\"inLanguage\":\"fr-FR\",\"potentialAction\":[{\"@type\":\"ReadAction\",\"target\":[\"https:\/\/www.tenerity.com\/fr\/cas-client\/moonshot\/\"]}]},{\"@type\":\"ImageObject\",\"inLanguage\":\"fr-FR\",\"@id\":\"https:\/\/www.tenerity.com\/fr\/cas-client\/moonshot\/#primaryimage\",\"url\":\"https:\/\/www.tenerity.com\/fr\/wp-content\/uploads\/sites\/31\/2023\/11\/moonshot-scaled.jpg\",\"contentUrl\":\"https:\/\/www.tenerity.com\/fr\/wp-content\/uploads\/sites\/31\/2023\/11\/moonshot-scaled.jpg\",\"width\":2560,\"height\":1707},{\"@type\":\"BreadcrumbList\",\"@id\":\"https:\/\/www.tenerity.com\/fr\/cas-client\/moonshot\/#breadcrumb\",\"itemListElement\":[{\"@type\":\"ListItem\",\"position\":1,\"name\":\"Home\",\"item\":\"https:\/\/www.tenerity.com\/fr\/\"},{\"@type\":\"ListItem\",\"position\":2,\"name\":\"Cas client\",\"item\":\"https:\/\/www.tenerity.com\/fr\/cas-client\/\"},{\"@type\":\"ListItem\",\"position\":3,\"name\":\"Moonshot\"}]},{\"@type\":\"WebSite\",\"@id\":\"https:\/\/www.tenerity.com\/fr\/#website\",\"url\":\"https:\/\/www.tenerity.com\/fr\/\",\"name\":\"Tenerity\",\"description\":\"Intelligent engagement and loyalty for modern brands\",\"potentialAction\":[{\"@type\":\"SearchAction\",\"target\":{\"@type\":\"EntryPoint\",\"urlTemplate\":\"https:\/\/www.tenerity.com\/fr\/?s={search_term_string}\"},\"query-input\":{\"@type\":\"PropertyValueSpecification\",\"valueRequired\":true,\"valueName\":\"search_term_string\"}}],\"inLanguage\":\"fr-FR\"}]}<\/script>\n<!-- \/ Yoast SEO plugin. -->","yoast_head_json":{"title":"Moonshot - Tenerity FR","description":"Tenerity vous pr\u00e9sente son \u00e9tude de cas avec Moonshot Assurances dans l'accompagnement de la mise en place d'une solution de cyber-protection pour ses assur\u00e9s.","robots":{"index":"index","follow":"follow","max-snippet":"max-snippet:-1","max-image-preview":"max-image-preview:large","max-video-preview":"max-video-preview:-1"},"canonical":"https:\/\/www.tenerity.com\/fr\/cas-client\/moonshot\/","og_locale":"fr_FR","og_type":"article","og_title":"Moonshot - Tenerity FR","og_description":"Tenerity vous pr\u00e9sente son \u00e9tude de cas avec Moonshot Assurances dans l'accompagnement de la mise en place d'une solution de cyber-protection pour ses assur\u00e9s.","og_url":"https:\/\/www.tenerity.com\/fr\/cas-client\/moonshot\/","og_site_name":"Tenerity FR","article_modified_time":"2023-11-16T17:48:27+00:00","og_image":[{"width":2560,"height":1707,"url":"https:\/\/www.tenerity.com\/fr\/wp-content\/uploads\/sites\/31\/2023\/11\/moonshot-scaled.jpg","type":"image\/jpeg"}],"twitter_card":"summary_large_image","twitter_misc":{"Dur\u00e9e de lecture estim\u00e9e":"4 minutes"},"schema":{"@context":"https:\/\/schema.org","@graph":[{"@type":"WebPage","@id":"https:\/\/www.tenerity.com\/fr\/cas-client\/moonshot\/","url":"https:\/\/www.tenerity.com\/fr\/cas-client\/moonshot\/","name":"Moonshot - Tenerity FR","isPartOf":{"@id":"https:\/\/www.tenerity.com\/fr\/#website"},"primaryImageOfPage":{"@id":"https:\/\/www.tenerity.com\/fr\/cas-client\/moonshot\/#primaryimage"},"image":{"@id":"https:\/\/www.tenerity.com\/fr\/cas-client\/moonshot\/#primaryimage"},"thumbnailUrl":"https:\/\/www.tenerity.com\/fr\/wp-content\/uploads\/sites\/31\/2023\/11\/moonshot-scaled.jpg","datePublished":"2023-10-12T12:15:12+00:00","dateModified":"2023-11-16T17:48:27+00:00","description":"Tenerity vous pr\u00e9sente son \u00e9tude de cas avec Moonshot Assurances dans l'accompagnement de la mise en place d'une solution de cyber-protection pour ses assur\u00e9s.","breadcrumb":{"@id":"https:\/\/www.tenerity.com\/fr\/cas-client\/moonshot\/#breadcrumb"},"inLanguage":"fr-FR","potentialAction":[{"@type":"ReadAction","target":["https:\/\/www.tenerity.com\/fr\/cas-client\/moonshot\/"]}]},{"@type":"ImageObject","inLanguage":"fr-FR","@id":"https:\/\/www.tenerity.com\/fr\/cas-client\/moonshot\/#primaryimage","url":"https:\/\/www.tenerity.com\/fr\/wp-content\/uploads\/sites\/31\/2023\/11\/moonshot-scaled.jpg","contentUrl":"https:\/\/www.tenerity.com\/fr\/wp-content\/uploads\/sites\/31\/2023\/11\/moonshot-scaled.jpg","width":2560,"height":1707},{"@type":"BreadcrumbList","@id":"https:\/\/www.tenerity.com\/fr\/cas-client\/moonshot\/#breadcrumb","itemListElement":[{"@type":"ListItem","position":1,"name":"Home","item":"https:\/\/www.tenerity.com\/fr\/"},{"@type":"ListItem","position":2,"name":"Cas client","item":"https:\/\/www.tenerity.com\/fr\/cas-client\/"},{"@type":"ListItem","position":3,"name":"Moonshot"}]},{"@type":"WebSite","@id":"https:\/\/www.tenerity.com\/fr\/#website","url":"https:\/\/www.tenerity.com\/fr\/","name":"Tenerity","description":"Intelligent engagement and loyalty for modern brands","potentialAction":[{"@type":"SearchAction","target":{"@type":"EntryPoint","urlTemplate":"https:\/\/www.tenerity.com\/fr\/?s={search_term_string}"},"query-input":{"@type":"PropertyValueSpecification","valueRequired":true,"valueName":"search_term_string"}}],"inLanguage":"fr-FR"}]}},"_links":{"self":[{"href":"https:\/\/www.tenerity.com\/fr\/wp-json\/wp\/v2\/pages\/1352","targetHints":{"allow":["GET"]}}],"collection":[{"href":"https:\/\/www.tenerity.com\/fr\/wp-json\/wp\/v2\/pages"}],"about":[{"href":"https:\/\/www.tenerity.com\/fr\/wp-json\/wp\/v2\/types\/page"}],"author":[{"embeddable":true,"href":"https:\/\/www.tenerity.com\/fr\/wp-json\/wp\/v2\/users\/13"}],"replies":[{"embeddable":true,"href":"https:\/\/www.tenerity.com\/fr\/wp-json\/wp\/v2\/comments?post=1352"}],"version-history":[{"count":0,"href":"https:\/\/www.tenerity.com\/fr\/wp-json\/wp\/v2\/pages\/1352\/revisions"}],"up":[{"embeddable":true,"href":"https:\/\/www.tenerity.com\/fr\/wp-json\/wp\/v2\/pages\/195"}],"wp:featuredmedia":[{"embeddable":true,"href":"https:\/\/www.tenerity.com\/fr\/wp-json\/wp\/v2\/media\/1378"}],"wp:attachment":[{"href":"https:\/\/www.tenerity.com\/fr\/wp-json\/wp\/v2\/media?parent=1352"}],"curies":[{"name":"wp","href":"https:\/\/api.w.org\/{rel}","templated":true}]}}