{"id":910,"date":"2022-10-27T17:10:55","date_gmt":"2022-10-27T17:10:55","guid":{"rendered":"https:\/\/www.tenerity.com\/es\/?page_id=910"},"modified":"2023-07-11T12:26:31","modified_gmt":"2023-07-11T12:26:31","slug":"savings","status":"publish","type":"page","link":"https:\/\/www.tenerity.com\/es\/soluciones\/savings\/","title":{"rendered":"Savings"},"content":{"rendered":"<section class=\"l-section wpb_row us_custom_5be30638 height_large color_alternate with_img with_shape\"><div class=\"l-section-img\" role=\"img\" aria-label=\"Imagen\" data-img-width=\"2121\" data-img-height=\"1414\" style=\"background-image: url(https:\/\/www.tenerity.com\/es\/wp-content\/uploads\/sites\/30\/2023\/06\/savings-page-banner_resized.jpg);\"><\/div><div class=\"l-section-overlay\" style=\"background:rgba(30,30,30,0.25)\"><\/div><div class=\"l-section-shape type_tilt pos_bottom hor_flip\" style=\"height:10vh;color:var(--color-header-middle-bg)\"><svg xmlns=\"http:\/\/www.w3.org\/2000\/svg\" viewBox=\"0 0 64 8\" preserveAspectRatio=\"none\" width=\"100%\" height=\"100%\">\r\n\t<path fill=\"currentColor\" d=\"M64 7.9 L64 10 L0 10 L0 0 Z\"\/>\r\n<\/svg><\/div><div class=\"l-section-h i-cf\"><div class=\"g-cols vc_row via_flex valign_middle type_default stacking_default\"><div class=\"vc_col-sm-6 wpb_column vc_column_container\"><div class=\"vc_column-inner us_custom_fcc6a1c6\"><div class=\"wpb_wrapper\"><div class=\"wpb_text_column us_custom_4b9db530 us_animate_this\"><div class=\"wpb_wrapper\"><h1>Savings<\/h1>\n<\/div><\/div><div class=\"wpb_text_column us_custom_de366d1c text___intro us_animate_this\"><div class=\"wpb_wrapper\"><p>Consigue una experiencia de compra m\u00e1s rentable para ti y tus clientes.<\/p>\n<\/div><\/div><\/div><\/div><\/div><div class=\"vc_col-sm-6 wpb_column vc_column_container\"><div class=\"vc_column-inner\"><div class=\"wpb_wrapper\"><\/div><\/div><\/div><\/div><\/div><\/section><section class=\"l-section wpb_row us_custom_6f9d098d height_auto type_sticky\" id=\"program___tab-bar\"><div class=\"l-section-h i-cf\"><div class=\"g-cols vc_row via_flex valign_bottom type_default stacking_default\"><div class=\"vc_col-sm-6 wpb_column vc_column_container\"><div class=\"vc_column-inner\"><div class=\"wpb_wrapper\"><div class=\"wpb_text_column smallprint\"><div class=\"wpb_wrapper\"><p>SOLUCI\u00d3N<\/p>\n<\/div><\/div><div class=\"wpb_text_column\"><div class=\"wpb_wrapper\"><h3>Savings<\/h3>\n<\/div><\/div><\/div><\/div><\/div><div class=\"vc_col-sm-6 wpb_column vc_column_container\"><div class=\"vc_column-inner\"><div class=\"wpb_wrapper\"><nav class=\"w-menu sub-nav layout_hor style_links us_menu_1\" style=\"--main-gap:1.5rem;--main-ver-indent:0.8em;--main-hor-indent:0.8em;--main-color:inherit;\"><ul id=\"menu-program-savings\" class=\"menu\"><li id=\"menu-item-968\" class=\"menu-item menu-item-type-custom menu-item-object-custom menu-item-968\"><a href=\"#program___overview\">Resumen<\/a><\/li><li id=\"menu-item-969\" class=\"menu-item menu-item-type-custom menu-item-object-custom menu-item-969\"><a href=\"#program___solutions\">Soluciones flexibles<\/a><\/li><li id=\"menu-item-970\" class=\"menu-item menu-item-type-custom menu-item-object-custom menu-item-970\"><a href=\"#program___why\">\u00bfPor qu\u00e9 Tenerity?<\/a><\/li><\/ul><style>@media ( max-width:600px ){.us_menu_1 .menu{display:block!important}.us_menu_1 .menu>li{margin:0 0 var(--main-gap,1.5rem)!important}}<\/style><\/nav><\/div><\/div><\/div><\/div><\/div><\/section><section class=\"l-section wpb_row height_auto type_sticky\" id=\"program___tab-bar-shadow\"><div class=\"l-section-h i-cf\"><div class=\"g-cols vc_row via_flex valign_bottom type_default stacking_default\"><div class=\"vc_col-sm-12 wpb_column vc_column_container\"><div class=\"vc_column-inner\"><div class=\"wpb_wrapper\"><\/div><\/div><\/div><\/div><\/div><\/section><section class=\"l-section wpb_row height_medium\" id=\"program___overview\"><div class=\"l-section-h i-cf\"><div class=\"g-cols vc_row via_flex valign_middle type_default stacking_default\"><div class=\"vc_col-sm-6 wpb_column vc_column_container\"><div class=\"vc_column-inner\"><div class=\"wpb_wrapper\"><div class=\"wpb_text_column\"><div class=\"wpb_wrapper\"><h2>Resumen<\/h2>\n<p><strong>Consigue una experiencia de compra m\u00e1s rentable para ti y tus clientes. <\/strong><\/p>\n<p>Nuestra plataforma de recompensas l\u00edder en el mercado, bajo un modelo de suscripci\u00f3n, fomenta las compras mediante la oferta de incentivos continuos (ayudando a tus clientes a ahorrar cientos de euros al a\u00f1o) lo que estimula interacciones m\u00e1s frecuentes y de mayor valor con tus clientes.<\/p>\n<p>Si quieres saber m\u00e1s sobre nuestra soluci\u00f3n, visita <a href=\"https:\/\/www.webloyalty.es\" target=\"_blank\" rel=\"noopener\">www.webloyalty.es<\/a>.<\/p>\n<\/div><\/div><\/div><\/div><\/div><div class=\"vc_col-sm-6 wpb_column vc_column_container\"><div class=\"vc_column-inner\"><div class=\"wpb_wrapper\"><div class=\"w-image us_custom_bec20362 us_animate_this align_none\"><div class=\"w-image-h\"><img decoding=\"async\" width=\"1000\" height=\"538\" src=\"https:\/\/www.tenerity.com\/es\/wp-content\/uploads\/sites\/30\/2022\/10\/WL-index_jumbotron-1-1024x551.png\" class=\"attachment-large size-large\" alt=\"\" loading=\"lazy\" srcset=\"https:\/\/www.tenerity.com\/es\/wp-content\/uploads\/sites\/30\/2022\/10\/WL-index_jumbotron-1-1024x551.png 1024w, https:\/\/www.tenerity.com\/es\/wp-content\/uploads\/sites\/30\/2022\/10\/WL-index_jumbotron-1-300x161.png 300w, https:\/\/www.tenerity.com\/es\/wp-content\/uploads\/sites\/30\/2022\/10\/WL-index_jumbotron-1.png 1888w\" sizes=\"auto, (max-width: 1000px) 100vw, 1000px\" \/><\/div><\/div><\/div><\/div><\/div><\/div><\/div><\/section><section class=\"l-section wpb_row height_auto with_shape\"><div class=\"l-section-shape type_tilt pos_bottom hor_flip\" style=\"height:10vh;color:var(--color-content-bg-alt)\"><svg xmlns=\"http:\/\/www.w3.org\/2000\/svg\" viewBox=\"0 0 64 8\" preserveAspectRatio=\"none\" width=\"100%\" height=\"100%\">\r\n\t<path fill=\"currentColor\" d=\"M64 7.9 L64 10 L0 10 L0 0 Z\"\/>\r\n<\/svg><\/div><div class=\"l-section-h i-cf\"><div class=\"g-cols vc_row via_flex valign_top type_default stacking_default\"><div class=\"vc_col-sm-12 wpb_column vc_column_container\"><div class=\"vc_column-inner\"><div class=\"wpb_wrapper\"><\/div><\/div><\/div><\/div><\/div><\/section><section class=\"l-section wpb_row us_custom_c70c97eb height_medium\" id=\"program___solutions\"><div class=\"l-section-h i-cf\"><div class=\"g-cols vc_row via_flex valign_middle type_default stacking_default\"><div class=\"vc_col-sm-12 wpb_column vc_column_container\"><div class=\"vc_column-inner\"><div class=\"wpb_wrapper\"><div class=\"g-cols wpb_row via_flex valign_top type_default stacking_default\"><div class=\"vc_col-sm-2 wpb_column vc_column_container\"><div class=\"vc_column-inner\"><div class=\"wpb_wrapper\"><\/div><\/div><\/div><div class=\"vc_col-sm-8 wpb_column vc_column_container\"><div class=\"vc_column-inner\"><div class=\"wpb_wrapper\"><div class=\"wpb_text_column\"><div class=\"wpb_wrapper\"><h2 style=\"text-align: center;\">Soluciones flexibles para alcanzar los objetivos de tu negocio.<\/h2>\n<\/div><\/div><\/div><\/div><\/div><div class=\"vc_col-sm-2 wpb_column vc_column_container\"><div class=\"vc_column-inner\"><div class=\"wpb_wrapper\"><\/div><\/div><\/div><\/div><div class=\"g-cols wpb_row text___smaller via_flex valign_top type_default stacking_default\"><div class=\"vc_col-sm-6 wpb_column vc_column_container\"><div class=\"vc_column-inner\"><div class=\"wpb_wrapper\"><div class=\"w-image us_custom_439390a6 align_center\"><div class=\"w-image-h\"><img decoding=\"async\" width=\"1000\" height=\"1000\" src=\"https:\/\/www.tenerity.com\/es\/wp-content\/uploads\/sites\/30\/2022\/11\/icon___webloyalty-pg-plugandplay-1024x1024.png\" class=\"attachment-large size-large\" alt=\"\" loading=\"lazy\" srcset=\"https:\/\/www.tenerity.com\/es\/wp-content\/uploads\/sites\/30\/2022\/11\/icon___webloyalty-pg-plugandplay-1024x1024.png 1024w, https:\/\/www.tenerity.com\/es\/wp-content\/uploads\/sites\/30\/2022\/11\/icon___webloyalty-pg-plugandplay-300x300.png 300w, https:\/\/www.tenerity.com\/es\/wp-content\/uploads\/sites\/30\/2022\/11\/icon___webloyalty-pg-plugandplay-150x150.png 150w, https:\/\/www.tenerity.com\/es\/wp-content\/uploads\/sites\/30\/2022\/11\/icon___webloyalty-pg-plugandplay.png 1080w\" sizes=\"auto, (max-width: 1000px) 100vw, 1000px\" \/><\/div><\/div><div class=\"wpb_text_column\"><div class=\"wpb_wrapper\"><h3 style=\"text-align: center;\">Plug &amp; Play<\/h3>\n<\/div><\/div><div class=\"wpb_text_column\"><div class=\"wpb_wrapper\"><p style=\"text-align: center;\">Nuestra soluci\u00f3n, lista para ser implementada, genera ingresos adicionales desde la p\u00e1gina de confirmaci\u00f3n de compra de tu ecommerce. Las ventajas para tus clientes incluyen un 10% m\u00ednimo de reembolso en m\u00e1s de 600 ecommerce, adem\u00e1s de otras ventajas para ahorrar en tu tienda online.<\/p>\n<\/div><\/div><\/div><\/div><\/div><div class=\"vc_col-sm-6 wpb_column vc_column_container\"><div class=\"vc_column-inner\"><div class=\"wpb_wrapper\"><div class=\"w-image us_custom_439390a6 align_center\"><div class=\"w-image-h\"><img decoding=\"async\" width=\"1000\" height=\"1000\" src=\"https:\/\/www.tenerity.com\/es\/wp-content\/uploads\/sites\/30\/2022\/11\/icon___webloyalty-pg-whitelabel-1024x1024.png\" class=\"attachment-large size-large\" alt=\"White label\" loading=\"lazy\" srcset=\"https:\/\/www.tenerity.com\/es\/wp-content\/uploads\/sites\/30\/2022\/11\/icon___webloyalty-pg-whitelabel-1024x1024.png 1024w, https:\/\/www.tenerity.com\/es\/wp-content\/uploads\/sites\/30\/2022\/11\/icon___webloyalty-pg-whitelabel-300x300.png 300w, https:\/\/www.tenerity.com\/es\/wp-content\/uploads\/sites\/30\/2022\/11\/icon___webloyalty-pg-whitelabel-150x150.png 150w, https:\/\/www.tenerity.com\/es\/wp-content\/uploads\/sites\/30\/2022\/11\/icon___webloyalty-pg-whitelabel.png 1080w\" sizes=\"auto, (max-width: 1000px) 100vw, 1000px\" \/><\/div><\/div><div class=\"wpb_text_column\"><div class=\"wpb_wrapper\"><h3 style=\"text-align: center;\">White Label<\/h3>\n<\/div><\/div><div class=\"wpb_text_column\"><div class=\"wpb_wrapper\"><p style=\"text-align: center;\">Con esta soluci\u00f3n, ponemos a disposici\u00f3n de nuestros partners la posibilidad de conectar con sus clientes a trav\u00e9s de una plataforma dise\u00f1ada con su imagen de marca, con la que poder ofrecerles una experiencia completamente personalizada.<\/p>\n<\/div><\/div><\/div><\/div><\/div><div class=\"vc_col-sm-4 wpb_column vc_column_container hide_on_default hide_on_laptops hide_on_tablets hide_on_mobiles\"><div class=\"vc_column-inner\"><div class=\"wpb_wrapper\"><div class=\"w-image align_center\"><div class=\"w-image-h\"><img decoding=\"async\" width=\"1000\" height=\"1000\" src=\"https:\/\/www.tenerity.com\/es\/wp-content\/uploads\/sites\/30\/2022\/11\/icon___webloyalty-pg-bespoke-1024x1024.png\" class=\"attachment-large size-large\" alt=\"Bespoke\" loading=\"lazy\" srcset=\"https:\/\/www.tenerity.com\/es\/wp-content\/uploads\/sites\/30\/2022\/11\/icon___webloyalty-pg-bespoke-1024x1024.png 1024w, https:\/\/www.tenerity.com\/es\/wp-content\/uploads\/sites\/30\/2022\/11\/icon___webloyalty-pg-bespoke-300x300.png 300w, https:\/\/www.tenerity.com\/es\/wp-content\/uploads\/sites\/30\/2022\/11\/icon___webloyalty-pg-bespoke-150x150.png 150w, https:\/\/www.tenerity.com\/es\/wp-content\/uploads\/sites\/30\/2022\/11\/icon___webloyalty-pg-bespoke.png 1080w\" sizes=\"auto, (max-width: 1000px) 100vw, 1000px\" \/><\/div><\/div><div class=\"wpb_text_column\"><div class=\"wpb_wrapper\"><h3 style=\"text-align: center;\">Bespoke<\/h3>\n<\/div><\/div><div class=\"wpb_text_column\"><div class=\"wpb_wrapper\"><p style=\"text-align: center;\">Our bespoke API solutions enable partners to offer their own rewards program as an extension of their business, powered by Webloyalty. Using a tailored approach, partners can optimize their customers\u2019 experience to achieve even better outcomes.<\/p>\n<\/div><\/div><\/div><\/div><\/div><\/div><\/div><\/div><\/div><\/div><\/div><\/section><section class=\"l-section wpb_row us_custom_c70c97eb height_auto with_shape\"><div class=\"l-section-shape type_triangle pos_bottom hor_flip\" style=\"height:10vh;color:var(--color-content-secondary)\"><svg xmlns=\"http:\/\/www.w3.org\/2000\/svg\" viewBox=\"0 0 64 8\" preserveAspectRatio=\"none\" width=\"100%\" height=\"100%\">\r\n\t<path fill=\"currentColor\" d=\"M64 8 L0 8 L0 0 L32 7.9 L64 0 Z\"\/>\r\n<\/svg><\/div><div class=\"l-section-h i-cf\"><div class=\"g-cols vc_row via_flex valign_top type_default stacking_default\"><div class=\"vc_col-sm-12 wpb_column vc_column_container\"><div class=\"vc_column-inner\"><div class=\"wpb_wrapper\"><\/div><\/div><\/div><\/div><\/div><\/section><section class=\"l-section wpb_row last-row height_medium color_alternate\" id=\"program___why\"><div class=\"l-section-h i-cf\"><div class=\"g-cols vc_row via_flex valign_top type_default stacking_default\"><div class=\"vc_col-sm-12 wpb_column vc_column_container content\"><div class=\"vc_column-inner\"><div class=\"wpb_wrapper\"><div class=\"wpb_text_column us_custom_4f24afa8\"><div class=\"wpb_wrapper\"><h2 style=\"text-align: center;\">\u00bfPor qu\u00e9 Tenerity?<\/h2>\n<\/div><\/div><div class=\"g-cols wpb_row why-tenerity via_flex valign_top type_default stacking_default\"><div class=\"vc_col-sm-6 wpb_column vc_column_container text\"><div class=\"vc_column-inner\"><div class=\"wpb_wrapper\"><div class=\"wpb_text_column\"><div class=\"wpb_wrapper\"><h3>Una plataforma solvente<\/h3>\n<\/div><\/div><div class=\"wpb_text_column\"><div class=\"wpb_wrapper\"><p>Trabajamos con algunos de los ecommece m\u00e1s grandes y relevantes del mundo. Nuestras soluciones integrales y escalables se adaptan a las necesidades de tu negocio, imagen de marca y puntos de contacto con el cliente con el objetivo de ofrecer los mejores resultados.<\/p>\n<\/div><\/div><\/div><\/div><\/div><div class=\"vc_col-sm-6 wpb_column vc_column_container text\"><div class=\"vc_column-inner\"><div class=\"wpb_wrapper\"><div class=\"wpb_text_column\"><div class=\"wpb_wrapper\"><h3>Compra inteligente<\/h3>\n<\/div><\/div><div class=\"wpb_text_column\"><div class=\"wpb_wrapper\"><p>Ofrecemos a tus clientes la mejor experiencia de compra posible. Realizamos pruebas y analizamos los resultados de forma constante con el objetivo de ofrecer siempre la mejor experiencia que ayude a conectar con tu marca.<\/p>\n<\/div><\/div><\/div><\/div><\/div><\/div><div class=\"g-cols wpb_row why-tenerity via_flex valign_top type_default stacking_default\"><div class=\"vc_col-sm-6 wpb_column vc_column_container text\"><div class=\"vc_column-inner\"><div class=\"wpb_wrapper\"><div class=\"wpb_text_column\"><div class=\"wpb_wrapper\"><h3>Experiencias m\u00e1s gratificantes<\/h3>\n<\/div><\/div><div class=\"wpb_text_column\"><div class=\"wpb_wrapper\"><p>Nuestro enfoque, centrado en el cliente, busca ofrecer un valor a\u00f1adido, adem\u00e1s de asegurarse de que el proceso es sencillo y sin fricciones. Integrado de forma eficiente en la experiencia de compra del cliente, ofrecemos ventajas tanto para el ecommerce como para el usuario.<\/p>\n<\/div><\/div><\/div><\/div><\/div><div class=\"vc_col-sm-6 wpb_column vc_column_container text\"><div class=\"vc_column-inner\"><div class=\"wpb_wrapper\"><div class=\"wpb_text_column\"><div class=\"wpb_wrapper\"><h3>Una extensi\u00f3n de tu marca<\/h3>\n<\/div><\/div><div class=\"wpb_text_column\"><div class=\"wpb_wrapper\"><p>Nos aseguramos de que cada uno de los incentivos ofrecidos es apropiado, relevante y en l\u00ednea con tus necesidades y las de tu cliente, as\u00ed como un complemento para tu marca.<\/p>\n<\/div><\/div><\/div><\/div><\/div><\/div><div class=\"g-cols wpb_row why-tenerity via_flex valign_top type_default stacking_default\"><div class=\"vc_col-sm-6 wpb_column vc_column_container text\"><div class=\"vc_column-inner\"><div class=\"wpb_wrapper\"><div class=\"wpb_text_column\"><div class=\"wpb_wrapper\"><h3>De implementaci\u00f3n r\u00e1pida<\/h3>\n<\/div><\/div><div class=\"wpb_text_column\"><div class=\"wpb_wrapper\"><p>Tanto si necesitas una soluci\u00f3n complementaria sencilla, como si prefieres un nivel de integraci\u00f3n m\u00e1s profundo, nuestra soluci\u00f3n funciona a la perfecci\u00f3n en tu negocio y puedes comenzar a generar ingresos adicionales en tan solo 30 minutos.<\/p>\n<\/div><\/div><\/div><\/div><\/div><\/div><\/div><\/div><\/div><\/div><\/div><\/section>\n","protected":false},"excerpt":{"rendered":"Savings Consigue una experiencia de compra m\u00e1s rentable para ti y tus clientes. SOLUCI\u00d3N Savings ResumenSoluciones flexibles\u00bfPor qu\u00e9 Tenerity?Resumen Consigue una experiencia de compra m\u00e1s rentable para ti y tus clientes. Nuestra plataforma de recompensas l\u00edder en el mercado, bajo un modelo de suscripci\u00f3n, fomenta las compras mediante la oferta de incentivos continuos (ayudando a...","protected":false},"author":3,"featured_media":1295,"parent":139,"menu_order":2,"comment_status":"closed","ping_status":"closed","template":"","meta":{"footnotes":""},"class_list":["post-910","page","type-page","status-publish","has-post-thumbnail","hentry"],"yoast_head":"<!-- This site is optimized with the Yoast SEO plugin v27.1.1 - https:\/\/yoast.com\/product\/yoast-seo-wordpress\/ -->\n<title>Savings - Tenerity ES<\/title>\n<meta name=\"robots\" content=\"index, follow, max-snippet:-1, max-image-preview:large, max-video-preview:-1\" \/>\n<link rel=\"canonical\" href=\"https:\/\/www.tenerity.com\/es\/soluciones\/savings\/\" \/>\n<meta property=\"og:locale\" content=\"es_ES\" \/>\n<meta property=\"og:type\" content=\"article\" \/>\n<meta property=\"og:title\" content=\"Savings - Tenerity ES\" \/>\n<meta property=\"og:url\" content=\"https:\/\/www.tenerity.com\/es\/soluciones\/savings\/\" \/>\n<meta property=\"og:site_name\" content=\"Tenerity ES\" \/>\n<meta property=\"article:modified_time\" content=\"2023-07-11T12:26:31+00:00\" \/>\n<meta property=\"og:image\" content=\"https:\/\/www.tenerity.com\/es\/wp-content\/uploads\/sites\/30\/2023\/06\/savings-page-banner_resized.jpg\" \/>\n\t<meta property=\"og:image:width\" content=\"2121\" \/>\n\t<meta property=\"og:image:height\" content=\"1414\" \/>\n\t<meta property=\"og:image:type\" content=\"image\/jpeg\" \/>\n<meta name=\"twitter:card\" content=\"summary_large_image\" \/>\n<meta name=\"twitter:label1\" content=\"Tiempo de lectura\" \/>\n\t<meta name=\"twitter:data1\" content=\"3 minutos\" \/>\n<script type=\"application\/ld+json\" class=\"yoast-schema-graph\">{\"@context\":\"https:\/\/schema.org\",\"@graph\":[{\"@type\":\"WebPage\",\"@id\":\"https:\/\/www.tenerity.com\/es\/soluciones\/savings\/\",\"url\":\"https:\/\/www.tenerity.com\/es\/soluciones\/savings\/\",\"name\":\"Savings - Tenerity ES\",\"isPartOf\":{\"@id\":\"https:\/\/www.tenerity.com\/es\/#website\"},\"primaryImageOfPage\":{\"@id\":\"https:\/\/www.tenerity.com\/es\/soluciones\/savings\/#primaryimage\"},\"image\":{\"@id\":\"https:\/\/www.tenerity.com\/es\/soluciones\/savings\/#primaryimage\"},\"thumbnailUrl\":\"https:\/\/www.tenerity.com\/es\/wp-content\/uploads\/sites\/30\/2023\/06\/savings-page-banner_resized.jpg\",\"datePublished\":\"2022-10-27T17:10:55+00:00\",\"dateModified\":\"2023-07-11T12:26:31+00:00\",\"breadcrumb\":{\"@id\":\"https:\/\/www.tenerity.com\/es\/soluciones\/savings\/#breadcrumb\"},\"inLanguage\":\"es\",\"potentialAction\":[{\"@type\":\"ReadAction\",\"target\":[\"https:\/\/www.tenerity.com\/es\/soluciones\/savings\/\"]}]},{\"@type\":\"ImageObject\",\"inLanguage\":\"es\",\"@id\":\"https:\/\/www.tenerity.com\/es\/soluciones\/savings\/#primaryimage\",\"url\":\"https:\/\/www.tenerity.com\/es\/wp-content\/uploads\/sites\/30\/2023\/06\/savings-page-banner_resized.jpg\",\"contentUrl\":\"https:\/\/www.tenerity.com\/es\/wp-content\/uploads\/sites\/30\/2023\/06\/savings-page-banner_resized.jpg\",\"width\":2121,\"height\":1414},{\"@type\":\"BreadcrumbList\",\"@id\":\"https:\/\/www.tenerity.com\/es\/soluciones\/savings\/#breadcrumb\",\"itemListElement\":[{\"@type\":\"ListItem\",\"position\":1,\"name\":\"Home\",\"item\":\"https:\/\/www.tenerity.com\/es\/\"},{\"@type\":\"ListItem\",\"position\":2,\"name\":\"Soluciones\",\"item\":\"https:\/\/www.tenerity.com\/es\/soluciones\/\"},{\"@type\":\"ListItem\",\"position\":3,\"name\":\"Savings\"}]},{\"@type\":\"WebSite\",\"@id\":\"https:\/\/www.tenerity.com\/es\/#website\",\"url\":\"https:\/\/www.tenerity.com\/es\/\",\"name\":\"Tenerity\",\"description\":\"Intelligent engagement and loyalty for modern brands\",\"potentialAction\":[{\"@type\":\"SearchAction\",\"target\":{\"@type\":\"EntryPoint\",\"urlTemplate\":\"https:\/\/www.tenerity.com\/es\/?s={search_term_string}\"},\"query-input\":{\"@type\":\"PropertyValueSpecification\",\"valueRequired\":true,\"valueName\":\"search_term_string\"}}],\"inLanguage\":\"es\"}]}<\/script>\n<!-- \/ Yoast SEO plugin. -->","yoast_head_json":{"title":"Savings - Tenerity ES","robots":{"index":"index","follow":"follow","max-snippet":"max-snippet:-1","max-image-preview":"max-image-preview:large","max-video-preview":"max-video-preview:-1"},"canonical":"https:\/\/www.tenerity.com\/es\/soluciones\/savings\/","og_locale":"es_ES","og_type":"article","og_title":"Savings - Tenerity ES","og_url":"https:\/\/www.tenerity.com\/es\/soluciones\/savings\/","og_site_name":"Tenerity ES","article_modified_time":"2023-07-11T12:26:31+00:00","og_image":[{"width":2121,"height":1414,"url":"https:\/\/www.tenerity.com\/es\/wp-content\/uploads\/sites\/30\/2023\/06\/savings-page-banner_resized.jpg","type":"image\/jpeg"}],"twitter_card":"summary_large_image","twitter_misc":{"Tiempo de lectura":"3 minutos"},"schema":{"@context":"https:\/\/schema.org","@graph":[{"@type":"WebPage","@id":"https:\/\/www.tenerity.com\/es\/soluciones\/savings\/","url":"https:\/\/www.tenerity.com\/es\/soluciones\/savings\/","name":"Savings - Tenerity ES","isPartOf":{"@id":"https:\/\/www.tenerity.com\/es\/#website"},"primaryImageOfPage":{"@id":"https:\/\/www.tenerity.com\/es\/soluciones\/savings\/#primaryimage"},"image":{"@id":"https:\/\/www.tenerity.com\/es\/soluciones\/savings\/#primaryimage"},"thumbnailUrl":"https:\/\/www.tenerity.com\/es\/wp-content\/uploads\/sites\/30\/2023\/06\/savings-page-banner_resized.jpg","datePublished":"2022-10-27T17:10:55+00:00","dateModified":"2023-07-11T12:26:31+00:00","breadcrumb":{"@id":"https:\/\/www.tenerity.com\/es\/soluciones\/savings\/#breadcrumb"},"inLanguage":"es","potentialAction":[{"@type":"ReadAction","target":["https:\/\/www.tenerity.com\/es\/soluciones\/savings\/"]}]},{"@type":"ImageObject","inLanguage":"es","@id":"https:\/\/www.tenerity.com\/es\/soluciones\/savings\/#primaryimage","url":"https:\/\/www.tenerity.com\/es\/wp-content\/uploads\/sites\/30\/2023\/06\/savings-page-banner_resized.jpg","contentUrl":"https:\/\/www.tenerity.com\/es\/wp-content\/uploads\/sites\/30\/2023\/06\/savings-page-banner_resized.jpg","width":2121,"height":1414},{"@type":"BreadcrumbList","@id":"https:\/\/www.tenerity.com\/es\/soluciones\/savings\/#breadcrumb","itemListElement":[{"@type":"ListItem","position":1,"name":"Home","item":"https:\/\/www.tenerity.com\/es\/"},{"@type":"ListItem","position":2,"name":"Soluciones","item":"https:\/\/www.tenerity.com\/es\/soluciones\/"},{"@type":"ListItem","position":3,"name":"Savings"}]},{"@type":"WebSite","@id":"https:\/\/www.tenerity.com\/es\/#website","url":"https:\/\/www.tenerity.com\/es\/","name":"Tenerity","description":"Intelligent engagement and loyalty for modern brands","potentialAction":[{"@type":"SearchAction","target":{"@type":"EntryPoint","urlTemplate":"https:\/\/www.tenerity.com\/es\/?s={search_term_string}"},"query-input":{"@type":"PropertyValueSpecification","valueRequired":true,"valueName":"search_term_string"}}],"inLanguage":"es"}]}},"_links":{"self":[{"href":"https:\/\/www.tenerity.com\/es\/wp-json\/wp\/v2\/pages\/910","targetHints":{"allow":["GET"]}}],"collection":[{"href":"https:\/\/www.tenerity.com\/es\/wp-json\/wp\/v2\/pages"}],"about":[{"href":"https:\/\/www.tenerity.com\/es\/wp-json\/wp\/v2\/types\/page"}],"author":[{"embeddable":true,"href":"https:\/\/www.tenerity.com\/es\/wp-json\/wp\/v2\/users\/3"}],"replies":[{"embeddable":true,"href":"https:\/\/www.tenerity.com\/es\/wp-json\/wp\/v2\/comments?post=910"}],"version-history":[{"count":0,"href":"https:\/\/www.tenerity.com\/es\/wp-json\/wp\/v2\/pages\/910\/revisions"}],"up":[{"embeddable":true,"href":"https:\/\/www.tenerity.com\/es\/wp-json\/wp\/v2\/pages\/139"}],"wp:featuredmedia":[{"embeddable":true,"href":"https:\/\/www.tenerity.com\/es\/wp-json\/wp\/v2\/media\/1295"}],"wp:attachment":[{"href":"https:\/\/www.tenerity.com\/es\/wp-json\/wp\/v2\/media?parent=910"}],"curies":[{"name":"wp","href":"https:\/\/api.w.org\/{rel}","templated":true}]}}