{"id":886,"date":"2022-10-20T17:01:52","date_gmt":"2022-10-20T17:01:52","guid":{"rendered":"https:\/\/www.tenerity.com\/es\/?page_id=886"},"modified":"2023-10-17T15:23:30","modified_gmt":"2023-10-17T15:23:30","slug":"aviso-legal","status":"publish","type":"page","link":"https:\/\/www.tenerity.com\/es\/aviso-legal\/","title":{"rendered":"Aviso legal"},"content":{"rendered":"<section class=\"l-section wpb_row us_custom_11553957 height_large color_secondary with_img parallax_ver with_shape\" id=\"hero\"><div class=\"l-section-img\" role=\"img\" aria-label=\"Insights\" data-img-width=\"1140\" data-img-height=\"426\" style=\"background-image: url(https:\/\/www.tenerity.com\/es\/wp-content\/uploads\/sites\/30\/2022\/10\/hero___insights.jpg);background-position: top center;background-repeat: no-repeat;\"><\/div><div class=\"l-section-overlay\" style=\"background:rgba(26,26,26,0.25)\"><\/div><div class=\"l-section-shape type_tilt pos_bottom hor_flip\" style=\"height:10vh;\"><svg xmlns=\"http:\/\/www.w3.org\/2000\/svg\" viewBox=\"0 0 64 8\" preserveAspectRatio=\"none\" width=\"100%\" height=\"100%\">\r\n\t<path fill=\"currentColor\" d=\"M64 7.9 L64 10 L0 10 L0 0 Z\"\/>\r\n<\/svg><\/div><div class=\"l-section-h i-cf\"><div class=\"g-cols vc_row via_flex valign_middle type_default stacking_default\"><div class=\"vc_col-sm-6 wpb_column vc_column_container\"><div class=\"vc_column-inner\"><div class=\"wpb_wrapper\"><div class=\"wpb_text_column us_custom_4b9db530 us_animate_this\"><div class=\"wpb_wrapper\"><h1>Aviso legal<\/h1>\n<\/div><\/div><\/div><\/div><\/div><div class=\"vc_col-sm-6 wpb_column vc_column_container\"><div class=\"vc_column-inner\"><div class=\"wpb_wrapper\"><\/div><\/div><\/div><\/div><\/div><\/section><section class=\"l-section wpb_row last-row height_medium\"><div class=\"l-section-h i-cf\"><div class=\"g-cols vc_row via_flex valign_top type_default stacking_default\"><div class=\"vc_col-sm-12 wpb_column vc_column_container\"><div class=\"vc_column-inner\"><div class=\"wpb_wrapper\"><div class=\"wpb_text_column\"><div class=\"wpb_wrapper\"><p>Esta p\u00e1gina web es propiedad y est\u00e1 gestionada por Tenerity S.L., una sociedad mercantil debidamente constituida, con domicilio social en la C\/ V\u00eda de los Poblados, 1 Parque Empresarial Alvento, Edificio A, planta 5\u00aa,<br \/>\n28033 Madrid. CIF B-80516065, inscrita en el Registro Mercantil de Madrid, Registro Mercantil de Madrid Tomo 16687, folio 221 Inscripci\u00f3n 68, hoja M-90382; el simple acceso y uso a la misma implica la aceptaci\u00f3n de las siguientes condiciones de uso.<\/p>\n<p>Se encuentra inscrita en el Registro administrativo especial de mediadores de seguros, corredores de reaseguros y de sus altos cargos de la Direcci\u00f3n General de Seguros y Fondos de Pensiones (DGSFP) con la clave AJ-0067.<\/p>\n<p><strong>Responsable<\/strong><\/p>\n<p><em>Identidad<\/em>: Tenerity S.L.U.<\/p>\n<p><em>Domicilio Social<\/em>: C\/ V\u00eda de los Poblados, 1 Parque Empresarial Alvento, Edificio A, planta 5\u00aa, 28033 Madrid.<\/p>\n<p><em>Correo electr\u00f3nico<\/em>: <a href=\"mailto:contacto@tenerity.com\">contacto@tenerity.com<\/a> o si es por asuntos administrativos puedes contactar en <a href=\"mailto:recepci\u00f3n@tenerity.com\">recepci\u00f3n@tenerity.com<\/a><\/p>\n<p><em>Tel\u00e9fono de contacto<\/em>: 911 116 805<\/p>\n<p><strong>Obligaciones del usuario.<\/strong><\/p>\n<p>Como Usuario deber\u00e1s respetar en todo momento los t\u00e9rminos de uso. De forma expresa manifiestas que utilizar\u00e1s la p\u00e1gina web de forma diligente y asumiendo cualquier responsabilidad que pudiera derivarse del incumplimiento de las normas.<\/p>\n<p><strong>Responsabilidad de Tenerity<\/strong><\/p>\n<p>Como usuario conoces y aceptas que esta p\u00e1gina web no otorga ninguna garant\u00eda de cualquier naturaleza, ya sea expresa o impl\u00edcita, sobre los datos, contenidos, informaci\u00f3n y servicios que se incorporan y ofrecen desde la p\u00e1gina web.<\/p>\n<p>Exceptuando los casos que la Ley imponga expresamente lo contrario, y exclusivamente con la medida y extensi\u00f3n en que lo imponga, Tenerity, no garantiza ni asume responsabilidad alguna respecto a los posibles da\u00f1os y perjuicios causados por el uso y utilizaci\u00f3n de la informaci\u00f3n,<br \/>\ndatos y servicios de la p\u00e1gina web.<\/p>\n<p>En todo caso, Tenerity, no se hace responsable por los da\u00f1os y perjuicios que puedan deberse a la informaci\u00f3n y\/o servicios prestados o suministrados por terceros diferentes a Tenerity. Toda responsabilidad ser\u00e1 del tercero ya sea proveedor o colaborador.<\/p>\n<p><strong>Propiedad intelectual e industrial<\/strong><\/p>\n<p>Todos los contenidos, marcas, logos, dibujos, documentaci\u00f3n, programas inform\u00e1ticos o cualquier otro elemento susceptible de protecci\u00f3n por la legislaci\u00f3n de propiedad intelectual o industrial, que sean accesibles en la p\u00e1gina web, corresponden exclusivamente a Tenerity o a sus leg\u00edtimos titulares y quedan expresamente reservados todos los derechos sobre los mismos.<br \/>\nQueda expresamente prohibida la creaci\u00f3n de enlaces de hipertexto (links) a cualquier elemento integrante de la p\u00e1gina web sin la autorizaci\u00f3n de Tenerity.<br \/>\nEn cualquier caso, Tenerity se reserva todos los derechos sobre los contenidos, informaci\u00f3n, datos y servicios que ostente sobre los mismos.\u00a0 Tenerity no concede ninguna licencia o autorizaci\u00f3n de uso al usuario sobre sus contenidos, datos o servicios, distinta de la que expresamente se detalle en estos t\u00e9rminos de uso.<\/p>\n<p><strong>Uso de datos personales y cookies.<\/strong><\/p>\n<p>La compilaci\u00f3n y uso de los datos personales o no que puedan ser registrados de los usuarios estar\u00e1n sometidos a lo indicado en las <a href=\"https:\/\/www.tenerity.com\/es\/politica-de-privacidad\/\">Pol\u00edticas de Privacidad<\/a> y de <a href=\"https:\/\/www.tenerity.com\/es\/politica-de-cookies\/\">Cookies<\/a> respectivamente.<\/p>\n<p><strong>Legislaci\u00f3n aplicable, jurisdicci\u00f3n competente y notificaciones<\/strong><\/p>\n<p>Los presentes t\u00e9rminos se rigen y se interpretan de acuerdo con las Leyes de Espa\u00f1a. Para cualquier reclamaci\u00f3n ser\u00e1n competentes los juzgados y tribunales de Madrid. Todas las notificaciones, requerimientos, peticiones y otras comunicaciones que el usuario desee efectuar con Tenerity, deber\u00e1n realizarse por escrito y se entender\u00e1 que han sido correctamente realizadas cuando hayan sido recibidas en la siguiente direcci\u00f3n: C\/ V\u00eda de los Poblados, 1 Parque Empresarial Alvento, Edificio A, planta 5\u00aa, 28033 Madrid.<\/p>\n<p><strong>Modificaciones<\/strong><\/p>\n<p>Tenerity se reserva la facultad de modificar en cualquier momento este documento, por lo que te recomendamos que los consultes peri\u00f3dicamente.<\/p>\n<p><em>DOCUMENTO MODIFICADO EN JULIO 2023<\/em><\/p>\n<\/div><\/div><\/div><\/div><\/div><\/div><\/div><\/section>\n","protected":false},"excerpt":{"rendered":"Aviso legal Esta p\u00e1gina web es propiedad y est\u00e1 gestionada por Tenerity S.L., una sociedad mercantil debidamente constituida, con domicilio social en la C\/ V\u00eda de los Poblados, 1 Parque Empresarial Alvento, Edificio A, planta 5\u00aa, 28033 Madrid. CIF B-80516065, inscrita en el Registro Mercantil de Madrid, Registro Mercantil de Madrid Tomo 16687, folio 221...","protected":false},"author":3,"featured_media":621,"parent":0,"menu_order":10,"comment_status":"closed","ping_status":"closed","template":"","meta":{"footnotes":""},"class_list":["post-886","page","type-page","status-publish","has-post-thumbnail","hentry"],"yoast_head":"<!-- This site is optimized with the Yoast SEO plugin v27.1.1 - https:\/\/yoast.com\/product\/yoast-seo-wordpress\/ -->\n<title>Aviso legal - Tenerity ES<\/title>\n<meta name=\"robots\" content=\"index, follow, max-snippet:-1, max-image-preview:large, max-video-preview:-1\" \/>\n<link rel=\"canonical\" href=\"https:\/\/www.tenerity.com\/es\/aviso-legal\/\" \/>\n<meta property=\"og:locale\" content=\"es_ES\" \/>\n<meta property=\"og:type\" content=\"article\" \/>\n<meta property=\"og:title\" content=\"Aviso legal - Tenerity ES\" \/>\n<meta property=\"og:url\" content=\"https:\/\/www.tenerity.com\/es\/aviso-legal\/\" \/>\n<meta property=\"og:site_name\" content=\"Tenerity ES\" \/>\n<meta property=\"article:modified_time\" content=\"2023-10-17T15:23:30+00:00\" \/>\n<meta property=\"og:image\" content=\"https:\/\/www.tenerity.com\/es\/wp-content\/uploads\/sites\/30\/2022\/10\/hero___insights.jpg\" \/>\n\t<meta property=\"og:image:width\" content=\"1140\" \/>\n\t<meta property=\"og:image:height\" content=\"426\" \/>\n\t<meta property=\"og:image:type\" content=\"image\/jpeg\" \/>\n<meta name=\"twitter:card\" content=\"summary_large_image\" \/>\n<meta name=\"twitter:label1\" content=\"Tiempo de lectura\" \/>\n\t<meta name=\"twitter:data1\" content=\"3 minutos\" \/>\n<script type=\"application\/ld+json\" class=\"yoast-schema-graph\">{\"@context\":\"https:\/\/schema.org\",\"@graph\":[{\"@type\":\"WebPage\",\"@id\":\"https:\/\/www.tenerity.com\/es\/aviso-legal\/\",\"url\":\"https:\/\/www.tenerity.com\/es\/aviso-legal\/\",\"name\":\"Aviso legal - Tenerity ES\",\"isPartOf\":{\"@id\":\"https:\/\/www.tenerity.com\/es\/#website\"},\"primaryImageOfPage\":{\"@id\":\"https:\/\/www.tenerity.com\/es\/aviso-legal\/#primaryimage\"},\"image\":{\"@id\":\"https:\/\/www.tenerity.com\/es\/aviso-legal\/#primaryimage\"},\"thumbnailUrl\":\"https:\/\/www.tenerity.com\/es\/wp-content\/uploads\/sites\/30\/2022\/10\/hero___insights.jpg\",\"datePublished\":\"2022-10-20T17:01:52+00:00\",\"dateModified\":\"2023-10-17T15:23:30+00:00\",\"breadcrumb\":{\"@id\":\"https:\/\/www.tenerity.com\/es\/aviso-legal\/#breadcrumb\"},\"inLanguage\":\"es\",\"potentialAction\":[{\"@type\":\"ReadAction\",\"target\":[\"https:\/\/www.tenerity.com\/es\/aviso-legal\/\"]}]},{\"@type\":\"ImageObject\",\"inLanguage\":\"es\",\"@id\":\"https:\/\/www.tenerity.com\/es\/aviso-legal\/#primaryimage\",\"url\":\"https:\/\/www.tenerity.com\/es\/wp-content\/uploads\/sites\/30\/2022\/10\/hero___insights.jpg\",\"contentUrl\":\"https:\/\/www.tenerity.com\/es\/wp-content\/uploads\/sites\/30\/2022\/10\/hero___insights.jpg\",\"width\":1140,\"height\":426,\"caption\":\"Insights\"},{\"@type\":\"BreadcrumbList\",\"@id\":\"https:\/\/www.tenerity.com\/es\/aviso-legal\/#breadcrumb\",\"itemListElement\":[{\"@type\":\"ListItem\",\"position\":1,\"name\":\"Home\",\"item\":\"https:\/\/www.tenerity.com\/es\/\"},{\"@type\":\"ListItem\",\"position\":2,\"name\":\"Aviso legal\"}]},{\"@type\":\"WebSite\",\"@id\":\"https:\/\/www.tenerity.com\/es\/#website\",\"url\":\"https:\/\/www.tenerity.com\/es\/\",\"name\":\"Tenerity\",\"description\":\"Intelligent engagement and loyalty for modern brands\",\"potentialAction\":[{\"@type\":\"SearchAction\",\"target\":{\"@type\":\"EntryPoint\",\"urlTemplate\":\"https:\/\/www.tenerity.com\/es\/?s={search_term_string}\"},\"query-input\":{\"@type\":\"PropertyValueSpecification\",\"valueRequired\":true,\"valueName\":\"search_term_string\"}}],\"inLanguage\":\"es\"}]}<\/script>\n<!-- \/ Yoast SEO plugin. -->","yoast_head_json":{"title":"Aviso legal - Tenerity ES","robots":{"index":"index","follow":"follow","max-snippet":"max-snippet:-1","max-image-preview":"max-image-preview:large","max-video-preview":"max-video-preview:-1"},"canonical":"https:\/\/www.tenerity.com\/es\/aviso-legal\/","og_locale":"es_ES","og_type":"article","og_title":"Aviso legal - Tenerity ES","og_url":"https:\/\/www.tenerity.com\/es\/aviso-legal\/","og_site_name":"Tenerity ES","article_modified_time":"2023-10-17T15:23:30+00:00","og_image":[{"width":1140,"height":426,"url":"https:\/\/www.tenerity.com\/es\/wp-content\/uploads\/sites\/30\/2022\/10\/hero___insights.jpg","type":"image\/jpeg"}],"twitter_card":"summary_large_image","twitter_misc":{"Tiempo de lectura":"3 minutos"},"schema":{"@context":"https:\/\/schema.org","@graph":[{"@type":"WebPage","@id":"https:\/\/www.tenerity.com\/es\/aviso-legal\/","url":"https:\/\/www.tenerity.com\/es\/aviso-legal\/","name":"Aviso legal - Tenerity ES","isPartOf":{"@id":"https:\/\/www.tenerity.com\/es\/#website"},"primaryImageOfPage":{"@id":"https:\/\/www.tenerity.com\/es\/aviso-legal\/#primaryimage"},"image":{"@id":"https:\/\/www.tenerity.com\/es\/aviso-legal\/#primaryimage"},"thumbnailUrl":"https:\/\/www.tenerity.com\/es\/wp-content\/uploads\/sites\/30\/2022\/10\/hero___insights.jpg","datePublished":"2022-10-20T17:01:52+00:00","dateModified":"2023-10-17T15:23:30+00:00","breadcrumb":{"@id":"https:\/\/www.tenerity.com\/es\/aviso-legal\/#breadcrumb"},"inLanguage":"es","potentialAction":[{"@type":"ReadAction","target":["https:\/\/www.tenerity.com\/es\/aviso-legal\/"]}]},{"@type":"ImageObject","inLanguage":"es","@id":"https:\/\/www.tenerity.com\/es\/aviso-legal\/#primaryimage","url":"https:\/\/www.tenerity.com\/es\/wp-content\/uploads\/sites\/30\/2022\/10\/hero___insights.jpg","contentUrl":"https:\/\/www.tenerity.com\/es\/wp-content\/uploads\/sites\/30\/2022\/10\/hero___insights.jpg","width":1140,"height":426,"caption":"Insights"},{"@type":"BreadcrumbList","@id":"https:\/\/www.tenerity.com\/es\/aviso-legal\/#breadcrumb","itemListElement":[{"@type":"ListItem","position":1,"name":"Home","item":"https:\/\/www.tenerity.com\/es\/"},{"@type":"ListItem","position":2,"name":"Aviso legal"}]},{"@type":"WebSite","@id":"https:\/\/www.tenerity.com\/es\/#website","url":"https:\/\/www.tenerity.com\/es\/","name":"Tenerity","description":"Intelligent engagement and loyalty for modern brands","potentialAction":[{"@type":"SearchAction","target":{"@type":"EntryPoint","urlTemplate":"https:\/\/www.tenerity.com\/es\/?s={search_term_string}"},"query-input":{"@type":"PropertyValueSpecification","valueRequired":true,"valueName":"search_term_string"}}],"inLanguage":"es"}]}},"_links":{"self":[{"href":"https:\/\/www.tenerity.com\/es\/wp-json\/wp\/v2\/pages\/886","targetHints":{"allow":["GET"]}}],"collection":[{"href":"https:\/\/www.tenerity.com\/es\/wp-json\/wp\/v2\/pages"}],"about":[{"href":"https:\/\/www.tenerity.com\/es\/wp-json\/wp\/v2\/types\/page"}],"author":[{"embeddable":true,"href":"https:\/\/www.tenerity.com\/es\/wp-json\/wp\/v2\/users\/3"}],"replies":[{"embeddable":true,"href":"https:\/\/www.tenerity.com\/es\/wp-json\/wp\/v2\/comments?post=886"}],"version-history":[{"count":0,"href":"https:\/\/www.tenerity.com\/es\/wp-json\/wp\/v2\/pages\/886\/revisions"}],"wp:featuredmedia":[{"embeddable":true,"href":"https:\/\/www.tenerity.com\/es\/wp-json\/wp\/v2\/media\/621"}],"wp:attachment":[{"href":"https:\/\/www.tenerity.com\/es\/wp-json\/wp\/v2\/media?parent=886"}],"curies":[{"name":"wp","href":"https:\/\/api.w.org\/{rel}","templated":true}]}}