{"id":452,"date":"2022-10-14T15:10:30","date_gmt":"2022-10-14T15:10:30","guid":{"rendered":"https:\/\/testing123.mobi\/tenerity\/?page_id=452"},"modified":"2023-10-13T14:01:59","modified_gmt":"2023-10-13T14:01:59","slug":"empleo","status":"publish","type":"page","link":"https:\/\/www.tenerity.com\/es\/empleo\/","title":{"rendered":"Empleo"},"content":{"rendered":"<section class=\"l-section wpb_row us_custom_11553957 bg-img-cover height_large color_primary with_img with_shape\"><div class=\"l-section-img\" role=\"img\" aria-label=\"Tenerity : Careers\" data-img-width=\"1440\" data-img-height=\"426\" style=\"background-image: url(https:\/\/www.tenerity.com\/es\/wp-content\/uploads\/sites\/30\/2022\/10\/join-us.png);background-repeat: no-repeat;\"><\/div><div class=\"l-section-overlay\" style=\"background:rgba(26,26,26,0.25)\"><\/div><div class=\"l-section-shape type_tilt pos_bottom hor_flip\" style=\"height:10vh;color:var(--color-header-middle-bg)\"><svg xmlns=\"http:\/\/www.w3.org\/2000\/svg\" viewBox=\"0 0 64 8\" preserveAspectRatio=\"none\" width=\"100%\" height=\"100%\">\r\n\t<path fill=\"currentColor\" d=\"M64 7.9 L64 10 L0 10 L0 0 Z\"\/>\r\n<\/svg><\/div><div class=\"l-section-h i-cf\"><div class=\"g-cols vc_row via_flex valign_middle type_default stacking_default\"><div class=\"vc_col-sm-12 wpb_column vc_column_container\"><div class=\"vc_column-inner\"><div class=\"wpb_wrapper\"><div class=\"g-cols wpb_row via_flex valign_top type_default stacking_default\"><div class=\"vc_col-sm-6 wpb_column vc_column_container\"><div class=\"vc_column-inner\"><div class=\"wpb_wrapper\"><div class=\"wpb_text_column us_custom_4b9db530 us_animate_this\"><div class=\"wpb_wrapper\"><h1 style=\"text-align: left;\">\u00danete a un gran equipo<\/h1>\n<\/div><\/div><div class=\"wpb_text_column us_custom_f0b29229 us_animate_this\"><div class=\"wpb_wrapper\"><p>El esp\u00edritu emprendedor, su energ\u00eda y el compromiso de nuestros empleados, son la piedra angular de nuestro \u00e9xito. Nuestra b\u00fasqueda para adquirir y desarrollar talentos a nivel internacional contin\u00faa.<\/p>\n<\/div><\/div><\/div><\/div><\/div><div class=\"vc_col-sm-6 wpb_column vc_column_container\"><div class=\"vc_column-inner\"><div class=\"wpb_wrapper\"><\/div><\/div><\/div><\/div><div class=\"g-cols wpb_row us_custom_3ef98895 button-group us_animate_this via_flex valign_top type_default stacking_default\"><div class=\"vc_col-sm-12 wpb_column vc_column_container button-group\"><div class=\"vc_column-inner\"><div class=\"wpb_wrapper\"><div class=\"w-btn-wrapper align_none\"><a class=\"w-btn us-btn-style_1 us_custom_d3c6354d inline\" target=\"_blank\" rel=\"nofollow\" href=\"https:\/\/internationalcareers-tenerity.icims.com\/\"><span class=\"w-btn-label\">OPORTUNIDADES ACTUALES<\/span><\/a><\/div><div class=\"w-iconbox us_custom_c901145c inline iconpos_left style_default color_contrast align_left no_text\"><a target=\"_blank\" rel=\"nofollow\" href=\"https:\/\/tenerity.icims.com\/icims2\/servlet\/icims2?module=AppInert&amp;action=download&amp;id=1194&amp;hashed=1617945006\" class=\"w-iconbox-link\" aria-label=\"Pol\u00edtica de Privacidad en el proceso de contrataci\u00f3n\"><div class=\"w-iconbox-icon\" style=\"font-size:1.5rem;\"><i class=\"material-icons\">download<\/i><\/div><\/a><div class=\"w-iconbox-meta\"><p class=\"w-iconbox-title\"><a target=\"_blank\" rel=\"nofollow\" href=\"https:\/\/tenerity.icims.com\/icims2\/servlet\/icims2?module=AppInert&amp;action=download&amp;id=1194&amp;hashed=1617945006\" class=\"w-iconbox-link\" aria-label=\"Pol\u00edtica de Privacidad en el proceso de contrataci\u00f3n\">Pol\u00edtica de Privacidad en el proceso de contrataci\u00f3n<\/a><\/p><\/div><\/div><\/div><\/div><\/div><\/div><\/div><\/div><\/div><\/div><\/div><\/section><section class=\"l-section wpb_row us_custom_30e2d85b height_medium\" id=\"careers___values\"><div class=\"l-section-h i-cf\"><div class=\"g-cols vc_row via_flex valign_top type_default stacking_default\"><div class=\"vc_col-sm-12 wpb_column vc_column_container\"><div class=\"vc_column-inner\"><div class=\"wpb_wrapper\"><div class=\"g-cols wpb_row via_flex valign_top type_default stacking_default\"><div class=\"vc_col-sm-12 wpb_column vc_column_container\"><div class=\"vc_column-inner us_custom_ab6de256\"><div class=\"wpb_wrapper\"><div class=\"wpb_text_column\"><div class=\"wpb_wrapper\"><h2 class=\"config-title\">Nuestros Valores<\/h2>\n<\/div><\/div><div class=\"wpb_text_column text___intro\"><div class=\"wpb_wrapper\"><p>Somos un equipo que impulsa el \u00e9xito a trav\u00e9s de una transparencia radical, una comunicaci\u00f3n excepcional, la inclusi\u00f3n, la sinton\u00eda con el cliente y la fidelizaci\u00f3n como resultado.<\/p>\n<\/div><\/div><\/div><\/div><\/div><\/div><div class=\"g-cols wpb_row via_flex valign_top type_default stacking_default\"><div class=\"vc_col-sm-4 wpb_column vc_column_container core-value\"><div class=\"vc_column-inner\"><div class=\"wpb_wrapper\"><div class=\"w-image align_center\"><div class=\"w-image-h\"><img decoding=\"async\" width=\"140\" height=\"140\" src=\"https:\/\/www.tenerity.com\/es\/wp-content\/uploads\/sites\/30\/2022\/10\/value___no-hierarchy.png\" class=\"attachment-large size-large\" alt=\"No hierarchy\" loading=\"lazy\" \/><\/div><\/div><div class=\"wpb_text_column\"><div class=\"wpb_wrapper\"><p style=\"text-align: center;\"><strong>NO HAY JERARQU\u00cdA<\/strong> EN LA COMUNICACI\u00d3N<\/p>\n<\/div><\/div><\/div><\/div><\/div><div class=\"vc_col-sm-4 wpb_column vc_column_container core-value\"><div class=\"vc_column-inner\"><div class=\"wpb_wrapper\"><div class=\"w-image align_center\"><div class=\"w-image-h\"><img decoding=\"async\" width=\"140\" height=\"140\" src=\"https:\/\/www.tenerity.com\/es\/wp-content\/uploads\/sites\/30\/2022\/10\/value___opportunity.png\" class=\"attachment-large size-large\" alt=\"Opportunity\" loading=\"lazy\" \/><\/div><\/div><div class=\"wpb_text_column\"><div class=\"wpb_wrapper\"><p style=\"text-align: center;\">CUALQUIER OPORTUNIDAD ES <strong>NUESTRA OPORTUNIDAD<\/strong>. CUALQUIER RETO ES <strong>NUESTRO RETO<\/strong>.<\/p>\n<\/div><\/div><\/div><\/div><\/div><div class=\"vc_col-sm-4 wpb_column vc_column_container core-value\"><div class=\"vc_column-inner\"><div class=\"wpb_wrapper\"><div class=\"w-image align_center\"><div class=\"w-image-h\"><img decoding=\"async\" width=\"140\" height=\"140\" src=\"https:\/\/www.tenerity.com\/es\/wp-content\/uploads\/sites\/30\/2022\/10\/value___diversity.png\" class=\"attachment-large size-large\" alt=\"Diversity\" loading=\"lazy\" \/><\/div><\/div><div class=\"wpb_text_column\"><div class=\"wpb_wrapper\"><p style=\"text-align: center;\">LA <strong>DIVERSIDAD<\/strong> ES UNA VENTAJA.<\/p>\n<\/div><\/div><\/div><\/div><\/div><div class=\"vc_col-sm-4 wpb_column vc_column_container core-value\"><div class=\"vc_column-inner\"><div class=\"wpb_wrapper\"><div class=\"w-image align_center\"><div class=\"w-image-h\"><img decoding=\"async\" width=\"140\" height=\"140\" src=\"https:\/\/www.tenerity.com\/es\/wp-content\/uploads\/sites\/30\/2022\/10\/value___understanding.png\" class=\"attachment-large size-large\" alt=\"Understanding\" loading=\"lazy\" \/><\/div><\/div><div class=\"wpb_text_column\"><div class=\"wpb_wrapper\"><p style=\"text-align: center;\">LA <strong>COMPRENSI\u00d3N<\/strong> PRECEDE A LA ACCI\u00d3N EFECTIVA.<\/p>\n<\/div><\/div><\/div><\/div><\/div><div class=\"vc_col-sm-4 wpb_column vc_column_container core-value\"><div class=\"vc_column-inner\"><div class=\"wpb_wrapper\"><div class=\"w-image align_center\"><div class=\"w-image-h\"><img decoding=\"async\" width=\"140\" height=\"140\" src=\"https:\/\/www.tenerity.com\/es\/wp-content\/uploads\/sites\/30\/2022\/10\/value___loyalty.png\" class=\"attachment-large size-large\" alt=\"Loyalty\" loading=\"lazy\" \/><\/div><\/div><div class=\"wpb_text_column\"><div class=\"wpb_wrapper\"><p style=\"text-align: center;\">LA <strong>FIDELIDAD<\/strong> ES EL RESULTADO DE LO SOMOS Y DE LO QUE HACEMOS.<\/p>\n<\/div><\/div><\/div><\/div><\/div><\/div><\/div><\/div><\/div><\/div><\/div><\/section><section class=\"l-section wpb_row us_custom_c70c97eb height_auto with_shape\"><div class=\"l-section-shape type_triangle-inv pos_top\" style=\"height:10vh;color:#ffffff\"><svg xmlns=\"http:\/\/www.w3.org\/2000\/svg\" viewBox=\"0 0 64 8\" preserveAspectRatio=\"none\" width=\"100%\" height=\"100%\">\r\n\t<path fill=\"currentColor\" d=\"M64 9 L0 9 L0 7.9 L32 0 L64 7.9 Z\"\/>\r\n<\/svg><\/div><div class=\"l-section-h i-cf\"><div class=\"g-cols vc_row via_flex valign_top type_default stacking_default\"><div class=\"vc_col-sm-12 wpb_column vc_column_container\"><div class=\"vc_column-inner\"><div class=\"wpb_wrapper\"><\/div><\/div><\/div><\/div><\/div><\/section><section class=\"l-section wpb_row us_custom_c70c97eb last-row height_medium\"><div class=\"l-section-h i-cf\"><div class=\"g-cols vc_row via_flex valign_top type_default stacking_default\"><div class=\"vc_col-sm-6 wpb_column vc_column_container\"><div class=\"vc_column-inner\"><div class=\"wpb_wrapper\"><div class=\"w-image align_center\"><div class=\"w-image-h\"><img decoding=\"async\" width=\"140\" height=\"140\" src=\"https:\/\/www.tenerity.com\/es\/wp-content\/uploads\/sites\/30\/2022\/10\/value___diversity.png\" class=\"attachment-large size-large\" alt=\"Diversity\" loading=\"lazy\" \/><\/div><\/div><div class=\"wpb_text_column\"><div class=\"wpb_wrapper\"><h3 style=\"text-align: center;\">La diversidad es una ventaja<\/h3>\n<\/div><\/div><div class=\"wpb_text_column\"><div class=\"wpb_wrapper\"><p>Somos un equipo diverso y talentosos en todos los \u00e1mbitos de la vida. Como compa\u00f1\u00eda global, nuestro objetivo es crear un entorno en el que personas de diferentes or\u00edgenes, culturas, perspectivas y experiencias puedan tener un impacto positivo en los resultados.<\/p>\n<\/div><\/div><\/div><\/div><\/div><div class=\"vc_col-sm-6 wpb_column vc_column_container\"><div class=\"vc_column-inner\"><div class=\"wpb_wrapper\"><div class=\"w-image align_center\"><div class=\"w-image-h\"><img decoding=\"async\" width=\"140\" height=\"140\" src=\"https:\/\/www.tenerity.com\/es\/wp-content\/uploads\/sites\/30\/2022\/10\/careers___wellness.png\" class=\"attachment-large size-large\" alt=\"Total Wellness\" loading=\"lazy\" \/><\/div><\/div><div class=\"wpb_text_column\"><div class=\"wpb_wrapper\"><h3 style=\"text-align: center;\">Adoptando el bienestar total<\/h3>\n<\/div><\/div><div class=\"wpb_text_column\"><div class=\"wpb_wrapper\"><p>Creemos que los empleados saludables alcanzan niveles m\u00e1s altos de satisfacci\u00f3n, compromiso y productividad. Nuestro programa de beneficios para empleados est\u00e1 dise\u00f1ado para proporcionar las herramientas que impacten positivamente en todos los aspectos de su salud: desde los f\u00edsicos, mentales o emocionales, hasta los financieros.<\/p>\n<\/div><\/div><\/div><\/div><\/div><\/div><\/div><\/section>\n","protected":false},"excerpt":{"rendered":"\u00danete a un gran equipo El esp\u00edritu emprendedor, su energ\u00eda y el compromiso de nuestros empleados, son la piedra angular de nuestro \u00e9xito. Nuestra b\u00fasqueda para adquirir y desarrollar talentos a nivel internacional contin\u00faa. OPORTUNIDADES ACTUALESdownloadPol\u00edtica de Privacidad en el proceso de contrataci\u00f3nNuestros Valores Somos un equipo que impulsa el \u00e9xito a trav\u00e9s de una...","protected":false},"author":1,"featured_media":464,"parent":0,"menu_order":6,"comment_status":"closed","ping_status":"closed","template":"","meta":{"footnotes":""},"class_list":["post-452","page","type-page","status-publish","has-post-thumbnail","hentry"],"yoast_head":"<!-- This site is optimized with the Yoast SEO plugin v27.1.1 - https:\/\/yoast.com\/product\/yoast-seo-wordpress\/ -->\n<title>Empleo - Tenerity ES<\/title>\n<meta name=\"robots\" content=\"index, follow, max-snippet:-1, max-image-preview:large, max-video-preview:-1\" \/>\n<link rel=\"canonical\" href=\"https:\/\/www.tenerity.com\/es\/empleo\/\" \/>\n<meta property=\"og:locale\" content=\"es_ES\" \/>\n<meta property=\"og:type\" content=\"article\" \/>\n<meta property=\"og:title\" content=\"Empleo - Tenerity ES\" \/>\n<meta property=\"og:url\" content=\"https:\/\/www.tenerity.com\/es\/empleo\/\" \/>\n<meta property=\"og:site_name\" content=\"Tenerity ES\" \/>\n<meta property=\"article:modified_time\" content=\"2023-10-13T14:01:59+00:00\" \/>\n<meta property=\"og:image\" content=\"https:\/\/www.tenerity.com\/es\/wp-content\/uploads\/sites\/30\/2022\/10\/join-us.png\" \/>\n\t<meta property=\"og:image:width\" content=\"1440\" \/>\n\t<meta property=\"og:image:height\" content=\"426\" \/>\n\t<meta property=\"og:image:type\" content=\"image\/png\" \/>\n<meta name=\"twitter:card\" content=\"summary_large_image\" \/>\n<meta name=\"twitter:label1\" content=\"Tiempo de lectura\" \/>\n\t<meta name=\"twitter:data1\" content=\"2 minutos\" \/>\n<script type=\"application\/ld+json\" class=\"yoast-schema-graph\">{\"@context\":\"https:\/\/schema.org\",\"@graph\":[{\"@type\":\"WebPage\",\"@id\":\"https:\/\/www.tenerity.com\/es\/empleo\/\",\"url\":\"https:\/\/www.tenerity.com\/es\/empleo\/\",\"name\":\"Empleo - Tenerity ES\",\"isPartOf\":{\"@id\":\"https:\/\/www.tenerity.com\/es\/#website\"},\"primaryImageOfPage\":{\"@id\":\"https:\/\/www.tenerity.com\/es\/empleo\/#primaryimage\"},\"image\":{\"@id\":\"https:\/\/www.tenerity.com\/es\/empleo\/#primaryimage\"},\"thumbnailUrl\":\"https:\/\/www.tenerity.com\/es\/wp-content\/uploads\/sites\/30\/2022\/10\/join-us.png\",\"datePublished\":\"2022-10-14T15:10:30+00:00\",\"dateModified\":\"2023-10-13T14:01:59+00:00\",\"breadcrumb\":{\"@id\":\"https:\/\/www.tenerity.com\/es\/empleo\/#breadcrumb\"},\"inLanguage\":\"es\",\"potentialAction\":[{\"@type\":\"ReadAction\",\"target\":[\"https:\/\/www.tenerity.com\/es\/empleo\/\"]}]},{\"@type\":\"ImageObject\",\"inLanguage\":\"es\",\"@id\":\"https:\/\/www.tenerity.com\/es\/empleo\/#primaryimage\",\"url\":\"https:\/\/www.tenerity.com\/es\/wp-content\/uploads\/sites\/30\/2022\/10\/join-us.png\",\"contentUrl\":\"https:\/\/www.tenerity.com\/es\/wp-content\/uploads\/sites\/30\/2022\/10\/join-us.png\",\"width\":1440,\"height\":426,\"caption\":\"Tenerity : Careers\"},{\"@type\":\"BreadcrumbList\",\"@id\":\"https:\/\/www.tenerity.com\/es\/empleo\/#breadcrumb\",\"itemListElement\":[{\"@type\":\"ListItem\",\"position\":1,\"name\":\"Home\",\"item\":\"https:\/\/www.tenerity.com\/es\/\"},{\"@type\":\"ListItem\",\"position\":2,\"name\":\"Empleo\"}]},{\"@type\":\"WebSite\",\"@id\":\"https:\/\/www.tenerity.com\/es\/#website\",\"url\":\"https:\/\/www.tenerity.com\/es\/\",\"name\":\"Tenerity\",\"description\":\"Intelligent engagement and loyalty for modern brands\",\"potentialAction\":[{\"@type\":\"SearchAction\",\"target\":{\"@type\":\"EntryPoint\",\"urlTemplate\":\"https:\/\/www.tenerity.com\/es\/?s={search_term_string}\"},\"query-input\":{\"@type\":\"PropertyValueSpecification\",\"valueRequired\":true,\"valueName\":\"search_term_string\"}}],\"inLanguage\":\"es\"}]}<\/script>\n<!-- \/ Yoast SEO plugin. -->","yoast_head_json":{"title":"Empleo - Tenerity ES","robots":{"index":"index","follow":"follow","max-snippet":"max-snippet:-1","max-image-preview":"max-image-preview:large","max-video-preview":"max-video-preview:-1"},"canonical":"https:\/\/www.tenerity.com\/es\/empleo\/","og_locale":"es_ES","og_type":"article","og_title":"Empleo - Tenerity ES","og_url":"https:\/\/www.tenerity.com\/es\/empleo\/","og_site_name":"Tenerity ES","article_modified_time":"2023-10-13T14:01:59+00:00","og_image":[{"width":1440,"height":426,"url":"https:\/\/www.tenerity.com\/es\/wp-content\/uploads\/sites\/30\/2022\/10\/join-us.png","type":"image\/png"}],"twitter_card":"summary_large_image","twitter_misc":{"Tiempo de lectura":"2 minutos"},"schema":{"@context":"https:\/\/schema.org","@graph":[{"@type":"WebPage","@id":"https:\/\/www.tenerity.com\/es\/empleo\/","url":"https:\/\/www.tenerity.com\/es\/empleo\/","name":"Empleo - Tenerity ES","isPartOf":{"@id":"https:\/\/www.tenerity.com\/es\/#website"},"primaryImageOfPage":{"@id":"https:\/\/www.tenerity.com\/es\/empleo\/#primaryimage"},"image":{"@id":"https:\/\/www.tenerity.com\/es\/empleo\/#primaryimage"},"thumbnailUrl":"https:\/\/www.tenerity.com\/es\/wp-content\/uploads\/sites\/30\/2022\/10\/join-us.png","datePublished":"2022-10-14T15:10:30+00:00","dateModified":"2023-10-13T14:01:59+00:00","breadcrumb":{"@id":"https:\/\/www.tenerity.com\/es\/empleo\/#breadcrumb"},"inLanguage":"es","potentialAction":[{"@type":"ReadAction","target":["https:\/\/www.tenerity.com\/es\/empleo\/"]}]},{"@type":"ImageObject","inLanguage":"es","@id":"https:\/\/www.tenerity.com\/es\/empleo\/#primaryimage","url":"https:\/\/www.tenerity.com\/es\/wp-content\/uploads\/sites\/30\/2022\/10\/join-us.png","contentUrl":"https:\/\/www.tenerity.com\/es\/wp-content\/uploads\/sites\/30\/2022\/10\/join-us.png","width":1440,"height":426,"caption":"Tenerity : Careers"},{"@type":"BreadcrumbList","@id":"https:\/\/www.tenerity.com\/es\/empleo\/#breadcrumb","itemListElement":[{"@type":"ListItem","position":1,"name":"Home","item":"https:\/\/www.tenerity.com\/es\/"},{"@type":"ListItem","position":2,"name":"Empleo"}]},{"@type":"WebSite","@id":"https:\/\/www.tenerity.com\/es\/#website","url":"https:\/\/www.tenerity.com\/es\/","name":"Tenerity","description":"Intelligent engagement and loyalty for modern brands","potentialAction":[{"@type":"SearchAction","target":{"@type":"EntryPoint","urlTemplate":"https:\/\/www.tenerity.com\/es\/?s={search_term_string}"},"query-input":{"@type":"PropertyValueSpecification","valueRequired":true,"valueName":"search_term_string"}}],"inLanguage":"es"}]}},"_links":{"self":[{"href":"https:\/\/www.tenerity.com\/es\/wp-json\/wp\/v2\/pages\/452","targetHints":{"allow":["GET"]}}],"collection":[{"href":"https:\/\/www.tenerity.com\/es\/wp-json\/wp\/v2\/pages"}],"about":[{"href":"https:\/\/www.tenerity.com\/es\/wp-json\/wp\/v2\/types\/page"}],"author":[{"embeddable":true,"href":"https:\/\/www.tenerity.com\/es\/wp-json\/wp\/v2\/users\/1"}],"replies":[{"embeddable":true,"href":"https:\/\/www.tenerity.com\/es\/wp-json\/wp\/v2\/comments?post=452"}],"version-history":[{"count":0,"href":"https:\/\/www.tenerity.com\/es\/wp-json\/wp\/v2\/pages\/452\/revisions"}],"wp:featuredmedia":[{"embeddable":true,"href":"https:\/\/www.tenerity.com\/es\/wp-json\/wp\/v2\/media\/464"}],"wp:attachment":[{"href":"https:\/\/www.tenerity.com\/es\/wp-json\/wp\/v2\/media?parent=452"}],"curies":[{"name":"wp","href":"https:\/\/api.w.org\/{rel}","templated":true}]}}