{"id":422,"date":"2022-10-13T15:45:17","date_gmt":"2022-10-13T15:45:17","guid":{"rendered":"https:\/\/testing123.mobi\/tenerity\/?page_id=422"},"modified":"2023-07-11T13:26:17","modified_gmt":"2023-07-11T13:26:17","slug":"institucion-financiera-de-estados-unidos","status":"publish","type":"page","link":"https:\/\/www.tenerity.com\/es\/casos-de-exito\/institucion-financiera-de-estados-unidos\/","title":{"rendered":"Instituci\u00f3n Financiera de Estados Unidos"},"content":{"rendered":"<section class=\"l-section wpb_row us_custom_b90abba9 height_large color_secondary with_img with_shape\"><div class=\"l-section-img\" role=\"img\" aria-label=\"Tenerity: Case Study - US Financial Institution\" data-img-width=\"1440\" data-img-height=\"676\" style=\"background-image: url(https:\/\/www.tenerity.com\/es\/wp-content\/uploads\/sites\/30\/2022\/10\/hero___us-financial-institution.png);background-position: top center;background-repeat: no-repeat;\"><\/div><div class=\"l-section-overlay\" style=\"background:rgba(26,26,26,0.25)\"><\/div><div class=\"l-section-shape type_tilt pos_bottom hor_flip\" style=\"height:10vh;\"><svg xmlns=\"http:\/\/www.w3.org\/2000\/svg\" viewBox=\"0 0 64 8\" preserveAspectRatio=\"none\" width=\"100%\" height=\"100%\">\r\n\t<path fill=\"currentColor\" d=\"M64 7.9 L64 10 L0 10 L0 0 Z\"\/>\r\n<\/svg><\/div><div class=\"l-section-h i-cf\"><div class=\"g-cols vc_row via_flex valign_middle type_default stacking_default\"><div class=\"vc_col-sm-6 wpb_column vc_column_container\"><div class=\"vc_column-inner\"><div class=\"wpb_wrapper\"><div class=\"wpb_text_column us_custom_4b9db530 us_animate_this\"><div class=\"wpb_wrapper\"><h1>Instituci\u00f3n Financiera de Estados Unidos<\/h1>\n<\/div><\/div><div class=\"wpb_text_column us_custom_de366d1c us_animate_this\"><div class=\"wpb_wrapper\"><p>Mejorar la retenci\u00f3n de clientes e incrementar los ingresos a trav\u00e9s de la protecci\u00f3n de la identidad digital y la monitorizaci\u00f3n de sus servicios de cr\u00e9dito<\/p>\n<\/div><\/div><\/div><\/div><\/div><div class=\"vc_col-sm-6 wpb_column vc_column_container\"><div class=\"vc_column-inner\"><div class=\"wpb_wrapper\"><\/div><\/div><\/div><\/div><\/div><\/section><section class=\"l-section wpb_row us_custom_4fb9e5a3 height_medium\" id=\"post-launch-highlights\"><div class=\"l-section-h i-cf\"><div class=\"g-cols vc_row via_flex valign_middle type_default stacking_default\"><div class=\"vc_col-sm-12 wpb_column vc_column_container\"><div class=\"vc_column-inner\"><div class=\"wpb_wrapper\"><div class=\"wpb_text_column us_custom_d33ec220 us_animate_this\"><div class=\"wpb_wrapper\"><h2 style=\"text-align: center;\">Resultados<\/h2>\n<\/div><\/div><div class=\"g-cols wpb_row highlights via_flex valign_top type_default stacking_default\"><div class=\"vc_col-sm-4 wpb_column vc_column_container\"><div class=\"vc_column-inner us_custom_8c71efed us_animate_this\"><div class=\"wpb_wrapper\"><div class=\"w-counter color_heading align_center\" data-duration=\"2\"><div class=\"w-counter-value\"><span class=\"w-counter-value-part type_text\" data-final=\"\"><\/span><span class=\"w-counter-value-part type_number\" data-final=\"3\">0<\/span><span class=\"w-counter-value-part type_text\" data-final=\"%\">%<\/span><\/div><p class=\"w-counter-title\" style=\"font-size:1.1rem;font-weight:700;\">m\u00e1s de retenci\u00f3n de clientes<\/p><\/div><\/div><\/div><\/div><div class=\"vc_col-sm-4 wpb_column vc_column_container\"><div class=\"vc_column-inner us_custom_d6925446 us_animate_this\"><div class=\"wpb_wrapper\"><div class=\"w-counter color_heading align_center\" data-duration=\"2\"><div class=\"w-counter-value\"><span class=\"w-counter-value-part type_text\" data-final=\"$\">$<\/span><span class=\"w-counter-value-part type_number\" data-final=\"2\">0<\/span><span class=\"w-counter-value-part type_text\" data-final=\"K\">K<\/span><\/div><p class=\"w-counter-title\" style=\"font-size:1.1rem;font-weight:700;\">d\u00f3lares m\u00e1s de renta famliar al a\u00f1o<\/p><\/div><\/div><\/div><\/div><div class=\"vc_col-sm-4 wpb_column vc_column_container\"><div class=\"vc_column-inner us_custom_03a0b499 us_animate_this\"><div class=\"wpb_wrapper\"><div class=\"w-counter color_heading align_center\" data-duration=\"2\"><div class=\"w-counter-value\"><span class=\"w-counter-value-part type_text\" data-final=\"+\">+<\/span><span class=\"w-counter-value-part type_number\" data-final=\"2\">0<\/span><span class=\"w-counter-value-part type_text\" data-final=\"\"><\/span><\/div><p class=\"w-counter-title\" style=\"font-size:1.1rem;font-weight:700;\">productos bancarios adicionales contratados<\/p><\/div><\/div><\/div><\/div><\/div><\/div><\/div><\/div><\/div><\/div><\/section><section class=\"l-section wpb_row height_medium with_shape\"><div class=\"l-section-shape type_tilt pos_bottom hor_flip\" style=\"height:10vh;color:var(--color-content-bg-alt)\"><svg xmlns=\"http:\/\/www.w3.org\/2000\/svg\" viewBox=\"0 0 64 8\" preserveAspectRatio=\"none\" width=\"100%\" height=\"100%\">\r\n\t<path fill=\"currentColor\" d=\"M64 7.9 L64 10 L0 10 L0 0 Z\"\/>\r\n<\/svg><\/div><div class=\"l-section-h i-cf\"><div class=\"g-cols vc_row via_flex valign_top type_default stacking_default\"><div class=\"vc_col-sm-12 wpb_column vc_column_container\"><div class=\"vc_column-inner\"><div class=\"wpb_wrapper\"><\/div><\/div><\/div><\/div><\/div><\/section><section class=\"l-section wpb_row us_custom_0d15be52 height_medium\" id=\"challenge\"><div class=\"l-section-h i-cf\"><div class=\"g-cols vc_row via_flex valign_top type_default stacking_default\"><div class=\"vc_col-sm-12 wpb_column vc_column_container\"><div class=\"vc_column-inner\"><div class=\"wpb_wrapper\"><div class=\"wpb_text_column\"><div class=\"wpb_wrapper\"><h2 style=\"text-align: center;\">Reto<\/h2>\n<\/div><\/div><div class=\"g-cols wpb_row via_flex valign_top type_default stacking_default\"><div class=\"vc_col-sm-2 wpb_column vc_column_container\"><div class=\"vc_column-inner\"><div class=\"wpb_wrapper\"><\/div><\/div><\/div><div class=\"vc_col-sm-8 wpb_column vc_column_container\"><div class=\"vc_column-inner\"><div class=\"wpb_wrapper\"><div class=\"wpb_text_column\"><div class=\"wpb_wrapper\"><p>Al ser uno de los bancos m\u00e1s importantes del Oeste de Estados Unidos, con 1.100 sucursales en 10 estados, este cliente, con el que llevamos muchos a\u00f1os trabajando, cuenta con alrededor de 410 mil millones de d\u00f3lares en activos de consumidores.<\/p>\n<p><strong>Los objetivos de este cliente inclu\u00edan:<\/strong><\/p>\n<ul>\n<li>Mejorar la retenci\u00f3n de clientes y ofrecerles un valor adicional<\/li>\n<li>Aumentar los ingresos de la base de clientes existente<\/li>\n<li>Aumentar la preferencia de la marca para la contrataci\u00f3n de servicios adicionales (hipotecas, pr\u00e9stamos, etc.)<\/li>\n<\/ul>\n<\/div><\/div><\/div><\/div><\/div><div class=\"vc_col-sm-2 wpb_column vc_column_container\"><div class=\"vc_column-inner\"><div class=\"wpb_wrapper\"><\/div><\/div><\/div><\/div><\/div><\/div><\/div><\/div><\/div><\/section><section class=\"l-section wpb_row us_custom_c70c97eb height_medium with_shape\"><div class=\"l-section-shape type_triangle pos_bottom\" style=\"height:10vh;color:var(--color-content-secondary)\"><svg xmlns=\"http:\/\/www.w3.org\/2000\/svg\" viewBox=\"0 0 64 8\" preserveAspectRatio=\"none\" width=\"100%\" height=\"100%\">\r\n\t<path fill=\"currentColor\" d=\"M64 8 L0 8 L0 0 L32 7.9 L64 0 Z\"\/>\r\n<\/svg><\/div><div class=\"l-section-h i-cf\"><div class=\"g-cols vc_row via_flex valign_top type_default stacking_default\"><div class=\"vc_col-sm-12 wpb_column vc_column_container\"><div class=\"vc_column-inner\"><div class=\"wpb_wrapper\"><\/div><\/div><\/div><\/div><\/div><\/section><section class=\"l-section wpb_row last-row height_medium color_secondary\" id=\"solution\"><div class=\"l-section-h i-cf\"><div class=\"g-cols vc_row via_flex valign_middle type_default stacking_default\"><div class=\"vc_col-sm-6 wpb_column vc_column_container\"><div class=\"vc_column-inner\"><div class=\"wpb_wrapper\"><div class=\"wpb_text_column\"><div class=\"wpb_wrapper\"><h2>Soluci\u00f3n<\/h2>\n<\/div><\/div><div class=\"wpb_text_column\"><div class=\"wpb_wrapper\"><p>Trabajando con este cliente vimos la oportunidad de diferenciarnos de la competencia ofreciendo a sus consumidores protecci\u00f3n contra el robo de su identidad digital, gesti\u00f3n del cr\u00e9dito y seguros.<\/p>\n<\/div><\/div><\/div><\/div><\/div><div class=\"vc_col-sm-6 wpb_column vc_column_container\"><div class=\"vc_column-inner\"><div class=\"wpb_wrapper\"><div class=\"w-image align_center\"><div class=\"w-image-h\"><img decoding=\"async\" width=\"566\" height=\"604\" src=\"https:\/\/www.tenerity.com\/es\/wp-content\/uploads\/sites\/30\/2022\/11\/image_privacy-guard_02.png\" class=\"attachment-large size-large\" alt=\"PrivacyGuard | Tenerity\" loading=\"lazy\" srcset=\"https:\/\/www.tenerity.com\/es\/wp-content\/uploads\/sites\/30\/2022\/11\/image_privacy-guard_02.png 566w, https:\/\/www.tenerity.com\/es\/wp-content\/uploads\/sites\/30\/2022\/11\/image_privacy-guard_02-281x300.png 281w\" sizes=\"auto, (max-width: 566px) 100vw, 566px\" \/><\/div><\/div><\/div><\/div><\/div><\/div><\/div><\/section>\n","protected":false},"excerpt":{"rendered":"Instituci\u00f3n Financiera de Estados Unidos Mejorar la retenci\u00f3n de clientes e incrementar los ingresos a trav\u00e9s de la protecci\u00f3n de la identidad digital y la monitorizaci\u00f3n de sus servicios de cr\u00e9dito Resultados 0%m\u00e1s de retenci\u00f3n de clientes$0Kd\u00f3lares m\u00e1s de renta famliar al a\u00f1o+0productos bancarios adicionales contratados Reto Al ser uno de los bancos m\u00e1s importantes...","protected":false},"author":1,"featured_media":429,"parent":195,"menu_order":3,"comment_status":"closed","ping_status":"closed","template":"","meta":{"footnotes":""},"class_list":["post-422","page","type-page","status-publish","has-post-thumbnail","hentry"],"yoast_head":"<!-- This site is optimized with the Yoast SEO plugin v27.1.1 - https:\/\/yoast.com\/product\/yoast-seo-wordpress\/ -->\n<title>Instituci\u00f3n Financiera de Estados Unidos - Tenerity ES<\/title>\n<meta name=\"robots\" content=\"index, follow, max-snippet:-1, max-image-preview:large, max-video-preview:-1\" \/>\n<link rel=\"canonical\" href=\"https:\/\/www.tenerity.com\/es\/casos-de-exito\/institucion-financiera-de-estados-unidos\/\" \/>\n<meta property=\"og:locale\" content=\"es_ES\" \/>\n<meta property=\"og:type\" content=\"article\" \/>\n<meta property=\"og:title\" content=\"Instituci\u00f3n Financiera de Estados Unidos - Tenerity ES\" \/>\n<meta property=\"og:url\" content=\"https:\/\/www.tenerity.com\/es\/casos-de-exito\/institucion-financiera-de-estados-unidos\/\" \/>\n<meta property=\"og:site_name\" content=\"Tenerity ES\" \/>\n<meta property=\"article:modified_time\" content=\"2023-07-11T13:26:17+00:00\" \/>\n<meta property=\"og:image\" content=\"https:\/\/www.tenerity.com\/es\/wp-content\/uploads\/sites\/30\/2022\/10\/hero___us-financial-institution.png\" \/>\n\t<meta property=\"og:image:width\" content=\"1440\" \/>\n\t<meta property=\"og:image:height\" content=\"676\" \/>\n\t<meta property=\"og:image:type\" content=\"image\/png\" \/>\n<meta name=\"twitter:card\" content=\"summary_large_image\" \/>\n<meta name=\"twitter:label1\" content=\"Tiempo de lectura\" \/>\n\t<meta name=\"twitter:data1\" content=\"2 minutos\" \/>\n<script type=\"application\/ld+json\" class=\"yoast-schema-graph\">{\"@context\":\"https:\/\/schema.org\",\"@graph\":[{\"@type\":\"WebPage\",\"@id\":\"https:\/\/www.tenerity.com\/es\/casos-de-exito\/institucion-financiera-de-estados-unidos\/\",\"url\":\"https:\/\/www.tenerity.com\/es\/casos-de-exito\/institucion-financiera-de-estados-unidos\/\",\"name\":\"Instituci\u00f3n Financiera de Estados Unidos - Tenerity ES\",\"isPartOf\":{\"@id\":\"https:\/\/www.tenerity.com\/es\/#website\"},\"primaryImageOfPage\":{\"@id\":\"https:\/\/www.tenerity.com\/es\/casos-de-exito\/institucion-financiera-de-estados-unidos\/#primaryimage\"},\"image\":{\"@id\":\"https:\/\/www.tenerity.com\/es\/casos-de-exito\/institucion-financiera-de-estados-unidos\/#primaryimage\"},\"thumbnailUrl\":\"https:\/\/www.tenerity.com\/es\/wp-content\/uploads\/sites\/30\/2022\/10\/hero___us-financial-institution.png\",\"datePublished\":\"2022-10-13T15:45:17+00:00\",\"dateModified\":\"2023-07-11T13:26:17+00:00\",\"breadcrumb\":{\"@id\":\"https:\/\/www.tenerity.com\/es\/casos-de-exito\/institucion-financiera-de-estados-unidos\/#breadcrumb\"},\"inLanguage\":\"es\",\"potentialAction\":[{\"@type\":\"ReadAction\",\"target\":[\"https:\/\/www.tenerity.com\/es\/casos-de-exito\/institucion-financiera-de-estados-unidos\/\"]}]},{\"@type\":\"ImageObject\",\"inLanguage\":\"es\",\"@id\":\"https:\/\/www.tenerity.com\/es\/casos-de-exito\/institucion-financiera-de-estados-unidos\/#primaryimage\",\"url\":\"https:\/\/www.tenerity.com\/es\/wp-content\/uploads\/sites\/30\/2022\/10\/hero___us-financial-institution.png\",\"contentUrl\":\"https:\/\/www.tenerity.com\/es\/wp-content\/uploads\/sites\/30\/2022\/10\/hero___us-financial-institution.png\",\"width\":1440,\"height\":676,\"caption\":\"Tenerity: Case Study - US Financial Institution\"},{\"@type\":\"BreadcrumbList\",\"@id\":\"https:\/\/www.tenerity.com\/es\/casos-de-exito\/institucion-financiera-de-estados-unidos\/#breadcrumb\",\"itemListElement\":[{\"@type\":\"ListItem\",\"position\":1,\"name\":\"Home\",\"item\":\"https:\/\/www.tenerity.com\/es\/\"},{\"@type\":\"ListItem\",\"position\":2,\"name\":\"Casos de \u00e9xito\",\"item\":\"https:\/\/www.tenerity.com\/es\/casos-de-exito\/\"},{\"@type\":\"ListItem\",\"position\":3,\"name\":\"Instituci\u00f3n Financiera de Estados Unidos\"}]},{\"@type\":\"WebSite\",\"@id\":\"https:\/\/www.tenerity.com\/es\/#website\",\"url\":\"https:\/\/www.tenerity.com\/es\/\",\"name\":\"Tenerity\",\"description\":\"Intelligent engagement and loyalty for modern brands\",\"potentialAction\":[{\"@type\":\"SearchAction\",\"target\":{\"@type\":\"EntryPoint\",\"urlTemplate\":\"https:\/\/www.tenerity.com\/es\/?s={search_term_string}\"},\"query-input\":{\"@type\":\"PropertyValueSpecification\",\"valueRequired\":true,\"valueName\":\"search_term_string\"}}],\"inLanguage\":\"es\"}]}<\/script>\n<!-- \/ Yoast SEO plugin. -->","yoast_head_json":{"title":"Instituci\u00f3n Financiera de Estados Unidos - Tenerity ES","robots":{"index":"index","follow":"follow","max-snippet":"max-snippet:-1","max-image-preview":"max-image-preview:large","max-video-preview":"max-video-preview:-1"},"canonical":"https:\/\/www.tenerity.com\/es\/casos-de-exito\/institucion-financiera-de-estados-unidos\/","og_locale":"es_ES","og_type":"article","og_title":"Instituci\u00f3n Financiera de Estados Unidos - Tenerity ES","og_url":"https:\/\/www.tenerity.com\/es\/casos-de-exito\/institucion-financiera-de-estados-unidos\/","og_site_name":"Tenerity ES","article_modified_time":"2023-07-11T13:26:17+00:00","og_image":[{"width":1440,"height":676,"url":"https:\/\/www.tenerity.com\/es\/wp-content\/uploads\/sites\/30\/2022\/10\/hero___us-financial-institution.png","type":"image\/png"}],"twitter_card":"summary_large_image","twitter_misc":{"Tiempo de lectura":"2 minutos"},"schema":{"@context":"https:\/\/schema.org","@graph":[{"@type":"WebPage","@id":"https:\/\/www.tenerity.com\/es\/casos-de-exito\/institucion-financiera-de-estados-unidos\/","url":"https:\/\/www.tenerity.com\/es\/casos-de-exito\/institucion-financiera-de-estados-unidos\/","name":"Instituci\u00f3n Financiera de Estados Unidos - Tenerity ES","isPartOf":{"@id":"https:\/\/www.tenerity.com\/es\/#website"},"primaryImageOfPage":{"@id":"https:\/\/www.tenerity.com\/es\/casos-de-exito\/institucion-financiera-de-estados-unidos\/#primaryimage"},"image":{"@id":"https:\/\/www.tenerity.com\/es\/casos-de-exito\/institucion-financiera-de-estados-unidos\/#primaryimage"},"thumbnailUrl":"https:\/\/www.tenerity.com\/es\/wp-content\/uploads\/sites\/30\/2022\/10\/hero___us-financial-institution.png","datePublished":"2022-10-13T15:45:17+00:00","dateModified":"2023-07-11T13:26:17+00:00","breadcrumb":{"@id":"https:\/\/www.tenerity.com\/es\/casos-de-exito\/institucion-financiera-de-estados-unidos\/#breadcrumb"},"inLanguage":"es","potentialAction":[{"@type":"ReadAction","target":["https:\/\/www.tenerity.com\/es\/casos-de-exito\/institucion-financiera-de-estados-unidos\/"]}]},{"@type":"ImageObject","inLanguage":"es","@id":"https:\/\/www.tenerity.com\/es\/casos-de-exito\/institucion-financiera-de-estados-unidos\/#primaryimage","url":"https:\/\/www.tenerity.com\/es\/wp-content\/uploads\/sites\/30\/2022\/10\/hero___us-financial-institution.png","contentUrl":"https:\/\/www.tenerity.com\/es\/wp-content\/uploads\/sites\/30\/2022\/10\/hero___us-financial-institution.png","width":1440,"height":676,"caption":"Tenerity: Case Study - US Financial Institution"},{"@type":"BreadcrumbList","@id":"https:\/\/www.tenerity.com\/es\/casos-de-exito\/institucion-financiera-de-estados-unidos\/#breadcrumb","itemListElement":[{"@type":"ListItem","position":1,"name":"Home","item":"https:\/\/www.tenerity.com\/es\/"},{"@type":"ListItem","position":2,"name":"Casos de \u00e9xito","item":"https:\/\/www.tenerity.com\/es\/casos-de-exito\/"},{"@type":"ListItem","position":3,"name":"Instituci\u00f3n Financiera de Estados Unidos"}]},{"@type":"WebSite","@id":"https:\/\/www.tenerity.com\/es\/#website","url":"https:\/\/www.tenerity.com\/es\/","name":"Tenerity","description":"Intelligent engagement and loyalty for modern brands","potentialAction":[{"@type":"SearchAction","target":{"@type":"EntryPoint","urlTemplate":"https:\/\/www.tenerity.com\/es\/?s={search_term_string}"},"query-input":{"@type":"PropertyValueSpecification","valueRequired":true,"valueName":"search_term_string"}}],"inLanguage":"es"}]}},"_links":{"self":[{"href":"https:\/\/www.tenerity.com\/es\/wp-json\/wp\/v2\/pages\/422","targetHints":{"allow":["GET"]}}],"collection":[{"href":"https:\/\/www.tenerity.com\/es\/wp-json\/wp\/v2\/pages"}],"about":[{"href":"https:\/\/www.tenerity.com\/es\/wp-json\/wp\/v2\/types\/page"}],"author":[{"embeddable":true,"href":"https:\/\/www.tenerity.com\/es\/wp-json\/wp\/v2\/users\/1"}],"replies":[{"embeddable":true,"href":"https:\/\/www.tenerity.com\/es\/wp-json\/wp\/v2\/comments?post=422"}],"version-history":[{"count":0,"href":"https:\/\/www.tenerity.com\/es\/wp-json\/wp\/v2\/pages\/422\/revisions"}],"up":[{"embeddable":true,"href":"https:\/\/www.tenerity.com\/es\/wp-json\/wp\/v2\/pages\/195"}],"wp:featuredmedia":[{"embeddable":true,"href":"https:\/\/www.tenerity.com\/es\/wp-json\/wp\/v2\/media\/429"}],"wp:attachment":[{"href":"https:\/\/www.tenerity.com\/es\/wp-json\/wp\/v2\/media?parent=422"}],"curies":[{"name":"wp","href":"https:\/\/api.w.org\/{rel}","templated":true}]}}