{"id":421,"date":"2023-05-23T01:50:57","date_gmt":"2023-05-23T01:50:57","guid":{"rendered":"https:\/\/testing123.mobi\/tenerity\/?page_id=421"},"modified":"2023-07-11T13:32:01","modified_gmt":"2023-07-11T13:32:01","slug":"funky-pigeon","status":"publish","type":"page","link":"https:\/\/www.tenerity.com\/es\/casos-de-exito\/funky-pigeon\/","title":{"rendered":"Funky Pigeon"},"content":{"rendered":"<section class=\"l-section wpb_row us_custom_11553957 has-hero-image bg-img-cover height_large color_secondary with_img with_shape\"><div class=\"l-section-img\" role=\"img\" aria-label=\"Funky Pigeon | Tenerity Case Study\" data-img-width=\"1024\" data-img-height=\"482\" style=\"background-image: url(https:\/\/www.tenerity.com\/es\/wp-content\/uploads\/sites\/30\/2023\/05\/case_study_header___funky_pigeon-e1684942113372.jpg);background-position: top center;background-repeat: no-repeat;\"><\/div><div class=\"l-section-overlay\" style=\"background:rgba(26,26,26,0.25)\"><\/div><div class=\"l-section-shape type_tilt pos_bottom on_front hor_flip\" style=\"height:10vh;\"><svg xmlns=\"http:\/\/www.w3.org\/2000\/svg\" viewBox=\"0 0 64 8\" preserveAspectRatio=\"none\" width=\"100%\" height=\"100%\">\r\n\t<path fill=\"currentColor\" d=\"M64 7.9 L64 10 L0 10 L0 0 Z\"\/>\r\n<\/svg><\/div><div class=\"l-section-h i-cf\"><div class=\"g-cols vc_row via_flex valign_middle type_default stacking_default\"><div class=\"vc_col-sm-6 wpb_column vc_column_container\"><div class=\"vc_column-inner\"><div class=\"wpb_wrapper\"><div class=\"wpb_text_column us_custom_4b9db530 us_animate_this\"><div class=\"wpb_wrapper\"><h1>Funky Pigeon<\/h1>\n<\/div><\/div><div class=\"wpb_text_column us_custom_5494d4ee text___intro us_animate_this\"><div class=\"wpb_wrapper\"><p>Mejorar el lifetime value de los clientes y la conexi\u00f3n con la marca.<\/p>\n<\/div><\/div><\/div><\/div><\/div><div class=\"vc_col-sm-6 wpb_column vc_column_container\"><div class=\"vc_column-inner\"><div class=\"wpb_wrapper\"><\/div><\/div><\/div><\/div><\/div><\/section><section class=\"l-section wpb_row us_custom_4fb9e5a3 height_small\" id=\"post-launch-highlights\"><div class=\"l-section-h i-cf\"><div class=\"g-cols vc_row via_flex valign_middle type_default stacking_default\"><div class=\"vc_col-sm-12 wpb_column vc_column_container\"><div class=\"vc_column-inner\"><div class=\"wpb_wrapper\"><div class=\"wpb_text_column\"><div class=\"wpb_wrapper\"><h2 style=\"text-align: center;\">Resultados<\/h2>\n<\/div><\/div><div class=\"g-cols wpb_row us_custom_4f24afa8 highlights via_flex valign_top type_default stacking_default\"><div class=\"vc_col-sm-6 wpb_column vc_column_container\"><div class=\"vc_column-inner\"><div class=\"wpb_wrapper\"><div class=\"w-counter us_custom_1056433e mid-line color_heading align_center has_font_size\" data-duration=\"2\"><div class=\"w-counter-value\"><span class=\"w-counter-value-part type_text\" data-final=\"\"><\/span><span class=\"w-counter-value-part type_number\" data-final=\"33\">1<\/span><span class=\"w-counter-value-part type_text\" data-final=\"%\">%<\/span><\/div><p class=\"w-counter-title\" style=\"font-size:1.1rem;font-weight:700;\">repiten la compra en 6 semanas<\/p><\/div><\/div><\/div><\/div><div class=\"vc_col-sm-6 wpb_column vc_column_container\"><div class=\"vc_column-inner\"><div class=\"wpb_wrapper\"><div class=\"w-counter us_custom_1056433e mid-line color_heading align_center has_font_size\" data-duration=\"2\"><div class=\"w-counter-value\"><span class=\"w-counter-value-part type_text\" data-final=\"\"><\/span><span class=\"w-counter-value-part type_number\" data-final=\"66\">1<\/span><span class=\"w-counter-value-part type_text\" data-final=\"%\">%<\/span><\/div><p class=\"w-counter-title\" style=\"font-size:1.1rem;font-weight:700;\">miembros* que compran por tercera vez<\/p><\/div><\/div><\/div><\/div><\/div><div class=\"g-cols wpb_row via_flex valign_top type_default stacking_default\"><div class=\"vc_col-sm-12 wpb_column vc_column_container\"><div class=\"vc_column-inner\"><div class=\"wpb_wrapper\"><div class=\"wpb_text_column us_custom_10cde4aa\"><div class=\"wpb_wrapper\"><p>* de los miembros que solicitaron su beneficio y compraron m\u00e1s cr\u00e9dito, el 66% realiz\u00f3 una tercera compra.<\/p>\n<\/div><\/div><\/div><\/div><\/div><\/div><\/div><\/div><\/div><\/div><\/div><\/section><section class=\"l-section wpb_row height_medium with_shape\"><div class=\"l-section-shape type_tilt pos_bottom hor_flip\" style=\"height:10vh;color:var(--color-content-bg-alt)\"><svg xmlns=\"http:\/\/www.w3.org\/2000\/svg\" viewBox=\"0 0 64 8\" preserveAspectRatio=\"none\" width=\"100%\" height=\"100%\">\r\n\t<path fill=\"currentColor\" d=\"M64 7.9 L64 10 L0 10 L0 0 Z\"\/>\r\n<\/svg><\/div><div class=\"l-section-h i-cf\"><div class=\"g-cols vc_row via_flex valign_top type_default stacking_default\"><div class=\"vc_col-sm-12 wpb_column vc_column_container\"><div class=\"vc_column-inner\"><div class=\"wpb_wrapper\"><\/div><\/div><\/div><\/div><\/div><\/section><section class=\"l-section wpb_row us_custom_0d15be52 height_medium\" id=\"challenge\"><div class=\"l-section-h i-cf\"><div class=\"g-cols vc_row via_flex valign_top type_default stacking_default\"><div class=\"vc_col-sm-12 wpb_column vc_column_container\"><div class=\"vc_column-inner\"><div class=\"wpb_wrapper\"><div class=\"wpb_text_column\"><div class=\"wpb_wrapper\"><h2 style=\"text-align: center;\">Retos<\/h2>\n<\/div><\/div><div class=\"g-cols wpb_row via_flex valign_top type_default stacking_default\"><div class=\"vc_col-sm-2 wpb_column vc_column_container\"><div class=\"vc_column-inner\"><div class=\"wpb_wrapper\"><\/div><\/div><\/div><div class=\"vc_col-sm-8 wpb_column vc_column_container\"><div class=\"vc_column-inner\"><div class=\"wpb_wrapper\"><div class=\"wpb_text_column\"><div class=\"wpb_wrapper\"><p>Funky Pigeon, del grupo WH Smiths, es una compa\u00f1\u00eda lider en el mercado de tarjetas de felicitaci\u00f3n y regalos personalizados, que busca ayudar a sus clientes a crear el mejor regalo o tarjeta, para cualquier ocasi\u00f3n especial.<\/p>\n<p>Funky Pigeon quer\u00eda aumentar el lifetime value de sus clientes y la conexi\u00f3n con su marca, a trav\u00e9s de tres iniciativas:<\/p>\n<ol>\n<li>Desarollar una soluci\u00f3n para la captaci\u00f3n de clientes que mejorase su experiencia y recompensase su fidelidad.<\/li>\n<li>Incrementar la repetici\u00f3n de la compra, en aquellos clientes que \u00fanicamente realizan una compra al a\u00f1o.<\/li>\n<li>Fomentar y recompensar la fidelidad, mediante el uso de un monedero digital.<\/li>\n<\/ol>\n<\/div><\/div><\/div><\/div><\/div><div class=\"vc_col-sm-2 wpb_column vc_column_container\"><div class=\"vc_column-inner\"><div class=\"wpb_wrapper\"><\/div><\/div><\/div><\/div><\/div><\/div><\/div><\/div><\/div><\/section><section class=\"l-section wpb_row us_custom_c70c97eb height_medium with_shape\"><div class=\"l-section-shape type_triangle pos_bottom\" style=\"height:10vh;color:var(--color-content-secondary)\"><svg xmlns=\"http:\/\/www.w3.org\/2000\/svg\" viewBox=\"0 0 64 8\" preserveAspectRatio=\"none\" width=\"100%\" height=\"100%\">\r\n\t<path fill=\"currentColor\" d=\"M64 8 L0 8 L0 0 L32 7.9 L64 0 Z\"\/>\r\n<\/svg><\/div><div class=\"l-section-h i-cf\"><div class=\"g-cols vc_row via_flex valign_top type_default stacking_default\"><div class=\"vc_col-sm-12 wpb_column vc_column_container\"><div class=\"vc_column-inner\"><div class=\"wpb_wrapper\"><\/div><\/div><\/div><\/div><\/div><\/section><section class=\"l-section wpb_row last-row height_medium color_secondary\" id=\"solution\"><div class=\"l-section-h i-cf\"><div class=\"g-cols vc_row via_flex valign_middle type_default stacking_default\"><div class=\"vc_col-sm-6 wpb_column vc_column_container\"><div class=\"vc_column-inner\"><div class=\"wpb_wrapper\"><div class=\"wpb_text_column\"><div class=\"wpb_wrapper\"><h2>Soluci\u00f3n<\/h2>\n<\/div><\/div><div class=\"wpb_text_column\"><div class=\"wpb_wrapper\"><p>Se ofreci\u00f3 a los clientes la posibilidad de suscribirse a My Funky Rewards, una soluci\u00f3n conectada mediante API que mejora el customer engagement.<\/p>\n<p>Esta soluci\u00f3n a medida, ofrece a sus miembros la posibilidad de solicitar su Vale de Bienvenida de 6,87\u00a3, que se abonaba autom\u00e1ticamente en el monedero de Funkypigeon.com, animando a los usuarios a realizar una segunda compra.<\/p>\n<p>Todas las m\u00e9tricas de la segunda compra fueron registradas v\u00eda API, ofreciendo una inteligencia de compra sin precedentes en la repetici\u00f3n de la compra, el tique medio, la frecuencia de compra y el lifetime value. <\/p>\n<\/div><\/div><\/div><\/div><\/div><div class=\"vc_col-sm-6 wpb_column vc_column_container\"><div class=\"vc_column-inner\"><div class=\"wpb_wrapper\"><div class=\"w-image align_center\"><div class=\"w-image-h\"><img decoding=\"async\" width=\"553\" height=\"293\" src=\"https:\/\/www.tenerity.com\/es\/wp-content\/uploads\/sites\/30\/2023\/05\/image___funky-pigeon_myfunkyrewards.jpg\" class=\"attachment-large size-large\" alt=\"myfunkyrewards\" loading=\"lazy\" srcset=\"https:\/\/www.tenerity.com\/es\/wp-content\/uploads\/sites\/30\/2023\/05\/image___funky-pigeon_myfunkyrewards.jpg 553w, https:\/\/www.tenerity.com\/es\/wp-content\/uploads\/sites\/30\/2023\/05\/image___funky-pigeon_myfunkyrewards-300x159.jpg 300w\" sizes=\"auto, (max-width: 553px) 100vw, 553px\" \/><\/div><\/div><\/div><\/div><\/div><\/div><\/div><\/section><section class=\"l-section wpb_row us_custom_a9be633b height_medium with_shape\"><div class=\"l-section-shape type_tilt pos_bottom hor_flip\" style=\"height:10vh;color:var(--color-content-bg-alt)\"><svg xmlns=\"http:\/\/www.w3.org\/2000\/svg\" viewBox=\"0 0 64 8\" preserveAspectRatio=\"none\" width=\"100%\" height=\"100%\">\r\n\t<path fill=\"currentColor\" d=\"M64 7.9 L64 10 L0 10 L0 0 Z\"\/>\r\n<\/svg><\/div><div class=\"l-section-h i-cf\"><div class=\"g-cols vc_row via_flex valign_top type_default stacking_default\"><div class=\"vc_col-sm-12 wpb_column vc_column_container\"><div class=\"vc_column-inner\"><div class=\"wpb_wrapper\"><\/div><\/div><\/div><\/div><\/div><\/section><section class=\"l-section wpb_row us_custom_0ef2abdf height_medium\" id=\"challenge\"><div class=\"l-section-h i-cf\"><div class=\"g-cols vc_row via_flex valign_top type_default stacking_default\"><div class=\"vc_col-sm-12 wpb_column vc_column_container\"><div class=\"vc_column-inner\"><div class=\"wpb_wrapper\"><div class=\"wpb_text_column\"><div class=\"wpb_wrapper\"><h2>Resultados Clave<\/h2>\n<\/div><\/div><div class=\"g-cols wpb_row via_flex valign_top type_default stacking_default\"><div class=\"vc_col-sm-6 wpb_column vc_column_container\"><div class=\"vc_column-inner\"><div class=\"wpb_wrapper\"><div class=\"wpb_text_column\"><div class=\"wpb_wrapper\"><p><strong>Repetici\u00f3n de la compra<\/strong><\/p>\n<p>Un tercio de los miembros de My Funky Pigeon realizaron una segunda compra en los 6 semanas siguientes a su suscripci\u00f3n al programa.<\/p>\n<\/div><\/div><\/div><\/div><\/div><div class=\"vc_col-sm-6 wpb_column vc_column_container\"><div class=\"vc_column-inner\"><div class=\"wpb_wrapper\"><div class=\"wpb_text_column\"><div class=\"wpb_wrapper\"><p><strong>Tercera compra<\/strong><\/p>\n<p>Del total de miembros que canjearon su recompensa y adquirieron m\u00e1s cr\u00e9dito, un impresionante 66% realiz\u00f3 una tercera compra, convirti\u00e9ndose as\u00ed en la herramienta perfecta para maximizar las ventas y aumentar el lifetime value y la conexi\u00f3n con la marca de la base de clientes de Funky Pigeon.<\/p>\n<\/div><\/div><\/div><\/div><\/div><\/div><\/div><\/div><\/div><\/div><\/div><\/section><section class=\"l-section wpb_row us_custom_c70c97eb height_medium with_shape\"><div class=\"l-section-shape type_tilt pos_bottom hor_flip\" style=\"height:10vh;\"><svg xmlns=\"http:\/\/www.w3.org\/2000\/svg\" viewBox=\"0 0 64 8\" preserveAspectRatio=\"none\" width=\"100%\" height=\"100%\">\r\n\t<path fill=\"currentColor\" d=\"M64 7.9 L64 10 L0 10 L0 0 Z\"\/>\r\n<\/svg><\/div><div class=\"l-section-h i-cf\"><div class=\"g-cols vc_row via_flex valign_top type_default stacking_default\"><div class=\"vc_col-sm-12 wpb_column vc_column_container\"><div class=\"vc_column-inner\"><div class=\"wpb_wrapper\"><\/div><\/div><\/div><\/div><\/div><\/section><section class=\"l-section wpb_row us_custom_cdf14ffd height_medium\"><div class=\"l-section-h i-cf\"><div class=\"g-cols vc_row via_flex valign_top type_default stacking_default\"><div class=\"vc_col-sm-3 wpb_column vc_column_container\"><div class=\"vc_column-inner\"><div class=\"wpb_wrapper\"><\/div><\/div><\/div><div class=\"vc_col-sm-6 wpb_column vc_column_container\"><div class=\"vc_column-inner\"><div class=\"wpb_wrapper\"><div class=\"w-iconbox us_custom_50cc7d67 iconpos_top style_default color_contrast align_center no_text no_title\"><div class=\"w-iconbox-icon\" style=\"font-size:3rem;\"><i class=\"fas fa-quote-left\"><\/i><\/div><div class=\"w-iconbox-meta\"><\/div><\/div><div class=\"wpb_text_column\"><div class=\"wpb_wrapper\"><p style=\"text-align: center;\">Estamos muy contentos de haber lanzado nuestro propio programa de fidelizaci\u00f3n, que ofrece a nuestros clientes una propuesta de tanto valor y con incre\u00edbles beneficios, al mismo tiempo que nos ayuda a generar ingresos adionales significativos, directos a nuestra cuenta de resultados. Animar a los clientes a realizar una nueva compra en un plazo de 6 semanas tiene un enorme impacto en nuestra rentabilidad y est\u00e1 sucediendo gracias a My Funky Rewards.<\/p>\n<p style=\"text-align: center;\"><strong>Richard Pepper<\/strong><br \/>\n<em>Fundador, Funkyy Pigeon<\/em><\/p>\n<\/div><\/div><\/div><\/div><\/div><div class=\"vc_col-sm-3 wpb_column vc_column_container\"><div class=\"vc_column-inner\"><div class=\"wpb_wrapper\"><\/div><\/div><\/div><\/div><\/div><\/section>\n","protected":false},"excerpt":{"rendered":"Funky Pigeon Mejorar el lifetime value de los clientes y la conexi\u00f3n con la marca. Resultados 1%repiten la compra en 6 semanas1%miembros* que compran por tercera vez* de los miembros que solicitaron su beneficio y compraron m\u00e1s cr\u00e9dito, el 66% realiz\u00f3 una tercera compra. Retos Funky Pigeon, del grupo WH Smiths, es una compa\u00f1\u00eda lider...","protected":false},"author":1,"featured_media":1233,"parent":195,"menu_order":4,"comment_status":"closed","ping_status":"closed","template":"","meta":{"footnotes":""},"class_list":["post-421","page","type-page","status-publish","has-post-thumbnail","hentry"],"yoast_head":"<!-- This site is optimized with the Yoast SEO plugin v27.1.1 - https:\/\/yoast.com\/product\/yoast-seo-wordpress\/ -->\n<title>Funky Pigeon - Tenerity ES<\/title>\n<meta name=\"robots\" content=\"index, follow, max-snippet:-1, max-image-preview:large, max-video-preview:-1\" \/>\n<link rel=\"canonical\" href=\"https:\/\/www.tenerity.com\/es\/casos-de-exito\/funky-pigeon\/\" \/>\n<meta property=\"og:locale\" content=\"es_ES\" \/>\n<meta property=\"og:type\" content=\"article\" \/>\n<meta property=\"og:title\" content=\"Funky Pigeon - Tenerity ES\" \/>\n<meta property=\"og:url\" content=\"https:\/\/www.tenerity.com\/es\/casos-de-exito\/funky-pigeon\/\" \/>\n<meta property=\"og:site_name\" content=\"Tenerity ES\" \/>\n<meta property=\"article:modified_time\" content=\"2023-07-11T13:32:01+00:00\" \/>\n<meta property=\"og:image\" content=\"https:\/\/www.tenerity.com\/es\/wp-content\/uploads\/sites\/30\/2023\/05\/case_study_header___funky_pigeon-e1684942113372.jpg\" \/>\n\t<meta property=\"og:image:width\" content=\"1024\" \/>\n\t<meta property=\"og:image:height\" content=\"482\" \/>\n\t<meta property=\"og:image:type\" content=\"image\/jpeg\" \/>\n<meta name=\"twitter:card\" content=\"summary_large_image\" \/>\n<meta name=\"twitter:label1\" content=\"Tiempo de lectura\" \/>\n\t<meta name=\"twitter:data1\" content=\"3 minutos\" \/>\n<script type=\"application\/ld+json\" class=\"yoast-schema-graph\">{\"@context\":\"https:\/\/schema.org\",\"@graph\":[{\"@type\":\"WebPage\",\"@id\":\"https:\/\/www.tenerity.com\/es\/casos-de-exito\/funky-pigeon\/\",\"url\":\"https:\/\/www.tenerity.com\/es\/casos-de-exito\/funky-pigeon\/\",\"name\":\"Funky Pigeon - Tenerity ES\",\"isPartOf\":{\"@id\":\"https:\/\/www.tenerity.com\/es\/#website\"},\"primaryImageOfPage\":{\"@id\":\"https:\/\/www.tenerity.com\/es\/casos-de-exito\/funky-pigeon\/#primaryimage\"},\"image\":{\"@id\":\"https:\/\/www.tenerity.com\/es\/casos-de-exito\/funky-pigeon\/#primaryimage\"},\"thumbnailUrl\":\"https:\/\/www.tenerity.com\/es\/wp-content\/uploads\/sites\/30\/2023\/05\/case_study_header___funky_pigeon-e1684942113372.jpg\",\"datePublished\":\"2023-05-23T01:50:57+00:00\",\"dateModified\":\"2023-07-11T13:32:01+00:00\",\"breadcrumb\":{\"@id\":\"https:\/\/www.tenerity.com\/es\/casos-de-exito\/funky-pigeon\/#breadcrumb\"},\"inLanguage\":\"es\",\"potentialAction\":[{\"@type\":\"ReadAction\",\"target\":[\"https:\/\/www.tenerity.com\/es\/casos-de-exito\/funky-pigeon\/\"]}]},{\"@type\":\"ImageObject\",\"inLanguage\":\"es\",\"@id\":\"https:\/\/www.tenerity.com\/es\/casos-de-exito\/funky-pigeon\/#primaryimage\",\"url\":\"https:\/\/www.tenerity.com\/es\/wp-content\/uploads\/sites\/30\/2023\/05\/case_study_header___funky_pigeon-e1684942113372.jpg\",\"contentUrl\":\"https:\/\/www.tenerity.com\/es\/wp-content\/uploads\/sites\/30\/2023\/05\/case_study_header___funky_pigeon-e1684942113372.jpg\",\"width\":1024,\"height\":482,\"caption\":\"Funky Pigeon | Tenerity Case Study\"},{\"@type\":\"BreadcrumbList\",\"@id\":\"https:\/\/www.tenerity.com\/es\/casos-de-exito\/funky-pigeon\/#breadcrumb\",\"itemListElement\":[{\"@type\":\"ListItem\",\"position\":1,\"name\":\"Home\",\"item\":\"https:\/\/www.tenerity.com\/es\/\"},{\"@type\":\"ListItem\",\"position\":2,\"name\":\"Casos de \u00e9xito\",\"item\":\"https:\/\/www.tenerity.com\/es\/casos-de-exito\/\"},{\"@type\":\"ListItem\",\"position\":3,\"name\":\"Funky Pigeon\"}]},{\"@type\":\"WebSite\",\"@id\":\"https:\/\/www.tenerity.com\/es\/#website\",\"url\":\"https:\/\/www.tenerity.com\/es\/\",\"name\":\"Tenerity\",\"description\":\"Intelligent engagement and loyalty for modern brands\",\"potentialAction\":[{\"@type\":\"SearchAction\",\"target\":{\"@type\":\"EntryPoint\",\"urlTemplate\":\"https:\/\/www.tenerity.com\/es\/?s={search_term_string}\"},\"query-input\":{\"@type\":\"PropertyValueSpecification\",\"valueRequired\":true,\"valueName\":\"search_term_string\"}}],\"inLanguage\":\"es\"}]}<\/script>\n<!-- \/ Yoast SEO plugin. -->","yoast_head_json":{"title":"Funky Pigeon - Tenerity ES","robots":{"index":"index","follow":"follow","max-snippet":"max-snippet:-1","max-image-preview":"max-image-preview:large","max-video-preview":"max-video-preview:-1"},"canonical":"https:\/\/www.tenerity.com\/es\/casos-de-exito\/funky-pigeon\/","og_locale":"es_ES","og_type":"article","og_title":"Funky Pigeon - Tenerity ES","og_url":"https:\/\/www.tenerity.com\/es\/casos-de-exito\/funky-pigeon\/","og_site_name":"Tenerity ES","article_modified_time":"2023-07-11T13:32:01+00:00","og_image":[{"width":1024,"height":482,"url":"https:\/\/www.tenerity.com\/es\/wp-content\/uploads\/sites\/30\/2023\/05\/case_study_header___funky_pigeon-e1684942113372.jpg","type":"image\/jpeg"}],"twitter_card":"summary_large_image","twitter_misc":{"Tiempo de lectura":"3 minutos"},"schema":{"@context":"https:\/\/schema.org","@graph":[{"@type":"WebPage","@id":"https:\/\/www.tenerity.com\/es\/casos-de-exito\/funky-pigeon\/","url":"https:\/\/www.tenerity.com\/es\/casos-de-exito\/funky-pigeon\/","name":"Funky Pigeon - Tenerity ES","isPartOf":{"@id":"https:\/\/www.tenerity.com\/es\/#website"},"primaryImageOfPage":{"@id":"https:\/\/www.tenerity.com\/es\/casos-de-exito\/funky-pigeon\/#primaryimage"},"image":{"@id":"https:\/\/www.tenerity.com\/es\/casos-de-exito\/funky-pigeon\/#primaryimage"},"thumbnailUrl":"https:\/\/www.tenerity.com\/es\/wp-content\/uploads\/sites\/30\/2023\/05\/case_study_header___funky_pigeon-e1684942113372.jpg","datePublished":"2023-05-23T01:50:57+00:00","dateModified":"2023-07-11T13:32:01+00:00","breadcrumb":{"@id":"https:\/\/www.tenerity.com\/es\/casos-de-exito\/funky-pigeon\/#breadcrumb"},"inLanguage":"es","potentialAction":[{"@type":"ReadAction","target":["https:\/\/www.tenerity.com\/es\/casos-de-exito\/funky-pigeon\/"]}]},{"@type":"ImageObject","inLanguage":"es","@id":"https:\/\/www.tenerity.com\/es\/casos-de-exito\/funky-pigeon\/#primaryimage","url":"https:\/\/www.tenerity.com\/es\/wp-content\/uploads\/sites\/30\/2023\/05\/case_study_header___funky_pigeon-e1684942113372.jpg","contentUrl":"https:\/\/www.tenerity.com\/es\/wp-content\/uploads\/sites\/30\/2023\/05\/case_study_header___funky_pigeon-e1684942113372.jpg","width":1024,"height":482,"caption":"Funky Pigeon | Tenerity Case Study"},{"@type":"BreadcrumbList","@id":"https:\/\/www.tenerity.com\/es\/casos-de-exito\/funky-pigeon\/#breadcrumb","itemListElement":[{"@type":"ListItem","position":1,"name":"Home","item":"https:\/\/www.tenerity.com\/es\/"},{"@type":"ListItem","position":2,"name":"Casos de \u00e9xito","item":"https:\/\/www.tenerity.com\/es\/casos-de-exito\/"},{"@type":"ListItem","position":3,"name":"Funky Pigeon"}]},{"@type":"WebSite","@id":"https:\/\/www.tenerity.com\/es\/#website","url":"https:\/\/www.tenerity.com\/es\/","name":"Tenerity","description":"Intelligent engagement and loyalty for modern brands","potentialAction":[{"@type":"SearchAction","target":{"@type":"EntryPoint","urlTemplate":"https:\/\/www.tenerity.com\/es\/?s={search_term_string}"},"query-input":{"@type":"PropertyValueSpecification","valueRequired":true,"valueName":"search_term_string"}}],"inLanguage":"es"}]}},"_links":{"self":[{"href":"https:\/\/www.tenerity.com\/es\/wp-json\/wp\/v2\/pages\/421","targetHints":{"allow":["GET"]}}],"collection":[{"href":"https:\/\/www.tenerity.com\/es\/wp-json\/wp\/v2\/pages"}],"about":[{"href":"https:\/\/www.tenerity.com\/es\/wp-json\/wp\/v2\/types\/page"}],"author":[{"embeddable":true,"href":"https:\/\/www.tenerity.com\/es\/wp-json\/wp\/v2\/users\/1"}],"replies":[{"embeddable":true,"href":"https:\/\/www.tenerity.com\/es\/wp-json\/wp\/v2\/comments?post=421"}],"version-history":[{"count":0,"href":"https:\/\/www.tenerity.com\/es\/wp-json\/wp\/v2\/pages\/421\/revisions"}],"up":[{"embeddable":true,"href":"https:\/\/www.tenerity.com\/es\/wp-json\/wp\/v2\/pages\/195"}],"wp:featuredmedia":[{"embeddable":true,"href":"https:\/\/www.tenerity.com\/es\/wp-json\/wp\/v2\/media\/1233"}],"wp:attachment":[{"href":"https:\/\/www.tenerity.com\/es\/wp-json\/wp\/v2\/media?parent=421"}],"curies":[{"name":"wp","href":"https:\/\/api.w.org\/{rel}","templated":true}]}}