{"id":213,"date":"2022-09-28T16:17:08","date_gmt":"2022-09-28T16:17:08","guid":{"rendered":"https:\/\/testing123.mobi\/tenerity\/?page_id=213"},"modified":"2023-07-11T13:16:56","modified_gmt":"2023-07-11T13:16:56","slug":"wowcher","status":"publish","type":"page","link":"https:\/\/www.tenerity.com\/es\/casos-de-exito\/wowcher\/","title":{"rendered":"Wowcher"},"content":{"rendered":"<section class=\"l-section wpb_row us_custom_11553957 has-hero-image bg-img-cover height_large color_secondary with_img with_shape\"><div class=\"l-section-img\" role=\"img\" aria-label=\"Wowcher | Tenerity Case Study\" data-img-width=\"1024\" data-img-height=\"568\" style=\"background-image: url(https:\/\/www.tenerity.com\/es\/wp-content\/uploads\/sites\/30\/2023\/05\/case_study_header___wowcher.jpg);background-position: top center;background-repeat: no-repeat;\"><\/div><div class=\"l-section-overlay\" style=\"background:rgba(26,26,26,0.25)\"><\/div><div class=\"l-section-shape type_tilt pos_bottom hor_flip\" style=\"height:10vh;\"><svg xmlns=\"http:\/\/www.w3.org\/2000\/svg\" viewBox=\"0 0 64 8\" preserveAspectRatio=\"none\" width=\"100%\" height=\"100%\">\r\n\t<path fill=\"currentColor\" d=\"M64 7.9 L64 10 L0 10 L0 0 Z\"\/>\r\n<\/svg><\/div><div class=\"l-section-h i-cf\"><div class=\"g-cols vc_row via_flex valign_middle type_default stacking_default\"><div class=\"vc_col-sm-6 wpb_column vc_column_container\"><div class=\"vc_column-inner\"><div class=\"wpb_wrapper\"><div class=\"wpb_text_column us_custom_4b9db530 us_animate_this\"><div class=\"wpb_wrapper\"><h1>Wowcher<\/h1>\n<\/div><\/div><div class=\"wpb_text_column us_custom_5494d4ee text___intro us_animate_this\"><div class=\"wpb_wrapper\"><p>Genera ingresos adicionales directos a tu cuenta de resultados, desde el lanzamiento.<\/p>\n<\/div><\/div><\/div><\/div><\/div><div class=\"vc_col-sm-6 wpb_column vc_column_container\"><div class=\"vc_column-inner\"><div class=\"wpb_wrapper\"><\/div><\/div><\/div><\/div><\/div><\/section><section class=\"l-section wpb_row us_custom_4fb9e5a3 height_small\" id=\"post-launch-highlights\"><div class=\"l-section-h i-cf\"><div class=\"g-cols vc_row via_flex valign_middle type_default stacking_default\"><div class=\"vc_col-sm-12 wpb_column vc_column_container\"><div class=\"vc_column-inner\"><div class=\"wpb_wrapper\"><div class=\"wpb_text_column\"><div class=\"wpb_wrapper\"><h2 style=\"text-align: center;\">Resultados<\/h2>\n<\/div><\/div><div class=\"g-cols wpb_row highlights via_flex valign_top type_default stacking_default\"><div class=\"vc_col-sm-4 wpb_column vc_column_container\"><div class=\"vc_column-inner\"><div class=\"wpb_wrapper\"><div class=\"w-counter us_custom_1056433e mid-line color_heading align_center has_font_size\" data-duration=\"2\"><div class=\"w-counter-value\"><span class=\"w-counter-value-part type_text\" data-final=\"Hasta un \">Hasta un <\/span><span class=\"w-counter-value-part type_number\" data-final=\"4\">1<\/span><span class=\"w-counter-value-part type_text\" data-final=\"%\">%<\/span><\/div><p class=\"w-counter-title\" style=\"font-size:1.1rem;font-weight:700;\">m\u00e1s de rentabilidad<\/p><\/div><\/div><\/div><\/div><div class=\"vc_col-sm-4 wpb_column vc_column_container\"><div class=\"vc_column-inner\"><div class=\"wpb_wrapper\"><div class=\"w-counter us_custom_1056433e mid-line color_heading align_center has_font_size\" data-duration=\"2\"><div class=\"w-counter-value\"><span class=\"w-counter-value-part type_text\" data-final=\"Generaci\u00f3n del \">Generaci\u00f3n del <\/span><span class=\"w-counter-value-part type_number\" data-final=\"33\">1<\/span><span class=\"w-counter-value-part type_text\" data-final=\"%\">%<\/span><\/div><p class=\"w-counter-title\" style=\"font-size:1.1rem;font-weight:700;\">de sus ingresos adicionales<\/p><\/div><\/div><\/div><\/div><div class=\"vc_col-sm-4 wpb_column vc_column_container\"><div class=\"vc_column-inner\"><div class=\"wpb_wrapper\"><div class=\"w-counter us_custom_1056433e mid-line color_heading align_center has_font_size\" data-duration=\"2\"><div class=\"w-counter-value\"><span class=\"w-counter-value-part type_text\" data-final=\"\"><\/span><span class=\"w-counter-value-part type_number\" data-final=\"25\">1<\/span><span class=\"w-counter-value-part type_text\" data-final=\"%\">%<\/span><\/div><p class=\"w-counter-title\" style=\"font-size:1.1rem;font-weight:700;\">de incremento en el margen de beneficio<\/p><\/div><\/div><\/div><\/div><\/div><\/div><\/div><\/div><\/div><\/div><\/section><section class=\"l-section wpb_row height_medium with_shape\"><div class=\"l-section-shape type_tilt pos_bottom hor_flip\" style=\"height:10vh;color:var(--color-content-bg-alt)\"><svg xmlns=\"http:\/\/www.w3.org\/2000\/svg\" viewBox=\"0 0 64 8\" preserveAspectRatio=\"none\" width=\"100%\" height=\"100%\">\r\n\t<path fill=\"currentColor\" d=\"M64 7.9 L64 10 L0 10 L0 0 Z\"\/>\r\n<\/svg><\/div><div class=\"l-section-h i-cf\"><div class=\"g-cols vc_row via_flex valign_top type_default stacking_default\"><div class=\"vc_col-sm-12 wpb_column vc_column_container\"><div class=\"vc_column-inner\"><div class=\"wpb_wrapper\"><\/div><\/div><\/div><\/div><\/div><\/section><section class=\"l-section wpb_row us_custom_0d15be52 height_medium\" id=\"challenge\"><div class=\"l-section-h i-cf\"><div class=\"g-cols vc_row via_flex valign_top type_default stacking_default\"><div class=\"vc_col-sm-12 wpb_column vc_column_container\"><div class=\"vc_column-inner\"><div class=\"wpb_wrapper\"><div class=\"wpb_text_column\"><div class=\"wpb_wrapper\"><h2 style=\"text-align: center;\">Reto<\/h2>\n<\/div><\/div><div class=\"g-cols wpb_row via_flex valign_top type_default stacking_default\"><div class=\"vc_col-sm-2 wpb_column vc_column_container\"><div class=\"vc_column-inner\"><div class=\"wpb_wrapper\"><\/div><\/div><\/div><div class=\"vc_col-sm-8 wpb_column vc_column_container\"><div class=\"vc_column-inner\"><div class=\"wpb_wrapper\"><div class=\"wpb_text_column\"><div class=\"wpb_wrapper\"><p>Wowcher quer\u00eda mitigar la reducci\u00f3n de beneficios de su l\u00ednea de viajes, producida por la pandemia de Covid-19, generando ingresos adicionales.<\/p>\n<p>Wowcher buscaba una soluci\u00f3n de f\u00e1cil implementaci\u00f3n, que no infiriese m\u00e1s presi\u00f3n en sus recursos internos y que generase ingresos adicionales desde el primer d\u00eda.<\/p>\n<\/div><\/div><\/div><\/div><\/div><div class=\"vc_col-sm-2 wpb_column vc_column_container\"><div class=\"vc_column-inner\"><div class=\"wpb_wrapper\"><\/div><\/div><\/div><\/div><\/div><\/div><\/div><\/div><\/div><\/section><section class=\"l-section wpb_row us_custom_c70c97eb height_medium with_shape\"><div class=\"l-section-shape type_triangle pos_bottom\" style=\"height:10vh;color:var(--color-content-secondary)\"><svg xmlns=\"http:\/\/www.w3.org\/2000\/svg\" viewBox=\"0 0 64 8\" preserveAspectRatio=\"none\" width=\"100%\" height=\"100%\">\r\n\t<path fill=\"currentColor\" d=\"M64 8 L0 8 L0 0 L32 7.9 L64 0 Z\"\/>\r\n<\/svg><\/div><div class=\"l-section-h i-cf\"><div class=\"g-cols vc_row via_flex valign_top type_default stacking_default\"><div class=\"vc_col-sm-12 wpb_column vc_column_container\"><div class=\"vc_column-inner\"><div class=\"wpb_wrapper\"><\/div><\/div><\/div><\/div><\/div><\/section><section class=\"l-section wpb_row height_medium color_secondary\" id=\"solution\"><div class=\"l-section-h i-cf\"><div class=\"g-cols vc_row via_flex valign_middle type_default stacking_default\"><div class=\"vc_col-sm-6 wpb_column vc_column_container\"><div class=\"vc_column-inner\"><div class=\"wpb_wrapper\"><div class=\"wpb_text_column\"><div class=\"wpb_wrapper\"><h2>Soluci\u00f3n<\/h2>\n<\/div><\/div><div class=\"wpb_text_column\"><div class=\"wpb_wrapper\"><p>Mediante la implementaci\u00f3n de nuestra soluci\u00f3n de Retail Media en su p\u00e1gina de confirmaci\u00f3n de compra, Woucher comenz\u00f3 a generar ingresos adicionales desde el primer d\u00eda. El proceso de integraci\u00f3n es sencillo y no tiene costes de implementaci\u00f3n ni de mantenimiento.<\/p>\n<\/div><\/div><\/div><\/div><\/div><div class=\"vc_col-sm-6 wpb_column vc_column_container\"><div class=\"vc_column-inner\"><div class=\"wpb_wrapper\"><div class=\"w-image align_center\"><div class=\"w-image-h\"><img decoding=\"async\" width=\"724\" height=\"450\" src=\"https:\/\/www.tenerity.com\/es\/wp-content\/uploads\/sites\/30\/2023\/05\/case-study___wowcher.jpg\" class=\"attachment-large size-large\" alt=\"Wowcher\" loading=\"lazy\" srcset=\"https:\/\/www.tenerity.com\/es\/wp-content\/uploads\/sites\/30\/2023\/05\/case-study___wowcher.jpg 724w, https:\/\/www.tenerity.com\/es\/wp-content\/uploads\/sites\/30\/2023\/05\/case-study___wowcher-300x186.jpg 300w\" sizes=\"auto, (max-width: 724px) 100vw, 724px\" \/><\/div><\/div><\/div><\/div><\/div><\/div><\/div><\/section><section class=\"l-section wpb_row us_custom_a9be633b height_medium with_shape\"><div class=\"l-section-shape type_tilt pos_bottom hor_flip\" style=\"height:10vh;color:var(--color-content-bg-alt)\"><svg xmlns=\"http:\/\/www.w3.org\/2000\/svg\" viewBox=\"0 0 64 8\" preserveAspectRatio=\"none\" width=\"100%\" height=\"100%\">\r\n\t<path fill=\"currentColor\" d=\"M64 7.9 L64 10 L0 10 L0 0 Z\"\/>\r\n<\/svg><\/div><div class=\"l-section-h i-cf\"><div class=\"g-cols vc_row via_flex valign_top type_default stacking_default\"><div class=\"vc_col-sm-12 wpb_column vc_column_container\"><div class=\"vc_column-inner\"><div class=\"wpb_wrapper\"><\/div><\/div><\/div><\/div><\/div><\/section><section class=\"l-section wpb_row us_custom_0ef2abdf height_medium\" id=\"challenge\"><div class=\"l-section-h i-cf\"><div class=\"g-cols vc_row via_flex valign_top type_default stacking_default\"><div class=\"vc_col-sm-12 wpb_column vc_column_container\"><div class=\"vc_column-inner\"><div class=\"wpb_wrapper\"><div class=\"wpb_text_column us_custom_4f24afa8\"><div class=\"wpb_wrapper\"><h2>Resultados clave<\/h2>\n<p>Nuestra soluci\u00f3n ayud\u00f3 a incrementar el valor de cada interacci\u00f3n, ofreciendo a los clientes de Wowcher una experiencia de compra m\u00e1s gratificante, al mismo tiempo que sirvi\u00f3 para alcanzar sus objetivos como compa\u00f1\u00eda, desde el punto de vista financiero.<\/p>\n<\/div><\/div><div class=\"g-cols wpb_row via_flex valign_top type_default stacking_default\"><div class=\"vc_col-sm-4 wpb_column vc_column_container\"><div class=\"vc_column-inner\"><div class=\"wpb_wrapper\"><div class=\"wpb_text_column\"><div class=\"wpb_wrapper\"><p><strong>Mayor rentabilidad<\/strong><\/p>\n<p>Nuestra soluci\u00f3n de retail media comenz\u00f3 a generar ingresos adicionales desde el momento de su lanzamiento. Y gracias al trabajo de optimizaci\u00f3n de nuestro equipo de Cuentas, nuestra soluci\u00f3n es responsable de hasta el 4%del margen de contribuci\u00f3n de Wowcher.<\/p>\n<\/div><\/div><\/div><\/div><\/div><div class=\"vc_col-sm-4 wpb_column vc_column_container\"><div class=\"vc_column-inner\"><div class=\"wpb_wrapper\"><div class=\"wpb_text_column bullets\"><div class=\"wpb_wrapper\"><p><strong>Incrementar el margen de beneficio<\/strong><\/p>\n<p>Adem\u00e1s de alcanzar los objetivos marcados, Wowcher tambi\u00e9n consigui\u00f3 un incremento del 25% en el margen de beneficio para art\u00edculos de menos de 10\u00a3. Esto supuso un impulso en la inversi\u00f3n en marketing para este tipo de productos, que anteriormente no era posible debido a que los costes superaban la rentabilidad.<\/p>\n<\/div><\/div><\/div><\/div><\/div><div class=\"vc_col-sm-4 wpb_column vc_column_container\"><div class=\"vc_column-inner\"><div class=\"wpb_wrapper\"><div class=\"wpb_text_column bullets\"><div class=\"wpb_wrapper\"><p><strong>Generaci\u00f3n de ingresos adicionales<\/strong><\/p>\n<p>Nuestra soluci\u00f3n se ha convertido en el mayor generador de ingresos adicionales para Wowcher, siendo el responsable de m\u00e1s del 33% del total de sus ingresos secundarios, con una inversi\u00f3n m\u00ednima de recursos internos.<\/p>\n<\/div><\/div><\/div><\/div><\/div><\/div><\/div><\/div><\/div><\/div><\/div><\/section><section class=\"l-section wpb_row us_custom_c70c97eb height_medium with_shape\"><div class=\"l-section-shape type_tilt pos_bottom hor_flip\" style=\"height:8vh;\"><svg xmlns=\"http:\/\/www.w3.org\/2000\/svg\" viewBox=\"0 0 64 8\" preserveAspectRatio=\"none\" width=\"100%\" height=\"100%\">\r\n\t<path fill=\"currentColor\" d=\"M64 7.9 L64 10 L0 10 L0 0 Z\"\/>\r\n<\/svg><\/div><div class=\"l-section-h i-cf\"><div class=\"g-cols vc_row via_flex valign_top type_default stacking_default\"><div class=\"vc_col-sm-12 wpb_column vc_column_container\"><div class=\"vc_column-inner\"><div class=\"wpb_wrapper\"><\/div><\/div><\/div><\/div><\/div><\/section><section class=\"l-section wpb_row us_custom_f3f68ac4 height_medium\"><div class=\"l-section-h i-cf\"><div class=\"g-cols vc_row via_flex valign_top type_default stacking_default\"><div class=\"vc_col-sm-3 wpb_column vc_column_container\"><div class=\"vc_column-inner\"><div class=\"wpb_wrapper\"><\/div><\/div><\/div><div class=\"vc_col-sm-6 wpb_column vc_column_container\"><div class=\"vc_column-inner\"><div class=\"wpb_wrapper\"><div class=\"w-iconbox us_custom_50cc7d67 iconpos_top style_default color_contrast align_center no_text no_title\"><div class=\"w-iconbox-icon\" style=\"font-size:3rem;\"><i class=\"fas fa-quote-left\"><\/i><\/div><div class=\"w-iconbox-meta\"><\/div><\/div><div class=\"wpb_text_column\"><div class=\"wpb_wrapper\"><p style=\"font-weight: 400;\">Hemos sido capaces de encontrar valor en la comercializaci\u00f3n de productos con menor margen de beneficio, ya que el ROI aumenta enormemente gracias al servicio de Webloyalty.<\/p>\n<p style=\"font-weight: 400;\">El verdadero valor a\u00f1adido es que se trata de una soluci\u00f3n de muy f\u00e1cil implementaci\u00f3n, que a penas requiere de recursos internos para su gesti\u00f3n y que no canibaliza los ingresos de nuestro core business.<\/p>\n<p style=\"text-align: center;\"><strong>George Oborne<\/strong><br \/>\n<em>Director de Innovaci\u00f3n &#8211; Wowcher<\/em><\/p>\n<\/div><\/div><\/div><\/div><\/div><div class=\"vc_col-sm-3 wpb_column vc_column_container\"><div class=\"vc_column-inner\"><div class=\"wpb_wrapper\"><\/div><\/div><\/div><\/div><\/div><\/section>\n","protected":false},"excerpt":{"rendered":"Wowcher Genera ingresos adicionales directos a tu cuenta de resultados, desde el lanzamiento. Resultados Hasta un 1%m\u00e1s de rentabilidadGeneraci\u00f3n del 1%de sus ingresos adicionales1%de incremento en el margen de beneficio Reto Wowcher quer\u00eda mitigar la reducci\u00f3n de beneficios de su l\u00ednea de viajes, producida por la pandemia de Covid-19, generando ingresos adicionales. Wowcher buscaba una...","protected":false},"author":1,"featured_media":1235,"parent":195,"menu_order":1,"comment_status":"closed","ping_status":"closed","template":"","meta":{"footnotes":""},"class_list":["post-213","page","type-page","status-publish","has-post-thumbnail","hentry"],"yoast_head":"<!-- This site is optimized with the Yoast SEO plugin v27.1.1 - https:\/\/yoast.com\/product\/yoast-seo-wordpress\/ -->\n<title>Wowcher - Tenerity ES<\/title>\n<meta name=\"robots\" content=\"index, follow, max-snippet:-1, max-image-preview:large, max-video-preview:-1\" \/>\n<link rel=\"canonical\" href=\"https:\/\/www.tenerity.com\/es\/casos-de-exito\/wowcher\/\" \/>\n<meta property=\"og:locale\" content=\"es_ES\" \/>\n<meta property=\"og:type\" content=\"article\" \/>\n<meta property=\"og:title\" content=\"Wowcher - Tenerity ES\" \/>\n<meta property=\"og:url\" content=\"https:\/\/www.tenerity.com\/es\/casos-de-exito\/wowcher\/\" \/>\n<meta property=\"og:site_name\" content=\"Tenerity ES\" \/>\n<meta property=\"article:modified_time\" content=\"2023-07-11T13:16:56+00:00\" \/>\n<meta property=\"og:image\" content=\"https:\/\/www.tenerity.com\/es\/wp-content\/uploads\/sites\/30\/2023\/05\/case_study_header___wowcher.jpg\" \/>\n\t<meta property=\"og:image:width\" content=\"1024\" \/>\n\t<meta property=\"og:image:height\" content=\"568\" \/>\n\t<meta property=\"og:image:type\" content=\"image\/jpeg\" \/>\n<meta name=\"twitter:card\" content=\"summary_large_image\" \/>\n<meta name=\"twitter:label1\" content=\"Tiempo de lectura\" \/>\n\t<meta name=\"twitter:data1\" content=\"3 minutos\" \/>\n<script type=\"application\/ld+json\" class=\"yoast-schema-graph\">{\"@context\":\"https:\/\/schema.org\",\"@graph\":[{\"@type\":\"WebPage\",\"@id\":\"https:\/\/www.tenerity.com\/es\/casos-de-exito\/wowcher\/\",\"url\":\"https:\/\/www.tenerity.com\/es\/casos-de-exito\/wowcher\/\",\"name\":\"Wowcher - Tenerity ES\",\"isPartOf\":{\"@id\":\"https:\/\/www.tenerity.com\/es\/#website\"},\"primaryImageOfPage\":{\"@id\":\"https:\/\/www.tenerity.com\/es\/casos-de-exito\/wowcher\/#primaryimage\"},\"image\":{\"@id\":\"https:\/\/www.tenerity.com\/es\/casos-de-exito\/wowcher\/#primaryimage\"},\"thumbnailUrl\":\"https:\/\/www.tenerity.com\/es\/wp-content\/uploads\/sites\/30\/2023\/05\/case_study_header___wowcher.jpg\",\"datePublished\":\"2022-09-28T16:17:08+00:00\",\"dateModified\":\"2023-07-11T13:16:56+00:00\",\"breadcrumb\":{\"@id\":\"https:\/\/www.tenerity.com\/es\/casos-de-exito\/wowcher\/#breadcrumb\"},\"inLanguage\":\"es\",\"potentialAction\":[{\"@type\":\"ReadAction\",\"target\":[\"https:\/\/www.tenerity.com\/es\/casos-de-exito\/wowcher\/\"]}]},{\"@type\":\"ImageObject\",\"inLanguage\":\"es\",\"@id\":\"https:\/\/www.tenerity.com\/es\/casos-de-exito\/wowcher\/#primaryimage\",\"url\":\"https:\/\/www.tenerity.com\/es\/wp-content\/uploads\/sites\/30\/2023\/05\/case_study_header___wowcher.jpg\",\"contentUrl\":\"https:\/\/www.tenerity.com\/es\/wp-content\/uploads\/sites\/30\/2023\/05\/case_study_header___wowcher.jpg\",\"width\":1024,\"height\":568,\"caption\":\"Wowcher | Tenerity Case Study\"},{\"@type\":\"BreadcrumbList\",\"@id\":\"https:\/\/www.tenerity.com\/es\/casos-de-exito\/wowcher\/#breadcrumb\",\"itemListElement\":[{\"@type\":\"ListItem\",\"position\":1,\"name\":\"Home\",\"item\":\"https:\/\/www.tenerity.com\/es\/\"},{\"@type\":\"ListItem\",\"position\":2,\"name\":\"Casos de \u00e9xito\",\"item\":\"https:\/\/www.tenerity.com\/es\/casos-de-exito\/\"},{\"@type\":\"ListItem\",\"position\":3,\"name\":\"Wowcher\"}]},{\"@type\":\"WebSite\",\"@id\":\"https:\/\/www.tenerity.com\/es\/#website\",\"url\":\"https:\/\/www.tenerity.com\/es\/\",\"name\":\"Tenerity\",\"description\":\"Intelligent engagement and loyalty for modern brands\",\"potentialAction\":[{\"@type\":\"SearchAction\",\"target\":{\"@type\":\"EntryPoint\",\"urlTemplate\":\"https:\/\/www.tenerity.com\/es\/?s={search_term_string}\"},\"query-input\":{\"@type\":\"PropertyValueSpecification\",\"valueRequired\":true,\"valueName\":\"search_term_string\"}}],\"inLanguage\":\"es\"}]}<\/script>\n<!-- \/ Yoast SEO plugin. -->","yoast_head_json":{"title":"Wowcher - Tenerity ES","robots":{"index":"index","follow":"follow","max-snippet":"max-snippet:-1","max-image-preview":"max-image-preview:large","max-video-preview":"max-video-preview:-1"},"canonical":"https:\/\/www.tenerity.com\/es\/casos-de-exito\/wowcher\/","og_locale":"es_ES","og_type":"article","og_title":"Wowcher - Tenerity ES","og_url":"https:\/\/www.tenerity.com\/es\/casos-de-exito\/wowcher\/","og_site_name":"Tenerity ES","article_modified_time":"2023-07-11T13:16:56+00:00","og_image":[{"width":1024,"height":568,"url":"https:\/\/www.tenerity.com\/es\/wp-content\/uploads\/sites\/30\/2023\/05\/case_study_header___wowcher.jpg","type":"image\/jpeg"}],"twitter_card":"summary_large_image","twitter_misc":{"Tiempo de lectura":"3 minutos"},"schema":{"@context":"https:\/\/schema.org","@graph":[{"@type":"WebPage","@id":"https:\/\/www.tenerity.com\/es\/casos-de-exito\/wowcher\/","url":"https:\/\/www.tenerity.com\/es\/casos-de-exito\/wowcher\/","name":"Wowcher - Tenerity ES","isPartOf":{"@id":"https:\/\/www.tenerity.com\/es\/#website"},"primaryImageOfPage":{"@id":"https:\/\/www.tenerity.com\/es\/casos-de-exito\/wowcher\/#primaryimage"},"image":{"@id":"https:\/\/www.tenerity.com\/es\/casos-de-exito\/wowcher\/#primaryimage"},"thumbnailUrl":"https:\/\/www.tenerity.com\/es\/wp-content\/uploads\/sites\/30\/2023\/05\/case_study_header___wowcher.jpg","datePublished":"2022-09-28T16:17:08+00:00","dateModified":"2023-07-11T13:16:56+00:00","breadcrumb":{"@id":"https:\/\/www.tenerity.com\/es\/casos-de-exito\/wowcher\/#breadcrumb"},"inLanguage":"es","potentialAction":[{"@type":"ReadAction","target":["https:\/\/www.tenerity.com\/es\/casos-de-exito\/wowcher\/"]}]},{"@type":"ImageObject","inLanguage":"es","@id":"https:\/\/www.tenerity.com\/es\/casos-de-exito\/wowcher\/#primaryimage","url":"https:\/\/www.tenerity.com\/es\/wp-content\/uploads\/sites\/30\/2023\/05\/case_study_header___wowcher.jpg","contentUrl":"https:\/\/www.tenerity.com\/es\/wp-content\/uploads\/sites\/30\/2023\/05\/case_study_header___wowcher.jpg","width":1024,"height":568,"caption":"Wowcher | Tenerity Case Study"},{"@type":"BreadcrumbList","@id":"https:\/\/www.tenerity.com\/es\/casos-de-exito\/wowcher\/#breadcrumb","itemListElement":[{"@type":"ListItem","position":1,"name":"Home","item":"https:\/\/www.tenerity.com\/es\/"},{"@type":"ListItem","position":2,"name":"Casos de \u00e9xito","item":"https:\/\/www.tenerity.com\/es\/casos-de-exito\/"},{"@type":"ListItem","position":3,"name":"Wowcher"}]},{"@type":"WebSite","@id":"https:\/\/www.tenerity.com\/es\/#website","url":"https:\/\/www.tenerity.com\/es\/","name":"Tenerity","description":"Intelligent engagement and loyalty for modern brands","potentialAction":[{"@type":"SearchAction","target":{"@type":"EntryPoint","urlTemplate":"https:\/\/www.tenerity.com\/es\/?s={search_term_string}"},"query-input":{"@type":"PropertyValueSpecification","valueRequired":true,"valueName":"search_term_string"}}],"inLanguage":"es"}]}},"_links":{"self":[{"href":"https:\/\/www.tenerity.com\/es\/wp-json\/wp\/v2\/pages\/213","targetHints":{"allow":["GET"]}}],"collection":[{"href":"https:\/\/www.tenerity.com\/es\/wp-json\/wp\/v2\/pages"}],"about":[{"href":"https:\/\/www.tenerity.com\/es\/wp-json\/wp\/v2\/types\/page"}],"author":[{"embeddable":true,"href":"https:\/\/www.tenerity.com\/es\/wp-json\/wp\/v2\/users\/1"}],"replies":[{"embeddable":true,"href":"https:\/\/www.tenerity.com\/es\/wp-json\/wp\/v2\/comments?post=213"}],"version-history":[{"count":0,"href":"https:\/\/www.tenerity.com\/es\/wp-json\/wp\/v2\/pages\/213\/revisions"}],"up":[{"embeddable":true,"href":"https:\/\/www.tenerity.com\/es\/wp-json\/wp\/v2\/pages\/195"}],"wp:featuredmedia":[{"embeddable":true,"href":"https:\/\/www.tenerity.com\/es\/wp-json\/wp\/v2\/media\/1235"}],"wp:attachment":[{"href":"https:\/\/www.tenerity.com\/es\/wp-json\/wp\/v2\/media?parent=213"}],"curies":[{"name":"wp","href":"https:\/\/api.w.org\/{rel}","templated":true}]}}