{"id":139,"date":"2022-09-26T16:09:19","date_gmt":"2022-09-26T16:09:19","guid":{"rendered":"https:\/\/testing123.mobi\/tenerity\/?page_id=139"},"modified":"2023-07-13T14:39:53","modified_gmt":"2023-07-13T14:39:53","slug":"soluciones","status":"publish","type":"page","link":"https:\/\/www.tenerity.com\/es\/soluciones\/","title":{"rendered":"Soluciones"},"content":{"rendered":"<section class=\"l-section wpb_row us_custom_5be30638 height_medium color_secondary with_img parallax_ver with_shape\"><div class=\"l-section-img\" role=\"img\" aria-label=\"Programs\" data-img-width=\"2009\" data-img-height=\"1493\" style=\"background-image: url(https:\/\/www.tenerity.com\/es\/wp-content\/uploads\/sites\/30\/2023\/05\/Programs-Banner.jpg);background-repeat: no-repeat;\"><\/div><div class=\"l-section-shape type_tilt pos_bottom hor_flip\" style=\"height:10vh;color:#ffffff\"><svg xmlns=\"http:\/\/www.w3.org\/2000\/svg\" viewBox=\"0 0 64 8\" preserveAspectRatio=\"none\" width=\"100%\" height=\"100%\">\r\n\t<path fill=\"currentColor\" d=\"M64 7.9 L64 10 L0 10 L0 0 Z\"\/>\r\n<\/svg><\/div><div class=\"l-section-h i-cf\"><div class=\"g-cols vc_row via_flex valign_middle type_default stacking_default\"><div class=\"vc_col-sm-6 wpb_column vc_column_container\"><div class=\"vc_column-inner\"><div class=\"wpb_wrapper\"><div class=\"wpb_text_column us_custom_4b9db530 us_animate_this\"><div class=\"wpb_wrapper\"><h1 style=\"text-align: left;\">Soluciones<\/h1>\n<\/div><\/div><div class=\"wpb_text_column us_custom_de366d1c text___intro us_animate_this\"><div class=\"wpb_wrapper\"><p>Nuestros programas, Savings y Protect, ayudan a nuestros partners a generar ingresos adicionales y mejorar la retenci\u00f3n, al ofrecer a sus clientes servicios diferenciales y de alto valor a\u00f1adido.<\/p>\n<\/div><\/div><\/div><\/div><\/div><div class=\"vc_col-sm-6 wpb_column vc_column_container hide_on_mobiles\"><div class=\"vc_column-inner\"><div class=\"wpb_wrapper\"><\/div><\/div><\/div><\/div><\/div><\/section><section class=\"l-section wpb_row us_custom_0f5fe188 height_medium\"><div class=\"l-section-h i-cf\"><div class=\"g-cols vc_row via_flex valign_middle type_default stacking_default\"><div class=\"vc_col-sm-6 wpb_column vc_column_container\"><div class=\"vc_column-inner\"><div class=\"wpb_wrapper\"><div class=\"wpb_text_column\"><div class=\"wpb_wrapper\"><h2>Savings<\/h2>\n<\/div><\/div><div class=\"wpb_text_column us_custom_4f24afa8\"><div class=\"wpb_wrapper\"><p><strong>Consigue una experiencia de compra m\u00e1s rentable para ti y tus clientes.<\/strong><\/p>\n<p>Nuestra plataforma de recompensas l\u00edder en el mercado, bajo un modelo de suscripci\u00f3n, fomenta las compras mediante la oferta de incentivos continuos (ayudando a tus clientes a ahorrar cientos de euros al a\u00f1o), lo que estimula interacciones m\u00e1s frecuentes y de mayor valor con tus clientes.<\/p>\n<p>Trabajamos con m\u00e1s de 200 ecommerce l\u00edderes en todo el mundo, ayud\u00e1ndoles a generar ingresos adicionales partiendo de sus propias ventas.<\/p>\n<p>Al fomentar decisiones de compra m\u00e1s inteligentes, hacemos que la experiencia de compra sea m\u00e1s gratificante tanto para nuestros clientes como para sus consumidores.<\/p>\n<\/div><\/div><div class=\"w-btn-wrapper align_left\"><a class=\"w-btn us-btn-style_1\" title=\"Savings\" href=\"https:\/\/www.tenerity.com\/es\/soluciones\/savings\/\"><span class=\"w-btn-label\">SABER M\u00c1S<\/span><\/a><\/div><\/div><\/div><\/div><div class=\"vc_col-sm-6 wpb_column vc_column_container\"><div class=\"vc_column-inner\"><div class=\"wpb_wrapper\"><div class=\"w-image align_center\"><div class=\"w-image-h\"><img decoding=\"async\" width=\"566\" height=\"782\" src=\"https:\/\/www.tenerity.com\/es\/wp-content\/uploads\/sites\/30\/2023\/05\/tenerity_savings-image.png\" class=\"attachment-large size-large\" alt=\"Savings\" loading=\"lazy\" srcset=\"https:\/\/www.tenerity.com\/es\/wp-content\/uploads\/sites\/30\/2023\/05\/tenerity_savings-image.png 566w, https:\/\/www.tenerity.com\/es\/wp-content\/uploads\/sites\/30\/2023\/05\/tenerity_savings-image-217x300.png 217w\" sizes=\"auto, (max-width: 566px) 100vw, 566px\" \/><\/div><\/div><\/div><\/div><\/div><\/div><\/div><\/section><section class=\"l-section wpb_row us_custom_c70c97eb height_auto with_shape\"><div class=\"l-section-shape type_tilt pos_top\" style=\"height:10vh;\"><svg xmlns=\"http:\/\/www.w3.org\/2000\/svg\" viewBox=\"0 0 64 8\" preserveAspectRatio=\"none\" width=\"100%\" height=\"100%\">\r\n\t<path fill=\"currentColor\" d=\"M64 7.9 L64 10 L0 10 L0 0 Z\"\/>\r\n<\/svg><\/div><div class=\"l-section-h i-cf\"><div class=\"g-cols vc_row via_flex valign_top type_default stacking_default\"><div class=\"vc_col-sm-12 wpb_column vc_column_container\"><div class=\"vc_column-inner\"><div class=\"wpb_wrapper\"><\/div><\/div><\/div><\/div><\/div><\/section><section class=\"l-section wpb_row us_custom_c70c97eb height_medium\" id=\"protect\"><div class=\"l-section-h i-cf\"><div class=\"g-cols vc_row via_flex valign_middle type_default stacking_default\"><div class=\"vc_col-sm-6 wpb_column vc_column_container\"><div class=\"vc_column-inner\"><div class=\"wpb_wrapper\"><div class=\"wpb_text_column us_custom_4c77c721\"><div class=\"wpb_wrapper\"><h2>Protect<\/h2>\n<p><strong>Protect incluye un conjunto de productos de protecci\u00f3n financiera, digital y robo de identidad para consumidores y peque\u00f1as empresas<\/strong><\/p>\n<p>En un contexto en el que los ciberdelitos no paran de crecer, las compa\u00f1\u00edas pueden concienciar sobre la seguridad en Internet y ayudar a sus clientes a protegerse sobre los riesgos en materia de ciberseguridad, al mismo tiempo que construyen una relaci\u00f3n m\u00e1s s\u00f3lida y de confianza con sus clientes.<\/p>\n<p>Tenerity ofrece un producto de Protecci\u00f3n de Identidad Digital, que pone el foco en la educaci\u00f3n, prevenci\u00f3n, detecci\u00f3n y resoluci\u00f3n de incidentes, haciendo f\u00e1cil para tus clientes la protecci\u00f3n de sus datos personales y financieros, proporcion\u00e1ndoles una experiencia online segura.<\/p>\n<\/div><\/div><div class=\"g-cols wpb_row via_flex valign_top type_default stacking_default\"><div class=\"vc_col-sm-12 wpb_column vc_column_container button-group\"><div class=\"vc_column-inner\"><div class=\"wpb_wrapper\"><div class=\"w-btn-wrapper align_left\"><a class=\"w-btn us-btn-style_1 inlnie\" title=\"Cyber and ID Protection\" href=\"https:\/\/www.tenerity.com\/es\/soluciones\/proteccion-de-identidad-digital\/\"><span class=\"w-btn-label\">PROTECCI\u00d3N DE IDENTIDAD DIGITAL<\/span><\/a><\/div><\/div><\/div><\/div><\/div><\/div><\/div><\/div><div class=\"vc_col-sm-6 wpb_column vc_column_container\"><div class=\"vc_column-inner\"><div class=\"wpb_wrapper\"><div class=\"w-image align_center\"><div class=\"w-image-h\"><img decoding=\"async\" width=\"566\" height=\"574\" src=\"https:\/\/www.tenerity.com\/es\/wp-content\/uploads\/sites\/30\/2022\/11\/image_privacy-guard.png\" class=\"attachment-large size-large\" alt=\"PrivacyGuard\" loading=\"lazy\" srcset=\"https:\/\/www.tenerity.com\/es\/wp-content\/uploads\/sites\/30\/2022\/11\/image_privacy-guard.png 566w, https:\/\/www.tenerity.com\/es\/wp-content\/uploads\/sites\/30\/2022\/11\/image_privacy-guard-296x300.png 296w\" sizes=\"auto, (max-width: 566px) 100vw, 566px\" \/><\/div><\/div><\/div><\/div><\/div><\/div><\/div><\/section>\n","protected":false},"excerpt":{"rendered":"Soluciones Nuestros programas, Savings y Protect, ayudan a nuestros partners a generar ingresos adicionales y mejorar la retenci\u00f3n, al ofrecer a sus clientes servicios diferenciales y de alto valor a\u00f1adido. Savings Consigue una experiencia de compra m\u00e1s rentable para ti y tus clientes. Nuestra plataforma de recompensas l\u00edder en el mercado, bajo un modelo de...","protected":false},"author":1,"featured_media":1209,"parent":0,"menu_order":2,"comment_status":"closed","ping_status":"closed","template":"","meta":{"footnotes":""},"class_list":["post-139","page","type-page","status-publish","has-post-thumbnail","hentry"],"yoast_head":"<!-- This site is optimized with the Yoast SEO plugin v27.1.1 - https:\/\/yoast.com\/product\/yoast-seo-wordpress\/ -->\n<title>Soluciones - Tenerity ES<\/title>\n<meta name=\"robots\" content=\"index, follow, max-snippet:-1, max-image-preview:large, max-video-preview:-1\" \/>\n<link rel=\"canonical\" href=\"https:\/\/www.tenerity.com\/es\/soluciones\/\" \/>\n<meta property=\"og:locale\" content=\"es_ES\" \/>\n<meta property=\"og:type\" content=\"article\" \/>\n<meta property=\"og:title\" content=\"Soluciones - Tenerity ES\" \/>\n<meta property=\"og:url\" content=\"https:\/\/www.tenerity.com\/es\/soluciones\/\" \/>\n<meta property=\"og:site_name\" content=\"Tenerity ES\" \/>\n<meta property=\"article:modified_time\" content=\"2023-07-13T14:39:53+00:00\" \/>\n<meta property=\"og:image\" content=\"https:\/\/www.tenerity.com\/es\/wp-content\/uploads\/sites\/30\/2023\/05\/Programs-Banner.jpg\" \/>\n\t<meta property=\"og:image:width\" content=\"2009\" \/>\n\t<meta property=\"og:image:height\" content=\"1493\" \/>\n\t<meta property=\"og:image:type\" content=\"image\/jpeg\" \/>\n<meta name=\"twitter:card\" content=\"summary_large_image\" \/>\n<meta name=\"twitter:label1\" content=\"Tiempo de lectura\" \/>\n\t<meta name=\"twitter:data1\" content=\"2 minutos\" \/>\n<script type=\"application\/ld+json\" class=\"yoast-schema-graph\">{\"@context\":\"https:\/\/schema.org\",\"@graph\":[{\"@type\":\"WebPage\",\"@id\":\"https:\/\/www.tenerity.com\/es\/soluciones\/\",\"url\":\"https:\/\/www.tenerity.com\/es\/soluciones\/\",\"name\":\"Soluciones - Tenerity ES\",\"isPartOf\":{\"@id\":\"https:\/\/www.tenerity.com\/es\/#website\"},\"primaryImageOfPage\":{\"@id\":\"https:\/\/www.tenerity.com\/es\/soluciones\/#primaryimage\"},\"image\":{\"@id\":\"https:\/\/www.tenerity.com\/es\/soluciones\/#primaryimage\"},\"thumbnailUrl\":\"https:\/\/www.tenerity.com\/es\/wp-content\/uploads\/sites\/30\/2023\/05\/Programs-Banner.jpg\",\"datePublished\":\"2022-09-26T16:09:19+00:00\",\"dateModified\":\"2023-07-13T14:39:53+00:00\",\"breadcrumb\":{\"@id\":\"https:\/\/www.tenerity.com\/es\/soluciones\/#breadcrumb\"},\"inLanguage\":\"es\",\"potentialAction\":[{\"@type\":\"ReadAction\",\"target\":[\"https:\/\/www.tenerity.com\/es\/soluciones\/\"]}]},{\"@type\":\"ImageObject\",\"inLanguage\":\"es\",\"@id\":\"https:\/\/www.tenerity.com\/es\/soluciones\/#primaryimage\",\"url\":\"https:\/\/www.tenerity.com\/es\/wp-content\/uploads\/sites\/30\/2023\/05\/Programs-Banner.jpg\",\"contentUrl\":\"https:\/\/www.tenerity.com\/es\/wp-content\/uploads\/sites\/30\/2023\/05\/Programs-Banner.jpg\",\"width\":2009,\"height\":1493,\"caption\":\"Programs\"},{\"@type\":\"BreadcrumbList\",\"@id\":\"https:\/\/www.tenerity.com\/es\/soluciones\/#breadcrumb\",\"itemListElement\":[{\"@type\":\"ListItem\",\"position\":1,\"name\":\"Home\",\"item\":\"https:\/\/www.tenerity.com\/es\/\"},{\"@type\":\"ListItem\",\"position\":2,\"name\":\"Soluciones\"}]},{\"@type\":\"WebSite\",\"@id\":\"https:\/\/www.tenerity.com\/es\/#website\",\"url\":\"https:\/\/www.tenerity.com\/es\/\",\"name\":\"Tenerity\",\"description\":\"Intelligent engagement and loyalty for modern brands\",\"potentialAction\":[{\"@type\":\"SearchAction\",\"target\":{\"@type\":\"EntryPoint\",\"urlTemplate\":\"https:\/\/www.tenerity.com\/es\/?s={search_term_string}\"},\"query-input\":{\"@type\":\"PropertyValueSpecification\",\"valueRequired\":true,\"valueName\":\"search_term_string\"}}],\"inLanguage\":\"es\"}]}<\/script>\n<!-- \/ Yoast SEO plugin. -->","yoast_head_json":{"title":"Soluciones - Tenerity ES","robots":{"index":"index","follow":"follow","max-snippet":"max-snippet:-1","max-image-preview":"max-image-preview:large","max-video-preview":"max-video-preview:-1"},"canonical":"https:\/\/www.tenerity.com\/es\/soluciones\/","og_locale":"es_ES","og_type":"article","og_title":"Soluciones - Tenerity ES","og_url":"https:\/\/www.tenerity.com\/es\/soluciones\/","og_site_name":"Tenerity ES","article_modified_time":"2023-07-13T14:39:53+00:00","og_image":[{"width":2009,"height":1493,"url":"https:\/\/www.tenerity.com\/es\/wp-content\/uploads\/sites\/30\/2023\/05\/Programs-Banner.jpg","type":"image\/jpeg"}],"twitter_card":"summary_large_image","twitter_misc":{"Tiempo de lectura":"2 minutos"},"schema":{"@context":"https:\/\/schema.org","@graph":[{"@type":"WebPage","@id":"https:\/\/www.tenerity.com\/es\/soluciones\/","url":"https:\/\/www.tenerity.com\/es\/soluciones\/","name":"Soluciones - Tenerity ES","isPartOf":{"@id":"https:\/\/www.tenerity.com\/es\/#website"},"primaryImageOfPage":{"@id":"https:\/\/www.tenerity.com\/es\/soluciones\/#primaryimage"},"image":{"@id":"https:\/\/www.tenerity.com\/es\/soluciones\/#primaryimage"},"thumbnailUrl":"https:\/\/www.tenerity.com\/es\/wp-content\/uploads\/sites\/30\/2023\/05\/Programs-Banner.jpg","datePublished":"2022-09-26T16:09:19+00:00","dateModified":"2023-07-13T14:39:53+00:00","breadcrumb":{"@id":"https:\/\/www.tenerity.com\/es\/soluciones\/#breadcrumb"},"inLanguage":"es","potentialAction":[{"@type":"ReadAction","target":["https:\/\/www.tenerity.com\/es\/soluciones\/"]}]},{"@type":"ImageObject","inLanguage":"es","@id":"https:\/\/www.tenerity.com\/es\/soluciones\/#primaryimage","url":"https:\/\/www.tenerity.com\/es\/wp-content\/uploads\/sites\/30\/2023\/05\/Programs-Banner.jpg","contentUrl":"https:\/\/www.tenerity.com\/es\/wp-content\/uploads\/sites\/30\/2023\/05\/Programs-Banner.jpg","width":2009,"height":1493,"caption":"Programs"},{"@type":"BreadcrumbList","@id":"https:\/\/www.tenerity.com\/es\/soluciones\/#breadcrumb","itemListElement":[{"@type":"ListItem","position":1,"name":"Home","item":"https:\/\/www.tenerity.com\/es\/"},{"@type":"ListItem","position":2,"name":"Soluciones"}]},{"@type":"WebSite","@id":"https:\/\/www.tenerity.com\/es\/#website","url":"https:\/\/www.tenerity.com\/es\/","name":"Tenerity","description":"Intelligent engagement and loyalty for modern brands","potentialAction":[{"@type":"SearchAction","target":{"@type":"EntryPoint","urlTemplate":"https:\/\/www.tenerity.com\/es\/?s={search_term_string}"},"query-input":{"@type":"PropertyValueSpecification","valueRequired":true,"valueName":"search_term_string"}}],"inLanguage":"es"}]}},"_links":{"self":[{"href":"https:\/\/www.tenerity.com\/es\/wp-json\/wp\/v2\/pages\/139","targetHints":{"allow":["GET"]}}],"collection":[{"href":"https:\/\/www.tenerity.com\/es\/wp-json\/wp\/v2\/pages"}],"about":[{"href":"https:\/\/www.tenerity.com\/es\/wp-json\/wp\/v2\/types\/page"}],"author":[{"embeddable":true,"href":"https:\/\/www.tenerity.com\/es\/wp-json\/wp\/v2\/users\/1"}],"replies":[{"embeddable":true,"href":"https:\/\/www.tenerity.com\/es\/wp-json\/wp\/v2\/comments?post=139"}],"version-history":[{"count":0,"href":"https:\/\/www.tenerity.com\/es\/wp-json\/wp\/v2\/pages\/139\/revisions"}],"wp:featuredmedia":[{"embeddable":true,"href":"https:\/\/www.tenerity.com\/es\/wp-json\/wp\/v2\/media\/1209"}],"wp:attachment":[{"href":"https:\/\/www.tenerity.com\/es\/wp-json\/wp\/v2\/media?parent=139"}],"curies":[{"name":"wp","href":"https:\/\/api.w.org\/{rel}","templated":true}]}}