{"id":1367,"date":"2025-04-02T08:55:00","date_gmt":"2025-04-02T08:55:00","guid":{"rendered":"https:\/\/www.tenerity.com\/es\/?page_id=1367"},"modified":"2025-04-03T11:36:51","modified_gmt":"2025-04-03T11:36:51","slug":"equipo-directivo-2","status":"publish","type":"page","link":"https:\/\/www.tenerity.com\/es\/nosotros\/equipo-directivo-2\/","title":{"rendered":"Equipo directivo"},"content":{"rendered":"<section class=\"l-section wpb_row us_custom_8cd4af33 bg-img-cover height_huge color_primary with_img with_shape\" id=\"hero\"><div class=\"l-section-img\" role=\"img\" aria-label=\"About Us\" data-img-width=\"1440\" data-img-height=\"421\" style=\"background-image: url(https:\/\/www.tenerity.com\/es\/wp-content\/uploads\/sites\/30\/2022\/10\/hero___about-us.jpg);background-repeat: no-repeat;\"><\/div><div class=\"l-section-overlay\" style=\"background:rgba(26,26,26,0.25)\"><\/div><div class=\"l-section-shape type_tilt pos_bottom hor_flip\" style=\"height:10vh;color:#ffffff\"><svg xmlns=\"http:\/\/www.w3.org\/2000\/svg\" viewBox=\"0 0 64 8\" preserveAspectRatio=\"none\" width=\"100%\" height=\"100%\">\r\n\t<path fill=\"currentColor\" d=\"M64 7.9 L64 10 L0 10 L0 0 Z\"\/>\r\n<\/svg><\/div><div class=\"l-section-h i-cf\"><div class=\"g-cols vc_row via_flex valign_top type_default stacking_default\"><div class=\"vc_col-sm-12 wpb_column vc_column_container\"><div class=\"vc_column-inner\"><div class=\"wpb_wrapper\"><div class=\"wpb_text_column us_custom_4b9db530 us_animate_this\"><div class=\"wpb_wrapper\"><h1 style=\"text-align: left\">Management Team<\/h1>\n<\/div><\/div><\/div><\/div><\/div><\/div><\/div><\/section><section class=\"l-section wpb_row height_medium\"><div class=\"l-section-h i-cf\"><div class=\"g-cols vc_row via_flex valign_top type_default stacking_default\"><div class=\"vc_col-sm-12 wpb_column vc_column_container\"><div class=\"vc_column-inner\"><div class=\"wpb_wrapper\"><div class=\"wpb_text_column\"><div class=\"wpb_wrapper\"><h2 style=\"text-align: center\">Experience that drives connection<\/h2>\n<\/div><\/div><div class=\"wpb_text_column text___intro\"><div class=\"wpb_wrapper\"><p>With extensive experience in companies in different sectors and a deep understanding of consumer loyalty, our team works to offer our clients the best solutions that drive their business results. <\/p>\n<\/div><\/div><\/div><\/div><\/div><\/div><\/div><\/section><section class=\"l-section wpb_row last-row height_auto\" id=\"about-us-team\"><div class=\"l-section-h i-cf\"><div class=\"g-cols vc_row via_flex valign_top type_default stacking_default\"><div class=\"vc_col-sm-12 wpb_column vc_column_container\"><div class=\"vc_column-inner\"><div class=\"wpb_wrapper\"><div class=\"w-tabs layout_hor style_trendy switch_click has_scrolling\" style=\"--sections-title-size:1em\"><div class=\"w-tabs-list items_1 align_center\"><div class=\"w-tabs-list-h\"><button class=\"w-tabs-item active\" aria-controls=\"content-p3cb\" aria-expanded=\"false\"><span class=\"w-tabs-item-title\">Management<\/span><\/button><\/div><\/div><div class=\"w-tabs-sections titles-align_none icon_chevron cpos_right\"><div class=\"w-tabs-section active\" id=\"p3cb\"><button class=\"w-tabs-section-header active\" aria-controls=\"content-p3cb\" aria-expanded=\"true\"><div class=\"w-tabs-section-title\">Management<\/div><div class=\"w-tabs-section-control\"><\/div><\/button><div  class=\"w-tabs-section-content\" id=\"content-p3cb\"><div class=\"w-tabs-section-content-h i-cf\"><div class=\"g-cols wpb_row via_flex valign_top type_default stacking_default\"><div class=\"vc_col-sm-4 wpb_column vc_column_container team-member\"><div class=\"vc_column-inner\"><div class=\"wpb_wrapper\"><div class=\"w-image align_center\"><div class=\"w-image-h\"><img decoding=\"async\" width=\"280\" height=\"240\" src=\"https:\/\/www.tenerity.com\/es\/wp-content\/uploads\/sites\/30\/2022\/09\/team_uk___michele-conforti.jpg\" class=\"attachment-large size-large\" alt=\"Michele Conforti\" loading=\"lazy\" \/><\/div><\/div><div class=\"wpb_text_column about-team-name\"><div class=\"wpb_wrapper\"><p>Michele Conforti<\/p>\n<\/div><\/div><div class=\"wpb_text_column about-team-title\"><div class=\"wpb_wrapper\"><p><strong>Presidente y director general de Internacional<\/strong><\/p>\n<\/div><\/div><div class=\"wpb_text_column with_collapsible_content\" data-content-height=\"100px\"><div class=\"wpb_wrapper\"><p>Michele se incorpor\u00f3 a Tenerity en 2007 y, entre otros, ha ocupado los cargos de director financiero y presidente del negocio internacional de Teneriry. Actualmente, lidera la unidad de Global Customer Engagement, donde ha gestionado con \u00e9xito su expansi\u00f3n, impulsando la innovaci\u00f3n y la adquisici\u00f3n de nuevos clientes que incluyen algunas de las marcas m\u00e1s relevantes y prestigiosas del mundo en el sector bancario, telecomunicaciones, comercio electr\u00f3nico y retail.<\/p>\n<p>Antes que en Tenerity, Michele trabaj\u00f3 diez a\u00f1os en American Express, ocupando varios puestos de direcci\u00f3n, incluido la direcci\u00f3n financiera de Establishment Services International. Con anterioridad, Michele tambi\u00e9n ocup\u00f3 cargos en Enel, como vicepresidente y director de Relaciones Financieras e Inversores y en DHL Int&#8217;l como gestor de transformaci\u00f3n empresarial.<\/p>\n<p>Michele naci\u00f3 en Italia, es Censor Jurado de Cuentas y licenciado en Econom\u00eda y Negocios. Es MBA por la Universit\u00e0 degli Studi Federico II, y posee t\u00edtulo de posgrado en Administraci\u00f3n en Finanzas (Formez \/ Fiat School of Management &#8211; Italia).<\/p>\n<\/div><div class=\"toggle-links align_left\"><button class=\"collapsible-content-more\">+<\/button><button class=\"collapsible-content-less\">-<\/button><\/div><\/div><\/div><\/div><\/div><div class=\"vc_col-sm-4 wpb_column vc_column_container team-member\"><div class=\"vc_column-inner\"><div class=\"wpb_wrapper\"><div class=\"w-image align_center\"><div class=\"w-image-h\"><img decoding=\"async\" width=\"500\" height=\"429\" src=\"https:\/\/www.tenerity.com\/es\/wp-content\/uploads\/sites\/30\/2024\/01\/iphigenie-fossati-kotz.jpg\" class=\"attachment-large size-large\" alt=\"\" loading=\"lazy\" srcset=\"https:\/\/www.tenerity.com\/es\/wp-content\/uploads\/sites\/30\/2024\/01\/iphigenie-fossati-kotz.jpg 500w, https:\/\/www.tenerity.com\/es\/wp-content\/uploads\/sites\/30\/2024\/01\/iphigenie-fossati-kotz-300x257.jpg 300w\" sizes=\"auto, (max-width: 500px) 100vw, 500px\" \/><\/div><\/div><div class=\"wpb_text_column about-team-name\"><div class=\"wpb_wrapper\"><p>Iphigenie Fossati-Kotz<\/p>\n<\/div><\/div><div class=\"wpb_text_column about-team-title\"><div class=\"wpb_wrapper\"><p><b>General Counsel<\/b><\/p>\n<\/div><\/div><div class=\"wpb_text_column with_collapsible_content\" data-content-height=\"100px\"><div class=\"wpb_wrapper\"><p>Iphigenie fue nombrada General Counsel del Grupo Tenerity, en enero de 2024, tras haber desempe\u00f1ado anteriormente el cargo de General Counsel para los mercados internacionales de EMEA y LATAM.<\/p>\n<p>En 2012 se incorpor\u00f3 a la compa\u00f1\u00eda como miembro del departamento jur\u00eddico y ocup\u00f3 diversos puestos dentro del departamento legal, antes de su nombramiento como General Counsel de la divisi\u00f3n Internacional en el a\u00f1o 2015.<\/p>\n<p>Anteriormente, Iphigenie trabaj\u00f3 como asociada en el departamento de Antitrust &amp; M&amp;A\/Competition Practice en Hogan Lovells LLP.<\/p>\n<p>Se licenci\u00f3 en Francia y posee un m\u00e1ster en Derecho franc\u00e9s y alem\u00e1n por las universidades de Par\u00eds X, Humboldt Berlin y Potsdam, as\u00ed como un m\u00e1ster en Public Affairs por la Sciences-Po Paris.<\/p>\n<\/div><div class=\"toggle-links align_left\"><button class=\"collapsible-content-more\">+<\/button><button class=\"collapsible-content-less\">-<\/button><\/div><\/div><\/div><\/div><\/div><div class=\"vc_col-sm-4 wpb_column vc_column_container team-member\"><div class=\"vc_column-inner\"><div class=\"wpb_wrapper\"><div class=\"w-image align_center\"><div class=\"w-image-h\"><img decoding=\"async\" width=\"500\" height=\"429\" src=\"https:\/\/www.tenerity.com\/es\/wp-content\/uploads\/sites\/30\/2023\/05\/Loic-Blondel.png\" class=\"attachment-large size-large\" alt=\"\" loading=\"lazy\" srcset=\"https:\/\/www.tenerity.com\/es\/wp-content\/uploads\/sites\/30\/2023\/05\/Loic-Blondel.png 500w, https:\/\/www.tenerity.com\/es\/wp-content\/uploads\/sites\/30\/2023\/05\/Loic-Blondel-300x257.png 300w\" sizes=\"auto, (max-width: 500px) 100vw, 500px\" \/><\/div><\/div><div class=\"wpb_text_column about-team-name\"><div class=\"wpb_wrapper\"><p>Loic Blondel<\/p>\n<\/div><\/div><div class=\"wpb_text_column about-team-title\"><div class=\"wpb_wrapper\"><p><strong>Chief Technology Officer<\/strong><\/p>\n<\/div><\/div><div class=\"wpb_text_column with_collapsible_content\" data-content-height=\"100px\"><div class=\"wpb_wrapper\"><p>Lo\u00efc dirige nuestra \u00e1rea de Tecnolog\u00eda y es responsable de implementar la visi\u00f3n estrat\u00e9gica de la compa\u00f1\u00eda para su ecosistema tecnol\u00f3gico. Con sede en Suiza, dirige un equipo tecnol\u00f3gico distribuido entre EE.UU, Europa e India. Loic ha desarrollado y patentado una plataforma en la nube para integrar en el entorno tecnol\u00f3gico de Tenerity a clientes de forma \u00e1gil y automatizar la incorporaci\u00f3n de contenido y usuarios finales. Se incorpor\u00f3 a Tenerity en 2007, despu\u00e9s de trabajar en la industria de la m\u00fasica y la radio. Sus primeros pasos en la industria tecnol\u00f3gica fueron como emprendedor, fundando una empresa especializada en algoritmos. A Loic le encantan los grandes desaf\u00edos y el desarrollo de soluciones creativas y eficientes centradas en impulsar los resultados comerciales<\/p>\n<\/div><div class=\"toggle-links align_left\"><button class=\"collapsible-content-more\">+<\/button><button class=\"collapsible-content-less\">-<\/button><\/div><\/div><\/div><\/div><\/div><div class=\"vc_col-sm-4 wpb_column vc_column_container team-member\"><div class=\"vc_column-inner\"><div class=\"wpb_wrapper\"><div class=\"w-image align_center\"><div class=\"w-image-h\"><img decoding=\"async\" width=\"560\" height=\"480\" src=\"https:\/\/www.tenerity.com\/es\/wp-content\/uploads\/sites\/30\/2023\/05\/team___david-treybig.jpg\" class=\"attachment-large size-large\" alt=\"David Treybig\" loading=\"lazy\" srcset=\"https:\/\/www.tenerity.com\/es\/wp-content\/uploads\/sites\/30\/2023\/05\/team___david-treybig.jpg 560w, https:\/\/www.tenerity.com\/es\/wp-content\/uploads\/sites\/30\/2023\/05\/team___david-treybig-300x257.jpg 300w\" sizes=\"auto, (max-width: 560px) 100vw, 560px\" \/><\/div><\/div><div class=\"wpb_text_column about-team-name\"><div class=\"wpb_wrapper\"><p>David Treybig<\/p>\n<\/div><\/div><div class=\"wpb_text_column about-team-title\"><div class=\"wpb_wrapper\"><p><strong>Chief Information Officer, Global Operations<\/strong><\/p>\n<\/div><\/div><div class=\"wpb_text_column with_collapsible_content\" data-content-height=\"100px\"><div class=\"wpb_wrapper\"><p>David es Chief Information Officer y Vicepresidente Senior de Operaciones Globales de Tenerity. Es responsable de los sistemas corporativos, la infraestructura de IT, la seguridad de la informaci\u00f3n, cpntact center e las instalaciones. Se uni\u00f3 a la organizaci\u00f3n en 2016 y ocup\u00f3 varios puestos de IT de creciente responsabilidad hasta que fue nombrado CIO en 2022 y se sum\u00f3 a Operaciones Globales en 2023.<\/p>\n<p>Antes de unirse a Tenerity, David trabaj\u00f3 en la industria de servicios de IT ocupando varios puestos de liderazgo en Lumen, Ciber y SWS Technologies. Durante este per\u00edodo, trabaj\u00f3 con numerosos clientes en las industrias financiera, tecnol\u00f3gica, minorista y de transporte en Am\u00e9rica del Norte, Europa y Asia. David tambi\u00e9n pas\u00f3 11 a\u00f1os como expatriado en el Reino Unido con un enfoque significativo en ayudar a los equipos globales a trabajar juntos de manera efectiva.<\/p>\n<p>David se gradu\u00f3 de la Universidad de Phoenix y obtuvo su maestr\u00eda en administraci\u00f3n de empresas de la Quantic School of Business and Technology.<\/p>\n<\/div><div class=\"toggle-links align_left\"><button class=\"collapsible-content-more\">+<\/button><button class=\"collapsible-content-less\">-<\/button><\/div><\/div><\/div><\/div><\/div><div class=\"vc_col-sm-4 wpb_column vc_column_container team-member\"><div class=\"vc_column-inner\"><div class=\"wpb_wrapper\"><div class=\"w-image align_center\"><div class=\"w-image-h\"><img decoding=\"async\" width=\"500\" height=\"429\" src=\"https:\/\/www.tenerity.com\/es\/wp-content\/uploads\/sites\/30\/2023\/07\/Eduardo-Esparza-resized.jpg\" class=\"attachment-large size-large\" alt=\"\" loading=\"lazy\" srcset=\"https:\/\/www.tenerity.com\/es\/wp-content\/uploads\/sites\/30\/2023\/07\/Eduardo-Esparza-resized.jpg 500w, https:\/\/www.tenerity.com\/es\/wp-content\/uploads\/sites\/30\/2023\/07\/Eduardo-Esparza-resized-300x257.jpg 300w\" sizes=\"auto, (max-width: 500px) 100vw, 500px\" \/><\/div><\/div><div class=\"wpb_text_column about-team-name\"><div class=\"wpb_wrapper\"><p>Eduardo Esparza<\/p>\n<\/div><\/div><div class=\"wpb_text_column about-team-title\"><div class=\"wpb_wrapper\"><p><strong>VP General Manager de Espa\u00f1a &amp; Brazil<\/strong><\/p>\n<\/div><\/div><div class=\"wpb_text_column with_collapsible_content\" data-content-height=\"100px\"><div class=\"wpb_wrapper\"><p>Eduardo posee una amplia experiencia y trayectoria en el \u00e1mbito de la direcci\u00f3n comercial, as\u00ed como en la gesti\u00f3n, control, supervisi\u00f3n y motivaci\u00f3n de equipos comerciales en empresas multinacionales.<\/p>\n<p>Se uni\u00f3 a la compa\u00f1\u00eda en 2013 como Country Manager de Webloyalty Espa\u00f1a. En 2015 pas\u00f3 a ser tambi\u00e9n director general de Tenerity Espa\u00f1a y, desde 2018 lidera, igualmente, las operaciones de la compa\u00f1\u00eda en Brasil.<\/p>\n<p>Licenciado en Derecho por la Universidad de Valencia y M\u00e1ster Internacional en Direcci\u00f3n de Empresas por el IE, se especializ\u00f3 en el \u00e1rea de Marketing a trav\u00e9s de diversos cursos en Marketing &amp; Comunicaci\u00f3n Internacional y Posicionamiento Empresarial.<\/p>\n<\/div><div class=\"toggle-links align_left\"><button class=\"collapsible-content-more\">+<\/button><button class=\"collapsible-content-less\">-<\/button><\/div><\/div><\/div><\/div><\/div><div class=\"vc_col-sm-4 wpb_column vc_column_container team-member\"><div class=\"vc_column-inner\"><div class=\"wpb_wrapper\"><div class=\"w-image align_center\"><div class=\"w-image-h\"><img decoding=\"async\" width=\"500\" height=\"429\" src=\"https:\/\/www.tenerity.com\/es\/wp-content\/uploads\/sites\/30\/2023\/07\/Estefania-Lopez-resized.jpg\" class=\"attachment-large size-large\" alt=\"\" loading=\"lazy\" srcset=\"https:\/\/www.tenerity.com\/es\/wp-content\/uploads\/sites\/30\/2023\/07\/Estefania-Lopez-resized.jpg 500w, https:\/\/www.tenerity.com\/es\/wp-content\/uploads\/sites\/30\/2023\/07\/Estefania-Lopez-resized-300x257.jpg 300w\" sizes=\"auto, (max-width: 500px) 100vw, 500px\" \/><\/div><\/div><div class=\"wpb_text_column about-team-name\"><div class=\"wpb_wrapper\"><p>Estefan\u00eda L\u00f3pez del T\u00edo<\/p>\n<\/div><\/div><div class=\"wpb_text_column about-team-title\"><div class=\"wpb_wrapper\"><p><strong>Director of Legal Department Iberia &amp; LATAM. DPO Spain &amp; Brazil<\/strong><\/p>\n<\/div><\/div><div class=\"wpb_text_column with_collapsible_content\" data-content-height=\"100px\"><div class=\"wpb_wrapper\"><p>Con una experiencia de m\u00e1s de 12 a\u00f1os en las \u00e1reas de Compliance, Protecci\u00f3n de Datos y Nuevas tecnolog\u00edas, en entornos internacionales y diferentes sectores, tiene una versi\u00f3n hol\u00edstica y transversal de la legislaci\u00f3n que la convierten en una aut\u00e9ntica business partner.<\/p>\n<p>Se incorpor\u00f3 al equipo jur\u00eddico de Tenerity en junio de 2014 y actualmente es Director of Legal Deparment para los mercados de Iberia y LATAM, Delegada de Protecci\u00f3n de Datos de Espa\u00f1a y Brasil y Supervisora del \u00e1rea de protecci\u00f3n de datos en Italia.<\/p>\n<p>Licenciada en Derecho y Ciencia Pol\u00edticas por la Universidad Carlos III, tiene un M\u00e1ster en Derecho Empresarial y Litigaci\u00f3n Internacional y un segundo M\u00e1ster en Relaciones Internacionales y Comercio Exterior. Asimismo, es parte activa de la Asociaci\u00f3n Profesional Espa\u00f1ola de la Privacidad (APEP) desde 2017 y miembro de los grupos de trabajo de \u201cPrivacidad y Protecci\u00f3n de Datos\u201d y \u201cComercio Electr\u00f3nico y Derechos de los Consumidores\u201d de Adigital desde 2020.<\/p>\n<\/div><div class=\"toggle-links align_left\"><button class=\"collapsible-content-more\">+<\/button><button class=\"collapsible-content-less\">-<\/button><\/div><\/div><\/div><\/div><\/div><\/div><\/div><\/div><\/div><\/div><\/div><\/div><\/div><\/div><\/div><\/div><\/section>\n","protected":false},"excerpt":{"rendered":"Management Team Experience that drives connection With extensive experience in companies in different sectors and a deep understanding of consumer loyalty, our team works to offer our clients the best solutions that drive their business results. ManagementManagementMichele Conforti Presidente y director general de Internacional Michele se incorpor\u00f3 a Tenerity en 2007 y, entre otros, ha...","protected":false},"author":8,"featured_media":620,"parent":26,"menu_order":1,"comment_status":"closed","ping_status":"closed","template":"","meta":{"footnotes":""},"class_list":["post-1367","page","type-page","status-publish","has-post-thumbnail","hentry"],"yoast_head":"<!-- This site is optimized with the Yoast SEO plugin v27.1.1 - https:\/\/yoast.com\/product\/yoast-seo-wordpress\/ -->\n<title>Equipo directivo - Tenerity ES<\/title>\n<meta name=\"robots\" content=\"index, follow, max-snippet:-1, max-image-preview:large, max-video-preview:-1\" \/>\n<link rel=\"canonical\" href=\"https:\/\/www.tenerity.com\/es\/nosotros\/equipo-directivo-2\/\" \/>\n<meta property=\"og:locale\" content=\"es_ES\" \/>\n<meta property=\"og:type\" content=\"article\" \/>\n<meta property=\"og:title\" content=\"Equipo directivo - Tenerity ES\" \/>\n<meta property=\"og:url\" content=\"https:\/\/www.tenerity.com\/es\/nosotros\/equipo-directivo-2\/\" \/>\n<meta property=\"og:site_name\" content=\"Tenerity ES\" \/>\n<meta property=\"article:modified_time\" content=\"2025-04-03T11:36:51+00:00\" \/>\n<meta property=\"og:image\" content=\"https:\/\/www.tenerity.com\/es\/wp-content\/uploads\/sites\/30\/2022\/10\/hero___about-us.jpg\" \/>\n\t<meta property=\"og:image:width\" content=\"1440\" \/>\n\t<meta property=\"og:image:height\" content=\"421\" \/>\n\t<meta property=\"og:image:type\" content=\"image\/jpeg\" \/>\n<meta name=\"twitter:card\" content=\"summary_large_image\" \/>\n<meta name=\"twitter:label1\" content=\"Tiempo de lectura\" \/>\n\t<meta name=\"twitter:data1\" content=\"11 minutos\" \/>\n<script type=\"application\/ld+json\" class=\"yoast-schema-graph\">{\"@context\":\"https:\/\/schema.org\",\"@graph\":[{\"@type\":\"WebPage\",\"@id\":\"https:\/\/www.tenerity.com\/es\/nosotros\/equipo-directivo-2\/\",\"url\":\"https:\/\/www.tenerity.com\/es\/nosotros\/equipo-directivo-2\/\",\"name\":\"Equipo directivo - Tenerity ES\",\"isPartOf\":{\"@id\":\"https:\/\/www.tenerity.com\/es\/#website\"},\"primaryImageOfPage\":{\"@id\":\"https:\/\/www.tenerity.com\/es\/nosotros\/equipo-directivo-2\/#primaryimage\"},\"image\":{\"@id\":\"https:\/\/www.tenerity.com\/es\/nosotros\/equipo-directivo-2\/#primaryimage\"},\"thumbnailUrl\":\"https:\/\/www.tenerity.com\/es\/wp-content\/uploads\/sites\/30\/2022\/10\/hero___about-us.jpg\",\"datePublished\":\"2025-04-02T08:55:00+00:00\",\"dateModified\":\"2025-04-03T11:36:51+00:00\",\"breadcrumb\":{\"@id\":\"https:\/\/www.tenerity.com\/es\/nosotros\/equipo-directivo-2\/#breadcrumb\"},\"inLanguage\":\"es\",\"potentialAction\":[{\"@type\":\"ReadAction\",\"target\":[\"https:\/\/www.tenerity.com\/es\/nosotros\/equipo-directivo-2\/\"]}]},{\"@type\":\"ImageObject\",\"inLanguage\":\"es\",\"@id\":\"https:\/\/www.tenerity.com\/es\/nosotros\/equipo-directivo-2\/#primaryimage\",\"url\":\"https:\/\/www.tenerity.com\/es\/wp-content\/uploads\/sites\/30\/2022\/10\/hero___about-us.jpg\",\"contentUrl\":\"https:\/\/www.tenerity.com\/es\/wp-content\/uploads\/sites\/30\/2022\/10\/hero___about-us.jpg\",\"width\":1440,\"height\":421,\"caption\":\"About Us\"},{\"@type\":\"BreadcrumbList\",\"@id\":\"https:\/\/www.tenerity.com\/es\/nosotros\/equipo-directivo-2\/#breadcrumb\",\"itemListElement\":[{\"@type\":\"ListItem\",\"position\":1,\"name\":\"Home\",\"item\":\"https:\/\/www.tenerity.com\/es\/\"},{\"@type\":\"ListItem\",\"position\":2,\"name\":\"Nosotros\",\"item\":\"https:\/\/www.tenerity.com\/es\/nosotros\/\"},{\"@type\":\"ListItem\",\"position\":3,\"name\":\"Equipo directivo\"}]},{\"@type\":\"WebSite\",\"@id\":\"https:\/\/www.tenerity.com\/es\/#website\",\"url\":\"https:\/\/www.tenerity.com\/es\/\",\"name\":\"Tenerity\",\"description\":\"Intelligent engagement and loyalty for modern brands\",\"potentialAction\":[{\"@type\":\"SearchAction\",\"target\":{\"@type\":\"EntryPoint\",\"urlTemplate\":\"https:\/\/www.tenerity.com\/es\/?s={search_term_string}\"},\"query-input\":{\"@type\":\"PropertyValueSpecification\",\"valueRequired\":true,\"valueName\":\"search_term_string\"}}],\"inLanguage\":\"es\"}]}<\/script>\n<!-- \/ Yoast SEO plugin. -->","yoast_head_json":{"title":"Equipo directivo - Tenerity ES","robots":{"index":"index","follow":"follow","max-snippet":"max-snippet:-1","max-image-preview":"max-image-preview:large","max-video-preview":"max-video-preview:-1"},"canonical":"https:\/\/www.tenerity.com\/es\/nosotros\/equipo-directivo-2\/","og_locale":"es_ES","og_type":"article","og_title":"Equipo directivo - Tenerity ES","og_url":"https:\/\/www.tenerity.com\/es\/nosotros\/equipo-directivo-2\/","og_site_name":"Tenerity ES","article_modified_time":"2025-04-03T11:36:51+00:00","og_image":[{"width":1440,"height":421,"url":"https:\/\/www.tenerity.com\/es\/wp-content\/uploads\/sites\/30\/2022\/10\/hero___about-us.jpg","type":"image\/jpeg"}],"twitter_card":"summary_large_image","twitter_misc":{"Tiempo de lectura":"11 minutos"},"schema":{"@context":"https:\/\/schema.org","@graph":[{"@type":"WebPage","@id":"https:\/\/www.tenerity.com\/es\/nosotros\/equipo-directivo-2\/","url":"https:\/\/www.tenerity.com\/es\/nosotros\/equipo-directivo-2\/","name":"Equipo directivo - Tenerity ES","isPartOf":{"@id":"https:\/\/www.tenerity.com\/es\/#website"},"primaryImageOfPage":{"@id":"https:\/\/www.tenerity.com\/es\/nosotros\/equipo-directivo-2\/#primaryimage"},"image":{"@id":"https:\/\/www.tenerity.com\/es\/nosotros\/equipo-directivo-2\/#primaryimage"},"thumbnailUrl":"https:\/\/www.tenerity.com\/es\/wp-content\/uploads\/sites\/30\/2022\/10\/hero___about-us.jpg","datePublished":"2025-04-02T08:55:00+00:00","dateModified":"2025-04-03T11:36:51+00:00","breadcrumb":{"@id":"https:\/\/www.tenerity.com\/es\/nosotros\/equipo-directivo-2\/#breadcrumb"},"inLanguage":"es","potentialAction":[{"@type":"ReadAction","target":["https:\/\/www.tenerity.com\/es\/nosotros\/equipo-directivo-2\/"]}]},{"@type":"ImageObject","inLanguage":"es","@id":"https:\/\/www.tenerity.com\/es\/nosotros\/equipo-directivo-2\/#primaryimage","url":"https:\/\/www.tenerity.com\/es\/wp-content\/uploads\/sites\/30\/2022\/10\/hero___about-us.jpg","contentUrl":"https:\/\/www.tenerity.com\/es\/wp-content\/uploads\/sites\/30\/2022\/10\/hero___about-us.jpg","width":1440,"height":421,"caption":"About Us"},{"@type":"BreadcrumbList","@id":"https:\/\/www.tenerity.com\/es\/nosotros\/equipo-directivo-2\/#breadcrumb","itemListElement":[{"@type":"ListItem","position":1,"name":"Home","item":"https:\/\/www.tenerity.com\/es\/"},{"@type":"ListItem","position":2,"name":"Nosotros","item":"https:\/\/www.tenerity.com\/es\/nosotros\/"},{"@type":"ListItem","position":3,"name":"Equipo directivo"}]},{"@type":"WebSite","@id":"https:\/\/www.tenerity.com\/es\/#website","url":"https:\/\/www.tenerity.com\/es\/","name":"Tenerity","description":"Intelligent engagement and loyalty for modern brands","potentialAction":[{"@type":"SearchAction","target":{"@type":"EntryPoint","urlTemplate":"https:\/\/www.tenerity.com\/es\/?s={search_term_string}"},"query-input":{"@type":"PropertyValueSpecification","valueRequired":true,"valueName":"search_term_string"}}],"inLanguage":"es"}]}},"_links":{"self":[{"href":"https:\/\/www.tenerity.com\/es\/wp-json\/wp\/v2\/pages\/1367","targetHints":{"allow":["GET"]}}],"collection":[{"href":"https:\/\/www.tenerity.com\/es\/wp-json\/wp\/v2\/pages"}],"about":[{"href":"https:\/\/www.tenerity.com\/es\/wp-json\/wp\/v2\/types\/page"}],"author":[{"embeddable":true,"href":"https:\/\/www.tenerity.com\/es\/wp-json\/wp\/v2\/users\/8"}],"replies":[{"embeddable":true,"href":"https:\/\/www.tenerity.com\/es\/wp-json\/wp\/v2\/comments?post=1367"}],"version-history":[{"count":0,"href":"https:\/\/www.tenerity.com\/es\/wp-json\/wp\/v2\/pages\/1367\/revisions"}],"up":[{"embeddable":true,"href":"https:\/\/www.tenerity.com\/es\/wp-json\/wp\/v2\/pages\/26"}],"wp:featuredmedia":[{"embeddable":true,"href":"https:\/\/www.tenerity.com\/es\/wp-json\/wp\/v2\/media\/620"}],"wp:attachment":[{"href":"https:\/\/www.tenerity.com\/es\/wp-json\/wp\/v2\/media?parent=1367"}],"curies":[{"name":"wp","href":"https:\/\/api.w.org\/{rel}","templated":true}]}}