{"id":1239,"date":"2023-05-23T15:27:59","date_gmt":"2023-05-23T15:27:59","guid":{"rendered":"https:\/\/www.tenerity.com\/es\/?page_id=1239"},"modified":"2023-07-11T13:22:37","modified_gmt":"2023-07-11T13:22:37","slug":"national-express","status":"publish","type":"page","link":"https:\/\/www.tenerity.com\/es\/casos-de-exito\/national-express\/","title":{"rendered":"National Express"},"content":{"rendered":"<section class=\"l-section wpb_row us_custom_11553957 has-hero-image bg-img-cover height_large color_secondary with_img with_shape\"><div class=\"l-section-img\" role=\"img\" aria-label=\"National Express | Tenerity Case Study\" data-img-width=\"1024\" data-img-height=\"640\" style=\"background-image: url(https:\/\/www.tenerity.com\/es\/wp-content\/uploads\/sites\/30\/2023\/05\/case_study_header___national_express.jpg);background-position: top center;background-repeat: no-repeat;\"><\/div><div class=\"l-section-shape type_tilt pos_bottom on_front hor_flip\" style=\"height:10vh;\"><svg xmlns=\"http:\/\/www.w3.org\/2000\/svg\" viewBox=\"0 0 64 8\" preserveAspectRatio=\"none\" width=\"100%\" height=\"100%\">\r\n\t<path fill=\"currentColor\" d=\"M64 7.9 L64 10 L0 10 L0 0 Z\"\/>\r\n<\/svg><\/div><div class=\"l-section-h i-cf\"><div class=\"g-cols vc_row via_flex valign_middle type_default stacking_default\"><div class=\"vc_col-sm-6 wpb_column vc_column_container\"><div class=\"vc_column-inner\"><div class=\"wpb_wrapper\"><div class=\"wpb_text_column us_custom_4b9db530 us_animate_this\"><div class=\"wpb_wrapper\"><h1>National Express<\/h1>\n<\/div><\/div><div class=\"wpb_text_column us_custom_5494d4ee text___intro us_animate_this\"><div class=\"wpb_wrapper\"><p>Mejorar la experiencia de cliente y el valor incremental.<\/p>\n<\/div><\/div><\/div><\/div><\/div><div class=\"vc_col-sm-6 wpb_column vc_column_container\"><div class=\"vc_column-inner\"><div class=\"wpb_wrapper\"><\/div><\/div><\/div><\/div><\/div><\/section><section class=\"l-section wpb_row us_custom_4fb9e5a3 height_small\" id=\"post-launch-highlights\"><div class=\"l-section-h i-cf\"><div class=\"g-cols vc_row via_flex valign_middle type_default stacking_default\"><div class=\"vc_col-sm-12 wpb_column vc_column_container\"><div class=\"vc_column-inner\"><div class=\"wpb_wrapper\"><div class=\"wpb_text_column\"><div class=\"wpb_wrapper\"><h2 style=\"text-align: center;\">Resultados<\/h2>\n<\/div><\/div><div class=\"g-cols wpb_row highlights via_flex valign_top type_default stacking_default\"><div class=\"vc_col-sm-6 wpb_column vc_column_container\"><div class=\"vc_column-inner\"><div class=\"wpb_wrapper\"><div class=\"w-counter us_custom_1056433e mid-line color_heading align_center has_font_size\" data-duration=\"2\"><div class=\"w-counter-value\"><span class=\"w-counter-value-part type_text\" data-final=\"\"><\/span><span class=\"w-counter-value-part type_number\" data-final=\"10\">1<\/span><span class=\"w-counter-value-part type_text\" data-final=\"%\">%<\/span><\/div><p class=\"w-counter-title\" style=\"font-size:1.1rem;font-weight:700;\">de usuarios repite la compra<\/p><\/div><\/div><\/div><\/div><div class=\"vc_col-sm-6 wpb_column vc_column_container\"><div class=\"vc_column-inner\"><div class=\"wpb_wrapper\"><div class=\"w-counter us_custom_1056433e mid-line color_heading align_center has_font_size\" data-duration=\"2\"><div class=\"w-counter-value\"><span class=\"w-counter-value-part type_text\" data-final=\"Aumento del \">Aumento del <\/span><span class=\"w-counter-value-part type_number\" data-final=\"50\">1<\/span><span class=\"w-counter-value-part type_text\" data-final=\"%\">%<\/span><\/div><p class=\"w-counter-title\" style=\"font-size:1.1rem;font-weight:700;\">de la comisi\u00f3n por recomendaci\u00f3n<\/p><\/div><\/div><\/div><\/div><\/div><\/div><\/div><\/div><\/div><\/div><\/section><section class=\"l-section wpb_row height_medium with_shape\"><div class=\"l-section-shape type_tilt pos_bottom hor_flip\" style=\"height:10vh;color:var(--color-content-bg-alt)\"><svg xmlns=\"http:\/\/www.w3.org\/2000\/svg\" viewBox=\"0 0 64 8\" preserveAspectRatio=\"none\" width=\"100%\" height=\"100%\">\r\n\t<path fill=\"currentColor\" d=\"M64 7.9 L64 10 L0 10 L0 0 Z\"\/>\r\n<\/svg><\/div><div class=\"l-section-h i-cf\"><div class=\"g-cols vc_row via_flex valign_top type_default stacking_default\"><div class=\"vc_col-sm-12 wpb_column vc_column_container\"><div class=\"vc_column-inner\"><div class=\"wpb_wrapper\"><\/div><\/div><\/div><\/div><\/div><\/section><section class=\"l-section wpb_row us_custom_69341b76 height_medium\" id=\"challenge\"><div class=\"l-section-h i-cf\"><div class=\"g-cols vc_row via_flex valign_top type_default stacking_default\"><div class=\"vc_col-sm-12 wpb_column vc_column_container\"><div class=\"vc_column-inner\"><div class=\"wpb_wrapper\"><div class=\"wpb_text_column\"><div class=\"wpb_wrapper\"><h2 style=\"text-align: center;\">Reto<\/h2>\n<\/div><\/div><div class=\"g-cols wpb_row via_flex valign_top type_default stacking_default\"><div class=\"vc_col-sm-2 wpb_column vc_column_container\"><div class=\"vc_column-inner\"><div class=\"wpb_wrapper\"><\/div><\/div><\/div><div class=\"vc_col-sm-8 wpb_column vc_column_container\"><div class=\"vc_column-inner\"><div class=\"wpb_wrapper\"><div class=\"wpb_text_column\"><div class=\"wpb_wrapper\"><p>National Express buscaba desarrollar su propio programa de beneficios con el objetivo de establecer relaciones m\u00e1s duraderas y rentables con sus clientes.<\/p>\n<p><strong>Los objetivos clave fueron:<\/strong><\/p>\n<ul>\n<li><strong>Incentivar la recompra<\/strong>, ofreciendo un incentivo por las compras recurrentes.<\/li>\n<li><strong>Generar ingresos adionales<\/strong>, especialmente, aumentar el beneficio por transacci\u00f3n.<\/li>\n<li><strong>Mejorar la conexi\u00f3n con el cliente<\/strong> a lo largo de todo el customer journey.<\/li>\n<\/ul>\n<\/div><\/div><\/div><\/div><\/div><div class=\"vc_col-sm-2 wpb_column vc_column_container\"><div class=\"vc_column-inner\"><div class=\"wpb_wrapper\"><\/div><\/div><\/div><\/div><\/div><\/div><\/div><\/div><\/div><\/section><section class=\"l-section wpb_row us_custom_c70c97eb height_medium with_shape\"><div class=\"l-section-shape type_triangle pos_bottom\" style=\"height:10vh;color:var(--color-content-secondary)\"><svg xmlns=\"http:\/\/www.w3.org\/2000\/svg\" viewBox=\"0 0 64 8\" preserveAspectRatio=\"none\" width=\"100%\" height=\"100%\">\r\n\t<path fill=\"currentColor\" d=\"M64 8 L0 8 L0 0 L32 7.9 L64 0 Z\"\/>\r\n<\/svg><\/div><div class=\"l-section-h i-cf\"><div class=\"g-cols vc_row via_flex valign_top type_default stacking_default\"><div class=\"vc_col-sm-12 wpb_column vc_column_container\"><div class=\"vc_column-inner\"><div class=\"wpb_wrapper\"><\/div><\/div><\/div><\/div><\/div><\/section><section class=\"l-section wpb_row last-row height_medium color_secondary\" id=\"solution\"><div class=\"l-section-h i-cf\"><div class=\"g-cols vc_row via_flex valign_middle type_default stacking_default\"><div class=\"vc_col-sm-6 wpb_column vc_column_container\"><div class=\"vc_column-inner\"><div class=\"wpb_wrapper\"><div class=\"wpb_text_column\"><div class=\"wpb_wrapper\"><h2>Soluci\u00f3n<\/h2>\n<\/div><\/div><div class=\"wpb_text_column\"><div class=\"wpb_wrapper\"><p>Utilizando nuestra plataforma de reembolsos, National Express lanz\u00f3 NX Rewards, una soluci\u00f3n adaptada a su imagen de marca, para ayudar a sus clientes a ahorrar en sus compras cotidianas online, gracias al 10% m\u00ednimo de reembolso ofrecido en m\u00e1s de 1000 tiendas online, de todas las categor\u00edas, adem\u00e1s de otras ventajas.<\/p>\n<p>Bas\u00e1ndose en el perfil de sus miembros, NX Rewards ofrece promociones personalizadas y relevantes para conectar con ellos, incluyendo el porcentaje de reembolso m\u00e1s alto en algunas de las principales aerol\u00edneas, cadenas hoteleras, proveedores de salud o eventos.<\/p>\n<p>Se optimizaron los principales puntos de contacto con el cliente, como las plataformas digitales de venta de billetes de autob\u00fas de National Express, los emails de confirmaci\u00f3n, los billetes electr\u00f3nicos, VUER (la aplicaci\u00f3n de entretenimiento de National Express), televenta y folletos de marketing directo. <\/p>\n<\/div><\/div><\/div><\/div><\/div><div class=\"vc_col-sm-6 wpb_column vc_column_container\"><div class=\"vc_column-inner\"><div class=\"wpb_wrapper\"><div class=\"w-image align_center\"><div class=\"w-image-h\"><img decoding=\"async\" width=\"637\" height=\"392\" src=\"https:\/\/www.tenerity.com\/es\/wp-content\/uploads\/sites\/30\/2023\/05\/image___case_study02.png\" class=\"attachment-large size-large\" alt=\"nx|rewards\" loading=\"lazy\" srcset=\"https:\/\/www.tenerity.com\/es\/wp-content\/uploads\/sites\/30\/2023\/05\/image___case_study02.png 637w, https:\/\/www.tenerity.com\/es\/wp-content\/uploads\/sites\/30\/2023\/05\/image___case_study02-300x185.png 300w\" sizes=\"auto, (max-width: 637px) 100vw, 637px\" \/><\/div><\/div><\/div><\/div><\/div><\/div><\/div><\/section><section class=\"l-section wpb_row us_custom_a9be633b height_medium with_shape\"><div class=\"l-section-shape type_tilt pos_bottom hor_flip\" style=\"height:10vh;color:var(--color-content-bg-alt)\"><svg xmlns=\"http:\/\/www.w3.org\/2000\/svg\" viewBox=\"0 0 64 8\" preserveAspectRatio=\"none\" width=\"100%\" height=\"100%\">\r\n\t<path fill=\"currentColor\" d=\"M64 7.9 L64 10 L0 10 L0 0 Z\"\/>\r\n<\/svg><\/div><div class=\"l-section-h i-cf\"><div class=\"g-cols vc_row via_flex valign_top type_default stacking_default\"><div class=\"vc_col-sm-12 wpb_column vc_column_container\"><div class=\"vc_column-inner\"><div class=\"wpb_wrapper\"><\/div><\/div><\/div><\/div><\/div><\/section><section class=\"l-section wpb_row us_custom_0ef2abdf height_medium\" id=\"challenge\"><div class=\"l-section-h i-cf\"><div class=\"g-cols vc_row via_flex valign_top type_default stacking_default\"><div class=\"vc_col-sm-12 wpb_column vc_column_container\"><div class=\"vc_column-inner\"><div class=\"wpb_wrapper\"><div class=\"wpb_text_column\"><div class=\"wpb_wrapper\"><h2>Resultados Clave<\/h2>\n<\/div><\/div><div class=\"g-cols wpb_row via_flex valign_top type_default stacking_default\"><div class=\"vc_col-sm-4 wpb_column vc_column_container\"><div class=\"vc_column-inner\"><div class=\"wpb_wrapper\"><div class=\"wpb_text_column\"><div class=\"wpb_wrapper\"><p><strong>Conexi\u00f3n con el cliente<\/strong><\/p>\n<p>National Express mejor\u00f3 la conexi\u00f3n con sus clientes incentivando la repetici\u00f3n de la compra de billetes de autob\u00fas y ofreci\u00e9ndoles la posibilidad de ahorrar cientos de libras al a\u00f1o en una gran cantidad de tiendas online.<\/p>\n<\/div><\/div><\/div><\/div><\/div><div class=\"vc_col-sm-4 wpb_column vc_column_container\"><div class=\"vc_column-inner\"><div class=\"wpb_wrapper\"><div class=\"wpb_text_column\"><div class=\"wpb_wrapper\"><p><strong>Repetici\u00f3n de la compra<\/strong><\/p>\n<p>El 10% de los miembros de National Express realizaron una nueva compra antes de cumplirse 3 meses desde la fecha en que se convirtieron en miembros.<\/p>\n<\/div><\/div><\/div><\/div><\/div><div class=\"vc_col-sm-4 wpb_column vc_column_container\"><div class=\"vc_column-inner\"><div class=\"wpb_wrapper\"><div class=\"wpb_text_column\"><div class=\"wpb_wrapper\"><p><strong>Ingresos adicionales<\/strong><\/p>\n<p>La comisi\u00f3n por recomendaci\u00f3n creci\u00f3 un 50% gracias al aumento de las suscripciones.<\/p>\n<\/div><\/div><\/div><\/div><\/div><\/div><\/div><\/div><\/div><\/div><\/div><\/section><section class=\"l-section wpb_row us_custom_c70c97eb height_medium with_shape\"><div class=\"l-section-shape type_tilt pos_bottom hor_flip\" style=\"height:10vh;\"><svg xmlns=\"http:\/\/www.w3.org\/2000\/svg\" viewBox=\"0 0 64 8\" preserveAspectRatio=\"none\" width=\"100%\" height=\"100%\">\r\n\t<path fill=\"currentColor\" d=\"M64 7.9 L64 10 L0 10 L0 0 Z\"\/>\r\n<\/svg><\/div><div class=\"l-section-h i-cf\"><div class=\"g-cols vc_row via_flex valign_top type_default stacking_default\"><div class=\"vc_col-sm-12 wpb_column vc_column_container\"><div class=\"vc_column-inner\"><div class=\"wpb_wrapper\"><\/div><\/div><\/div><\/div><\/div><\/section><section class=\"l-section wpb_row us_custom_f3f68ac4 height_medium\"><div class=\"l-section-h i-cf\"><div class=\"g-cols vc_row via_flex valign_top type_default stacking_default\"><div class=\"vc_col-sm-3 wpb_column vc_column_container\"><div class=\"vc_column-inner\"><div class=\"wpb_wrapper\"><\/div><\/div><\/div><div class=\"vc_col-sm-6 wpb_column vc_column_container\"><div class=\"vc_column-inner\"><div class=\"wpb_wrapper\"><div class=\"w-iconbox us_custom_50cc7d67 iconpos_top style_default color_contrast align_center no_text no_title\"><div class=\"w-iconbox-icon\" style=\"font-size:3rem;\"><i class=\"fas fa-quote-left\"><\/i><\/div><div class=\"w-iconbox-meta\"><\/div><\/div><div class=\"wpb_text_column\"><div class=\"wpb_wrapper\"><p style=\"text-align: center;\">Trabajamos con Webloyalty hace m\u00e1s de 11 a\u00f1os, en este tiempo, nuestro acuerdo de colaboraci\u00f3n ha ido haci\u00e9ndose cada vez m\u00e1s fuerte, haciendo crecer tambi\u00e9n nuestros ingresos. Webloyalty no solo nos ha proporcionado una soluci\u00f3n que fomenta la repetici\u00f3n de la compra, sino que ha hecho crecer los ingresos de nuestra cuenta de resultados.<\/p>\n<p style=\"text-align: center;\">El valor que nos aporta Webloyalty nos permite reinvertir en otras partes del negocio, con un impacto m\u00ednimo en nuestro core business.<\/p>\n<p style=\"text-align: center;\"><strong>Tony Taylor<\/strong><br \/>\n<em>Director de desarrollo de negocio \u2013 National Express<\/em><\/p>\n<\/div><\/div><\/div><\/div><\/div><div class=\"vc_col-sm-3 wpb_column vc_column_container\"><div class=\"vc_column-inner\"><div class=\"wpb_wrapper\"><\/div><\/div><\/div><\/div><\/div><\/section>\n","protected":false},"excerpt":{"rendered":"National Express Mejorar la experiencia de cliente y el valor incremental. Resultados 1%de usuarios repite la compraAumento del 1%de la comisi\u00f3n por recomendaci\u00f3n Reto National Express buscaba desarrollar su propio programa de beneficios con el objetivo de establecer relaciones m\u00e1s duraderas y rentables con sus clientes. Los objetivos clave fueron: Incentivar la recompra, ofreciendo un...","protected":false},"author":2,"featured_media":1234,"parent":195,"menu_order":2,"comment_status":"closed","ping_status":"closed","template":"","meta":{"footnotes":""},"class_list":["post-1239","page","type-page","status-publish","has-post-thumbnail","hentry"],"yoast_head":"<!-- This site is optimized with the Yoast SEO plugin v27.1.1 - https:\/\/yoast.com\/product\/yoast-seo-wordpress\/ -->\n<title>National Express - Tenerity ES<\/title>\n<meta name=\"robots\" content=\"index, follow, max-snippet:-1, max-image-preview:large, max-video-preview:-1\" \/>\n<link rel=\"canonical\" href=\"https:\/\/www.tenerity.com\/es\/casos-de-exito\/national-express\/\" \/>\n<meta property=\"og:locale\" content=\"es_ES\" \/>\n<meta property=\"og:type\" content=\"article\" \/>\n<meta property=\"og:title\" content=\"National Express - Tenerity ES\" \/>\n<meta property=\"og:url\" content=\"https:\/\/www.tenerity.com\/es\/casos-de-exito\/national-express\/\" \/>\n<meta property=\"og:site_name\" content=\"Tenerity ES\" \/>\n<meta property=\"article:modified_time\" content=\"2023-07-11T13:22:37+00:00\" \/>\n<meta property=\"og:image\" content=\"https:\/\/www.tenerity.com\/es\/wp-content\/uploads\/sites\/30\/2023\/05\/case_study_header___national_express.jpg\" \/>\n\t<meta property=\"og:image:width\" content=\"1024\" \/>\n\t<meta property=\"og:image:height\" content=\"640\" \/>\n\t<meta property=\"og:image:type\" content=\"image\/jpeg\" \/>\n<meta name=\"twitter:card\" content=\"summary_large_image\" \/>\n<meta name=\"twitter:label1\" content=\"Tiempo de lectura\" \/>\n\t<meta name=\"twitter:data1\" content=\"3 minutos\" \/>\n<script type=\"application\/ld+json\" class=\"yoast-schema-graph\">{\"@context\":\"https:\/\/schema.org\",\"@graph\":[{\"@type\":\"WebPage\",\"@id\":\"https:\/\/www.tenerity.com\/es\/casos-de-exito\/national-express\/\",\"url\":\"https:\/\/www.tenerity.com\/es\/casos-de-exito\/national-express\/\",\"name\":\"National Express - Tenerity ES\",\"isPartOf\":{\"@id\":\"https:\/\/www.tenerity.com\/es\/#website\"},\"primaryImageOfPage\":{\"@id\":\"https:\/\/www.tenerity.com\/es\/casos-de-exito\/national-express\/#primaryimage\"},\"image\":{\"@id\":\"https:\/\/www.tenerity.com\/es\/casos-de-exito\/national-express\/#primaryimage\"},\"thumbnailUrl\":\"https:\/\/www.tenerity.com\/es\/wp-content\/uploads\/sites\/30\/2023\/05\/case_study_header___national_express.jpg\",\"datePublished\":\"2023-05-23T15:27:59+00:00\",\"dateModified\":\"2023-07-11T13:22:37+00:00\",\"breadcrumb\":{\"@id\":\"https:\/\/www.tenerity.com\/es\/casos-de-exito\/national-express\/#breadcrumb\"},\"inLanguage\":\"es\",\"potentialAction\":[{\"@type\":\"ReadAction\",\"target\":[\"https:\/\/www.tenerity.com\/es\/casos-de-exito\/national-express\/\"]}]},{\"@type\":\"ImageObject\",\"inLanguage\":\"es\",\"@id\":\"https:\/\/www.tenerity.com\/es\/casos-de-exito\/national-express\/#primaryimage\",\"url\":\"https:\/\/www.tenerity.com\/es\/wp-content\/uploads\/sites\/30\/2023\/05\/case_study_header___national_express.jpg\",\"contentUrl\":\"https:\/\/www.tenerity.com\/es\/wp-content\/uploads\/sites\/30\/2023\/05\/case_study_header___national_express.jpg\",\"width\":1024,\"height\":640,\"caption\":\"National Express | Tenerity Case Study\"},{\"@type\":\"BreadcrumbList\",\"@id\":\"https:\/\/www.tenerity.com\/es\/casos-de-exito\/national-express\/#breadcrumb\",\"itemListElement\":[{\"@type\":\"ListItem\",\"position\":1,\"name\":\"Home\",\"item\":\"https:\/\/www.tenerity.com\/es\/\"},{\"@type\":\"ListItem\",\"position\":2,\"name\":\"Casos de \u00e9xito\",\"item\":\"https:\/\/www.tenerity.com\/es\/casos-de-exito\/\"},{\"@type\":\"ListItem\",\"position\":3,\"name\":\"National Express\"}]},{\"@type\":\"WebSite\",\"@id\":\"https:\/\/www.tenerity.com\/es\/#website\",\"url\":\"https:\/\/www.tenerity.com\/es\/\",\"name\":\"Tenerity\",\"description\":\"Intelligent engagement and loyalty for modern brands\",\"potentialAction\":[{\"@type\":\"SearchAction\",\"target\":{\"@type\":\"EntryPoint\",\"urlTemplate\":\"https:\/\/www.tenerity.com\/es\/?s={search_term_string}\"},\"query-input\":{\"@type\":\"PropertyValueSpecification\",\"valueRequired\":true,\"valueName\":\"search_term_string\"}}],\"inLanguage\":\"es\"}]}<\/script>\n<!-- \/ Yoast SEO plugin. -->","yoast_head_json":{"title":"National Express - Tenerity ES","robots":{"index":"index","follow":"follow","max-snippet":"max-snippet:-1","max-image-preview":"max-image-preview:large","max-video-preview":"max-video-preview:-1"},"canonical":"https:\/\/www.tenerity.com\/es\/casos-de-exito\/national-express\/","og_locale":"es_ES","og_type":"article","og_title":"National Express - Tenerity ES","og_url":"https:\/\/www.tenerity.com\/es\/casos-de-exito\/national-express\/","og_site_name":"Tenerity ES","article_modified_time":"2023-07-11T13:22:37+00:00","og_image":[{"width":1024,"height":640,"url":"https:\/\/www.tenerity.com\/es\/wp-content\/uploads\/sites\/30\/2023\/05\/case_study_header___national_express.jpg","type":"image\/jpeg"}],"twitter_card":"summary_large_image","twitter_misc":{"Tiempo de lectura":"3 minutos"},"schema":{"@context":"https:\/\/schema.org","@graph":[{"@type":"WebPage","@id":"https:\/\/www.tenerity.com\/es\/casos-de-exito\/national-express\/","url":"https:\/\/www.tenerity.com\/es\/casos-de-exito\/national-express\/","name":"National Express - Tenerity ES","isPartOf":{"@id":"https:\/\/www.tenerity.com\/es\/#website"},"primaryImageOfPage":{"@id":"https:\/\/www.tenerity.com\/es\/casos-de-exito\/national-express\/#primaryimage"},"image":{"@id":"https:\/\/www.tenerity.com\/es\/casos-de-exito\/national-express\/#primaryimage"},"thumbnailUrl":"https:\/\/www.tenerity.com\/es\/wp-content\/uploads\/sites\/30\/2023\/05\/case_study_header___national_express.jpg","datePublished":"2023-05-23T15:27:59+00:00","dateModified":"2023-07-11T13:22:37+00:00","breadcrumb":{"@id":"https:\/\/www.tenerity.com\/es\/casos-de-exito\/national-express\/#breadcrumb"},"inLanguage":"es","potentialAction":[{"@type":"ReadAction","target":["https:\/\/www.tenerity.com\/es\/casos-de-exito\/national-express\/"]}]},{"@type":"ImageObject","inLanguage":"es","@id":"https:\/\/www.tenerity.com\/es\/casos-de-exito\/national-express\/#primaryimage","url":"https:\/\/www.tenerity.com\/es\/wp-content\/uploads\/sites\/30\/2023\/05\/case_study_header___national_express.jpg","contentUrl":"https:\/\/www.tenerity.com\/es\/wp-content\/uploads\/sites\/30\/2023\/05\/case_study_header___national_express.jpg","width":1024,"height":640,"caption":"National Express | Tenerity Case Study"},{"@type":"BreadcrumbList","@id":"https:\/\/www.tenerity.com\/es\/casos-de-exito\/national-express\/#breadcrumb","itemListElement":[{"@type":"ListItem","position":1,"name":"Home","item":"https:\/\/www.tenerity.com\/es\/"},{"@type":"ListItem","position":2,"name":"Casos de \u00e9xito","item":"https:\/\/www.tenerity.com\/es\/casos-de-exito\/"},{"@type":"ListItem","position":3,"name":"National Express"}]},{"@type":"WebSite","@id":"https:\/\/www.tenerity.com\/es\/#website","url":"https:\/\/www.tenerity.com\/es\/","name":"Tenerity","description":"Intelligent engagement and loyalty for modern brands","potentialAction":[{"@type":"SearchAction","target":{"@type":"EntryPoint","urlTemplate":"https:\/\/www.tenerity.com\/es\/?s={search_term_string}"},"query-input":{"@type":"PropertyValueSpecification","valueRequired":true,"valueName":"search_term_string"}}],"inLanguage":"es"}]}},"_links":{"self":[{"href":"https:\/\/www.tenerity.com\/es\/wp-json\/wp\/v2\/pages\/1239","targetHints":{"allow":["GET"]}}],"collection":[{"href":"https:\/\/www.tenerity.com\/es\/wp-json\/wp\/v2\/pages"}],"about":[{"href":"https:\/\/www.tenerity.com\/es\/wp-json\/wp\/v2\/types\/page"}],"author":[{"embeddable":true,"href":"https:\/\/www.tenerity.com\/es\/wp-json\/wp\/v2\/users\/2"}],"replies":[{"embeddable":true,"href":"https:\/\/www.tenerity.com\/es\/wp-json\/wp\/v2\/comments?post=1239"}],"version-history":[{"count":0,"href":"https:\/\/www.tenerity.com\/es\/wp-json\/wp\/v2\/pages\/1239\/revisions"}],"up":[{"embeddable":true,"href":"https:\/\/www.tenerity.com\/es\/wp-json\/wp\/v2\/pages\/195"}],"wp:featuredmedia":[{"embeddable":true,"href":"https:\/\/www.tenerity.com\/es\/wp-json\/wp\/v2\/media\/1234"}],"wp:attachment":[{"href":"https:\/\/www.tenerity.com\/es\/wp-json\/wp\/v2\/media?parent=1239"}],"curies":[{"name":"wp","href":"https:\/\/api.w.org\/{rel}","templated":true}]}}