{"id":1076,"date":"2022-11-08T15:59:46","date_gmt":"2022-11-08T15:59:46","guid":{"rendered":"https:\/\/www.tenerity.com\/es\/?page_id=1076"},"modified":"2023-08-23T12:56:35","modified_gmt":"2023-08-23T12:56:35","slug":"contacta-sales","status":"publish","type":"page","link":"https:\/\/www.tenerity.com\/es\/contacta-sales\/","title":{"rendered":"Contacta Sales"},"content":{"rendered":"<section class=\"l-section wpb_row us_custom_63ca62b5 has-hero-img height_huge color_secondary with_img with_shape\"><div class=\"l-section-img\" role=\"img\" aria-label=\"Contact Us\" data-img-width=\"1436\" data-img-height=\"574\" style=\"background-image: url(https:\/\/www.tenerity.com\/es\/wp-content\/uploads\/sites\/30\/2022\/10\/hero___contact-us.jpg);background-repeat: no-repeat;\"><\/div><div class=\"l-section-overlay\" style=\"background:rgba(26,26,26,0.25)\"><\/div><div class=\"l-section-shape type_tilt pos_bottom hor_flip\" style=\"height:10vh;color:#ffffff\"><svg xmlns=\"http:\/\/www.w3.org\/2000\/svg\" viewBox=\"0 0 64 8\" preserveAspectRatio=\"none\" width=\"100%\" height=\"100%\">\r\n\t<path fill=\"currentColor\" d=\"M64 7.9 L64 10 L0 10 L0 0 Z\"\/>\r\n<\/svg><\/div><div class=\"l-section-h i-cf\"><div class=\"g-cols vc_row via_flex valign_middle type_default stacking_default\"><div class=\"vc_col-sm-12 wpb_column vc_column_container\"><div class=\"vc_column-inner\"><div class=\"wpb_wrapper\"><div class=\"wpb_text_column\"><div class=\"wpb_wrapper\"><h1 style=\"text-align: left;\">Contacta<\/h1>\n<\/div><\/div><\/div><\/div><\/div><\/div><\/div><\/section><section class=\"l-section wpb_row last-row height_medium with_shape\"><div class=\"l-section-shape type_tilt pos_bottom hor_flip\" style=\"height:10vh;color:#ffffff\"><svg xmlns=\"http:\/\/www.w3.org\/2000\/svg\" viewBox=\"0 0 64 8\" preserveAspectRatio=\"none\" width=\"100%\" height=\"100%\">\r\n\t<path fill=\"currentColor\" d=\"M64 7.9 L64 10 L0 10 L0 0 Z\"\/>\r\n<\/svg><\/div><div class=\"l-section-h i-cf\"><div class=\"g-cols vc_row via_flex valign_top type_default stacking_default\"><div class=\"vc_col-sm-6 wpb_column vc_column_container\"><div class=\"vc_column-inner\"><div class=\"wpb_wrapper\"><div class=\"wpb_text_column us_custom_f2eec366 text___intro\"><div class=\"wpb_wrapper\"><h3>Completa el formulario para agendar una reuni\u00f3n con nuestro equipo.<\/h3>\n<\/div><\/div><div class=\"wpb_text_column us_custom_4f24afa8\"><div class=\"wpb_wrapper\"><p><em>Por favor, utiliza tu direcci\u00f3n de email corporativa, el formulario no acepta solicitudes de Hotmail, Gmail u otros proveedores de correo electr\u00f3nico gratuitos.<\/em><\/p>\n<\/div><\/div><div class=\"w-image us_custom_efc17075 hide_on_default hide_on_laptops hide_on_tablets hide_on_mobiles align_center\"><div class=\"w-image-h\"><img decoding=\"async\" width=\"1000\" height=\"520\" src=\"https:\/\/www.tenerity.com\/es\/wp-content\/uploads\/sites\/30\/2023\/05\/Contact-Us-1024x532.png\" class=\"attachment-large size-large\" alt=\"\" loading=\"lazy\" srcset=\"https:\/\/www.tenerity.com\/es\/wp-content\/uploads\/sites\/30\/2023\/05\/Contact-Us-1024x532.png 1024w, https:\/\/www.tenerity.com\/es\/wp-content\/uploads\/sites\/30\/2023\/05\/Contact-Us-300x156.png 300w\" sizes=\"auto, (max-width: 1000px) 100vw, 1000px\" \/><\/div><\/div><div class=\"g-cols wpb_row hide_on_default hide_on_laptops hide_on_tablets hide_on_mobiles via_flex valign_top type_default stacking_default\"><div class=\"vc_col-sm-6 wpb_column vc_column_container\"><div class=\"vc_column-inner\"><div class=\"wpb_wrapper\"><div class=\"w-image us_custom_9769c26f us_animate_this align_center\"><div class=\"w-image-h\"><img decoding=\"async\" width=\"860\" height=\"1699\" src=\"https:\/\/www.tenerity.com\/es\/wp-content\/uploads\/sites\/30\/2023\/05\/app-screen-CompleteSaving-v1.png\" class=\"attachment-full size-full\" alt=\"\" loading=\"lazy\" srcset=\"https:\/\/www.tenerity.com\/es\/wp-content\/uploads\/sites\/30\/2023\/05\/app-screen-CompleteSaving-v1.png 860w, https:\/\/www.tenerity.com\/es\/wp-content\/uploads\/sites\/30\/2023\/05\/app-screen-CompleteSaving-v1-152x300.png 152w, https:\/\/www.tenerity.com\/es\/wp-content\/uploads\/sites\/30\/2023\/05\/app-screen-CompleteSaving-v1-518x1024.png 518w\" sizes=\"auto, (max-width: 860px) 100vw, 860px\" \/><\/div><\/div><\/div><\/div><\/div><div class=\"vc_col-sm-6 wpb_column vc_column_container\"><div class=\"vc_column-inner\"><div class=\"wpb_wrapper\"><div class=\"w-image us_custom_fc4cfd32 us_animate_this align_center\"><div class=\"w-image-h\"><img decoding=\"async\" width=\"860\" height=\"1699\" src=\"https:\/\/www.tenerity.com\/es\/wp-content\/uploads\/sites\/30\/2023\/05\/app-screen-PG-v1.png\" class=\"attachment-full size-full\" alt=\"\" loading=\"lazy\" srcset=\"https:\/\/www.tenerity.com\/es\/wp-content\/uploads\/sites\/30\/2023\/05\/app-screen-PG-v1.png 860w, https:\/\/www.tenerity.com\/es\/wp-content\/uploads\/sites\/30\/2023\/05\/app-screen-PG-v1-152x300.png 152w, https:\/\/www.tenerity.com\/es\/wp-content\/uploads\/sites\/30\/2023\/05\/app-screen-PG-v1-518x1024.png 518w\" sizes=\"auto, (max-width: 860px) 100vw, 860px\" \/><\/div><\/div><\/div><\/div><\/div><\/div><\/div><\/div><\/div><div class=\"vc_col-sm-6 wpb_column vc_column_container\"><div class=\"vc_column-inner\"><div class=\"wpb_wrapper\">[vc_raw_html]JTNDZm9ybSUyMGFjdGlvbiUzRCUyMmh0dHBzJTNBJTJGJTJGZ28udGVuZXJpdHkuY29tJTJGbCUyRjk1MTYzMiUyRjIwMjItMTItMDYlMkZtdmwxMSUyMiUyMG1ldGhvZCUzRCUyMnBvc3QlMjIlM0UlMEElMjAlMjAlM0NwJTNFJTBBJTIwJTIwJTIwJTIwJTNDbGFiZWwlM0UlMEElMjAlMjAlMjAlMjAlMjAlMjBOb21icmUlMkElM0NiciUyMCUyRiUzRSUwQSUyMCUyMCUyMCUyMCUyMCUyMCUzQ2lucHV0JTIwdHlwZSUzRCUyMnRleHQlMjIlMjBpZCUzRCUyMmZpcnN0bmFtZSUyMiUyMG5hbWUlM0QlMjJmaXJzdG5hbWUlMjIlMjB2YWx1ZSUzRCUyMiUyMiUyMHJlcXVpcmVkJTNEJTIycmVxdWlyZWQlMjIlMjAlMkYlM0UlMEElMjAlMjAlMjAlMjAlM0MlMkZsYWJlbCUzRSUwQSUyMCUyMCUzQyUyRnAlM0UlMEElMjAlMjAlM0NwJTNFJTBBJTIwJTIwJTIwJTIwJTNDbGFiZWwlM0UlMEElMjAlMjAlMjAlMjAlMjAlMjBBcGVsbGlkb3MlMkElM0NiciUyMCUyRiUzRSUwQSUyMCUyMCUyMCUyMCUyMCUyMCUzQ2lucHV0JTIwdHlwZSUzRCUyMnRleHQlMjIlMjBpZCUzRCUyMmxhc3RuYW1lJTIyJTIwbmFtZSUzRCUyMmxhc3RuYW1lJTIyJTIwdmFsdWUlM0QlMjIlMjIlMjByZXF1aXJlZCUzRCUyMnJlcXVpcmVkJTIyJTIwJTJGJTNFJTBBJTIwJTIwJTIwJTIwJTNDJTJGbGFiZWwlM0UlMEElMjAlMjAlM0MlMkZwJTNFJTBBJTNDcCUzRSUwQSUyMCUyMCUyMCUyMCUzQ2xhYmVsJTNFJTBBJTIwJTIwJTIwJTIwJTIwJTIwQ29tcGElQzMlQjElQzMlQURhJTJBJTNDYnIlMjAlMkYlM0UlMEElMjAlMjAlMjAlMjAlMjAlMjAlM0NpbnB1dCUyMHR5cGUlM0QlMjJjb21wYW55JTIyJTIwaWQlM0QlMjJjb21wYW55JTIyJTIwbmFtZSUzRCUyMmNvbXBhbnklMjIlMjB2YWx1ZSUzRCUyMiUyMiUyMHJlcXVpcmVkJTNEJTIycmVxdWlyZWQlMjIlMjAlMkYlM0UlMEElMjAlMjAlMjAlMjAlM0MlMkZsYWJlbCUzRSUwQSUyMCUyMCUzQyUyRnAlM0UlMEElMjAlMjAlM0NwJTNFJTBBJTIwJTIwJTIwJTIwJTNDbGFiZWwlM0UlMEElMjAlMjAlMjAlMjAlMjAlMjBFbWFpbCUyMGNvcnBvcmF0aXZvJTJBJTNDYnIlMjAlMkYlM0UlMEElMjAlMjAlMjAlMjAlMjAlMjAlM0NpbnB1dCUyMHR5cGUlM0QlMjJlbWFpbCUyMiUyMGlkJTNEJTIyZW1haWwlMjIlMjBuYW1lJTNEJTIyZW1haWwlMjIlMjB2YWx1ZSUzRCUyMiUyMiUyMHJlcXVpcmVkJTNEJTIycmVxdWlyZWQlMjIlMjAlMkYlM0UlMEElMjAlMjAlMjAlMjAlM0MlMkZsYWJlbCUzRSUwQSUyMCUyMCUzQyUyRnAlM0UlMEElMjAlM0NwJTNFJTBBJTIwJTIwJTIwJTIwJTNDbGFiZWwlMjBmb3IlM0QlMjJtZXNzYWdlJTIyJTNFUG9yJTIwZmF2b3IlMkMlMjBpbmRpY2ElMjBkZXRhbGxlcyUyMHNvYnJlJTIwdHUlMjBjb25zdWx0YSUyQSUzQyUyRmxhYmVsJTNFJTNDYnIlMjAlMkYlM0UlM0N0ZXh0YXJlYSUyMGlkJTNEJTIybWVzc2FnZSUyMiUyMG5hbWUlM0QlMjJtZXNzYWdlJTIyJTIwcm93cyUzRCUyMjEwJTIyJTIwcmVxdWlyZWQlM0QlMjJyZXF1aXJlZCUyMiUzRSUzQyUyRnRleHRhcmVhJTNFJTBBJTIwJTIwJTNDJTJGcCUzRSUwQSUzQ3AlM0UlMEElMjAlMjAlMjAlMjAlM0NsYWJlbCUyMGZvciUzRCUyMmNvbW1lbnRzJTIyJTNFJUMyJUJGQyVDMyVCM21vJTIwbm9zJTIwaGFzJTIwY29ub2NpZG8lM0YlMkElM0MlMkZsYWJlbCUzRSUzQ2JyJTIwJTJGJTNFJTNDdGV4dGFyZWElMjBpZCUzRCUyMmNvbW1lbnRzJTIyJTIwbmFtZSUzRCUyMmNvbW1lbnRzJTIyJTIwcm93cyUzRCUyMjEwJTIyJTIwcmVxdWlyZWQlM0QlMjJyZXF1aXJlZCUyMiUzRSUzQyUyRnRleHRhcmVhJTNFJTBBJTIwJTIwJTNDJTJGcCUzRSUwQSUyMCUzQ3AlM0UlM0NpbnB1dCUyMHR5cGUlM0QlMjJoaWRkZW4lMjIlMjBuYW1lJTNEJTIycHJvY2Vzc2RhdGElMjIlMjBpZCUzRCUyMnByb2Nlc3NkYXRhJTIyJTIwdmFsdWUlM0QlMjJubyUyMiUyMG9uY2hhbmdlJTNEJTIyJTIyJTIwY2hlY2tlZCUyMCUyRiUzRSUzQ2xhYmVsJTIwY2xhc3MlM0QlMjJpbmxpbmUlMjIlMjBmb3IlM0QlMjJwcm9jZXNzZGF0YSUyMiUzRSUwQSUyMCUyMCUyMCUyMCUzQ2lucHV0JTIwdHlwZSUzRCUyMmNoZWNrYm94JTIyJTIwbmFtZSUzRCUyMnByb2Nlc3NkYXRhJTIyJTIwaWQlM0QlMjJwcm9jZXNzZGF0YSUyMiUyMHZhbHVlJTNEJTIyeWVzJTIyJTIwb25jaGFuZ2UlM0QlMjIlMjIlMjByZXF1aXJlZCUyMCUyRiUzRSUzQ2xhYmVsJTIwY2xhc3MlM0QlMjJpbmxpbmUlMjIlMjBmb3IlM0QlMjJwcm9jZXNzZGF0YSUyMiUzRSUwQSUyMCUyMCUyMCUyMCUyMCUyMEFjZXB0byUyMHF1ZSUyMGhlJTIwbGUlQzMlQURkbyUyMHklMjBlbnRlbmRpZG8lMjBsYSUyMFBvbCVDMyVBRHRpY2ElMjBkZSUyMFByaXZhY2lkYWQlMjB5JTIwYXV0b3Jpem8lMjBlbCUyMHVzbyUyMGRlJTIwbWlzJTIwZGF0b3MlMjBwZXJzb25hbGVzJTIwc2VnJUMzJUJBbiUyMGxhcyUyMGZpbmFsaWRhZGVzJTIwaW5kaWNhcyUyMGVuJTIwbGElMjBQb2wlQzMlQUR0aWNhJTIwZGUlMjBQcml2YWNpZGFkJTJBJTJBJTNDJTJGbGFiZWwlM0UlMEElMjAlMjAlM0MlMkZwJTNFJTBBJTIwJTIwJTNDcCUzRSUwQSUyMCUyMCUyMCUyMCUzQ2lucHV0JTIwdHlwZSUzRCUyMmhpZGRlbiUyMiUyMG5hbWUlM0QlMjJvcHRpbiUyMiUyMGlkJTNEJTIyb3B0aW4lMjIlMjB2YWx1ZSUzRCUyMm5vJTIyJTIwb25jaGFuZ2UlM0QlMjIlMjIlMjBjaGVja2VkJTIwJTJGJTNFJTBBJTNDaW5wdXQlMjB0eXBlJTNEJTIyY2hlY2tib3glMjIlMjBuYW1lJTNEJTIyb3B0aW4lMjIlMjBpZCUzRCUyMm9wdGluJTIyJTIwdmFsdWUlM0QlMjJ5ZXMlMjIlMjBvbmNoYW5nZSUzRCUyMiUyMiUyMCUyRiUzRSUzQ2xhYmVsJTIwY2xhc3MlM0QlMjJpbmxpbmUlMjIlMjBmb3IlM0QlMjJvcHRpbiUyMiUzRSUwQSUyMCUyMCUyMCUyMCUyMCUyMEFjZXB0byUyMHJlY2liaXIlMjBjb211bmljYWNpb25lcyUyMGNvbWVyY2lhbGVzJTIwZGUlMjBUZW5lcml0eSUyRmVtcHJlc2FzJTIwZGVsJTIwZ3J1cG8lMjBxdWUlMjBjb250aWVuZW4lMjB0ZWNub2xvZyVDMyVBRGFzJTIwYW5hbCVDMyVBRHRpY2FzJTIwZGUlMjBzZWd1aW1pZW50byUyQSUyQSUyQSUzQyUyRmxhYmVsJTNFJTBBJTIwJTIwJTNDJTJGcCUzRSUwQSU1QmJ3c19nb29nbGVfY2FwdGNoYSU1RCUwQSUyMCUyMCUzQ3AlM0UlM0NpbnB1dCUyMHR5cGUlM0QlMjJzdWJtaXQlMjIlMjB2YWx1ZSUzRCUyMkVudmlhciUyMiUyMCUyRiUzRSUzQyUyRnAlM0UlMEElMjAlMjAlM0N1bCUyMGNsYXNzJTNEJTIyc21hbGxwcmludCUyMiUzRSUwQSUyMCUyMCUyMCUyMCUzQ2xpJTNFJTJBQ2FtcG9zJTIwb2JsaWdhdG9yaW9zLiUzQyUyRmxpJTNFJTBBJTIwJTIwJTIwJTIwJTNDbGklM0UlMkElMkFMYXMlMjBmaW5hbGlkYWRlcyUyMHBhcmElMjBsYXMlMjBjdWFsZXMlMjBzZSUyMHRyYXRhciVDMyVBMW4lMjBsb3MlMjBkYXRvcyUyMHNlJTIwZW5jdWVudHJhbiUyMGRldGFsbGFkYXMlMjBlbiUyMGxhJTIwJTNDYSUyMGhyZWYlM0QlMjIlMkZlcyUyRnBvbGl0aWNhLWRlLXByaXZhY2lkYWQlMkYlMjIlM0VQb2wlQzMlQUR0aWNhJTIwZGUlMjBQcml2YWNpZGFkJTNDJTJGYSUzRS4lM0MlMkZsaSUzRSUwQSUyMCUyMCUyMCUyMCUzQ2xpJTNFJTJBJTJBJTJBJTIwU2klMjBhY2VwdGFzJTIwcXVlJTIwdGUlMjBlbnZpZW1vcyUyMGNvbXVuaWNhY2lvbmVzJTIwY29tZXJjaWFsZXMlMkMlMjAlQzMlQTlzdGFzJTIwcG9kciVDMyVBMW4lMjBzZXIlMjBkZSUyMFRlbmVyaXR5JTIwUy5MLlUuJTIweSUyRm8lMjAlQzIlQTBkZSUyMHNvY2llZGFkZXMlMjBkZWwlMjBncnVwbyUyQyUyMCVDMiVBMHJlbGF0aXZhcyUyMGElMjBwcm9kdWN0b3MlMkMlMjBzZXJ2aWNpb3MlMjB5JTJGdSUyMG9mZXJ0YXMlMjBxdWUlMjBwdWVkYW4lMjBzZXIlMjByZWxldmFudGVzJTIwZW4lMjBmdW5jaSVDMyVCM24lMjBhJTIwJUMyJUEwdHVzJTIwaW50ZXJlc2VzJTIweSUyMGF1dG9yaXphcyUyMGElMjBxdWUlMjBkZW50cm8lMjBkZSUyMGRpY2hhcyUyMGNvbXVuaWNhY2lvbmVzJTIwYSVDMyVCMWFkYW1vcyUyMHRlY25vbG9nJUMzJUFEYXMlMjBkZSUyMHNlZ3VpbWllbnRvJTIwZGUlMjBjb25mb3JtaWRhZCUyMGNvbiUyMGxvJTIwaW5kaWNhZG8lMjBlbiVDMiVBMGxhJUMyJUEwJTNDYSUyMGhyZWYlM0QlMjIlMkZlcyUyRnBvbGl0aWNhLWRlLWNvb2tpZXMlMkYlMjIlM0VQb2wlQzMlQUR0aWNhJTIwZGUlMjBDb29raWVzJTNDJTJGYSUzRSUzQyUyRmxpJTNFJTBBJTIwJTIwJTNDJTJGdWwlM0UlMEElM0MlMkZmb3JtJTNFJTBB[\/vc_raw_html]<\/div><\/div><\/div><\/div><\/div><\/section>\n","protected":false},"excerpt":{"rendered":"Contacta Completa el formulario para agendar una reuni\u00f3n con nuestro equipo. Por favor, utiliza tu direcci\u00f3n de email corporativa, el formulario no acepta solicitudes de Hotmail, Gmail u otros proveedores de correo electr\u00f3nico gratuitos. [vc_raw_html]JTNDZm9ybSUyMGFjdGlvbiUzRCUyMmh0dHBzJTNBJTJGJTJGZ28udGVuZXJpdHkuY29tJTJGbCUyRjk1MTYzMiUyRjIwMjItMTItMDYlMkZtdmwxMSUyMiUyMG1ldGhvZCUzRCUyMnBvc3QlMjIlM0UlMEElMjAlMjAlM0NwJTNFJTBBJTIwJTIwJTIwJTIwJTNDbGFiZWwlM0UlMEElMjAlMjAlMjAlMjAlMjAlMjBOb21icmUlMkElM0NiciUyMCUyRiUzRSUwQSUyMCUyMCUyMCUyMCUyMCUyMCUzQ2lucHV0JTIwdHlwZSUzRCUyMnRleHQlMjIlMjBpZCUzRCUyMmZpcnN0bmFtZSUyMiUyMG5hbWUlM0QlMjJmaXJzdG5hbWUlMjIlMjB2YWx1ZSUzRCUyMiUyMiUyMHJlcXVpcmVkJTNEJTIycmVxdWlyZWQlMjIlMjAlMkYlM0UlMEElMjAlMjAlMjAlMjAlM0MlMkZsYWJlbCUzRSUwQSUyMCUyMCUzQyUyRnAlM0UlMEElMjAlMjAlM0NwJTNFJTBBJTIwJTIwJTIwJTIwJTNDbGFiZWwlM0UlMEElMjAlMjAlMjAlMjAlMjAlMjBBcGVsbGlkb3MlMkElM0NiciUyMCUyRiUzRSUwQSUyMCUyMCUyMCUyMCUyMCUyMCUzQ2lucHV0JTIwdHlwZSUzRCUyMnRleHQlMjIlMjBpZCUzRCUyMmxhc3RuYW1lJTIyJTIwbmFtZSUzRCUyMmxhc3RuYW1lJTIyJTIwdmFsdWUlM0QlMjIlMjIlMjByZXF1aXJlZCUzRCUyMnJlcXVpcmVkJTIyJTIwJTJGJTNFJTBBJTIwJTIwJTIwJTIwJTNDJTJGbGFiZWwlM0UlMEElMjAlMjAlM0MlMkZwJTNFJTBBJTNDcCUzRSUwQSUyMCUyMCUyMCUyMCUzQ2xhYmVsJTNFJTBBJTIwJTIwJTIwJTIwJTIwJTIwQ29tcGElQzMlQjElQzMlQURhJTJBJTNDYnIlMjAlMkYlM0UlMEElMjAlMjAlMjAlMjAlMjAlMjAlM0NpbnB1dCUyMHR5cGUlM0QlMjJjb21wYW55JTIyJTIwaWQlM0QlMjJjb21wYW55JTIyJTIwbmFtZSUzRCUyMmNvbXBhbnklMjIlMjB2YWx1ZSUzRCUyMiUyMiUyMHJlcXVpcmVkJTNEJTIycmVxdWlyZWQlMjIlMjAlMkYlM0UlMEElMjAlMjAlMjAlMjAlM0MlMkZsYWJlbCUzRSUwQSUyMCUyMCUzQyUyRnAlM0UlMEElMjAlMjAlM0NwJTNFJTBBJTIwJTIwJTIwJTIwJTNDbGFiZWwlM0UlMEElMjAlMjAlMjAlMjAlMjAlMjBFbWFpbCUyMGNvcnBvcmF0aXZvJTJBJTNDYnIlMjAlMkYlM0UlMEElMjAlMjAlMjAlMjAlMjAlMjAlM0NpbnB1dCUyMHR5cGUlM0QlMjJlbWFpbCUyMiUyMGlkJTNEJTIyZW1haWwlMjIlMjBuYW1lJTNEJTIyZW1haWwlMjIlMjB2YWx1ZSUzRCUyMiUyMiUyMHJlcXVpcmVkJTNEJTIycmVxdWlyZWQlMjIlMjAlMkYlM0UlMEElMjAlMjAlMjAlMjAlM0MlMkZsYWJlbCUzRSUwQSUyMCUyMCUzQyUyRnAlM0UlMEElMjAlM0NwJTNFJTBBJTIwJTIwJTIwJTIwJTNDbGFiZWwlMjBmb3IlM0QlMjJtZXNzYWdlJTIyJTNFUG9yJTIwZmF2b3IlMkMlMjBpbmRpY2ElMjBkZXRhbGxlcyUyMHNvYnJlJTIwdHUlMjBjb25zdWx0YSUyQSUzQyUyRmxhYmVsJTNFJTNDYnIlMjAlMkYlM0UlM0N0ZXh0YXJlYSUyMGlkJTNEJTIybWVzc2FnZSUyMiUyMG5hbWUlM0QlMjJtZXNzYWdlJTIyJTIwcm93cyUzRCUyMjEwJTIyJTIwcmVxdWlyZWQlM0QlMjJyZXF1aXJlZCUyMiUzRSUzQyUyRnRleHRhcmVhJTNFJTBBJTIwJTIwJTNDJTJGcCUzRSUwQSUzQ3AlM0UlMEElMjAlMjAlMjAlMjAlM0NsYWJlbCUyMGZvciUzRCUyMmNvbW1lbnRzJTIyJTNFJUMyJUJGQyVDMyVCM21vJTIwbm9zJTIwaGFzJTIwY29ub2NpZG8lM0YlMkElM0MlMkZsYWJlbCUzRSUzQ2JyJTIwJTJGJTNFJTNDdGV4dGFyZWElMjBpZCUzRCUyMmNvbW1lbnRzJTIyJTIwbmFtZSUzRCUyMmNvbW1lbnRzJTIyJTIwcm93cyUzRCUyMjEwJTIyJTIwcmVxdWlyZWQlM0QlMjJyZXF1aXJlZCUyMiUzRSUzQyUyRnRleHRhcmVhJTNFJTBBJTIwJTIwJTNDJTJGcCUzRSUwQSUyMCUzQ3AlM0UlM0NpbnB1dCUyMHR5cGUlM0QlMjJoaWRkZW4lMjIlMjBuYW1lJTNEJTIycHJvY2Vzc2RhdGElMjIlMjBpZCUzRCUyMnByb2Nlc3NkYXRhJTIyJTIwdmFsdWUlM0QlMjJubyUyMiUyMG9uY2hhbmdlJTNEJTIyJTIyJTIwY2hlY2tlZCUyMCUyRiUzRSUzQ2xhYmVsJTIwY2xhc3MlM0QlMjJpbmxpbmUlMjIlMjBmb3IlM0QlMjJwcm9jZXNzZGF0YSUyMiUzRSUwQSUyMCUyMCUyMCUyMCUzQ2lucHV0JTIwdHlwZSUzRCUyMmNoZWNrYm94JTIyJTIwbmFtZSUzRCUyMnByb2Nlc3NkYXRhJTIyJTIwaWQlM0QlMjJwcm9jZXNzZGF0YSUyMiUyMHZhbHVlJTNEJTIyeWVzJTIyJTIwb25jaGFuZ2UlM0QlMjIlMjIlMjByZXF1aXJlZCUyMCUyRiUzRSUzQ2xhYmVsJTIwY2xhc3MlM0QlMjJpbmxpbmUlMjIlMjBmb3IlM0QlMjJwcm9jZXNzZGF0YSUyMiUzRSUwQSUyMCUyMCUyMCUyMCUyMCUyMEFjZXB0byUyMHF1ZSUyMGhlJTIwbGUlQzMlQURkbyUyMHklMjBlbnRlbmRpZG8lMjBsYSUyMFBvbCVDMyVBRHRpY2ElMjBkZSUyMFByaXZhY2lkYWQlMjB5JTIwYXV0b3Jpem8lMjBlbCUyMHVzbyUyMGRlJTIwbWlzJTIwZGF0b3MlMjBwZXJzb25hbGVzJTIwc2VnJUMzJUJBbiUyMGxhcyUyMGZpbmFsaWRhZGVzJTIwaW5kaWNhcyUyMGVuJTIwbGElMjBQb2wlQzMlQUR0aWNhJTIwZGUlMjBQcml2YWNpZGFkJTJBJTJBJTNDJTJGbGFiZWwlM0UlMEElMjAlMjAlM0MlMkZwJTNFJTBBJTIwJTIwJTNDcCUzRSUwQSUyMCUyMCUyMCUyMCUzQ2lucHV0JTIwdHlwZSUzRCUyMmhpZGRlbiUyMiUyMG5hbWUlM0QlMjJvcHRpbiUyMiUyMGlkJTNEJTIyb3B0aW4lMjIlMjB2YWx1ZSUzRCUyMm5vJTIyJTIwb25jaGFuZ2UlM0QlMjIlMjIlMjBjaGVja2VkJTIwJTJGJTNFJTBBJTNDaW5wdXQlMjB0eXBlJTNEJTIyY2hlY2tib3glMjIlMjBuYW1lJTNEJTIyb3B0aW4lMjIlMjBpZCUzRCUyMm9wdGluJTIyJTIwdmFsdWUlM0QlMjJ5ZXMlMjIlMjBvbmNoYW5nZSUzRCUyMiUyMiUyMCUyRiUzRSUzQ2xhYmVsJTIwY2xhc3MlM0QlMjJpbmxpbmUlMjIlMjBmb3IlM0QlMjJvcHRpbiUyMiUzRSUwQSUyMCUyMCUyMCUyMCUyMCUyMEFjZXB0byUyMHJlY2liaXIlMjBjb211bmljYWNpb25lcyUyMGNvbWVyY2lhbGVzJTIwZGUlMjBUZW5lcml0eSUyRmVtcHJlc2FzJTIwZGVsJTIwZ3J1cG8lMjBxdWUlMjBjb250aWVuZW4lMjB0ZWNub2xvZyVDMyVBRGFzJTIwYW5hbCVDMyVBRHRpY2FzJTIwZGUlMjBzZWd1aW1pZW50byUyQSUyQSUyQSUzQyUyRmxhYmVsJTNFJTBBJTIwJTIwJTNDJTJGcCUzRSUwQSU1QmJ3c19nb29nbGVfY2FwdGNoYSU1RCUwQSUyMCUyMCUzQ3AlM0UlM0NpbnB1dCUyMHR5cGUlM0QlMjJzdWJtaXQlMjIlMjB2YWx1ZSUzRCUyMkVudmlhciUyMiUyMCUyRiUzRSUzQyUyRnAlM0UlMEElMjAlMjAlM0N1bCUyMGNsYXNzJTNEJTIyc21hbGxwcmludCUyMiUzRSUwQSUyMCUyMCUyMCUyMCUzQ2xpJTNFJTJBQ2FtcG9zJTIwb2JsaWdhdG9yaW9zLiUzQyUyRmxpJTNFJTBBJTIwJTIwJTIwJTIwJTNDbGklM0UlMkElMkFMYXMlMjBmaW5hbGlkYWRlcyUyMHBhcmElMjBsYXMlMjBjdWFsZXMlMjBzZSUyMHRyYXRhciVDMyVBMW4lMjBsb3MlMjBkYXRvcyUyMHNlJTIwZW5jdWVudHJhbiUyMGRldGFsbGFkYXMlMjBlbiUyMGxhJTIwJTNDYSUyMGhyZWYlM0QlMjIlMkZlcyUyRnBvbGl0aWNhLWRlLXByaXZhY2lkYWQlMkYlMjIlM0VQb2wlQzMlQUR0aWNhJTIwZGUlMjBQcml2YWNpZGFkJTNDJTJGYSUzRS4lM0MlMkZsaSUzRSUwQSUyMCUyMCUyMCUyMCUzQ2xpJTNFJTJBJTJBJTJBJTIwU2klMjBhY2VwdGFzJTIwcXVlJTIwdGUlMjBlbnZpZW1vcyUyMGNvbXVuaWNhY2lvbmVzJTIwY29tZXJjaWFsZXMlMkMlMjAlQzMlQTlzdGFzJTIwcG9kciVDMyVBMW4lMjBzZXIlMjBkZSUyMFRlbmVyaXR5JTIwUy5MLlUuJTIweSUyRm8lMjAlQzIlQTBkZSUyMHNvY2llZGFkZXMlMjBkZWwlMjBncnVwbyUyQyUyMCVDMiVBMHJlbGF0aXZhcyUyMGElMjBwcm9kdWN0b3MlMkMlMjBzZXJ2aWNpb3MlMjB5JTJGdSUyMG9mZXJ0YXMlMjBxdWUlMjBwdWVkYW4lMjBzZXIlMjByZWxldmFudGVzJTIwZW4lMjBmdW5jaSVDMyVCM24lMjBhJTIwJUMyJUEwdHVzJTIwaW50ZXJlc2VzJTIweSUyMGF1dG9yaXphcyUyMGElMjBxdWUlMjBkZW50cm8lMjBkZSUyMGRpY2hhcyUyMGNvbXVuaWNhY2lvbmVzJTIwYSVDMyVCMWFkYW1vcyUyMHRlY25vbG9nJUMzJUFEYXMlMjBkZSUyMHNlZ3VpbWllbnRvJTIwZGUlMjBjb25mb3JtaWRhZCUyMGNvbiUyMGxvJTIwaW5kaWNhZG8lMjBlbiVDMiVBMGxhJUMyJUEwJTNDYSUyMGhyZWYlM0QlMjIlMkZlcyUyRnBvbGl0aWNhLWRlLWNvb2tpZXMlMkYlMjIlM0VQb2wlQzMlQUR0aWNhJTIwZGUlMjBDb29raWVzJTNDJTJGYSUzRSUzQyUyRmxpJTNFJTBBJTIwJTIwJTNDJTJGdWwlM0UlMEElM0MlMkZmb3JtJTNFJTBB[\/vc_raw_html]","protected":false},"author":3,"featured_media":916,"parent":0,"menu_order":7,"comment_status":"closed","ping_status":"closed","template":"","meta":{"footnotes":""},"class_list":["post-1076","page","type-page","status-publish","has-post-thumbnail","hentry"],"yoast_head":"<!-- This site is optimized with the Yoast SEO plugin v27.1.1 - https:\/\/yoast.com\/product\/yoast-seo-wordpress\/ -->\n<title>Contacta Sales - Tenerity ES<\/title>\n<meta name=\"robots\" content=\"index, follow, max-snippet:-1, max-image-preview:large, max-video-preview:-1\" \/>\n<link rel=\"canonical\" href=\"https:\/\/www.tenerity.com\/es\/contacta-sales\/\" \/>\n<meta property=\"og:locale\" content=\"es_ES\" \/>\n<meta property=\"og:type\" content=\"article\" \/>\n<meta property=\"og:title\" content=\"Contacta Sales - Tenerity ES\" \/>\n<meta property=\"og:url\" content=\"https:\/\/www.tenerity.com\/es\/contacta-sales\/\" \/>\n<meta property=\"og:site_name\" content=\"Tenerity ES\" \/>\n<meta property=\"article:modified_time\" content=\"2023-08-23T12:56:35+00:00\" \/>\n<meta property=\"og:image\" content=\"https:\/\/www.tenerity.com\/es\/wp-content\/uploads\/sites\/30\/2022\/10\/hero___contact-us.jpg\" \/>\n\t<meta property=\"og:image:width\" content=\"1436\" \/>\n\t<meta property=\"og:image:height\" content=\"574\" \/>\n\t<meta property=\"og:image:type\" content=\"image\/jpeg\" \/>\n<meta name=\"twitter:card\" content=\"summary_large_image\" \/>\n<meta name=\"twitter:label1\" content=\"Tiempo de lectura\" \/>\n\t<meta name=\"twitter:data1\" content=\"1 minuto\" \/>\n<script type=\"application\/ld+json\" class=\"yoast-schema-graph\">{\"@context\":\"https:\/\/schema.org\",\"@graph\":[{\"@type\":\"WebPage\",\"@id\":\"https:\/\/www.tenerity.com\/es\/contacta-sales\/\",\"url\":\"https:\/\/www.tenerity.com\/es\/contacta-sales\/\",\"name\":\"Contacta Sales - Tenerity ES\",\"isPartOf\":{\"@id\":\"https:\/\/www.tenerity.com\/es\/#website\"},\"primaryImageOfPage\":{\"@id\":\"https:\/\/www.tenerity.com\/es\/contacta-sales\/#primaryimage\"},\"image\":{\"@id\":\"https:\/\/www.tenerity.com\/es\/contacta-sales\/#primaryimage\"},\"thumbnailUrl\":\"https:\/\/www.tenerity.com\/es\/wp-content\/uploads\/sites\/30\/2022\/10\/hero___contact-us.jpg\",\"datePublished\":\"2022-11-08T15:59:46+00:00\",\"dateModified\":\"2023-08-23T12:56:35+00:00\",\"breadcrumb\":{\"@id\":\"https:\/\/www.tenerity.com\/es\/contacta-sales\/#breadcrumb\"},\"inLanguage\":\"es\",\"potentialAction\":[{\"@type\":\"ReadAction\",\"target\":[\"https:\/\/www.tenerity.com\/es\/contacta-sales\/\"]}]},{\"@type\":\"ImageObject\",\"inLanguage\":\"es\",\"@id\":\"https:\/\/www.tenerity.com\/es\/contacta-sales\/#primaryimage\",\"url\":\"https:\/\/www.tenerity.com\/es\/wp-content\/uploads\/sites\/30\/2022\/10\/hero___contact-us.jpg\",\"contentUrl\":\"https:\/\/www.tenerity.com\/es\/wp-content\/uploads\/sites\/30\/2022\/10\/hero___contact-us.jpg\",\"width\":1436,\"height\":574,\"caption\":\"Contact Us\"},{\"@type\":\"BreadcrumbList\",\"@id\":\"https:\/\/www.tenerity.com\/es\/contacta-sales\/#breadcrumb\",\"itemListElement\":[{\"@type\":\"ListItem\",\"position\":1,\"name\":\"Home\",\"item\":\"https:\/\/www.tenerity.com\/es\/\"},{\"@type\":\"ListItem\",\"position\":2,\"name\":\"Contacta Sales\"}]},{\"@type\":\"WebSite\",\"@id\":\"https:\/\/www.tenerity.com\/es\/#website\",\"url\":\"https:\/\/www.tenerity.com\/es\/\",\"name\":\"Tenerity\",\"description\":\"Intelligent engagement and loyalty for modern brands\",\"potentialAction\":[{\"@type\":\"SearchAction\",\"target\":{\"@type\":\"EntryPoint\",\"urlTemplate\":\"https:\/\/www.tenerity.com\/es\/?s={search_term_string}\"},\"query-input\":{\"@type\":\"PropertyValueSpecification\",\"valueRequired\":true,\"valueName\":\"search_term_string\"}}],\"inLanguage\":\"es\"}]}<\/script>\n<!-- \/ Yoast SEO plugin. -->","yoast_head_json":{"title":"Contacta Sales - Tenerity ES","robots":{"index":"index","follow":"follow","max-snippet":"max-snippet:-1","max-image-preview":"max-image-preview:large","max-video-preview":"max-video-preview:-1"},"canonical":"https:\/\/www.tenerity.com\/es\/contacta-sales\/","og_locale":"es_ES","og_type":"article","og_title":"Contacta Sales - Tenerity ES","og_url":"https:\/\/www.tenerity.com\/es\/contacta-sales\/","og_site_name":"Tenerity ES","article_modified_time":"2023-08-23T12:56:35+00:00","og_image":[{"width":1436,"height":574,"url":"https:\/\/www.tenerity.com\/es\/wp-content\/uploads\/sites\/30\/2022\/10\/hero___contact-us.jpg","type":"image\/jpeg"}],"twitter_card":"summary_large_image","twitter_misc":{"Tiempo de lectura":"1 minuto"},"schema":{"@context":"https:\/\/schema.org","@graph":[{"@type":"WebPage","@id":"https:\/\/www.tenerity.com\/es\/contacta-sales\/","url":"https:\/\/www.tenerity.com\/es\/contacta-sales\/","name":"Contacta Sales - Tenerity ES","isPartOf":{"@id":"https:\/\/www.tenerity.com\/es\/#website"},"primaryImageOfPage":{"@id":"https:\/\/www.tenerity.com\/es\/contacta-sales\/#primaryimage"},"image":{"@id":"https:\/\/www.tenerity.com\/es\/contacta-sales\/#primaryimage"},"thumbnailUrl":"https:\/\/www.tenerity.com\/es\/wp-content\/uploads\/sites\/30\/2022\/10\/hero___contact-us.jpg","datePublished":"2022-11-08T15:59:46+00:00","dateModified":"2023-08-23T12:56:35+00:00","breadcrumb":{"@id":"https:\/\/www.tenerity.com\/es\/contacta-sales\/#breadcrumb"},"inLanguage":"es","potentialAction":[{"@type":"ReadAction","target":["https:\/\/www.tenerity.com\/es\/contacta-sales\/"]}]},{"@type":"ImageObject","inLanguage":"es","@id":"https:\/\/www.tenerity.com\/es\/contacta-sales\/#primaryimage","url":"https:\/\/www.tenerity.com\/es\/wp-content\/uploads\/sites\/30\/2022\/10\/hero___contact-us.jpg","contentUrl":"https:\/\/www.tenerity.com\/es\/wp-content\/uploads\/sites\/30\/2022\/10\/hero___contact-us.jpg","width":1436,"height":574,"caption":"Contact Us"},{"@type":"BreadcrumbList","@id":"https:\/\/www.tenerity.com\/es\/contacta-sales\/#breadcrumb","itemListElement":[{"@type":"ListItem","position":1,"name":"Home","item":"https:\/\/www.tenerity.com\/es\/"},{"@type":"ListItem","position":2,"name":"Contacta Sales"}]},{"@type":"WebSite","@id":"https:\/\/www.tenerity.com\/es\/#website","url":"https:\/\/www.tenerity.com\/es\/","name":"Tenerity","description":"Intelligent engagement and loyalty for modern brands","potentialAction":[{"@type":"SearchAction","target":{"@type":"EntryPoint","urlTemplate":"https:\/\/www.tenerity.com\/es\/?s={search_term_string}"},"query-input":{"@type":"PropertyValueSpecification","valueRequired":true,"valueName":"search_term_string"}}],"inLanguage":"es"}]}},"_links":{"self":[{"href":"https:\/\/www.tenerity.com\/es\/wp-json\/wp\/v2\/pages\/1076","targetHints":{"allow":["GET"]}}],"collection":[{"href":"https:\/\/www.tenerity.com\/es\/wp-json\/wp\/v2\/pages"}],"about":[{"href":"https:\/\/www.tenerity.com\/es\/wp-json\/wp\/v2\/types\/page"}],"author":[{"embeddable":true,"href":"https:\/\/www.tenerity.com\/es\/wp-json\/wp\/v2\/users\/3"}],"replies":[{"embeddable":true,"href":"https:\/\/www.tenerity.com\/es\/wp-json\/wp\/v2\/comments?post=1076"}],"version-history":[{"count":0,"href":"https:\/\/www.tenerity.com\/es\/wp-json\/wp\/v2\/pages\/1076\/revisions"}],"wp:featuredmedia":[{"embeddable":true,"href":"https:\/\/www.tenerity.com\/es\/wp-json\/wp\/v2\/media\/916"}],"wp:attachment":[{"href":"https:\/\/www.tenerity.com\/es\/wp-json\/wp\/v2\/media?parent=1076"}],"curies":[{"name":"wp","href":"https:\/\/api.w.org\/{rel}","templated":true}]}}