{"id":875,"date":"2022-10-20T15:59:30","date_gmt":"2022-10-20T15:59:30","guid":{"rendered":"https:\/\/www.tenerity.com\/de\/?page_id=875"},"modified":"2023-07-18T16:54:46","modified_gmt":"2023-07-18T16:54:46","slug":"management","status":"publish","type":"page","link":"https:\/\/www.tenerity.com\/de\/uber-uns\/management\/","title":{"rendered":"Management"},"content":{"rendered":"<section class=\"l-section wpb_row us_custom_8cd4af33 bg-img-cover height_huge color_primary with_img with_shape\" id=\"hero\"><div class=\"l-section-img\" role=\"img\" aria-label=\"About Us\" data-img-width=\"1440\" data-img-height=\"421\" style=\"background-image: url(https:\/\/www.tenerity.com\/de\/wp-content\/uploads\/sites\/22\/2022\/10\/hero___about-us.jpg);background-repeat: no-repeat;\"><\/div><div class=\"l-section-overlay\" style=\"background:rgba(26,26,26,0.25)\"><\/div><div class=\"l-section-shape type_tilt pos_bottom hor_flip\" style=\"height:10vh;color:#ffffff\"><svg xmlns=\"http:\/\/www.w3.org\/2000\/svg\" viewBox=\"0 0 64 8\" preserveAspectRatio=\"none\" width=\"100%\" height=\"100%\">\r\n\t<path fill=\"currentColor\" d=\"M64 7.9 L64 10 L0 10 L0 0 Z\"\/>\r\n<\/svg><\/div><div class=\"l-section-h i-cf\"><div class=\"g-cols vc_row via_flex valign_top type_default stacking_default\"><div class=\"vc_col-sm-12 wpb_column vc_column_container\"><div class=\"vc_column-inner\"><div class=\"wpb_wrapper\"><div class=\"wpb_text_column us_custom_4b9db530 us_animate_this\"><div class=\"wpb_wrapper\"><h1 style=\"text-align: left;\">Management<\/h1>\n<\/div><\/div><\/div><\/div><\/div><\/div><\/div><\/section><section class=\"l-section wpb_row height_medium\"><div class=\"l-section-h i-cf\"><div class=\"g-cols vc_row via_flex valign_top type_default stacking_default\"><div class=\"vc_col-sm-12 wpb_column vc_column_container\"><div class=\"vc_column-inner\"><div class=\"wpb_wrapper\"><div class=\"wpb_text_column\"><div class=\"wpb_wrapper\"><h2 style=\"text-align: center;\">Erfahrung, die Kundenbindung f\u00f6rdert<\/h2>\n<\/div><\/div><div class=\"wpb_text_column text___intro\"><div class=\"wpb_wrapper\"><p>Mit langj\u00e4hriger Erfahrung und einem tiefen Verstehen des Wertes der Kundenbindung arbeitet unser vielf\u00e4ltiges Team gemeinsam daran, unseren Klienten innovative L\u00f6sungen anzubieten, die einen positiven Einfluss auf Kundenerlebnisse haben, Ertr\u00e4ge generieren und profitable Kundenbindung f\u00f6rdern.<\/p>\n<\/div><\/div><\/div><\/div><\/div><\/div><\/div><\/section><section class=\"l-section wpb_row last-row height_auto\" id=\"about-us-team\"><div class=\"l-section-h i-cf\"><div class=\"g-cols vc_row via_flex valign_top type_default stacking_default\"><div class=\"vc_col-sm-12 wpb_column vc_column_container\"><div class=\"vc_column-inner\"><div class=\"wpb_wrapper\"><div class=\"w-tabs layout_hor style_trendy switch_click has_scrolling\" style=\"--sections-title-size:1em\"><div class=\"w-tabs-list items_1 align_center\"><div class=\"w-tabs-list-h\"><button class=\"w-tabs-item active\" aria-controls=\"content-f763\" aria-expanded=\"false\"><span class=\"w-tabs-item-title\">Management<\/span><\/button><\/div><\/div><div class=\"w-tabs-sections titles-align_none icon_chevron cpos_right\"><div class=\"w-tabs-section active\" id=\"f763\"><button class=\"w-tabs-section-header active\" aria-controls=\"content-f763\" aria-expanded=\"true\"><div class=\"w-tabs-section-title\">Management<\/div><div class=\"w-tabs-section-control\"><\/div><\/button><div  class=\"w-tabs-section-content\" id=\"content-f763\"><div class=\"w-tabs-section-content-h i-cf\"><div class=\"g-cols wpb_row via_flex valign_top type_default stacking_default\"><div class=\"vc_col-sm-4 wpb_column vc_column_container team-member\"><div class=\"vc_column-inner\"><div class=\"wpb_wrapper\"><div class=\"w-image align_center\"><div class=\"w-image-h\"><img decoding=\"async\" width=\"280\" height=\"240\" src=\"https:\/\/www.tenerity.com\/de\/wp-content\/uploads\/sites\/22\/2022\/09\/team_uk___michele-conforti.jpg\" class=\"attachment-large size-large\" alt=\"Michele Conforti\" loading=\"lazy\" \/><\/div><\/div><div class=\"wpb_text_column about-team-name\"><div class=\"wpb_wrapper\"><p>Michele Conforti<\/p>\n<\/div><\/div><div class=\"wpb_text_column about-team-title\"><div class=\"wpb_wrapper\"><p><strong>President, Managing Director International<\/strong><\/p>\n<\/div><\/div><div class=\"wpb_text_column with_collapsible_content\" data-content-height=\"100px\"><div class=\"wpb_wrapper\"><p>Michele Conforti ist seit 2007 bei Tenerity und bekleidete Positionen als Divisional President und CFO im internationalen Gesch\u00e4ft. Heute leitet er das Global Customer Engagement Gesch\u00e4ft, dessen Expansion er durch Innovationen und Akquisitionen \u2013 darunter einige der weltweit gr\u00f6\u00dften Finanzinstitute, Telekommunikations- und E-Commerce-Unternehmen sowie Einzelh\u00e4ndler \u2013 erfolgreich vorangetrieben hat.<\/p>\n<p>Vor seiner Zeit bei Tenerity war Michele zehn Jahre bei American Express in verschiedenen Schl\u00fcsselpositionen t\u00e4tig (darunter CFO of Establishment Services International) und hatte au\u00dferdem Positionen bei Enel (VP\/Head of Finance-Investor Relations) sowie bei DHL Int\u2019l (Controller-Business Transformation) inne.<\/p>\n<p>Michele ist in Italien geboren, ist CPA und hat einen erstklassigen Honours Degree in Economics &amp; Business, MBA (Universit\u00e0 degli Studi Federico II, I.U.N \u2013 Italien) und einen postgradualen Management Degree in Finance (Formez\/Fiat School of Management \u2013 Italien).<\/p>\n<\/div><div class=\"toggle-links align_left\"><button class=\"collapsible-content-more\">+<\/button><button class=\"collapsible-content-less\">-<\/button><\/div><\/div><\/div><\/div><\/div><div class=\"vc_col-sm-4 wpb_column vc_column_container team-member\"><div class=\"vc_column-inner\"><div class=\"wpb_wrapper\"><div class=\"w-image align_center\"><div class=\"w-image-h\"><img decoding=\"async\" width=\"500\" height=\"429\" src=\"https:\/\/www.tenerity.com\/de\/wp-content\/uploads\/sites\/22\/2023\/07\/Ulf-Widera-resized.jpg\" class=\"attachment-large size-large\" alt=\"\" loading=\"lazy\" srcset=\"https:\/\/www.tenerity.com\/de\/wp-content\/uploads\/sites\/22\/2023\/07\/Ulf-Widera-resized.jpg 500w, https:\/\/www.tenerity.com\/de\/wp-content\/uploads\/sites\/22\/2023\/07\/Ulf-Widera-resized-300x257.jpg 300w\" sizes=\"auto, (max-width: 500px) 100vw, 500px\" \/><\/div><\/div><div class=\"wpb_text_column about-team-name\"><div class=\"wpb_wrapper\"><p>Ulf Widera<\/p>\n<\/div><\/div><div class=\"wpb_text_column about-team-title\"><div class=\"wpb_wrapper\"><p><strong>Gesch\u00e4ftsf\u00fchrer<\/strong><\/p>\n<\/div><\/div><div class=\"wpb_text_column with_collapsible_content\" data-content-height=\"100px\"><div class=\"wpb_wrapper\"><p>Ulf Widera leitet seit 2019 die Gesch\u00e4fte der Tenerity GmbH. Er blickt auf langj\u00e4hrige Erfahrungen im Unternehmen zur\u00fcck \u2013 von 2001 bis 2015 bekleidete er verschiedene F\u00fchrungspositionen in Deutschland und UK.<\/p>\n<p>2015 verlie\u00df Ulf das Unternehmen vor\u00fcbergehend und war von 2015 bis 2019 als COO bei Lufthansa InTouch f\u00fcr das Global Customer Servicing verantwortlich. Ulf ist Diplomkaufmann \u2013 er studierte an der Universit\u00e4t Hamburg, der University of California (Berkley) und der London School of Economics (LSE).<\/p>\n<\/div><div class=\"toggle-links align_left\"><button class=\"collapsible-content-more\">+<\/button><button class=\"collapsible-content-less\">-<\/button><\/div><\/div><\/div><\/div><\/div><div class=\"vc_col-sm-4 wpb_column vc_column_container team-member\"><div class=\"vc_column-inner\"><div class=\"wpb_wrapper\"><div class=\"w-image align_center\"><div class=\"w-image-h\"><img decoding=\"async\" width=\"500\" height=\"429\" src=\"https:\/\/www.tenerity.com\/de\/wp-content\/uploads\/sites\/22\/2023\/07\/Katrin-Rohlfs-resized.jpg\" class=\"attachment-large size-large\" alt=\"\" loading=\"lazy\" srcset=\"https:\/\/www.tenerity.com\/de\/wp-content\/uploads\/sites\/22\/2023\/07\/Katrin-Rohlfs-resized.jpg 500w, https:\/\/www.tenerity.com\/de\/wp-content\/uploads\/sites\/22\/2023\/07\/Katrin-Rohlfs-resized-300x257.jpg 300w\" sizes=\"auto, (max-width: 500px) 100vw, 500px\" \/><\/div><\/div><div class=\"wpb_text_column about-team-name\"><div class=\"wpb_wrapper\"><p>Katrin Rohlfs<\/p>\n<\/div><\/div><div class=\"wpb_text_column about-team-title\"><div class=\"wpb_wrapper\"><p><strong>Director Marketing &amp; Business Developement<\/strong><\/p>\n<\/div><\/div><div class=\"wpb_text_column with_collapsible_content\" data-content-height=\"100px\"><div class=\"wpb_wrapper\"><p>Katrin Rohlfs ist bei Tenerity seit 2010 f\u00fcr die Entwicklung erfolgreicher Produkt- und Marketingstrategien f\u00fcr Banken, Versicherungen, Telekommunikationsunternehmen und weitere Klienten in Deutschland verantwortlich.<\/p>\n<p>Vor ihrer Zeit bei Tenerity war Katrin f\u00fcr verschiedene Unternehmen in der Banken- und Telekommunikationsbranche t\u00e4tig.<\/p>\n<p>Katrin ist gelernte Bankkauffrau und hat einen Abschluss als Diplomkauffrau von der Universit\u00e4t Hamburg.<\/p>\n<\/div><div class=\"toggle-links align_left\"><button class=\"collapsible-content-more\">+<\/button><button class=\"collapsible-content-less\">-<\/button><\/div><\/div><\/div><\/div><\/div><\/div><\/div><\/div><\/div><\/div><\/div><\/div><\/div><\/div><\/div><\/div><\/section>\n","protected":false},"excerpt":{"rendered":"Management Erfahrung, die Kundenbindung f\u00f6rdert Mit langj\u00e4hriger Erfahrung und einem tiefen Verstehen des Wertes der Kundenbindung arbeitet unser vielf\u00e4ltiges Team gemeinsam daran, unseren Klienten innovative L\u00f6sungen anzubieten, die einen positiven Einfluss auf Kundenerlebnisse haben, Ertr\u00e4ge generieren und profitable Kundenbindung f\u00f6rdern. ManagementManagementMichele Conforti President, Managing Director International Michele Conforti ist seit 2007 bei Tenerity und bekleidete...","protected":false},"author":3,"featured_media":620,"parent":26,"menu_order":1,"comment_status":"closed","ping_status":"closed","template":"","meta":{"footnotes":""},"class_list":["post-875","page","type-page","status-publish","has-post-thumbnail","hentry"],"yoast_head":"<!-- This site is optimized with the Yoast SEO plugin v27.1.1 - https:\/\/yoast.com\/product\/yoast-seo-wordpress\/ -->\n<title>Management - Tenerity DE<\/title>\n<meta name=\"robots\" content=\"index, follow, max-snippet:-1, max-image-preview:large, max-video-preview:-1\" \/>\n<link rel=\"canonical\" href=\"https:\/\/www.tenerity.com\/de\/uber-uns\/management\/\" \/>\n<meta property=\"og:locale\" content=\"de_DE\" \/>\n<meta property=\"og:type\" content=\"article\" \/>\n<meta property=\"og:title\" content=\"Management - Tenerity DE\" \/>\n<meta property=\"og:url\" content=\"https:\/\/www.tenerity.com\/de\/uber-uns\/management\/\" \/>\n<meta property=\"og:site_name\" content=\"Tenerity DE\" \/>\n<meta property=\"article:modified_time\" content=\"2023-07-18T16:54:46+00:00\" \/>\n<meta property=\"og:image\" content=\"https:\/\/www.tenerity.com\/de\/wp-content\/uploads\/sites\/22\/2022\/10\/hero___about-us.jpg\" \/>\n\t<meta property=\"og:image:width\" content=\"1440\" \/>\n\t<meta property=\"og:image:height\" content=\"421\" \/>\n\t<meta property=\"og:image:type\" content=\"image\/jpeg\" \/>\n<meta name=\"twitter:card\" content=\"summary_large_image\" \/>\n<meta name=\"twitter:label1\" content=\"Gesch\u00e4tzte Lesezeit\" \/>\n\t<meta name=\"twitter:data1\" content=\"2 Minuten\" \/>\n<script type=\"application\/ld+json\" class=\"yoast-schema-graph\">{\"@context\":\"https:\/\/schema.org\",\"@graph\":[{\"@type\":\"WebPage\",\"@id\":\"https:\/\/www.tenerity.com\/de\/uber-uns\/management\/\",\"url\":\"https:\/\/www.tenerity.com\/de\/uber-uns\/management\/\",\"name\":\"Management - Tenerity DE\",\"isPartOf\":{\"@id\":\"https:\/\/www.tenerity.com\/de\/#website\"},\"primaryImageOfPage\":{\"@id\":\"https:\/\/www.tenerity.com\/de\/uber-uns\/management\/#primaryimage\"},\"image\":{\"@id\":\"https:\/\/www.tenerity.com\/de\/uber-uns\/management\/#primaryimage\"},\"thumbnailUrl\":\"https:\/\/www.tenerity.com\/de\/wp-content\/uploads\/sites\/22\/2022\/10\/hero___about-us.jpg\",\"datePublished\":\"2022-10-20T15:59:30+00:00\",\"dateModified\":\"2023-07-18T16:54:46+00:00\",\"breadcrumb\":{\"@id\":\"https:\/\/www.tenerity.com\/de\/uber-uns\/management\/#breadcrumb\"},\"inLanguage\":\"de-DE\",\"potentialAction\":[{\"@type\":\"ReadAction\",\"target\":[\"https:\/\/www.tenerity.com\/de\/uber-uns\/management\/\"]}]},{\"@type\":\"ImageObject\",\"inLanguage\":\"de-DE\",\"@id\":\"https:\/\/www.tenerity.com\/de\/uber-uns\/management\/#primaryimage\",\"url\":\"https:\/\/www.tenerity.com\/de\/wp-content\/uploads\/sites\/22\/2022\/10\/hero___about-us.jpg\",\"contentUrl\":\"https:\/\/www.tenerity.com\/de\/wp-content\/uploads\/sites\/22\/2022\/10\/hero___about-us.jpg\",\"width\":1440,\"height\":421,\"caption\":\"About Us\"},{\"@type\":\"BreadcrumbList\",\"@id\":\"https:\/\/www.tenerity.com\/de\/uber-uns\/management\/#breadcrumb\",\"itemListElement\":[{\"@type\":\"ListItem\",\"position\":1,\"name\":\"Home\",\"item\":\"https:\/\/www.tenerity.com\/de\/\"},{\"@type\":\"ListItem\",\"position\":2,\"name\":\"\u00dcber uns\",\"item\":\"https:\/\/www.tenerity.com\/de\/uber-uns\/\"},{\"@type\":\"ListItem\",\"position\":3,\"name\":\"Management\"}]},{\"@type\":\"WebSite\",\"@id\":\"https:\/\/www.tenerity.com\/de\/#website\",\"url\":\"https:\/\/www.tenerity.com\/de\/\",\"name\":\"Tenerity\",\"description\":\"Intelligent engagement and loyalty for modern brands\",\"potentialAction\":[{\"@type\":\"SearchAction\",\"target\":{\"@type\":\"EntryPoint\",\"urlTemplate\":\"https:\/\/www.tenerity.com\/de\/?s={search_term_string}\"},\"query-input\":{\"@type\":\"PropertyValueSpecification\",\"valueRequired\":true,\"valueName\":\"search_term_string\"}}],\"inLanguage\":\"de-DE\"}]}<\/script>\n<!-- \/ Yoast SEO plugin. -->","yoast_head_json":{"title":"Management - Tenerity DE","robots":{"index":"index","follow":"follow","max-snippet":"max-snippet:-1","max-image-preview":"max-image-preview:large","max-video-preview":"max-video-preview:-1"},"canonical":"https:\/\/www.tenerity.com\/de\/uber-uns\/management\/","og_locale":"de_DE","og_type":"article","og_title":"Management - Tenerity DE","og_url":"https:\/\/www.tenerity.com\/de\/uber-uns\/management\/","og_site_name":"Tenerity DE","article_modified_time":"2023-07-18T16:54:46+00:00","og_image":[{"width":1440,"height":421,"url":"https:\/\/www.tenerity.com\/de\/wp-content\/uploads\/sites\/22\/2022\/10\/hero___about-us.jpg","type":"image\/jpeg"}],"twitter_card":"summary_large_image","twitter_misc":{"Gesch\u00e4tzte Lesezeit":"2 Minuten"},"schema":{"@context":"https:\/\/schema.org","@graph":[{"@type":"WebPage","@id":"https:\/\/www.tenerity.com\/de\/uber-uns\/management\/","url":"https:\/\/www.tenerity.com\/de\/uber-uns\/management\/","name":"Management - Tenerity DE","isPartOf":{"@id":"https:\/\/www.tenerity.com\/de\/#website"},"primaryImageOfPage":{"@id":"https:\/\/www.tenerity.com\/de\/uber-uns\/management\/#primaryimage"},"image":{"@id":"https:\/\/www.tenerity.com\/de\/uber-uns\/management\/#primaryimage"},"thumbnailUrl":"https:\/\/www.tenerity.com\/de\/wp-content\/uploads\/sites\/22\/2022\/10\/hero___about-us.jpg","datePublished":"2022-10-20T15:59:30+00:00","dateModified":"2023-07-18T16:54:46+00:00","breadcrumb":{"@id":"https:\/\/www.tenerity.com\/de\/uber-uns\/management\/#breadcrumb"},"inLanguage":"de-DE","potentialAction":[{"@type":"ReadAction","target":["https:\/\/www.tenerity.com\/de\/uber-uns\/management\/"]}]},{"@type":"ImageObject","inLanguage":"de-DE","@id":"https:\/\/www.tenerity.com\/de\/uber-uns\/management\/#primaryimage","url":"https:\/\/www.tenerity.com\/de\/wp-content\/uploads\/sites\/22\/2022\/10\/hero___about-us.jpg","contentUrl":"https:\/\/www.tenerity.com\/de\/wp-content\/uploads\/sites\/22\/2022\/10\/hero___about-us.jpg","width":1440,"height":421,"caption":"About Us"},{"@type":"BreadcrumbList","@id":"https:\/\/www.tenerity.com\/de\/uber-uns\/management\/#breadcrumb","itemListElement":[{"@type":"ListItem","position":1,"name":"Home","item":"https:\/\/www.tenerity.com\/de\/"},{"@type":"ListItem","position":2,"name":"\u00dcber uns","item":"https:\/\/www.tenerity.com\/de\/uber-uns\/"},{"@type":"ListItem","position":3,"name":"Management"}]},{"@type":"WebSite","@id":"https:\/\/www.tenerity.com\/de\/#website","url":"https:\/\/www.tenerity.com\/de\/","name":"Tenerity","description":"Intelligent engagement and loyalty for modern brands","potentialAction":[{"@type":"SearchAction","target":{"@type":"EntryPoint","urlTemplate":"https:\/\/www.tenerity.com\/de\/?s={search_term_string}"},"query-input":{"@type":"PropertyValueSpecification","valueRequired":true,"valueName":"search_term_string"}}],"inLanguage":"de-DE"}]}},"_links":{"self":[{"href":"https:\/\/www.tenerity.com\/de\/wp-json\/wp\/v2\/pages\/875","targetHints":{"allow":["GET"]}}],"collection":[{"href":"https:\/\/www.tenerity.com\/de\/wp-json\/wp\/v2\/pages"}],"about":[{"href":"https:\/\/www.tenerity.com\/de\/wp-json\/wp\/v2\/types\/page"}],"author":[{"embeddable":true,"href":"https:\/\/www.tenerity.com\/de\/wp-json\/wp\/v2\/users\/3"}],"replies":[{"embeddable":true,"href":"https:\/\/www.tenerity.com\/de\/wp-json\/wp\/v2\/comments?post=875"}],"version-history":[{"count":0,"href":"https:\/\/www.tenerity.com\/de\/wp-json\/wp\/v2\/pages\/875\/revisions"}],"up":[{"embeddable":true,"href":"https:\/\/www.tenerity.com\/de\/wp-json\/wp\/v2\/pages\/26"}],"wp:featuredmedia":[{"embeddable":true,"href":"https:\/\/www.tenerity.com\/de\/wp-json\/wp\/v2\/media\/620"}],"wp:attachment":[{"href":"https:\/\/www.tenerity.com\/de\/wp-json\/wp\/v2\/media?parent=875"}],"curies":[{"name":"wp","href":"https:\/\/api.w.org\/{rel}","templated":true}]}}