{"id":452,"date":"2022-10-14T15:10:30","date_gmt":"2022-10-14T15:10:30","guid":{"rendered":"https:\/\/testing123.mobi\/tenerity\/?page_id=452"},"modified":"2023-08-03T15:43:01","modified_gmt":"2023-08-03T15:43:01","slug":"karriere","status":"publish","type":"page","link":"https:\/\/www.tenerity.com\/de\/karriere\/","title":{"rendered":"Karriere"},"content":{"rendered":"<section class=\"l-section wpb_row us_custom_11553957 bg-img-cover height_large color_primary with_img with_shape\"><div class=\"l-section-img\" role=\"img\" aria-label=\"Tenerity : Careers\" data-img-width=\"1440\" data-img-height=\"426\" style=\"background-image: url(https:\/\/www.tenerity.com\/de\/wp-content\/uploads\/sites\/22\/2022\/10\/join-us.png);background-repeat: no-repeat;\"><\/div><div class=\"l-section-overlay\" style=\"background:rgba(26,26,26,0.25)\"><\/div><div class=\"l-section-shape type_tilt pos_bottom hor_flip\" style=\"height:15vmin;color:var(--color-header-middle-bg)\"><svg xmlns=\"http:\/\/www.w3.org\/2000\/svg\" viewBox=\"0 0 64 8\" preserveAspectRatio=\"none\" width=\"100%\" height=\"100%\">\r\n\t<path fill=\"currentColor\" d=\"M64 7.9 L64 10 L0 10 L0 0 Z\"\/>\r\n<\/svg><\/div><div class=\"l-section-h i-cf\"><div class=\"g-cols vc_row via_flex valign_middle type_default stacking_default\"><div class=\"vc_col-sm-12 wpb_column vc_column_container\"><div class=\"vc_column-inner\"><div class=\"wpb_wrapper\"><div class=\"g-cols wpb_row via_flex valign_top type_default stacking_default\"><div class=\"vc_col-sm-6 wpb_column vc_column_container\"><div class=\"vc_column-inner\"><div class=\"wpb_wrapper\"><div class=\"wpb_text_column us_custom_4b9db530 us_animate_this\"><div class=\"wpb_wrapper\"><h1 style=\"text-align: left;\">Werden Sie Teil eines erstklassigen Teams<\/h1>\n<\/div><\/div><div class=\"wpb_text_column us_custom_f0b29229 us_animate_this\"><div class=\"wpb_wrapper\"><p>Der Unternehmergeist sowie die Energie und das Engagement unserer Mitarbeiterinnen und Mitarbeiter sind die Eckpfeiler unseres Erfolgs. Wir sind laufend auf der Suche nach neuen Talenten<\/p>\n<\/div><\/div><\/div><\/div><\/div><div class=\"vc_col-sm-6 wpb_column vc_column_container\"><div class=\"vc_column-inner\"><div class=\"wpb_wrapper\"><\/div><\/div><\/div><\/div><div class=\"g-cols wpb_row us_custom_3ef98895 button-group us_animate_this via_flex valign_top type_default stacking_default\"><div class=\"vc_col-sm-12 wpb_column vc_column_container button-group\"><div class=\"vc_column-inner\"><div class=\"wpb_wrapper\"><div class=\"w-btn-wrapper align_none\"><a class=\"w-btn us-btn-style_1 us_custom_d3c6354d inline\" target=\"_blank\" rel=\"nofollow\" href=\"https:\/\/internationalcareers-tenerity.icims.com\/\"><span class=\"w-btn-label\">Unsere aktuellen Stellenangebote<\/span><\/a><\/div><div class=\"w-iconbox us_custom_c901145c inline iconpos_left style_default color_contrast align_left no_text\"><a target=\"_blank\" rel=\"nofollow\" href=\"https:\/\/tenerity.icims.com\/icims2\/servlet\/icims2?module=AppInert&amp;action=download&amp;id=1190&amp;hashed=1606698666\" class=\"w-iconbox-link\" aria-label=\"Datenschutzerkl\u00e4rung\"><div class=\"w-iconbox-icon\" style=\"font-size:1.5rem;\"><i class=\"material-icons\">download<\/i><\/div><\/a><div class=\"w-iconbox-meta\"><p class=\"w-iconbox-title\"><a target=\"_blank\" rel=\"nofollow\" href=\"https:\/\/tenerity.icims.com\/icims2\/servlet\/icims2?module=AppInert&amp;action=download&amp;id=1190&amp;hashed=1606698666\" class=\"w-iconbox-link\" aria-label=\"Datenschutzerkl\u00e4rung\">Datenschutzerkl\u00e4rung<\/a><\/p><\/div><\/div><\/div><\/div><\/div><\/div><\/div><\/div><\/div><\/div><\/div><\/section><section class=\"l-section wpb_row us_custom_30e2d85b height_medium\" id=\"careers___values\"><div class=\"l-section-h i-cf\"><div class=\"g-cols vc_row via_flex valign_top type_default stacking_default\"><div class=\"vc_col-sm-12 wpb_column vc_column_container\"><div class=\"vc_column-inner\"><div class=\"wpb_wrapper\"><div class=\"g-cols wpb_row via_flex valign_top type_default stacking_default\"><div class=\"vc_col-sm-12 wpb_column vc_column_container\"><div class=\"vc_column-inner us_custom_ab6de256\"><div class=\"wpb_wrapper\"><div class=\"wpb_text_column\"><div class=\"wpb_wrapper\"><h2 class=\"config-title\">Unsere Werte machen uns aus<\/h2>\n<\/div><\/div><div class=\"wpb_text_column text___intro\"><div class=\"wpb_wrapper\"><p>Wir sind ein starkes Team, das seinen Erfolg durch radikale Transparenz, au\u00dfergew\u00f6hnliche Kommunikation, Inklusion, Einlassen auf unsere Klienten und \u201eKundenbindung als Ergebnis\u201c erzielt.<\/p>\n<\/div><\/div><\/div><\/div><\/div><\/div><div class=\"g-cols wpb_row via_flex valign_top type_default stacking_default\"><div class=\"vc_col-sm-4 wpb_column vc_column_container core-value\"><div class=\"vc_column-inner\"><div class=\"wpb_wrapper\"><div class=\"w-image align_center\"><div class=\"w-image-h\"><img decoding=\"async\" width=\"140\" height=\"140\" src=\"https:\/\/www.tenerity.com\/de\/wp-content\/uploads\/sites\/22\/2022\/10\/value___no-hierarchy.png\" class=\"attachment-large size-large\" alt=\"No hierarchy\" loading=\"lazy\" \/><\/div><\/div><div class=\"wpb_text_column\"><div class=\"wpb_wrapper\"><p style=\"text-align: center;\">Unsere Kommunikation ist hierarchiefrei.<\/p>\n<\/div><\/div><\/div><\/div><\/div><div class=\"vc_col-sm-4 wpb_column vc_column_container core-value\"><div class=\"vc_column-inner\"><div class=\"wpb_wrapper\"><div class=\"w-image align_center\"><div class=\"w-image-h\"><img decoding=\"async\" width=\"140\" height=\"140\" src=\"https:\/\/www.tenerity.com\/de\/wp-content\/uploads\/sites\/22\/2022\/10\/value___opportunity.png\" class=\"attachment-large size-large\" alt=\"Opportunity\" loading=\"lazy\" \/><\/div><\/div><div class=\"wpb_text_column\"><div class=\"wpb_wrapper\"><p style=\"text-align: center;\">Jede Chance ist unsere Chance. Jede Herausforderung ist unsere Herausforderung.<\/p>\n<\/div><\/div><\/div><\/div><\/div><div class=\"vc_col-sm-4 wpb_column vc_column_container core-value\"><div class=\"vc_column-inner\"><div class=\"wpb_wrapper\"><div class=\"w-image align_center\"><div class=\"w-image-h\"><img decoding=\"async\" width=\"140\" height=\"140\" src=\"https:\/\/www.tenerity.com\/de\/wp-content\/uploads\/sites\/22\/2022\/10\/value___diversity.png\" class=\"attachment-large size-large\" alt=\"Diversity\" loading=\"lazy\" \/><\/div><\/div><div class=\"wpb_text_column\"><div class=\"wpb_wrapper\"><p style=\"text-align: center;\">Diversit\u00e4t ist unser Vorteil.<\/p>\n<\/div><\/div><\/div><\/div><\/div><div class=\"vc_col-sm-4 wpb_column vc_column_container core-value\"><div class=\"vc_column-inner\"><div class=\"wpb_wrapper\"><div class=\"w-image align_center\"><div class=\"w-image-h\"><img decoding=\"async\" width=\"140\" height=\"140\" src=\"https:\/\/www.tenerity.com\/de\/wp-content\/uploads\/sites\/22\/2022\/10\/value___understanding.png\" class=\"attachment-large size-large\" alt=\"Understanding\" loading=\"lazy\" \/><\/div><\/div><div class=\"wpb_text_column\"><div class=\"wpb_wrapper\"><p style=\"text-align: center;\">Effektives Handeln setzt Verst\u00e4ndnis voraus.<\/p>\n<\/div><\/div><\/div><\/div><\/div><div class=\"vc_col-sm-4 wpb_column vc_column_container core-value\"><div class=\"vc_column-inner\"><div class=\"wpb_wrapper\"><div class=\"w-image align_center\"><div class=\"w-image-h\"><img decoding=\"async\" width=\"140\" height=\"140\" src=\"https:\/\/www.tenerity.com\/de\/wp-content\/uploads\/sites\/22\/2022\/10\/value___loyalty.png\" class=\"attachment-large size-large\" alt=\"Loyalty\" loading=\"lazy\" \/><\/div><\/div><div class=\"wpb_text_column\"><div class=\"wpb_wrapper\"><p style=\"text-align: center;\">Kundenbindung ist das Ergebnis dessen, was wir sind und was wir tun.<\/p>\n<\/div><\/div><\/div><\/div><\/div><\/div><\/div><\/div><\/div><\/div><\/div><\/section><section class=\"l-section wpb_row us_custom_c70c97eb height_auto with_shape\"><div class=\"l-section-shape type_triangle-inv pos_top\" style=\"height:10vh;color:#ffffff\"><svg xmlns=\"http:\/\/www.w3.org\/2000\/svg\" viewBox=\"0 0 64 8\" preserveAspectRatio=\"none\" width=\"100%\" height=\"100%\">\r\n\t<path fill=\"currentColor\" d=\"M64 9 L0 9 L0 7.9 L32 0 L64 7.9 Z\"\/>\r\n<\/svg><\/div><div class=\"l-section-h i-cf\"><div class=\"g-cols vc_row via_flex valign_top type_default stacking_default\"><div class=\"vc_col-sm-12 wpb_column vc_column_container\"><div class=\"vc_column-inner\"><div class=\"wpb_wrapper\"><\/div><\/div><\/div><\/div><\/div><\/section><section class=\"l-section wpb_row us_custom_c70c97eb last-row height_medium\"><div class=\"l-section-h i-cf\"><div class=\"g-cols vc_row via_flex valign_top type_default stacking_default\"><div class=\"vc_col-sm-6 wpb_column vc_column_container\"><div class=\"vc_column-inner\"><div class=\"wpb_wrapper\"><div class=\"w-image align_center\"><div class=\"w-image-h\"><img decoding=\"async\" width=\"140\" height=\"140\" src=\"https:\/\/www.tenerity.com\/de\/wp-content\/uploads\/sites\/22\/2022\/10\/value___diversity.png\" class=\"attachment-large size-large\" alt=\"Diversity\" loading=\"lazy\" \/><\/div><\/div><div class=\"wpb_text_column\"><div class=\"wpb_wrapper\"><h3 style=\"text-align: center;\">Diversit\u00e4t ist unser Vorteil<\/h3>\n<\/div><\/div><div class=\"wpb_text_column\"><div class=\"wpb_wrapper\"><p>Wir sind eine Mischung talentierter, stolzer und vielf\u00e4ltiger Charaktere. Als globales Unternehmen ist es unser Ziel, ein Umfeld zu schaffen, in dem Menschen mit unterschiedlichen Hintergr\u00fcnden, Kulturen, Sichtweisen und Erfahrungen einen positiven Einfluss haben k\u00f6nnen.<\/p>\n<\/div><\/div><\/div><\/div><\/div><div class=\"vc_col-sm-6 wpb_column vc_column_container\"><div class=\"vc_column-inner\"><div class=\"wpb_wrapper\"><div class=\"w-image align_center\"><div class=\"w-image-h\"><img decoding=\"async\" width=\"140\" height=\"140\" src=\"https:\/\/www.tenerity.com\/de\/wp-content\/uploads\/sites\/22\/2022\/10\/careers___wellness.png\" class=\"attachment-large size-large\" alt=\"Total Wellness\" loading=\"lazy\" \/><\/div><\/div><div class=\"wpb_text_column\"><div class=\"wpb_wrapper\"><h3 style=\"text-align: center;\">Wohlbefinden am Arbeitsplatz<\/h3>\n<\/div><\/div><div class=\"wpb_text_column\"><div class=\"wpb_wrapper\"><p>Wir glauben, dass gesunde Mitarbeiter zufriedener, engagierter und produktiver sind. Wir bieten attraktive Sozialleistungen und eine kollegiale Arbeitsatmosph\u00e4re.<\/p>\n<\/div><\/div><\/div><\/div><\/div><\/div><\/div><\/section>\n","protected":false},"excerpt":{"rendered":"Werden Sie Teil eines erstklassigen Teams Der Unternehmergeist sowie die Energie und das Engagement unserer Mitarbeiterinnen und Mitarbeiter sind die Eckpfeiler unseres Erfolgs. Wir sind laufend auf der Suche nach neuen Talenten Unsere aktuellen StellenangebotedownloadDatenschutzerkl\u00e4rungUnsere Werte machen uns aus Wir sind ein starkes Team, das seinen Erfolg durch radikale Transparenz, au\u00dfergew\u00f6hnliche Kommunikation, Inklusion, Einlassen auf...","protected":false},"author":1,"featured_media":464,"parent":0,"menu_order":6,"comment_status":"closed","ping_status":"closed","template":"","meta":{"footnotes":""},"class_list":["post-452","page","type-page","status-publish","has-post-thumbnail","hentry"],"yoast_head":"<!-- This site is optimized with the Yoast SEO plugin v27.1.1 - https:\/\/yoast.com\/product\/yoast-seo-wordpress\/ -->\n<title>Karriere - Tenerity DE<\/title>\n<meta name=\"robots\" content=\"index, follow, max-snippet:-1, max-image-preview:large, max-video-preview:-1\" \/>\n<link rel=\"canonical\" href=\"https:\/\/www.tenerity.com\/de\/karriere\/\" \/>\n<meta property=\"og:locale\" content=\"de_DE\" \/>\n<meta property=\"og:type\" content=\"article\" \/>\n<meta property=\"og:title\" content=\"Karriere - Tenerity DE\" \/>\n<meta property=\"og:url\" content=\"https:\/\/www.tenerity.com\/de\/karriere\/\" \/>\n<meta property=\"og:site_name\" content=\"Tenerity DE\" \/>\n<meta property=\"article:modified_time\" content=\"2023-08-03T15:43:01+00:00\" \/>\n<meta property=\"og:image\" content=\"https:\/\/www.tenerity.com\/de\/wp-content\/uploads\/sites\/22\/2022\/10\/join-us.png\" \/>\n\t<meta property=\"og:image:width\" content=\"1440\" \/>\n\t<meta property=\"og:image:height\" content=\"426\" \/>\n\t<meta property=\"og:image:type\" content=\"image\/png\" \/>\n<meta name=\"twitter:card\" content=\"summary_large_image\" \/>\n<meta name=\"twitter:label1\" content=\"Gesch\u00e4tzte Lesezeit\" \/>\n\t<meta name=\"twitter:data1\" content=\"2 Minuten\" \/>\n<script type=\"application\/ld+json\" class=\"yoast-schema-graph\">{\"@context\":\"https:\/\/schema.org\",\"@graph\":[{\"@type\":\"WebPage\",\"@id\":\"https:\/\/www.tenerity.com\/de\/karriere\/\",\"url\":\"https:\/\/www.tenerity.com\/de\/karriere\/\",\"name\":\"Karriere - Tenerity DE\",\"isPartOf\":{\"@id\":\"https:\/\/www.tenerity.com\/de\/#website\"},\"primaryImageOfPage\":{\"@id\":\"https:\/\/www.tenerity.com\/de\/karriere\/#primaryimage\"},\"image\":{\"@id\":\"https:\/\/www.tenerity.com\/de\/karriere\/#primaryimage\"},\"thumbnailUrl\":\"https:\/\/www.tenerity.com\/de\/wp-content\/uploads\/sites\/22\/2022\/10\/join-us.png\",\"datePublished\":\"2022-10-14T15:10:30+00:00\",\"dateModified\":\"2023-08-03T15:43:01+00:00\",\"breadcrumb\":{\"@id\":\"https:\/\/www.tenerity.com\/de\/karriere\/#breadcrumb\"},\"inLanguage\":\"de-DE\",\"potentialAction\":[{\"@type\":\"ReadAction\",\"target\":[\"https:\/\/www.tenerity.com\/de\/karriere\/\"]}]},{\"@type\":\"ImageObject\",\"inLanguage\":\"de-DE\",\"@id\":\"https:\/\/www.tenerity.com\/de\/karriere\/#primaryimage\",\"url\":\"https:\/\/www.tenerity.com\/de\/wp-content\/uploads\/sites\/22\/2022\/10\/join-us.png\",\"contentUrl\":\"https:\/\/www.tenerity.com\/de\/wp-content\/uploads\/sites\/22\/2022\/10\/join-us.png\",\"width\":1440,\"height\":426,\"caption\":\"Tenerity : Careers\"},{\"@type\":\"BreadcrumbList\",\"@id\":\"https:\/\/www.tenerity.com\/de\/karriere\/#breadcrumb\",\"itemListElement\":[{\"@type\":\"ListItem\",\"position\":1,\"name\":\"Home\",\"item\":\"https:\/\/www.tenerity.com\/de\/\"},{\"@type\":\"ListItem\",\"position\":2,\"name\":\"Karriere\"}]},{\"@type\":\"WebSite\",\"@id\":\"https:\/\/www.tenerity.com\/de\/#website\",\"url\":\"https:\/\/www.tenerity.com\/de\/\",\"name\":\"Tenerity\",\"description\":\"Intelligent engagement and loyalty for modern brands\",\"potentialAction\":[{\"@type\":\"SearchAction\",\"target\":{\"@type\":\"EntryPoint\",\"urlTemplate\":\"https:\/\/www.tenerity.com\/de\/?s={search_term_string}\"},\"query-input\":{\"@type\":\"PropertyValueSpecification\",\"valueRequired\":true,\"valueName\":\"search_term_string\"}}],\"inLanguage\":\"de-DE\"}]}<\/script>\n<!-- \/ Yoast SEO plugin. -->","yoast_head_json":{"title":"Karriere - Tenerity DE","robots":{"index":"index","follow":"follow","max-snippet":"max-snippet:-1","max-image-preview":"max-image-preview:large","max-video-preview":"max-video-preview:-1"},"canonical":"https:\/\/www.tenerity.com\/de\/karriere\/","og_locale":"de_DE","og_type":"article","og_title":"Karriere - Tenerity DE","og_url":"https:\/\/www.tenerity.com\/de\/karriere\/","og_site_name":"Tenerity DE","article_modified_time":"2023-08-03T15:43:01+00:00","og_image":[{"width":1440,"height":426,"url":"https:\/\/www.tenerity.com\/de\/wp-content\/uploads\/sites\/22\/2022\/10\/join-us.png","type":"image\/png"}],"twitter_card":"summary_large_image","twitter_misc":{"Gesch\u00e4tzte Lesezeit":"2 Minuten"},"schema":{"@context":"https:\/\/schema.org","@graph":[{"@type":"WebPage","@id":"https:\/\/www.tenerity.com\/de\/karriere\/","url":"https:\/\/www.tenerity.com\/de\/karriere\/","name":"Karriere - Tenerity DE","isPartOf":{"@id":"https:\/\/www.tenerity.com\/de\/#website"},"primaryImageOfPage":{"@id":"https:\/\/www.tenerity.com\/de\/karriere\/#primaryimage"},"image":{"@id":"https:\/\/www.tenerity.com\/de\/karriere\/#primaryimage"},"thumbnailUrl":"https:\/\/www.tenerity.com\/de\/wp-content\/uploads\/sites\/22\/2022\/10\/join-us.png","datePublished":"2022-10-14T15:10:30+00:00","dateModified":"2023-08-03T15:43:01+00:00","breadcrumb":{"@id":"https:\/\/www.tenerity.com\/de\/karriere\/#breadcrumb"},"inLanguage":"de-DE","potentialAction":[{"@type":"ReadAction","target":["https:\/\/www.tenerity.com\/de\/karriere\/"]}]},{"@type":"ImageObject","inLanguage":"de-DE","@id":"https:\/\/www.tenerity.com\/de\/karriere\/#primaryimage","url":"https:\/\/www.tenerity.com\/de\/wp-content\/uploads\/sites\/22\/2022\/10\/join-us.png","contentUrl":"https:\/\/www.tenerity.com\/de\/wp-content\/uploads\/sites\/22\/2022\/10\/join-us.png","width":1440,"height":426,"caption":"Tenerity : Careers"},{"@type":"BreadcrumbList","@id":"https:\/\/www.tenerity.com\/de\/karriere\/#breadcrumb","itemListElement":[{"@type":"ListItem","position":1,"name":"Home","item":"https:\/\/www.tenerity.com\/de\/"},{"@type":"ListItem","position":2,"name":"Karriere"}]},{"@type":"WebSite","@id":"https:\/\/www.tenerity.com\/de\/#website","url":"https:\/\/www.tenerity.com\/de\/","name":"Tenerity","description":"Intelligent engagement and loyalty for modern brands","potentialAction":[{"@type":"SearchAction","target":{"@type":"EntryPoint","urlTemplate":"https:\/\/www.tenerity.com\/de\/?s={search_term_string}"},"query-input":{"@type":"PropertyValueSpecification","valueRequired":true,"valueName":"search_term_string"}}],"inLanguage":"de-DE"}]}},"_links":{"self":[{"href":"https:\/\/www.tenerity.com\/de\/wp-json\/wp\/v2\/pages\/452","targetHints":{"allow":["GET"]}}],"collection":[{"href":"https:\/\/www.tenerity.com\/de\/wp-json\/wp\/v2\/pages"}],"about":[{"href":"https:\/\/www.tenerity.com\/de\/wp-json\/wp\/v2\/types\/page"}],"author":[{"embeddable":true,"href":"https:\/\/www.tenerity.com\/de\/wp-json\/wp\/v2\/users\/1"}],"replies":[{"embeddable":true,"href":"https:\/\/www.tenerity.com\/de\/wp-json\/wp\/v2\/comments?post=452"}],"version-history":[{"count":0,"href":"https:\/\/www.tenerity.com\/de\/wp-json\/wp\/v2\/pages\/452\/revisions"}],"wp:featuredmedia":[{"embeddable":true,"href":"https:\/\/www.tenerity.com\/de\/wp-json\/wp\/v2\/media\/464"}],"wp:attachment":[{"href":"https:\/\/www.tenerity.com\/de\/wp-json\/wp\/v2\/media?parent=452"}],"curies":[{"name":"wp","href":"https:\/\/api.w.org\/{rel}","templated":true}]}}