{"id":139,"date":"2022-09-26T16:09:19","date_gmt":"2022-09-26T16:09:19","guid":{"rendered":"https:\/\/testing123.mobi\/tenerity\/?page_id=139"},"modified":"2023-07-21T15:05:35","modified_gmt":"2023-07-21T15:05:35","slug":"losungen","status":"publish","type":"page","link":"https:\/\/www.tenerity.com\/de\/losungen\/","title":{"rendered":"L\u00f6sungen"},"content":{"rendered":"<section class=\"l-section wpb_row us_custom_5be30638 height_medium color_secondary with_img parallax_ver with_shape\"><div class=\"l-section-img\" role=\"img\" aria-label=\"Programs\" data-img-width=\"2009\" data-img-height=\"1493\" style=\"background-image: url(https:\/\/www.tenerity.com\/de\/wp-content\/uploads\/sites\/22\/2023\/05\/Programs-Banner.jpg);background-repeat: no-repeat;\"><\/div><div class=\"l-section-shape type_tilt pos_bottom hor_flip\" style=\"height:10vh;color:var(--color-content-bg-alt)\"><svg xmlns=\"http:\/\/www.w3.org\/2000\/svg\" viewBox=\"0 0 64 8\" preserveAspectRatio=\"none\" width=\"100%\" height=\"100%\">\r\n\t<path fill=\"currentColor\" d=\"M64 7.9 L64 10 L0 10 L0 0 Z\"\/>\r\n<\/svg><\/div><div class=\"l-section-h i-cf\"><div class=\"g-cols vc_row via_flex valign_middle type_default stacking_default\"><div class=\"vc_col-sm-6 wpb_column vc_column_container\"><div class=\"vc_column-inner\"><div class=\"wpb_wrapper\"><div class=\"wpb_text_column us_custom_4b9db530 us_animate_this\"><div class=\"wpb_wrapper\"><h1 style=\"text-align: left;\">L\u00f6sungen<\/h1>\n<\/div><\/div><div class=\"wpb_text_column us_custom_de366d1c text___intro us_animate_this\"><div class=\"wpb_wrapper\"><p>Unsere L\u00f6sungen unterst\u00fctzen unsere Klienten dabei, durch \u00fcberzeugende Mehrwerte Kundenbindung zu erh\u00f6hen und Zusatzertr\u00e4ge zu generieren.<\/p>\n<\/div><\/div><\/div><\/div><\/div><div class=\"vc_col-sm-6 wpb_column vc_column_container hide_on_mobiles\"><div class=\"vc_column-inner\"><div class=\"wpb_wrapper\"><\/div><\/div><\/div><\/div><\/div><\/section><section class=\"l-section wpb_row us_custom_c70c97eb height_medium\" id=\"protect\"><div class=\"l-section-h i-cf\"><div class=\"g-cols vc_row via_flex valign_middle type_default stacking_default\"><div class=\"vc_col-sm-6 wpb_column vc_column_container\"><div class=\"vc_column-inner\"><div class=\"wpb_wrapper\"><div class=\"wpb_text_column us_custom_4c77c721\"><div class=\"wpb_wrapper\"><h2>Identit\u00e4tsschutz<\/h2>\n<p><strong>Wir bieten ganzheitliche Cyber- und Identit\u00e4tsschutzl\u00f6sungen f\u00fcr Privat- und Gesch\u00e4ftskunden.<\/strong><\/p>\n<p>In einer zunehmend riskanten Cyberlandschaft k\u00f6nnen Unternehmen Vertrauen aufbauen und Kundenbindung steigern, indem sie besorgten Kunden helfen, sich vor den wachsenden Online-Bedrohungen zu sch\u00fctzen.<\/p>\n<p>Teneritys Cyber- und Identit\u00e4tsschutzangebot umfasst umfangreiche Prevention, Detection und Resolution Module und macht es Ihren Kunden leicht, ihre pers\u00f6nlichen Daten zu verwalten und zu sch\u00fctzen, um ein sicheres Onlineerlebnis zu gew\u00e4hrleisten.<\/p>\n<\/div><\/div><div class=\"g-cols wpb_row via_flex valign_top type_default stacking_default\"><div class=\"vc_col-sm-12 wpb_column vc_column_container button-group\"><div class=\"vc_column-inner\"><div class=\"wpb_wrapper\"><div class=\"w-btn-wrapper align_left\"><a class=\"w-btn us-btn-style_1 inlnie\" title=\"Cyber and ID Protection\" href=\"https:\/\/www.tenerity.com\/de\/losungen\/cyber-und-identitatsschutz\/\"><span class=\"w-btn-label\">CYBER- UND IDENTIT\u00c4TSSCHUTZ<\/span><\/a><\/div><\/div><\/div><\/div><\/div><\/div><\/div><\/div><div class=\"vc_col-sm-6 wpb_column vc_column_container\"><div class=\"vc_column-inner\"><div class=\"wpb_wrapper\"><div class=\"w-image align_center\"><div class=\"w-image-h\"><img decoding=\"async\" width=\"566\" height=\"574\" src=\"https:\/\/www.tenerity.com\/de\/wp-content\/uploads\/sites\/22\/2022\/11\/image_privacy-guard.png\" class=\"attachment-large size-large\" alt=\"PrivacyGuard\" loading=\"lazy\" srcset=\"https:\/\/www.tenerity.com\/de\/wp-content\/uploads\/sites\/22\/2022\/11\/image_privacy-guard.png 566w, https:\/\/www.tenerity.com\/de\/wp-content\/uploads\/sites\/22\/2022\/11\/image_privacy-guard-296x300.png 296w\" sizes=\"auto, (max-width: 566px) 100vw, 566px\" \/><\/div><\/div><\/div><\/div><\/div><\/div><\/div><\/section>\n","protected":false},"excerpt":{"rendered":"L\u00f6sungen Unsere L\u00f6sungen unterst\u00fctzen unsere Klienten dabei, durch \u00fcberzeugende Mehrwerte Kundenbindung zu erh\u00f6hen und Zusatzertr\u00e4ge zu generieren. Identit\u00e4tsschutz Wir bieten ganzheitliche Cyber- und Identit\u00e4tsschutzl\u00f6sungen f\u00fcr Privat- und Gesch\u00e4ftskunden. In einer zunehmend riskanten Cyberlandschaft k\u00f6nnen Unternehmen Vertrauen aufbauen und Kundenbindung steigern, indem sie besorgten Kunden helfen, sich vor den wachsenden Online-Bedrohungen zu sch\u00fctzen. Teneritys Cyber- und...","protected":false},"author":1,"featured_media":1209,"parent":0,"menu_order":2,"comment_status":"closed","ping_status":"closed","template":"","meta":{"footnotes":""},"class_list":["post-139","page","type-page","status-publish","has-post-thumbnail","hentry"],"yoast_head":"<!-- This site is optimized with the Yoast SEO plugin v27.1.1 - https:\/\/yoast.com\/product\/yoast-seo-wordpress\/ -->\n<title>L\u00f6sungen - Tenerity DE<\/title>\n<meta name=\"robots\" content=\"index, follow, max-snippet:-1, max-image-preview:large, max-video-preview:-1\" \/>\n<link rel=\"canonical\" href=\"https:\/\/www.tenerity.com\/de\/losungen\/\" \/>\n<meta property=\"og:locale\" content=\"de_DE\" \/>\n<meta property=\"og:type\" content=\"article\" \/>\n<meta property=\"og:title\" content=\"L\u00f6sungen - Tenerity DE\" \/>\n<meta property=\"og:url\" content=\"https:\/\/www.tenerity.com\/de\/losungen\/\" \/>\n<meta property=\"og:site_name\" content=\"Tenerity DE\" \/>\n<meta property=\"article:modified_time\" content=\"2023-07-21T15:05:35+00:00\" \/>\n<meta property=\"og:image\" content=\"https:\/\/www.tenerity.com\/de\/wp-content\/uploads\/sites\/22\/2023\/05\/Programs-Banner.jpg\" \/>\n\t<meta property=\"og:image:width\" content=\"2009\" \/>\n\t<meta property=\"og:image:height\" content=\"1493\" \/>\n\t<meta property=\"og:image:type\" content=\"image\/jpeg\" \/>\n<meta name=\"twitter:card\" content=\"summary_large_image\" \/>\n<meta name=\"twitter:label1\" content=\"Gesch\u00e4tzte Lesezeit\" \/>\n\t<meta name=\"twitter:data1\" content=\"1 Minute\" \/>\n<script type=\"application\/ld+json\" class=\"yoast-schema-graph\">{\"@context\":\"https:\/\/schema.org\",\"@graph\":[{\"@type\":\"WebPage\",\"@id\":\"https:\/\/www.tenerity.com\/de\/losungen\/\",\"url\":\"https:\/\/www.tenerity.com\/de\/losungen\/\",\"name\":\"L\u00f6sungen - Tenerity DE\",\"isPartOf\":{\"@id\":\"https:\/\/www.tenerity.com\/de\/#website\"},\"primaryImageOfPage\":{\"@id\":\"https:\/\/www.tenerity.com\/de\/losungen\/#primaryimage\"},\"image\":{\"@id\":\"https:\/\/www.tenerity.com\/de\/losungen\/#primaryimage\"},\"thumbnailUrl\":\"https:\/\/www.tenerity.com\/de\/wp-content\/uploads\/sites\/22\/2023\/05\/Programs-Banner.jpg\",\"datePublished\":\"2022-09-26T16:09:19+00:00\",\"dateModified\":\"2023-07-21T15:05:35+00:00\",\"breadcrumb\":{\"@id\":\"https:\/\/www.tenerity.com\/de\/losungen\/#breadcrumb\"},\"inLanguage\":\"de-DE\",\"potentialAction\":[{\"@type\":\"ReadAction\",\"target\":[\"https:\/\/www.tenerity.com\/de\/losungen\/\"]}]},{\"@type\":\"ImageObject\",\"inLanguage\":\"de-DE\",\"@id\":\"https:\/\/www.tenerity.com\/de\/losungen\/#primaryimage\",\"url\":\"https:\/\/www.tenerity.com\/de\/wp-content\/uploads\/sites\/22\/2023\/05\/Programs-Banner.jpg\",\"contentUrl\":\"https:\/\/www.tenerity.com\/de\/wp-content\/uploads\/sites\/22\/2023\/05\/Programs-Banner.jpg\",\"width\":2009,\"height\":1493,\"caption\":\"Programs\"},{\"@type\":\"BreadcrumbList\",\"@id\":\"https:\/\/www.tenerity.com\/de\/losungen\/#breadcrumb\",\"itemListElement\":[{\"@type\":\"ListItem\",\"position\":1,\"name\":\"Home\",\"item\":\"https:\/\/www.tenerity.com\/de\/\"},{\"@type\":\"ListItem\",\"position\":2,\"name\":\"L\u00f6sungen\"}]},{\"@type\":\"WebSite\",\"@id\":\"https:\/\/www.tenerity.com\/de\/#website\",\"url\":\"https:\/\/www.tenerity.com\/de\/\",\"name\":\"Tenerity\",\"description\":\"Intelligent engagement and loyalty for modern brands\",\"potentialAction\":[{\"@type\":\"SearchAction\",\"target\":{\"@type\":\"EntryPoint\",\"urlTemplate\":\"https:\/\/www.tenerity.com\/de\/?s={search_term_string}\"},\"query-input\":{\"@type\":\"PropertyValueSpecification\",\"valueRequired\":true,\"valueName\":\"search_term_string\"}}],\"inLanguage\":\"de-DE\"}]}<\/script>\n<!-- \/ Yoast SEO plugin. -->","yoast_head_json":{"title":"L\u00f6sungen - Tenerity DE","robots":{"index":"index","follow":"follow","max-snippet":"max-snippet:-1","max-image-preview":"max-image-preview:large","max-video-preview":"max-video-preview:-1"},"canonical":"https:\/\/www.tenerity.com\/de\/losungen\/","og_locale":"de_DE","og_type":"article","og_title":"L\u00f6sungen - Tenerity DE","og_url":"https:\/\/www.tenerity.com\/de\/losungen\/","og_site_name":"Tenerity DE","article_modified_time":"2023-07-21T15:05:35+00:00","og_image":[{"width":2009,"height":1493,"url":"https:\/\/www.tenerity.com\/de\/wp-content\/uploads\/sites\/22\/2023\/05\/Programs-Banner.jpg","type":"image\/jpeg"}],"twitter_card":"summary_large_image","twitter_misc":{"Gesch\u00e4tzte Lesezeit":"1 Minute"},"schema":{"@context":"https:\/\/schema.org","@graph":[{"@type":"WebPage","@id":"https:\/\/www.tenerity.com\/de\/losungen\/","url":"https:\/\/www.tenerity.com\/de\/losungen\/","name":"L\u00f6sungen - Tenerity DE","isPartOf":{"@id":"https:\/\/www.tenerity.com\/de\/#website"},"primaryImageOfPage":{"@id":"https:\/\/www.tenerity.com\/de\/losungen\/#primaryimage"},"image":{"@id":"https:\/\/www.tenerity.com\/de\/losungen\/#primaryimage"},"thumbnailUrl":"https:\/\/www.tenerity.com\/de\/wp-content\/uploads\/sites\/22\/2023\/05\/Programs-Banner.jpg","datePublished":"2022-09-26T16:09:19+00:00","dateModified":"2023-07-21T15:05:35+00:00","breadcrumb":{"@id":"https:\/\/www.tenerity.com\/de\/losungen\/#breadcrumb"},"inLanguage":"de-DE","potentialAction":[{"@type":"ReadAction","target":["https:\/\/www.tenerity.com\/de\/losungen\/"]}]},{"@type":"ImageObject","inLanguage":"de-DE","@id":"https:\/\/www.tenerity.com\/de\/losungen\/#primaryimage","url":"https:\/\/www.tenerity.com\/de\/wp-content\/uploads\/sites\/22\/2023\/05\/Programs-Banner.jpg","contentUrl":"https:\/\/www.tenerity.com\/de\/wp-content\/uploads\/sites\/22\/2023\/05\/Programs-Banner.jpg","width":2009,"height":1493,"caption":"Programs"},{"@type":"BreadcrumbList","@id":"https:\/\/www.tenerity.com\/de\/losungen\/#breadcrumb","itemListElement":[{"@type":"ListItem","position":1,"name":"Home","item":"https:\/\/www.tenerity.com\/de\/"},{"@type":"ListItem","position":2,"name":"L\u00f6sungen"}]},{"@type":"WebSite","@id":"https:\/\/www.tenerity.com\/de\/#website","url":"https:\/\/www.tenerity.com\/de\/","name":"Tenerity","description":"Intelligent engagement and loyalty for modern brands","potentialAction":[{"@type":"SearchAction","target":{"@type":"EntryPoint","urlTemplate":"https:\/\/www.tenerity.com\/de\/?s={search_term_string}"},"query-input":{"@type":"PropertyValueSpecification","valueRequired":true,"valueName":"search_term_string"}}],"inLanguage":"de-DE"}]}},"_links":{"self":[{"href":"https:\/\/www.tenerity.com\/de\/wp-json\/wp\/v2\/pages\/139","targetHints":{"allow":["GET"]}}],"collection":[{"href":"https:\/\/www.tenerity.com\/de\/wp-json\/wp\/v2\/pages"}],"about":[{"href":"https:\/\/www.tenerity.com\/de\/wp-json\/wp\/v2\/types\/page"}],"author":[{"embeddable":true,"href":"https:\/\/www.tenerity.com\/de\/wp-json\/wp\/v2\/users\/1"}],"replies":[{"embeddable":true,"href":"https:\/\/www.tenerity.com\/de\/wp-json\/wp\/v2\/comments?post=139"}],"version-history":[{"count":0,"href":"https:\/\/www.tenerity.com\/de\/wp-json\/wp\/v2\/pages\/139\/revisions"}],"wp:featuredmedia":[{"embeddable":true,"href":"https:\/\/www.tenerity.com\/de\/wp-json\/wp\/v2\/media\/1209"}],"wp:attachment":[{"href":"https:\/\/www.tenerity.com\/de\/wp-json\/wp\/v2\/media?parent=139"}],"curies":[{"name":"wp","href":"https:\/\/api.w.org\/{rel}","templated":true}]}}