{"id":1118,"date":"2022-12-01T22:30:16","date_gmt":"2022-12-01T22:30:16","guid":{"rendered":"https:\/\/www.tenerity.com\/de\/?page_id=1118"},"modified":"2023-07-17T14:47:10","modified_gmt":"2023-07-17T14:47:10","slug":"standorte","status":"publish","type":"page","link":"https:\/\/www.tenerity.com\/de\/standorte\/","title":{"rendered":"Standorte"},"content":{"rendered":"<section class=\"l-section wpb_row us_custom_8dd55fd6 overflowHidden height_huge color_primary with_img with_shape\"><div class=\"l-section-img\" role=\"img\" aria-label=\"Contact Us\" data-img-width=\"1436\" data-img-height=\"574\" style=\"background-image: url(https:\/\/www.tenerity.com\/de\/wp-content\/uploads\/sites\/22\/2022\/10\/hero___contact-us.jpg);background-repeat: no-repeat;\"><\/div><div class=\"l-section-overlay\" style=\"background:rgba(26,26,26,0.25)\"><\/div><div class=\"l-section-shape type_tilt pos_bottom hor_flip\" style=\"height:15vmin;\"><svg xmlns=\"http:\/\/www.w3.org\/2000\/svg\" viewBox=\"0 0 64 8\" preserveAspectRatio=\"none\" width=\"100%\" height=\"100%\">\r\n\t<path fill=\"currentColor\" d=\"M64 7.9 L64 10 L0 10 L0 0 Z\"\/>\r\n<\/svg><\/div><div class=\"l-section-h i-cf\"><div class=\"g-cols vc_row via_flex valign_middle type_default stacking_default\"><div class=\"vc_col-sm-6 wpb_column vc_column_container\"><div class=\"vc_column-inner\"><div class=\"wpb_wrapper\"><div class=\"wpb_text_column\"><div class=\"wpb_wrapper\"><h1>Unsere Standorte weltweit<\/h1>\n<\/div><\/div><\/div><\/div><\/div><div class=\"vc_col-sm-6 wpb_column vc_column_container\"><div class=\"vc_column-inner\"><div class=\"wpb_wrapper\"><\/div><\/div><\/div><\/div><\/div><\/section><section class=\"l-section wpb_row last-row height_medium\"><div class=\"l-section-h i-cf\"><div class=\"g-cols vc_row via_flex valign_top type_default stacking_default\"><div class=\"vc_col-sm-12 wpb_column vc_column_container\"><div class=\"vc_column-inner\"><div class=\"wpb_wrapper\"><div class=\"w-tabs style_default switch_click accordion has_scrolling remove_indents\" style=\"--sections-title-size:1.5rem\"><div class=\"w-tabs-sections titles-align_none icon_chevron cpos_right\"><div class=\"w-tabs-section\" id=\"z2e9\"><button class=\"w-tabs-section-header\" aria-controls=\"content-z2e9\" aria-expanded=\"false\"><h3 class=\"w-tabs-section-title\">Amerika<\/h3><div class=\"w-tabs-section-control\"><\/div><\/button><div  class=\"w-tabs-section-content\" id=\"content-z2e9\"><div class=\"w-tabs-section-content-h i-cf\"><section class=\"l-section wpb_row locations___block height_medium\"><div class=\"l-section-h i-cf\"><div class=\"g-cols vc_row via_flex valign_top type_default stacking_default\"><div class=\"vc_col-sm-4 wpb_column vc_column_container locations___card\"><div class=\"vc_column-inner\"><div class=\"wpb_wrapper\"><div class=\"wpb_text_column\"><div class=\"wpb_wrapper\"><h3>USA<\/h3>\n<\/div><\/div><div class=\"wpb_text_column\"><div class=\"wpb_wrapper\"><p><strong>Stamford<\/strong><br \/>\n6 High Ridge Park<br \/>\nStamford, CT 06905<\/p>\n<\/div><\/div><\/div><\/div><\/div><div class=\"vc_col-sm-4 wpb_column vc_column_container locations___card\"><div class=\"vc_column-inner\"><div class=\"wpb_wrapper\"><div class=\"wpb_text_column\"><div class=\"wpb_wrapper\"><h3>USA<\/h3>\n<\/div><\/div><div class=\"wpb_text_column\"><div class=\"wpb_wrapper\"><p><strong>Columbus<\/strong><br \/>\n2600 Corporate Exchange Drive,<br \/>\nFloor 2, Suite 250,<br \/>\nColumbus, OH 43231<\/p>\n<\/div><\/div><\/div><\/div><\/div><div class=\"vc_col-sm-4 wpb_column vc_column_container locations___card\"><div class=\"vc_column-inner\"><div class=\"wpb_wrapper\"><div class=\"wpb_text_column\"><div class=\"wpb_wrapper\"><h3>Brasilien<\/h3>\n<\/div><\/div><div class=\"wpb_text_column\"><div class=\"wpb_wrapper\"><p><strong>S\u00e3o Paulo<\/strong><br \/>\nAv. Juscelino Kubitschek, 1327 &#8211; 4\u00baand \/ cj.41 \/ cv1003<\/p>\n<p>S\u00e3o Paulo, Brasil &#8211; 04543.011<\/p>\n<\/div><\/div><\/div><\/div><\/div><\/div><\/div><\/section>\n<\/div><\/div><\/div><div class=\"w-tabs-section\" id=\"h4dd\"><button class=\"w-tabs-section-header\" aria-controls=\"content-h4dd\" aria-expanded=\"false\"><h3 class=\"w-tabs-section-title\">Europa<\/h3><div class=\"w-tabs-section-control\"><\/div><\/button><div  class=\"w-tabs-section-content\" id=\"content-h4dd\"><div class=\"w-tabs-section-content-h i-cf\"><section class=\"l-section wpb_row locations___block height_medium\"><div class=\"l-section-h i-cf\"><div class=\"g-cols vc_row via_flex valign_top type_default stacking_default\"><div class=\"vc_col-sm-4 wpb_column vc_column_container locations___card\"><div class=\"vc_column-inner\"><div class=\"wpb_wrapper\"><div class=\"wpb_text_column\"><div class=\"wpb_wrapper\"><h3>UK<\/h3>\n<\/div><\/div><div class=\"wpb_text_column\"><div class=\"wpb_wrapper\"><p><strong>Slough<br \/>\n<\/strong>50 Windsor Road<br \/>\nSlough SL1 2EJ<\/p>\n<\/div><\/div><\/div><\/div><\/div><div class=\"vc_col-sm-4 wpb_column vc_column_container locations___card\"><div class=\"vc_column-inner\"><div class=\"wpb_wrapper\"><div class=\"wpb_text_column\"><div class=\"wpb_wrapper\"><h3>UK<\/h3>\n<\/div><\/div><div class=\"wpb_text_column\"><div class=\"wpb_wrapper\"><p><strong>London<\/strong><br \/>\n6 Ramillies St, Soho,<br \/>\nLondon, W1F7TY<\/p>\n<\/div><\/div><\/div><\/div><\/div><div class=\"vc_col-sm-4 wpb_column vc_column_container locations___card\"><div class=\"vc_column-inner\"><div class=\"wpb_wrapper\"><div class=\"wpb_text_column\"><div class=\"wpb_wrapper\"><h3>UK<\/h3>\n<\/div><\/div><div class=\"wpb_text_column\"><div class=\"wpb_wrapper\"><p><strong>Portsmouth<\/strong><br \/>\nAirspeed Road Portsmouth,<br \/>\nHampshire, PO3 5RF<\/p>\n<\/div><\/div><\/div><\/div><\/div><div class=\"vc_col-sm-4 wpb_column vc_column_container locations___card\"><div class=\"vc_column-inner\"><div class=\"wpb_wrapper\"><div class=\"wpb_text_column\"><div class=\"wpb_wrapper\"><h3>UK<\/h3>\n<\/div><\/div><div class=\"wpb_text_column\"><div class=\"wpb_wrapper\"><p><strong>Kettering<\/strong><br \/>\nHaylock House, Kettering Parkway,<br \/>\nKettering,<br \/>\nNorthamptonshire\u00a0, NN15 6EY<\/p>\n<\/div><\/div><\/div><\/div><\/div><div class=\"vc_col-sm-4 wpb_column vc_column_container locations___card\"><div class=\"vc_column-inner\"><div class=\"wpb_wrapper\"><div class=\"wpb_text_column\"><div class=\"wpb_wrapper\"><h3>T\u00fcrkei<\/h3>\n<\/div><\/div><div class=\"wpb_text_column\"><div class=\"wpb_wrapper\"><p><strong>Istanbul<\/strong><br \/>\nMaslak Mah B\u00fcy\u00fckdere Cad,<br \/>\nNoramin \u0130\u015f Merkezi Sitesi o: 237 \u0130\u00e7 Kap\u0131 No:8,<br \/>\n34485 Sar\u0131yer<\/p>\n<\/div><\/div><\/div><\/div><\/div><div class=\"vc_col-sm-4 wpb_column vc_column_container locations___card\"><div class=\"vc_column-inner\"><div class=\"wpb_wrapper\"><div class=\"wpb_text_column\"><div class=\"wpb_wrapper\"><h3>Schweiz<\/h3>\n<\/div><\/div><div class=\"wpb_text_column\"><div class=\"wpb_wrapper\"><p><strong>Nyon<\/strong><br \/>\nAvenue Reverdil 8<br \/>\nCH-1260 Nyon<\/p>\n<\/div><\/div><\/div><\/div><\/div><div class=\"vc_col-sm-4 wpb_column vc_column_container locations___card\"><div class=\"vc_column-inner\"><div class=\"wpb_wrapper\"><div class=\"wpb_text_column\"><div class=\"wpb_wrapper\"><h3>Schweden<\/h3>\n<\/div><\/div><div class=\"wpb_text_column\"><div class=\"wpb_wrapper\"><p><strong>Stockholm<\/strong><br \/>\nBirger\u00a0Jarlsgatan\u00a058,<br \/>\n114 29 Stockholm<\/p>\n<\/div><\/div><\/div><\/div><\/div><div class=\"vc_col-sm-4 wpb_column vc_column_container locations___card\"><div class=\"vc_column-inner\"><div class=\"wpb_wrapper\"><div class=\"wpb_text_column\"><div class=\"wpb_wrapper\"><h3>Spanien<\/h3>\n<\/div><\/div><div class=\"wpb_text_column\"><div class=\"wpb_wrapper\"><p><strong>Madrid<\/strong><br \/>\nParque Empresarial\u00a0Alvento,<br \/>\nCalle Via de los\u00a0Poblados\u00a01,<br \/>\n28033 Madrid<\/p>\n<\/div><\/div><\/div><\/div><\/div><div class=\"vc_col-sm-4 wpb_column vc_column_container locations___card\"><div class=\"vc_column-inner\"><div class=\"wpb_wrapper\"><div class=\"wpb_text_column\"><div class=\"wpb_wrapper\"><h3>Norwegen<\/h3>\n<\/div><\/div><div class=\"wpb_text_column\"><div class=\"wpb_wrapper\"><p><strong>Sandvika<\/strong><br \/>\nKj\u00f8rbokollen\u00a030,<br \/>\n1337\u00a0Sandvika<\/p>\n<\/div><\/div><\/div><\/div><\/div><div class=\"vc_col-sm-4 wpb_column vc_column_container locations___card\"><div class=\"vc_column-inner\"><div class=\"wpb_wrapper\"><div class=\"wpb_text_column\"><div class=\"wpb_wrapper\"><h3>Niederlande<\/h3>\n<\/div><\/div><div class=\"wpb_text_column\"><div class=\"wpb_wrapper\"><p><strong>Amsterdam<\/strong><br \/>\nParktoren Nieuwe Stationstraat 20,<br \/>\nFloor 13\/14<sup>th<\/sup>,<br \/>\nArnhem, 6811 KS<\/p>\n<\/div><\/div><\/div><\/div><\/div><div class=\"vc_col-sm-4 wpb_column vc_column_container locations___card\"><div class=\"vc_column-inner\"><div class=\"wpb_wrapper\"><div class=\"wpb_text_column\"><div class=\"wpb_wrapper\"><h3>Deutschland<\/h3>\n<\/div><\/div><div class=\"wpb_text_column\"><div class=\"wpb_wrapper\"><p><strong>Hamburg<\/strong><br \/>\nBarnerstra\u00dfe 14c,<br \/>\nottensenOPEN<br \/>\n22765 Hamburg<\/p>\n<\/div><\/div><\/div><\/div><\/div><div class=\"vc_col-sm-4 wpb_column vc_column_container locations___card\"><div class=\"vc_column-inner\"><div class=\"wpb_wrapper\"><div class=\"wpb_text_column\"><div class=\"wpb_wrapper\"><h3>Frankreich<\/h3>\n<\/div><\/div><div class=\"wpb_text_column\"><div class=\"wpb_wrapper\"><p><strong>Paris<\/strong><br \/>\n17 \u2013 21 rue Saint-Fiacre,<br \/>\n75002 Paris,<br \/>\nFrance<\/p>\n<\/div><\/div><\/div><\/div><\/div><div class=\"vc_col-sm-4 wpb_column vc_column_container locations___card\"><div class=\"vc_column-inner\"><div class=\"wpb_wrapper\"><div class=\"wpb_text_column\"><div class=\"wpb_wrapper\"><h3>Finnland<\/h3>\n<\/div><\/div><div class=\"wpb_text_column\"><div class=\"wpb_wrapper\"><p><strong>Helsinki<\/strong><br \/>\nEtel\u00e4 Esplanadi 24 A 00130 Helsinki<\/p>\n<\/div><\/div><\/div><\/div><\/div><div class=\"vc_col-sm-4 wpb_column vc_column_container locations___card\"><div class=\"vc_column-inner\"><div class=\"wpb_wrapper\"><div class=\"wpb_text_column\"><div class=\"wpb_wrapper\"><h3>D\u00e4nemark<\/h3>\n<\/div><\/div><div class=\"wpb_text_column\"><div class=\"wpb_wrapper\"><p><strong>Kopenhagen<\/strong><br \/>\nRegus Business Center NORD<br \/>\nLyngbyvej 20,<br \/>\n2100 Copenhagen<\/p>\n<\/div><\/div><\/div><\/div><\/div><\/div><\/div><\/section>\n<\/div><\/div><\/div><div class=\"w-tabs-section\" id=\"icee\"><button class=\"w-tabs-section-header\" aria-controls=\"content-icee\" aria-expanded=\"false\"><h3 class=\"w-tabs-section-title\">Asien<\/h3><div class=\"w-tabs-section-control\"><\/div><\/button><div  class=\"w-tabs-section-content\" id=\"content-icee\"><div class=\"w-tabs-section-content-h i-cf\"><section class=\"l-section wpb_row locations___block height_medium\"><div class=\"l-section-h i-cf\"><div class=\"g-cols vc_row via_flex valign_top type_default stacking_default\"><div class=\"vc_col-sm-4 wpb_column vc_column_container locations___card\"><div class=\"vc_column-inner\"><div class=\"wpb_wrapper\"><div class=\"wpb_text_column\"><div class=\"wpb_wrapper\"><h3>Philippinen<\/h3>\n<\/div><\/div><div class=\"wpb_text_column\"><div class=\"wpb_wrapper\"><p><strong>Taguig<\/strong><br \/>\nNet Square Building,<br \/>\n3rd Ave &amp; 28th St Bonifacio City,<br \/>\nTaguig, Metro Manila <\/p>\n<\/div><\/div><\/div><\/div><\/div><div class=\"vc_col-sm-4 wpb_column vc_column_container locations___card\"><div class=\"vc_column-inner\"><div class=\"wpb_wrapper\"><div class=\"wpb_text_column\"><div class=\"wpb_wrapper\"><h3>Philippinen<\/h3>\n<\/div><\/div><div class=\"wpb_text_column\"><div class=\"wpb_wrapper\"><p><strong>Taguig<\/strong><br \/>\nThe W Fifth Avenue,<br \/>\n5th Avenue Taguig,<br \/>\nMetro Manila Floor<\/p>\n<\/div><\/div><\/div><\/div><\/div><div class=\"vc_col-sm-4 wpb_column vc_column_container locations___card\"><div class=\"vc_column-inner\"><div class=\"wpb_wrapper\"><div class=\"wpb_text_column\"><div class=\"wpb_wrapper\"><h3>Indien<\/h3>\n<\/div><\/div><div class=\"wpb_text_column\"><div class=\"wpb_wrapper\"><div>\n<div><strong>Pune<\/strong><\/div>\n<div>Tenerity India Private Limited (formerly Tavisca Solutions Private Limited),<\/div>\n<div>Level 5- Marisoft Wing C,<\/div>\n<div>Kalyani Nagar Vadgaon Sheri Rd,<\/div>\n<div>Marigold complex,<\/div>\n<div>Pune MH 411014 IN<\/div>\n<\/div>\n<\/div><\/div><\/div><\/div><\/div><\/div><\/div><\/section>\n<\/div><\/div><\/div><\/div><\/div><\/div><\/div><\/div><\/div><\/div><\/section>\n","protected":false},"excerpt":{"rendered":"Unsere Standorte weltweit AmerikaUSA Stamford 6 High Ridge Park Stamford, CT 06905 USA Columbus 2600 Corporate Exchange Drive, Floor 2, Suite 250, Columbus, OH 43231 Brasilien S\u00e3o Paulo Av. Juscelino Kubitschek, 1327 &#8211; 4\u00baand \/ cj.41 \/ cv1003 S\u00e3o Paulo, Brasil &#8211; 04543.011 EuropaUK Slough 50 Windsor Road Slough SL1 2EJ UK London 6 Ramillies...","protected":false},"author":3,"featured_media":916,"parent":0,"menu_order":9,"comment_status":"closed","ping_status":"closed","template":"","meta":{"footnotes":""},"class_list":["post-1118","page","type-page","status-publish","has-post-thumbnail","hentry"],"yoast_head":"<!-- This site is optimized with the Yoast SEO plugin v27.1.1 - https:\/\/yoast.com\/product\/yoast-seo-wordpress\/ -->\n<title>Standorte - Tenerity DE<\/title>\n<meta name=\"robots\" content=\"index, follow, max-snippet:-1, max-image-preview:large, max-video-preview:-1\" \/>\n<link rel=\"canonical\" href=\"https:\/\/www.tenerity.com\/de\/standorte\/\" \/>\n<meta property=\"og:locale\" content=\"de_DE\" \/>\n<meta property=\"og:type\" content=\"article\" \/>\n<meta property=\"og:title\" content=\"Standorte - Tenerity DE\" \/>\n<meta property=\"og:url\" content=\"https:\/\/www.tenerity.com\/de\/standorte\/\" \/>\n<meta property=\"og:site_name\" content=\"Tenerity DE\" \/>\n<meta property=\"article:modified_time\" content=\"2023-07-17T14:47:10+00:00\" \/>\n<meta property=\"og:image\" content=\"https:\/\/www.tenerity.com\/de\/wp-content\/uploads\/sites\/22\/2022\/10\/hero___contact-us.jpg\" \/>\n\t<meta property=\"og:image:width\" content=\"1436\" \/>\n\t<meta property=\"og:image:height\" content=\"574\" \/>\n\t<meta property=\"og:image:type\" content=\"image\/jpeg\" \/>\n<meta name=\"twitter:card\" content=\"summary_large_image\" \/>\n<meta name=\"twitter:label1\" content=\"Gesch\u00e4tzte Lesezeit\" \/>\n\t<meta name=\"twitter:data1\" content=\"1 Minute\" \/>\n<script type=\"application\/ld+json\" class=\"yoast-schema-graph\">{\"@context\":\"https:\/\/schema.org\",\"@graph\":[{\"@type\":\"WebPage\",\"@id\":\"https:\/\/www.tenerity.com\/de\/standorte\/\",\"url\":\"https:\/\/www.tenerity.com\/de\/standorte\/\",\"name\":\"Standorte - Tenerity DE\",\"isPartOf\":{\"@id\":\"https:\/\/www.tenerity.com\/de\/#website\"},\"primaryImageOfPage\":{\"@id\":\"https:\/\/www.tenerity.com\/de\/standorte\/#primaryimage\"},\"image\":{\"@id\":\"https:\/\/www.tenerity.com\/de\/standorte\/#primaryimage\"},\"thumbnailUrl\":\"https:\/\/www.tenerity.com\/de\/wp-content\/uploads\/sites\/22\/2022\/10\/hero___contact-us.jpg\",\"datePublished\":\"2022-12-01T22:30:16+00:00\",\"dateModified\":\"2023-07-17T14:47:10+00:00\",\"breadcrumb\":{\"@id\":\"https:\/\/www.tenerity.com\/de\/standorte\/#breadcrumb\"},\"inLanguage\":\"de-DE\",\"potentialAction\":[{\"@type\":\"ReadAction\",\"target\":[\"https:\/\/www.tenerity.com\/de\/standorte\/\"]}]},{\"@type\":\"ImageObject\",\"inLanguage\":\"de-DE\",\"@id\":\"https:\/\/www.tenerity.com\/de\/standorte\/#primaryimage\",\"url\":\"https:\/\/www.tenerity.com\/de\/wp-content\/uploads\/sites\/22\/2022\/10\/hero___contact-us.jpg\",\"contentUrl\":\"https:\/\/www.tenerity.com\/de\/wp-content\/uploads\/sites\/22\/2022\/10\/hero___contact-us.jpg\",\"width\":1436,\"height\":574,\"caption\":\"Contact Us\"},{\"@type\":\"BreadcrumbList\",\"@id\":\"https:\/\/www.tenerity.com\/de\/standorte\/#breadcrumb\",\"itemListElement\":[{\"@type\":\"ListItem\",\"position\":1,\"name\":\"Home\",\"item\":\"https:\/\/www.tenerity.com\/de\/\"},{\"@type\":\"ListItem\",\"position\":2,\"name\":\"Standorte\"}]},{\"@type\":\"WebSite\",\"@id\":\"https:\/\/www.tenerity.com\/de\/#website\",\"url\":\"https:\/\/www.tenerity.com\/de\/\",\"name\":\"Tenerity\",\"description\":\"Intelligent engagement and loyalty for modern brands\",\"potentialAction\":[{\"@type\":\"SearchAction\",\"target\":{\"@type\":\"EntryPoint\",\"urlTemplate\":\"https:\/\/www.tenerity.com\/de\/?s={search_term_string}\"},\"query-input\":{\"@type\":\"PropertyValueSpecification\",\"valueRequired\":true,\"valueName\":\"search_term_string\"}}],\"inLanguage\":\"de-DE\"}]}<\/script>\n<!-- \/ Yoast SEO plugin. -->","yoast_head_json":{"title":"Standorte - Tenerity DE","robots":{"index":"index","follow":"follow","max-snippet":"max-snippet:-1","max-image-preview":"max-image-preview:large","max-video-preview":"max-video-preview:-1"},"canonical":"https:\/\/www.tenerity.com\/de\/standorte\/","og_locale":"de_DE","og_type":"article","og_title":"Standorte - Tenerity DE","og_url":"https:\/\/www.tenerity.com\/de\/standorte\/","og_site_name":"Tenerity DE","article_modified_time":"2023-07-17T14:47:10+00:00","og_image":[{"width":1436,"height":574,"url":"https:\/\/www.tenerity.com\/de\/wp-content\/uploads\/sites\/22\/2022\/10\/hero___contact-us.jpg","type":"image\/jpeg"}],"twitter_card":"summary_large_image","twitter_misc":{"Gesch\u00e4tzte Lesezeit":"1 Minute"},"schema":{"@context":"https:\/\/schema.org","@graph":[{"@type":"WebPage","@id":"https:\/\/www.tenerity.com\/de\/standorte\/","url":"https:\/\/www.tenerity.com\/de\/standorte\/","name":"Standorte - Tenerity DE","isPartOf":{"@id":"https:\/\/www.tenerity.com\/de\/#website"},"primaryImageOfPage":{"@id":"https:\/\/www.tenerity.com\/de\/standorte\/#primaryimage"},"image":{"@id":"https:\/\/www.tenerity.com\/de\/standorte\/#primaryimage"},"thumbnailUrl":"https:\/\/www.tenerity.com\/de\/wp-content\/uploads\/sites\/22\/2022\/10\/hero___contact-us.jpg","datePublished":"2022-12-01T22:30:16+00:00","dateModified":"2023-07-17T14:47:10+00:00","breadcrumb":{"@id":"https:\/\/www.tenerity.com\/de\/standorte\/#breadcrumb"},"inLanguage":"de-DE","potentialAction":[{"@type":"ReadAction","target":["https:\/\/www.tenerity.com\/de\/standorte\/"]}]},{"@type":"ImageObject","inLanguage":"de-DE","@id":"https:\/\/www.tenerity.com\/de\/standorte\/#primaryimage","url":"https:\/\/www.tenerity.com\/de\/wp-content\/uploads\/sites\/22\/2022\/10\/hero___contact-us.jpg","contentUrl":"https:\/\/www.tenerity.com\/de\/wp-content\/uploads\/sites\/22\/2022\/10\/hero___contact-us.jpg","width":1436,"height":574,"caption":"Contact Us"},{"@type":"BreadcrumbList","@id":"https:\/\/www.tenerity.com\/de\/standorte\/#breadcrumb","itemListElement":[{"@type":"ListItem","position":1,"name":"Home","item":"https:\/\/www.tenerity.com\/de\/"},{"@type":"ListItem","position":2,"name":"Standorte"}]},{"@type":"WebSite","@id":"https:\/\/www.tenerity.com\/de\/#website","url":"https:\/\/www.tenerity.com\/de\/","name":"Tenerity","description":"Intelligent engagement and loyalty for modern brands","potentialAction":[{"@type":"SearchAction","target":{"@type":"EntryPoint","urlTemplate":"https:\/\/www.tenerity.com\/de\/?s={search_term_string}"},"query-input":{"@type":"PropertyValueSpecification","valueRequired":true,"valueName":"search_term_string"}}],"inLanguage":"de-DE"}]}},"_links":{"self":[{"href":"https:\/\/www.tenerity.com\/de\/wp-json\/wp\/v2\/pages\/1118","targetHints":{"allow":["GET"]}}],"collection":[{"href":"https:\/\/www.tenerity.com\/de\/wp-json\/wp\/v2\/pages"}],"about":[{"href":"https:\/\/www.tenerity.com\/de\/wp-json\/wp\/v2\/types\/page"}],"author":[{"embeddable":true,"href":"https:\/\/www.tenerity.com\/de\/wp-json\/wp\/v2\/users\/3"}],"replies":[{"embeddable":true,"href":"https:\/\/www.tenerity.com\/de\/wp-json\/wp\/v2\/comments?post=1118"}],"version-history":[{"count":0,"href":"https:\/\/www.tenerity.com\/de\/wp-json\/wp\/v2\/pages\/1118\/revisions"}],"wp:featuredmedia":[{"embeddable":true,"href":"https:\/\/www.tenerity.com\/de\/wp-json\/wp\/v2\/media\/916"}],"wp:attachment":[{"href":"https:\/\/www.tenerity.com\/de\/wp-json\/wp\/v2\/media?parent=1118"}],"curies":[{"name":"wp","href":"https:\/\/api.w.org\/{rel}","templated":true}]}}