{"id":1071,"date":"2022-11-08T14:10:16","date_gmt":"2022-11-08T14:10:16","guid":{"rendered":"https:\/\/www.tenerity.com\/de\/?page_id=1071"},"modified":"2023-03-23T15:34:23","modified_gmt":"2023-03-23T15:34:23","slug":"sitemap","status":"publish","type":"page","link":"https:\/\/www.tenerity.com\/de\/sitemap\/","title":{"rendered":"Sitemap"},"content":{"rendered":"<section class=\"l-section wpb_row us_custom_63ca62b5 height_large color_secondary parallax_ver with_shape\"><div class=\"l-section-shape type_tilt pos_bottom hor_flip\" style=\"height:10vh;color:#ffffff\"><svg xmlns=\"http:\/\/www.w3.org\/2000\/svg\" viewBox=\"0 0 64 8\" preserveAspectRatio=\"none\" width=\"100%\" height=\"100%\">\r\n\t<path fill=\"currentColor\" d=\"M64 7.9 L64 10 L0 10 L0 0 Z\"\/>\r\n<\/svg><\/div><div class=\"l-section-h i-cf\"><div class=\"g-cols vc_row via_flex valign_middle type_default stacking_default\"><div class=\"vc_col-sm-6 wpb_column vc_column_container\"><div class=\"vc_column-inner\"><div class=\"wpb_wrapper\"><div class=\"wpb_text_column us_custom_4b9db530 us_animate_this\"><div class=\"wpb_wrapper\"><h1 style=\"text-align: left;\">Sitemap<\/h1>\n<\/div><\/div><\/div><\/div><\/div><div class=\"vc_col-sm-6 wpb_column vc_column_container\"><div class=\"vc_column-inner\"><div class=\"wpb_wrapper\"><\/div><\/div><\/div><\/div><\/div><\/section><section class=\"l-section wpb_row last-row height_medium\" id=\"sitemap\"><div class=\"l-section-h i-cf\"><div class=\"g-cols vc_row via_flex valign_top type_default stacking_default\"><div class=\"vc_col-sm-6 wpb_column vc_column_container\"><div class=\"vc_column-inner\"><div class=\"wpb_wrapper\"><div class=\"wpb_text_column us_custom_70facfb4\"><div class=\"wpb_wrapper\"><h3>SITE<\/h3>\n<\/div><\/div><nav class=\"w-menu layout_ver style_links us_menu_1 with_children\" style=\"--main-gap:1.6rem;--main-ver-indent:0.8em;--main-hor-indent:0.8em;--main-color:var(--color-content-link);--sub-gap:0.8rem;\"><ul id=\"menu-default\" class=\"menu\"><li id=\"menu-item-857\" class=\"menu-item menu-item-type-post_type menu-item-object-page menu-item-has-children menu-item-857\"><a href=\"https:\/\/www.tenerity.com\/de\/losungen\/\">L\u00f6sungen<\/a><ul class=\"sub-menu\"><li id=\"menu-item-699\" class=\"menu-item menu-item-type-custom menu-item-object-custom menu-item-has-children menu-item-699\"><a href=\"#\">Protect<\/a><ul class=\"sub-menu\"><li id=\"menu-item-859\" class=\"menu-item menu-item-type-post_type menu-item-object-page menu-item-859\"><a href=\"https:\/\/www.tenerity.com\/de\/losungen\/cyber-und-identitatsschutz\/\">Cyber- und Identit\u00e4tsschutz<\/a><\/li><\/ul><\/li><\/ul><\/li><li id=\"menu-item-1206\" class=\"menu-item menu-item-type-post_type menu-item-object-page menu-item-has-children menu-item-1206\"><a href=\"https:\/\/www.tenerity.com\/de\/fallstudien\/\">Fallstudien<\/a><ul class=\"sub-menu\"><li id=\"menu-item-1241\" class=\"menu-item menu-item-type-post_type menu-item-object-page menu-item-1241\"><a href=\"https:\/\/www.tenerity.com\/de\/fallstudien\/wowcher\/\">Wowcher<\/a><\/li><li id=\"menu-item-1242\" class=\"menu-item menu-item-type-post_type menu-item-object-page menu-item-1242\"><a href=\"https:\/\/www.tenerity.com\/de\/fallstudien\/national-express\/\">National Express<\/a><\/li><li id=\"menu-item-1207\" class=\"menu-item menu-item-type-post_type menu-item-object-page menu-item-1207\"><a href=\"https:\/\/www.tenerity.com\/de\/fallstudien\/finanzinstitut-usa\/\">Finanzinstitut (USA)<\/a><\/li><li id=\"menu-item-1243\" class=\"menu-item menu-item-type-post_type menu-item-object-page menu-item-1243\"><a href=\"https:\/\/www.tenerity.com\/de\/fallstudien\/funky-pigeon\/\">Funky Pigeon<\/a><\/li><\/ul><\/li><li id=\"menu-item-852\" class=\"menu-item menu-item-type-post_type menu-item-object-page menu-item-has-children menu-item-852\"><a href=\"https:\/\/www.tenerity.com\/de\/uber-uns\/\">\u00dcber uns<\/a><ul class=\"sub-menu\"><li id=\"menu-item-892\" class=\"menu-item menu-item-type-post_type menu-item-object-page menu-item-892\"><a href=\"https:\/\/www.tenerity.com\/de\/uber-uns\/management\/\">Management<\/a><\/li><\/ul><\/li><li id=\"menu-item-856\" class=\"menu-item menu-item-type-post_type menu-item-object-page menu-item-856\"><a href=\"https:\/\/www.tenerity.com\/de\/karriere\/\">Karriere<\/a><\/li><\/ul><style>@media ( max-width:600px ){.us_menu_1 .menu{display:block!important}.us_menu_1 .menu>li{margin:0 0 var(--main-gap,1.6rem)!important}}<\/style><\/nav><\/div><\/div><\/div><div class=\"vc_col-sm-6 wpb_column vc_column_container\"><div class=\"vc_column-inner\"><div class=\"wpb_wrapper\"><div class=\"wpb_text_column us_custom_70facfb4\"><div class=\"wpb_wrapper\"><h3>COMPANY, PRIVACY &amp; LEGAL<\/h3>\n<\/div><\/div><nav class=\"w-menu layout_ver style_links us_menu_2 with_children\" style=\"--main-gap:1rem;--main-ver-indent:0.8em;--main-hor-indent:0.8em;--main-color:var(--color-content-link);--sub-gap:1rem;\"><ul id=\"menu-company-privacy-legal\" class=\"menu\"><li id=\"menu-item-1152\" class=\"menu-item menu-item-type-post_type menu-item-object-page menu-item-1152\"><a href=\"https:\/\/www.tenerity.com\/de\/kontakt\/\">Kontakt<\/a><\/li><li id=\"menu-item-860\" class=\"menu-item menu-item-type-post_type menu-item-object-page menu-item-860\"><a href=\"https:\/\/www.tenerity.com\/de\/karriere\/\">Karriere<\/a><\/li><li id=\"menu-item-1144\" class=\"menu-item menu-item-type-post_type menu-item-object-page menu-item-1144\"><a href=\"https:\/\/www.tenerity.com\/de\/datenschutzerklarung\/\">Datenschutzerkl\u00e4rung<\/a><\/li><li id=\"menu-item-887\" class=\"menu-item menu-item-type-post_type menu-item-object-page menu-item-887\"><a href=\"https:\/\/www.tenerity.com\/de\/impressum\/\">Impressum<\/a><\/li><\/ul><style>@media ( max-width:600px ){.us_menu_2 .menu{display:block!important}.us_menu_2 .menu>li{margin:0 0 var(--main-gap,1rem)!important}}<\/style><\/nav><\/div><\/div><\/div><\/div><\/div><\/section>\n","protected":false},"excerpt":{"rendered":"Sitemap SITE L\u00f6sungenProtectCyber- und Identit\u00e4tsschutzFallstudienWowcherNational ExpressFinanzinstitut (USA)Funky Pigeon\u00dcber unsManagementKarriereCOMPANY, PRIVACY &amp; LEGAL KontaktKarriereDatenschutzerkl\u00e4rungImpressum","protected":false},"author":3,"featured_media":0,"parent":0,"menu_order":150,"comment_status":"closed","ping_status":"closed","template":"","meta":{"footnotes":""},"class_list":["post-1071","page","type-page","status-publish","hentry"],"yoast_head":"<!-- This site is optimized with the Yoast SEO plugin v27.1.1 - https:\/\/yoast.com\/product\/yoast-seo-wordpress\/ -->\n<title>Sitemap - Tenerity DE<\/title>\n<meta name=\"robots\" content=\"index, follow, max-snippet:-1, max-image-preview:large, max-video-preview:-1\" \/>\n<link rel=\"canonical\" href=\"https:\/\/www.tenerity.com\/de\/sitemap\/\" \/>\n<meta property=\"og:locale\" content=\"de_DE\" \/>\n<meta property=\"og:type\" content=\"article\" \/>\n<meta property=\"og:title\" content=\"Sitemap - Tenerity DE\" \/>\n<meta property=\"og:url\" content=\"https:\/\/www.tenerity.com\/de\/sitemap\/\" \/>\n<meta property=\"og:site_name\" content=\"Tenerity DE\" \/>\n<meta property=\"article:modified_time\" content=\"2023-03-23T15:34:23+00:00\" \/>\n<meta property=\"og:image\" content=\"https:\/\/www.tenerity.com\/de\/wp-content\/uploads\/sites\/22\/2022\/09\/logo-black___tenerity.png\" \/>\n\t<meta property=\"og:image:width\" content=\"566\" \/>\n\t<meta property=\"og:image:height\" content=\"122\" \/>\n\t<meta property=\"og:image:type\" content=\"image\/png\" \/>\n<meta name=\"twitter:card\" content=\"summary_large_image\" \/>\n<meta name=\"twitter:label1\" content=\"Gesch\u00e4tzte Lesezeit\" \/>\n\t<meta name=\"twitter:data1\" content=\"1 Minute\" \/>\n<script type=\"application\/ld+json\" class=\"yoast-schema-graph\">{\"@context\":\"https:\/\/schema.org\",\"@graph\":[{\"@type\":\"WebPage\",\"@id\":\"https:\/\/www.tenerity.com\/de\/sitemap\/\",\"url\":\"https:\/\/www.tenerity.com\/de\/sitemap\/\",\"name\":\"Sitemap - Tenerity DE\",\"isPartOf\":{\"@id\":\"https:\/\/www.tenerity.com\/de\/#website\"},\"datePublished\":\"2022-11-08T14:10:16+00:00\",\"dateModified\":\"2023-03-23T15:34:23+00:00\",\"breadcrumb\":{\"@id\":\"https:\/\/www.tenerity.com\/de\/sitemap\/#breadcrumb\"},\"inLanguage\":\"de-DE\",\"potentialAction\":[{\"@type\":\"ReadAction\",\"target\":[\"https:\/\/www.tenerity.com\/de\/sitemap\/\"]}]},{\"@type\":\"BreadcrumbList\",\"@id\":\"https:\/\/www.tenerity.com\/de\/sitemap\/#breadcrumb\",\"itemListElement\":[{\"@type\":\"ListItem\",\"position\":1,\"name\":\"Home\",\"item\":\"https:\/\/www.tenerity.com\/de\/\"},{\"@type\":\"ListItem\",\"position\":2,\"name\":\"Sitemap\"}]},{\"@type\":\"WebSite\",\"@id\":\"https:\/\/www.tenerity.com\/de\/#website\",\"url\":\"https:\/\/www.tenerity.com\/de\/\",\"name\":\"Tenerity\",\"description\":\"Intelligent engagement and loyalty for modern brands\",\"potentialAction\":[{\"@type\":\"SearchAction\",\"target\":{\"@type\":\"EntryPoint\",\"urlTemplate\":\"https:\/\/www.tenerity.com\/de\/?s={search_term_string}\"},\"query-input\":{\"@type\":\"PropertyValueSpecification\",\"valueRequired\":true,\"valueName\":\"search_term_string\"}}],\"inLanguage\":\"de-DE\"}]}<\/script>\n<!-- \/ Yoast SEO plugin. -->","yoast_head_json":{"title":"Sitemap - Tenerity DE","robots":{"index":"index","follow":"follow","max-snippet":"max-snippet:-1","max-image-preview":"max-image-preview:large","max-video-preview":"max-video-preview:-1"},"canonical":"https:\/\/www.tenerity.com\/de\/sitemap\/","og_locale":"de_DE","og_type":"article","og_title":"Sitemap - Tenerity DE","og_url":"https:\/\/www.tenerity.com\/de\/sitemap\/","og_site_name":"Tenerity DE","article_modified_time":"2023-03-23T15:34:23+00:00","og_image":[{"width":566,"height":122,"url":"https:\/\/www.tenerity.com\/de\/wp-content\/uploads\/sites\/22\/2022\/09\/logo-black___tenerity.png","type":"image\/png"}],"twitter_card":"summary_large_image","twitter_misc":{"Gesch\u00e4tzte Lesezeit":"1 Minute"},"schema":{"@context":"https:\/\/schema.org","@graph":[{"@type":"WebPage","@id":"https:\/\/www.tenerity.com\/de\/sitemap\/","url":"https:\/\/www.tenerity.com\/de\/sitemap\/","name":"Sitemap - Tenerity DE","isPartOf":{"@id":"https:\/\/www.tenerity.com\/de\/#website"},"datePublished":"2022-11-08T14:10:16+00:00","dateModified":"2023-03-23T15:34:23+00:00","breadcrumb":{"@id":"https:\/\/www.tenerity.com\/de\/sitemap\/#breadcrumb"},"inLanguage":"de-DE","potentialAction":[{"@type":"ReadAction","target":["https:\/\/www.tenerity.com\/de\/sitemap\/"]}]},{"@type":"BreadcrumbList","@id":"https:\/\/www.tenerity.com\/de\/sitemap\/#breadcrumb","itemListElement":[{"@type":"ListItem","position":1,"name":"Home","item":"https:\/\/www.tenerity.com\/de\/"},{"@type":"ListItem","position":2,"name":"Sitemap"}]},{"@type":"WebSite","@id":"https:\/\/www.tenerity.com\/de\/#website","url":"https:\/\/www.tenerity.com\/de\/","name":"Tenerity","description":"Intelligent engagement and loyalty for modern brands","potentialAction":[{"@type":"SearchAction","target":{"@type":"EntryPoint","urlTemplate":"https:\/\/www.tenerity.com\/de\/?s={search_term_string}"},"query-input":{"@type":"PropertyValueSpecification","valueRequired":true,"valueName":"search_term_string"}}],"inLanguage":"de-DE"}]}},"_links":{"self":[{"href":"https:\/\/www.tenerity.com\/de\/wp-json\/wp\/v2\/pages\/1071","targetHints":{"allow":["GET"]}}],"collection":[{"href":"https:\/\/www.tenerity.com\/de\/wp-json\/wp\/v2\/pages"}],"about":[{"href":"https:\/\/www.tenerity.com\/de\/wp-json\/wp\/v2\/types\/page"}],"author":[{"embeddable":true,"href":"https:\/\/www.tenerity.com\/de\/wp-json\/wp\/v2\/users\/3"}],"replies":[{"embeddable":true,"href":"https:\/\/www.tenerity.com\/de\/wp-json\/wp\/v2\/comments?post=1071"}],"version-history":[{"count":0,"href":"https:\/\/www.tenerity.com\/de\/wp-json\/wp\/v2\/pages\/1071\/revisions"}],"wp:attachment":[{"href":"https:\/\/www.tenerity.com\/de\/wp-json\/wp\/v2\/media?parent=1071"}],"curies":[{"name":"wp","href":"https:\/\/api.w.org\/{rel}","templated":true}]}}