{"id":195,"date":"2022-09-28T15:24:16","date_gmt":"2022-09-28T15:24:16","guid":{"rendered":"https:\/\/testing123.mobi\/tenerity\/?page_id=195"},"modified":"2023-07-10T18:13:41","modified_gmt":"2023-07-10T18:13:41","slug":"estudos-de-caso","status":"publish","type":"page","link":"https:\/\/www.tenerity.com\/br\/estudos-de-caso\/","title":{"rendered":"Estudos de Caso"},"content":{"rendered":"<section class=\"l-section wpb_row us_custom_9ccc05f2 overflowHidden height_large color_alternate with_img with_shape\"><div class=\"l-section-img\" role=\"img\" aria-label=\"Case Studies | Tenerity\" data-img-width=\"1436\" data-img-height=\"420\" style=\"background-image: url(https:\/\/www.tenerity.com\/br\/wp-content\/uploads\/sites\/29\/2023\/05\/hero_banner___case_studies.jpg);background-repeat: no-repeat;\"><\/div><div class=\"l-section-overlay\" style=\"background:rgba(26,26,26,0.25)\"><\/div><div class=\"l-section-shape type_tilt pos_bottom hor_flip\" style=\"height:15vmin;\"><svg xmlns=\"http:\/\/www.w3.org\/2000\/svg\" viewBox=\"0 0 64 8\" preserveAspectRatio=\"none\" width=\"100%\" height=\"100%\">\r\n\t<path fill=\"currentColor\" d=\"M64 7.9 L64 10 L0 10 L0 0 Z\"\/>\r\n<\/svg><\/div><div class=\"l-section-h i-cf\"><div class=\"g-cols vc_row via_flex valign_middle type_default stacking_default\"><div class=\"vc_col-sm-7 wpb_column vc_column_container\"><div class=\"vc_column-inner\"><div class=\"wpb_wrapper\"><div class=\"wpb_text_column us_custom_4b9db530 us_animate_this\"><div class=\"wpb_wrapper\"><h1>Experi\u00eancia que Impulsiona o Engajamento<\/h1>\n<\/div><\/div><div class=\"wpb_text_column us_custom_bbbfcf23 text___intro us_animate_this\"><div class=\"wpb_wrapper\"><p>A Tenerity ajuda empresas a manter os clientes engajados com sua marca, ao mesmo tempo em que alcan\u00e7am resultados comerciais importantes.<\/p>\n<\/div><\/div><\/div><\/div><\/div><div class=\"vc_col-sm-5 wpb_column vc_column_container\"><div class=\"vc_column-inner\"><div class=\"wpb_wrapper\"><\/div><\/div><\/div><\/div><\/div><\/section><section class=\"l-section wpb_row height_auto\"><div class=\"l-section-h i-cf\"><div class=\"g-cols vc_row via_flex valign_middle type_default stacking_default\"><div class=\"vc_col-sm-12 wpb_column vc_column_container\"><div class=\"vc_column-inner\"><div class=\"wpb_wrapper\"><section class=\"l-section wpb_row us_custom_4fb9e5a3 height_medium\" id=\"case-studies\"><div class=\"l-section-h i-cf\"><div class=\"g-cols vc_row via_flex valign_middle type_default stacking_default\"><div class=\"vc_col-sm-12 wpb_column vc_column_container\"><div class=\"vc_column-inner\"><div class=\"wpb_wrapper\"><div class=\"wpb_text_column\"><div class=\"wpb_wrapper\"><h2 style=\"text-align: center;\">Confira alguns de nossos trabalhos mais recentes<\/h2>\n<\/div><\/div><div class=\"g-cols wpb_row us_custom_ec9218fc align-buttons-to-bottom via_flex valign_top type_default stacking_default\"><div class=\"vc_col-sm-6 wpb_column vc_column_container case-study-card\"><div class=\"vc_column-inner\"><div class=\"wpb_wrapper\"><div class=\"w-image align_center\"><a title=\"National Express\" href=\"https:\/\/www.tenerity.com\/br\/case-studies\/national-express\/\" aria-label=\"National Express | Tenerity Case Study\" class=\"w-image-h\"><img decoding=\"async\" width=\"720\" height=\"480\" src=\"https:\/\/www.tenerity.com\/br\/wp-content\/uploads\/sites\/29\/2023\/05\/case_study_thumb___national_express.jpg\" class=\"attachment-large size-large\" alt=\"National Express | Tenerity Case Study\" loading=\"lazy\" srcset=\"https:\/\/www.tenerity.com\/br\/wp-content\/uploads\/sites\/29\/2023\/05\/case_study_thumb___national_express.jpg 720w, https:\/\/www.tenerity.com\/br\/wp-content\/uploads\/sites\/29\/2023\/05\/case_study_thumb___national_express-300x200.jpg 300w\" sizes=\"auto, (max-width: 720px) 100vw, 720px\" \/><\/a><\/div><div class=\"wpb_text_column text-with-bottom-button\"><div class=\"wpb_wrapper\"><h3 style=\"text-align: left;\">National\u00a0Express<\/h3>\n<p style=\"text-align: left;\">Saiba como nosso Private Label ajudou a criar maior engajamento e valor incremental para a National Express.<\/p>\n<\/div><\/div><div class=\"w-btn-wrapper align_center\"><a class=\"w-btn us-btn-style_1\" title=\"National Express\" href=\"https:\/\/www.tenerity.com\/br\/estudos-de-caso\/national-express\/\"><span class=\"w-btn-label\">Leia Mais<\/span><\/a><\/div><\/div><\/div><\/div><div class=\"vc_col-sm-6 wpb_column vc_column_container case-study-card\"><div class=\"vc_column-inner\"><div class=\"wpb_wrapper\"><div class=\"w-image align_center\"><a title=\"Wowcher\" href=\"https:\/\/www.tenerity.com\/br\/case-studies\/wowcher\/\" aria-label=\"Wowcher | Tenerity Case Study\" class=\"w-image-h\"><img decoding=\"async\" width=\"720\" height=\"480\" src=\"https:\/\/www.tenerity.com\/br\/wp-content\/uploads\/sites\/29\/2023\/05\/case_study_thumb___wowcher.jpg\" class=\"attachment-large size-large\" alt=\"Wowcher | Tenerity Case Study\" loading=\"lazy\" srcset=\"https:\/\/www.tenerity.com\/br\/wp-content\/uploads\/sites\/29\/2023\/05\/case_study_thumb___wowcher.jpg 720w, https:\/\/www.tenerity.com\/br\/wp-content\/uploads\/sites\/29\/2023\/05\/case_study_thumb___wowcher-300x200.jpg 300w\" sizes=\"auto, (max-width: 720px) 100vw, 720px\" \/><\/a><\/div><div class=\"wpb_text_column text-with-bottom-button\"><div class=\"wpb_wrapper\"><h3 style=\"text-align: left;\">Wowcher<\/h3>\n<p style=\"text-align: left;\">Veja o estudo de caso do Wowcher e saiba como constru\u00edmos uma fonte de receita adicional desde o lan\u00e7amento.<\/p>\n<\/div><\/div><div class=\"w-btn-wrapper align_center\"><a class=\"w-btn us-btn-style_1\" title=\"Wowcher\" href=\"https:\/\/www.tenerity.com\/br\/estudos-de-caso\/wowcher\/\"><span class=\"w-btn-label\">Leia Mais<\/span><\/a><\/div><\/div><\/div><\/div><div class=\"vc_col-sm-6 wpb_column vc_column_container case-study-card\"><div class=\"vc_column-inner\"><div class=\"wpb_wrapper\"><div class=\"w-image align_center\"><a title=\"US Financial Institution\" href=\"https:\/\/www.tenerity.com\/br\/case-studies\/us-financial-institution\/\" aria-label=\"case-study03\" class=\"w-image-h\"><img decoding=\"async\" width=\"360\" height=\"240\" src=\"https:\/\/www.tenerity.com\/br\/wp-content\/uploads\/sites\/29\/2022\/09\/case-study03.jpg\" class=\"attachment-large size-large\" alt=\"\" loading=\"lazy\" srcset=\"https:\/\/www.tenerity.com\/br\/wp-content\/uploads\/sites\/29\/2022\/09\/case-study03.jpg 360w, https:\/\/www.tenerity.com\/br\/wp-content\/uploads\/sites\/29\/2022\/09\/case-study03-300x200.jpg 300w\" sizes=\"auto, (max-width: 360px) 100vw, 360px\" \/><\/a><\/div><div class=\"wpb_text_column text-with-bottom-button\"><div class=\"wpb_wrapper\"><h3 style=\"text-align: left;\">Institui\u00e7\u00e3o Financeira Americana<\/h3>\n<p style=\"text-align: left;\">Aumente a reten\u00e7\u00e3o de clientes e a receita incremental por meio de servi\u00e7os de monitoramento de roubo de identidade e cr\u00e9dito.<\/p>\n<\/div><\/div><div class=\"w-btn-wrapper align_center\"><a class=\"w-btn us-btn-style_1\" title=\"Institui\u00e7\u00e3o Financeira Americana\" href=\"https:\/\/www.tenerity.com\/br\/estudos-de-caso\/instituicao-financeira-americana\/\"><span class=\"w-btn-label\">Leia Mais<\/span><\/a><\/div><\/div><\/div><\/div><div class=\"vc_col-sm-6 wpb_column vc_column_container case-study-card\"><div class=\"vc_column-inner\"><div class=\"wpb_wrapper\"><div class=\"w-image align_center\"><a title=\"Funky Pigeon\" href=\"https:\/\/www.tenerity.com\/br\/case-studies\/funky-pigeon\/\" aria-label=\"Funky Pigeon | Tenerity Case Study\" class=\"w-image-h\"><img decoding=\"async\" width=\"720\" height=\"480\" src=\"https:\/\/www.tenerity.com\/br\/wp-content\/uploads\/sites\/29\/2023\/05\/case_study_thumb___funky_pigeon.jpg\" class=\"attachment-large size-large\" alt=\"Funky Pigeon | Tenerity Case Study\" loading=\"lazy\" srcset=\"https:\/\/www.tenerity.com\/br\/wp-content\/uploads\/sites\/29\/2023\/05\/case_study_thumb___funky_pigeon.jpg 720w, https:\/\/www.tenerity.com\/br\/wp-content\/uploads\/sites\/29\/2023\/05\/case_study_thumb___funky_pigeon-300x200.jpg 300w\" sizes=\"auto, (max-width: 720px) 100vw, 720px\" \/><\/a><\/div><div class=\"wpb_text_column text-with-bottom-button\"><div class=\"wpb_wrapper\"><h3 style=\"text-align: left;\">Funky\u00a0Pigeon<\/h3>\n<p style=\"text-align: left;\">Veja como trabalhamos com a Funky Pigeon para melhorar o valor comercial por meio de uma integra\u00e7\u00e3o personalizada de API.<\/p>\n<\/div><\/div><div class=\"w-btn-wrapper align_center\"><a class=\"w-btn us-btn-style_1\" title=\"Funky Pigeon\" href=\"https:\/\/www.tenerity.com\/br\/estudos-de-caso\/funky-pigeon\/\"><span class=\"w-btn-label\">Leia Mais<\/span><\/a><\/div><\/div><\/div><\/div><\/div><\/div><\/div><\/div><\/div><\/div><\/section>\n<\/div><\/div><\/div><\/div><\/div><\/section>\n","protected":false},"excerpt":{"rendered":"Experi\u00eancia que Impulsiona o Engajamento A Tenerity ajuda empresas a manter os clientes engajados com sua marca, ao mesmo tempo em que alcan\u00e7am resultados comerciais importantes. Confira alguns de nossos trabalhos mais recentes National\u00a0Express Saiba como nosso Private Label ajudou a criar maior engajamento e valor incremental para a National Express. Leia MaisWowcher Veja o...","protected":false},"author":1,"featured_media":1240,"parent":0,"menu_order":3,"comment_status":"closed","ping_status":"closed","template":"","meta":{"footnotes":""},"class_list":["post-195","page","type-page","status-publish","has-post-thumbnail","hentry"],"yoast_head":"<!-- This site is optimized with the Yoast SEO plugin v27.1.1 - https:\/\/yoast.com\/product\/yoast-seo-wordpress\/ -->\n<title>Estudos de Caso - Tenerity BR<\/title>\n<meta name=\"robots\" content=\"index, follow, max-snippet:-1, max-image-preview:large, max-video-preview:-1\" \/>\n<link rel=\"canonical\" href=\"https:\/\/www.tenerity.com\/br\/estudos-de-caso\/\" \/>\n<meta property=\"og:locale\" content=\"pt_BR\" \/>\n<meta property=\"og:type\" content=\"article\" \/>\n<meta property=\"og:title\" content=\"Estudos de Caso - Tenerity BR\" \/>\n<meta property=\"og:url\" content=\"https:\/\/www.tenerity.com\/br\/estudos-de-caso\/\" \/>\n<meta property=\"og:site_name\" content=\"Tenerity BR\" \/>\n<meta property=\"article:modified_time\" content=\"2023-07-10T18:13:41+00:00\" \/>\n<meta property=\"og:image\" content=\"https:\/\/www.tenerity.com\/br\/wp-content\/uploads\/sites\/29\/2023\/05\/hero_banner___case_studies.jpg\" \/>\n\t<meta property=\"og:image:width\" content=\"1436\" \/>\n\t<meta property=\"og:image:height\" content=\"420\" \/>\n\t<meta property=\"og:image:type\" content=\"image\/jpeg\" \/>\n<meta name=\"twitter:card\" content=\"summary_large_image\" \/>\n<meta name=\"twitter:label1\" content=\"Est. tempo de leitura\" \/>\n\t<meta name=\"twitter:data1\" content=\"1 minuto\" \/>\n<script type=\"application\/ld+json\" class=\"yoast-schema-graph\">{\"@context\":\"https:\/\/schema.org\",\"@graph\":[{\"@type\":\"WebPage\",\"@id\":\"https:\/\/www.tenerity.com\/br\/estudos-de-caso\/\",\"url\":\"https:\/\/www.tenerity.com\/br\/estudos-de-caso\/\",\"name\":\"Estudos de Caso - Tenerity BR\",\"isPartOf\":{\"@id\":\"https:\/\/www.tenerity.com\/br\/#website\"},\"primaryImageOfPage\":{\"@id\":\"https:\/\/www.tenerity.com\/br\/estudos-de-caso\/#primaryimage\"},\"image\":{\"@id\":\"https:\/\/www.tenerity.com\/br\/estudos-de-caso\/#primaryimage\"},\"thumbnailUrl\":\"https:\/\/www.tenerity.com\/br\/wp-content\/uploads\/sites\/29\/2023\/05\/hero_banner___case_studies.jpg\",\"datePublished\":\"2022-09-28T15:24:16+00:00\",\"dateModified\":\"2023-07-10T18:13:41+00:00\",\"breadcrumb\":{\"@id\":\"https:\/\/www.tenerity.com\/br\/estudos-de-caso\/#breadcrumb\"},\"inLanguage\":\"pt-BR\",\"potentialAction\":[{\"@type\":\"ReadAction\",\"target\":[\"https:\/\/www.tenerity.com\/br\/estudos-de-caso\/\"]}]},{\"@type\":\"ImageObject\",\"inLanguage\":\"pt-BR\",\"@id\":\"https:\/\/www.tenerity.com\/br\/estudos-de-caso\/#primaryimage\",\"url\":\"https:\/\/www.tenerity.com\/br\/wp-content\/uploads\/sites\/29\/2023\/05\/hero_banner___case_studies.jpg\",\"contentUrl\":\"https:\/\/www.tenerity.com\/br\/wp-content\/uploads\/sites\/29\/2023\/05\/hero_banner___case_studies.jpg\",\"width\":1436,\"height\":420,\"caption\":\"Case Studies | Tenerity\"},{\"@type\":\"BreadcrumbList\",\"@id\":\"https:\/\/www.tenerity.com\/br\/estudos-de-caso\/#breadcrumb\",\"itemListElement\":[{\"@type\":\"ListItem\",\"position\":1,\"name\":\"Home\",\"item\":\"https:\/\/www.tenerity.com\/br\/\"},{\"@type\":\"ListItem\",\"position\":2,\"name\":\"Estudos de Caso\"}]},{\"@type\":\"WebSite\",\"@id\":\"https:\/\/www.tenerity.com\/br\/#website\",\"url\":\"https:\/\/www.tenerity.com\/br\/\",\"name\":\"Tenerity\",\"description\":\"Intelligent engagement and loyalty for modern brands\",\"potentialAction\":[{\"@type\":\"SearchAction\",\"target\":{\"@type\":\"EntryPoint\",\"urlTemplate\":\"https:\/\/www.tenerity.com\/br\/?s={search_term_string}\"},\"query-input\":{\"@type\":\"PropertyValueSpecification\",\"valueRequired\":true,\"valueName\":\"search_term_string\"}}],\"inLanguage\":\"pt-BR\"}]}<\/script>\n<!-- \/ Yoast SEO plugin. -->","yoast_head_json":{"title":"Estudos de Caso - Tenerity BR","robots":{"index":"index","follow":"follow","max-snippet":"max-snippet:-1","max-image-preview":"max-image-preview:large","max-video-preview":"max-video-preview:-1"},"canonical":"https:\/\/www.tenerity.com\/br\/estudos-de-caso\/","og_locale":"pt_BR","og_type":"article","og_title":"Estudos de Caso - Tenerity BR","og_url":"https:\/\/www.tenerity.com\/br\/estudos-de-caso\/","og_site_name":"Tenerity BR","article_modified_time":"2023-07-10T18:13:41+00:00","og_image":[{"width":1436,"height":420,"url":"https:\/\/www.tenerity.com\/br\/wp-content\/uploads\/sites\/29\/2023\/05\/hero_banner___case_studies.jpg","type":"image\/jpeg"}],"twitter_card":"summary_large_image","twitter_misc":{"Est. tempo de leitura":"1 minuto"},"schema":{"@context":"https:\/\/schema.org","@graph":[{"@type":"WebPage","@id":"https:\/\/www.tenerity.com\/br\/estudos-de-caso\/","url":"https:\/\/www.tenerity.com\/br\/estudos-de-caso\/","name":"Estudos de Caso - Tenerity BR","isPartOf":{"@id":"https:\/\/www.tenerity.com\/br\/#website"},"primaryImageOfPage":{"@id":"https:\/\/www.tenerity.com\/br\/estudos-de-caso\/#primaryimage"},"image":{"@id":"https:\/\/www.tenerity.com\/br\/estudos-de-caso\/#primaryimage"},"thumbnailUrl":"https:\/\/www.tenerity.com\/br\/wp-content\/uploads\/sites\/29\/2023\/05\/hero_banner___case_studies.jpg","datePublished":"2022-09-28T15:24:16+00:00","dateModified":"2023-07-10T18:13:41+00:00","breadcrumb":{"@id":"https:\/\/www.tenerity.com\/br\/estudos-de-caso\/#breadcrumb"},"inLanguage":"pt-BR","potentialAction":[{"@type":"ReadAction","target":["https:\/\/www.tenerity.com\/br\/estudos-de-caso\/"]}]},{"@type":"ImageObject","inLanguage":"pt-BR","@id":"https:\/\/www.tenerity.com\/br\/estudos-de-caso\/#primaryimage","url":"https:\/\/www.tenerity.com\/br\/wp-content\/uploads\/sites\/29\/2023\/05\/hero_banner___case_studies.jpg","contentUrl":"https:\/\/www.tenerity.com\/br\/wp-content\/uploads\/sites\/29\/2023\/05\/hero_banner___case_studies.jpg","width":1436,"height":420,"caption":"Case Studies | Tenerity"},{"@type":"BreadcrumbList","@id":"https:\/\/www.tenerity.com\/br\/estudos-de-caso\/#breadcrumb","itemListElement":[{"@type":"ListItem","position":1,"name":"Home","item":"https:\/\/www.tenerity.com\/br\/"},{"@type":"ListItem","position":2,"name":"Estudos de Caso"}]},{"@type":"WebSite","@id":"https:\/\/www.tenerity.com\/br\/#website","url":"https:\/\/www.tenerity.com\/br\/","name":"Tenerity","description":"Intelligent engagement and loyalty for modern brands","potentialAction":[{"@type":"SearchAction","target":{"@type":"EntryPoint","urlTemplate":"https:\/\/www.tenerity.com\/br\/?s={search_term_string}"},"query-input":{"@type":"PropertyValueSpecification","valueRequired":true,"valueName":"search_term_string"}}],"inLanguage":"pt-BR"}]}},"_links":{"self":[{"href":"https:\/\/www.tenerity.com\/br\/wp-json\/wp\/v2\/pages\/195","targetHints":{"allow":["GET"]}}],"collection":[{"href":"https:\/\/www.tenerity.com\/br\/wp-json\/wp\/v2\/pages"}],"about":[{"href":"https:\/\/www.tenerity.com\/br\/wp-json\/wp\/v2\/types\/page"}],"author":[{"embeddable":true,"href":"https:\/\/www.tenerity.com\/br\/wp-json\/wp\/v2\/users\/1"}],"replies":[{"embeddable":true,"href":"https:\/\/www.tenerity.com\/br\/wp-json\/wp\/v2\/comments?post=195"}],"version-history":[{"count":0,"href":"https:\/\/www.tenerity.com\/br\/wp-json\/wp\/v2\/pages\/195\/revisions"}],"wp:featuredmedia":[{"embeddable":true,"href":"https:\/\/www.tenerity.com\/br\/wp-json\/wp\/v2\/media\/1240"}],"wp:attachment":[{"href":"https:\/\/www.tenerity.com\/br\/wp-json\/wp\/v2\/media?parent=195"}],"curies":[{"name":"wp","href":"https:\/\/api.w.org\/{rel}","templated":true}]}}