{"id":1347,"date":"2023-10-02T16:54:43","date_gmt":"2023-10-02T16:54:43","guid":{"rendered":"https:\/\/www.tenerity.com\/br\/?page_id=1347"},"modified":"2023-10-02T16:58:00","modified_gmt":"2023-10-02T16:58:00","slug":"codigo-de-etica","status":"publish","type":"page","link":"https:\/\/www.tenerity.com\/br\/codigo-de-etica\/","title":{"rendered":"C\u00f3digo de \u00c9tica"},"content":{"rendered":"<section class=\"l-section wpb_row us_custom_11553957 height_large color_secondary with_img parallax_ver with_shape\" id=\"hero\"><div class=\"l-section-img\" role=\"img\" aria-label=\"Insights\" data-img-width=\"1140\" data-img-height=\"426\" style=\"background-image: url(https:\/\/www.tenerity.com\/br\/wp-content\/uploads\/sites\/29\/2022\/10\/hero___insights.jpg);background-position: top center;background-repeat: no-repeat;\"><\/div><div class=\"l-section-overlay\" style=\"background:rgba(26,26,26,0.25)\"><\/div><div class=\"l-section-shape type_tilt pos_bottom hor_flip\" style=\"height:10vh;\"><svg xmlns=\"http:\/\/www.w3.org\/2000\/svg\" viewBox=\"0 0 64 8\" preserveAspectRatio=\"none\" width=\"100%\" height=\"100%\">\r\n\t<path fill=\"currentColor\" d=\"M64 7.9 L64 10 L0 10 L0 0 Z\"\/>\r\n<\/svg><\/div><div class=\"l-section-h i-cf\"><div class=\"g-cols vc_row via_flex valign_middle type_default stacking_default\"><div class=\"vc_col-sm-6 wpb_column vc_column_container\"><div class=\"vc_column-inner\"><div class=\"wpb_wrapper\"><div class=\"wpb_text_column us_custom_4b9db530 us_animate_this\"><div class=\"wpb_wrapper\"><h1>C\u00f3digo de \u00c9tica<\/h1>\n<\/div><\/div><\/div><\/div><\/div><div class=\"vc_col-sm-6 wpb_column vc_column_container\"><div class=\"vc_column-inner\"><div class=\"wpb_wrapper\"><\/div><\/div><\/div><\/div><\/div><\/section><section class=\"l-section wpb_row height_medium\"><div class=\"l-section-h i-cf\"><div class=\"g-cols vc_row via_flex valign_top type_default stacking_default\"><div class=\"vc_col-sm-12 wpb_column vc_column_container\"><div class=\"vc_column-inner\"><div class=\"wpb_wrapper\"><section class=\"l-section wpb_row regulatory___block align-buttons-to-bottom height_medium\"><div class=\"l-section-h i-cf\"><div class=\"g-cols vc_row via_flex valign_top type_default stacking_default\"><div class=\"vc_col-sm-4 wpb_column vc_column_container regulatory___card\"><div class=\"vc_column-inner\"><div class=\"wpb_wrapper\"><div class=\"wpb_text_column\"><div class=\"wpb_wrapper\"><p>C\u00f3digo de \u00c9tica<\/p>\n<\/div><\/div><div class=\"w-btn-wrapper align_none\"><a class=\"w-btn us-btn-style_1\" target=\"_blank\" rel=\"nofollow\" href=\"https:\/\/www.tenerity.com\/br\/wp-content\/uploads\/sites\/29\/2023\/10\/Tenerity_Code_Of_Conduct_Brazil.pdf\"><span class=\"w-btn-label\">Download PDF<\/span><\/a><\/div><\/div><\/div><\/div><\/div><\/div><\/section>\n<\/div><\/div><\/div><\/div><\/div><\/section>\n","protected":false},"excerpt":{"rendered":"C\u00f3digo de \u00c9tica C\u00f3digo de \u00c9tica Download PDF","protected":false},"author":2,"featured_media":621,"parent":0,"menu_order":10,"comment_status":"closed","ping_status":"closed","template":"","meta":{"footnotes":""},"class_list":["post-1347","page","type-page","status-publish","has-post-thumbnail","hentry"],"yoast_head":"<!-- This site is optimized with the Yoast SEO plugin v27.1.1 - https:\/\/yoast.com\/product\/yoast-seo-wordpress\/ -->\n<title>C\u00f3digo de \u00c9tica - Tenerity BR<\/title>\n<meta name=\"robots\" content=\"index, follow, max-snippet:-1, max-image-preview:large, max-video-preview:-1\" \/>\n<link rel=\"canonical\" href=\"https:\/\/www.tenerity.com\/br\/codigo-de-etica\/\" \/>\n<meta property=\"og:locale\" content=\"pt_BR\" \/>\n<meta property=\"og:type\" content=\"article\" \/>\n<meta property=\"og:title\" content=\"C\u00f3digo de \u00c9tica - Tenerity BR\" \/>\n<meta property=\"og:url\" content=\"https:\/\/www.tenerity.com\/br\/codigo-de-etica\/\" \/>\n<meta property=\"og:site_name\" content=\"Tenerity BR\" \/>\n<meta property=\"article:modified_time\" content=\"2023-10-02T16:58:00+00:00\" \/>\n<meta property=\"og:image\" content=\"https:\/\/www.tenerity.com\/br\/wp-content\/uploads\/sites\/29\/2022\/10\/hero___insights.jpg\" \/>\n\t<meta property=\"og:image:width\" content=\"1140\" \/>\n\t<meta property=\"og:image:height\" content=\"426\" \/>\n\t<meta property=\"og:image:type\" content=\"image\/jpeg\" \/>\n<meta name=\"twitter:card\" content=\"summary_large_image\" \/>\n<meta name=\"twitter:label1\" content=\"Est. tempo de leitura\" \/>\n\t<meta name=\"twitter:data1\" content=\"1 minuto\" \/>\n<script type=\"application\/ld+json\" class=\"yoast-schema-graph\">{\"@context\":\"https:\/\/schema.org\",\"@graph\":[{\"@type\":\"WebPage\",\"@id\":\"https:\/\/www.tenerity.com\/br\/codigo-de-etica\/\",\"url\":\"https:\/\/www.tenerity.com\/br\/codigo-de-etica\/\",\"name\":\"C\u00f3digo de \u00c9tica - Tenerity BR\",\"isPartOf\":{\"@id\":\"https:\/\/www.tenerity.com\/br\/#website\"},\"primaryImageOfPage\":{\"@id\":\"https:\/\/www.tenerity.com\/br\/codigo-de-etica\/#primaryimage\"},\"image\":{\"@id\":\"https:\/\/www.tenerity.com\/br\/codigo-de-etica\/#primaryimage\"},\"thumbnailUrl\":\"https:\/\/www.tenerity.com\/br\/wp-content\/uploads\/sites\/29\/2022\/10\/hero___insights.jpg\",\"datePublished\":\"2023-10-02T16:54:43+00:00\",\"dateModified\":\"2023-10-02T16:58:00+00:00\",\"breadcrumb\":{\"@id\":\"https:\/\/www.tenerity.com\/br\/codigo-de-etica\/#breadcrumb\"},\"inLanguage\":\"pt-BR\",\"potentialAction\":[{\"@type\":\"ReadAction\",\"target\":[\"https:\/\/www.tenerity.com\/br\/codigo-de-etica\/\"]}]},{\"@type\":\"ImageObject\",\"inLanguage\":\"pt-BR\",\"@id\":\"https:\/\/www.tenerity.com\/br\/codigo-de-etica\/#primaryimage\",\"url\":\"https:\/\/www.tenerity.com\/br\/wp-content\/uploads\/sites\/29\/2022\/10\/hero___insights.jpg\",\"contentUrl\":\"https:\/\/www.tenerity.com\/br\/wp-content\/uploads\/sites\/29\/2022\/10\/hero___insights.jpg\",\"width\":1140,\"height\":426,\"caption\":\"Insights\"},{\"@type\":\"BreadcrumbList\",\"@id\":\"https:\/\/www.tenerity.com\/br\/codigo-de-etica\/#breadcrumb\",\"itemListElement\":[{\"@type\":\"ListItem\",\"position\":1,\"name\":\"Home\",\"item\":\"https:\/\/www.tenerity.com\/br\/\"},{\"@type\":\"ListItem\",\"position\":2,\"name\":\"C\u00f3digo de \u00c9tica\"}]},{\"@type\":\"WebSite\",\"@id\":\"https:\/\/www.tenerity.com\/br\/#website\",\"url\":\"https:\/\/www.tenerity.com\/br\/\",\"name\":\"Tenerity\",\"description\":\"Intelligent engagement and loyalty for modern brands\",\"potentialAction\":[{\"@type\":\"SearchAction\",\"target\":{\"@type\":\"EntryPoint\",\"urlTemplate\":\"https:\/\/www.tenerity.com\/br\/?s={search_term_string}\"},\"query-input\":{\"@type\":\"PropertyValueSpecification\",\"valueRequired\":true,\"valueName\":\"search_term_string\"}}],\"inLanguage\":\"pt-BR\"}]}<\/script>\n<!-- \/ Yoast SEO plugin. -->","yoast_head_json":{"title":"C\u00f3digo de \u00c9tica - Tenerity BR","robots":{"index":"index","follow":"follow","max-snippet":"max-snippet:-1","max-image-preview":"max-image-preview:large","max-video-preview":"max-video-preview:-1"},"canonical":"https:\/\/www.tenerity.com\/br\/codigo-de-etica\/","og_locale":"pt_BR","og_type":"article","og_title":"C\u00f3digo de \u00c9tica - Tenerity BR","og_url":"https:\/\/www.tenerity.com\/br\/codigo-de-etica\/","og_site_name":"Tenerity BR","article_modified_time":"2023-10-02T16:58:00+00:00","og_image":[{"width":1140,"height":426,"url":"https:\/\/www.tenerity.com\/br\/wp-content\/uploads\/sites\/29\/2022\/10\/hero___insights.jpg","type":"image\/jpeg"}],"twitter_card":"summary_large_image","twitter_misc":{"Est. tempo de leitura":"1 minuto"},"schema":{"@context":"https:\/\/schema.org","@graph":[{"@type":"WebPage","@id":"https:\/\/www.tenerity.com\/br\/codigo-de-etica\/","url":"https:\/\/www.tenerity.com\/br\/codigo-de-etica\/","name":"C\u00f3digo de \u00c9tica - Tenerity BR","isPartOf":{"@id":"https:\/\/www.tenerity.com\/br\/#website"},"primaryImageOfPage":{"@id":"https:\/\/www.tenerity.com\/br\/codigo-de-etica\/#primaryimage"},"image":{"@id":"https:\/\/www.tenerity.com\/br\/codigo-de-etica\/#primaryimage"},"thumbnailUrl":"https:\/\/www.tenerity.com\/br\/wp-content\/uploads\/sites\/29\/2022\/10\/hero___insights.jpg","datePublished":"2023-10-02T16:54:43+00:00","dateModified":"2023-10-02T16:58:00+00:00","breadcrumb":{"@id":"https:\/\/www.tenerity.com\/br\/codigo-de-etica\/#breadcrumb"},"inLanguage":"pt-BR","potentialAction":[{"@type":"ReadAction","target":["https:\/\/www.tenerity.com\/br\/codigo-de-etica\/"]}]},{"@type":"ImageObject","inLanguage":"pt-BR","@id":"https:\/\/www.tenerity.com\/br\/codigo-de-etica\/#primaryimage","url":"https:\/\/www.tenerity.com\/br\/wp-content\/uploads\/sites\/29\/2022\/10\/hero___insights.jpg","contentUrl":"https:\/\/www.tenerity.com\/br\/wp-content\/uploads\/sites\/29\/2022\/10\/hero___insights.jpg","width":1140,"height":426,"caption":"Insights"},{"@type":"BreadcrumbList","@id":"https:\/\/www.tenerity.com\/br\/codigo-de-etica\/#breadcrumb","itemListElement":[{"@type":"ListItem","position":1,"name":"Home","item":"https:\/\/www.tenerity.com\/br\/"},{"@type":"ListItem","position":2,"name":"C\u00f3digo de \u00c9tica"}]},{"@type":"WebSite","@id":"https:\/\/www.tenerity.com\/br\/#website","url":"https:\/\/www.tenerity.com\/br\/","name":"Tenerity","description":"Intelligent engagement and loyalty for modern brands","potentialAction":[{"@type":"SearchAction","target":{"@type":"EntryPoint","urlTemplate":"https:\/\/www.tenerity.com\/br\/?s={search_term_string}"},"query-input":{"@type":"PropertyValueSpecification","valueRequired":true,"valueName":"search_term_string"}}],"inLanguage":"pt-BR"}]}},"_links":{"self":[{"href":"https:\/\/www.tenerity.com\/br\/wp-json\/wp\/v2\/pages\/1347","targetHints":{"allow":["GET"]}}],"collection":[{"href":"https:\/\/www.tenerity.com\/br\/wp-json\/wp\/v2\/pages"}],"about":[{"href":"https:\/\/www.tenerity.com\/br\/wp-json\/wp\/v2\/types\/page"}],"author":[{"embeddable":true,"href":"https:\/\/www.tenerity.com\/br\/wp-json\/wp\/v2\/users\/2"}],"replies":[{"embeddable":true,"href":"https:\/\/www.tenerity.com\/br\/wp-json\/wp\/v2\/comments?post=1347"}],"version-history":[{"count":0,"href":"https:\/\/www.tenerity.com\/br\/wp-json\/wp\/v2\/pages\/1347\/revisions"}],"wp:featuredmedia":[{"embeddable":true,"href":"https:\/\/www.tenerity.com\/br\/wp-json\/wp\/v2\/media\/621"}],"wp:attachment":[{"href":"https:\/\/www.tenerity.com\/br\/wp-json\/wp\/v2\/media?parent=1347"}],"curies":[{"name":"wp","href":"https:\/\/api.w.org\/{rel}","templated":true}]}}