{"id":1239,"date":"2023-05-23T15:27:59","date_gmt":"2023-05-23T15:27:59","guid":{"rendered":"https:\/\/www.tenerity.com\/br\/?page_id=1239"},"modified":"2023-07-10T18:28:24","modified_gmt":"2023-07-10T18:28:24","slug":"national-express","status":"publish","type":"page","link":"https:\/\/www.tenerity.com\/br\/estudos-de-caso\/national-express\/","title":{"rendered":"National Express"},"content":{"rendered":"<section class=\"l-section wpb_row us_custom_11553957 has-hero-image bg-img-cover height_large color_secondary with_img with_shape\"><div class=\"l-section-img\" role=\"img\" aria-label=\"National Express | Tenerity Case Study\" data-img-width=\"1024\" data-img-height=\"640\" style=\"background-image: url(https:\/\/www.tenerity.com\/br\/wp-content\/uploads\/sites\/29\/2023\/05\/case_study_header___national_express.jpg);background-position: top center;background-repeat: no-repeat;\"><\/div><div class=\"l-section-shape type_tilt pos_bottom on_front hor_flip\" style=\"height:10vh;\"><svg xmlns=\"http:\/\/www.w3.org\/2000\/svg\" viewBox=\"0 0 64 8\" preserveAspectRatio=\"none\" width=\"100%\" height=\"100%\">\r\n\t<path fill=\"currentColor\" d=\"M64 7.9 L64 10 L0 10 L0 0 Z\"\/>\r\n<\/svg><\/div><div class=\"l-section-h i-cf\"><div class=\"g-cols vc_row via_flex valign_middle type_default stacking_default\"><div class=\"vc_col-sm-6 wpb_column vc_column_container\"><div class=\"vc_column-inner\"><div class=\"wpb_wrapper\"><div class=\"wpb_text_column us_custom_4b9db530 us_animate_this\"><div class=\"wpb_wrapper\"><h1>National Express<\/h1>\n<\/div><\/div><div class=\"wpb_text_column us_custom_5494d4ee text___intro us_animate_this\"><div class=\"wpb_wrapper\"><p>Criou mais engajamento do cliente e valor incremental.<\/p>\n<\/div><\/div><\/div><\/div><\/div><div class=\"vc_col-sm-6 wpb_column vc_column_container\"><div class=\"vc_column-inner\"><div class=\"wpb_wrapper\"><\/div><\/div><\/div><\/div><\/div><\/section><section class=\"l-section wpb_row us_custom_4fb9e5a3 height_small\" id=\"post-launch-highlights\"><div class=\"l-section-h i-cf\"><div class=\"g-cols vc_row via_flex valign_middle type_default stacking_default\"><div class=\"vc_col-sm-12 wpb_column vc_column_container\"><div class=\"vc_column-inner\"><div class=\"wpb_wrapper\"><div class=\"wpb_text_column\"><div class=\"wpb_wrapper\"><h2 style=\"text-align: center;\">Destaques<\/h2>\n<\/div><\/div><div class=\"g-cols wpb_row highlights via_flex valign_top type_default stacking_default\"><div class=\"vc_col-sm-6 wpb_column vc_column_container\"><div class=\"vc_column-inner\"><div class=\"wpb_wrapper\"><div class=\"w-counter us_custom_1056433e mid-line color_heading align_center has_font_size\" data-duration=\"2\"><div class=\"w-counter-value\"><span class=\"w-counter-value-part type_text\" data-final=\"\"><\/span><span class=\"w-counter-value-part type_number\" data-final=\"10\">1<\/span><span class=\"w-counter-value-part type_text\" data-final=\"%\">%<\/span><\/div><p class=\"w-counter-title\" style=\"font-size:1.1rem;font-weight:700;\">dos membros fizeram uma compra repetida<\/p><\/div><\/div><\/div><\/div><div class=\"vc_col-sm-6 wpb_column vc_column_container\"><div class=\"vc_column-inner\"><div class=\"wpb_wrapper\"><div class=\"w-counter us_custom_1056433e mid-line color_heading align_center has_font_size\" data-duration=\"2\"><div class=\"w-counter-value\"><span class=\"w-counter-value-part type_text\" data-final=\"Aumento de \">Aumento de <\/span><span class=\"w-counter-value-part type_number\" data-final=\"50\">1<\/span><span class=\"w-counter-value-part type_text\" data-final=\"%\">%<\/span><\/div><p class=\"w-counter-title\" style=\"font-size:1.1rem;font-weight:700;\">na comiss\u00e3o de indica\u00e7\u00e3o<\/p><\/div><\/div><\/div><\/div><\/div><\/div><\/div><\/div><\/div><\/div><\/section><section class=\"l-section wpb_row height_medium with_shape\"><div class=\"l-section-shape type_tilt pos_bottom hor_flip\" style=\"height:10vh;color:var(--color-content-bg-alt)\"><svg xmlns=\"http:\/\/www.w3.org\/2000\/svg\" viewBox=\"0 0 64 8\" preserveAspectRatio=\"none\" width=\"100%\" height=\"100%\">\r\n\t<path fill=\"currentColor\" d=\"M64 7.9 L64 10 L0 10 L0 0 Z\"\/>\r\n<\/svg><\/div><div class=\"l-section-h i-cf\"><div class=\"g-cols vc_row via_flex valign_top type_default stacking_default\"><div class=\"vc_col-sm-12 wpb_column vc_column_container\"><div class=\"vc_column-inner\"><div class=\"wpb_wrapper\"><\/div><\/div><\/div><\/div><\/div><\/section><section class=\"l-section wpb_row us_custom_69341b76 height_medium\" id=\"challenge\"><div class=\"l-section-h i-cf\"><div class=\"g-cols vc_row via_flex valign_top type_default stacking_default\"><div class=\"vc_col-sm-12 wpb_column vc_column_container\"><div class=\"vc_column-inner\"><div class=\"wpb_wrapper\"><div class=\"wpb_text_column\"><div class=\"wpb_wrapper\"><h2 style=\"text-align: center;\">Desafio<\/h2>\n<\/div><\/div><div class=\"g-cols wpb_row via_flex valign_top type_default stacking_default\"><div class=\"vc_col-sm-2 wpb_column vc_column_container\"><div class=\"vc_column-inner\"><div class=\"wpb_wrapper\"><\/div><\/div><\/div><div class=\"vc_col-sm-8 wpb_column vc_column_container\"><div class=\"vc_column-inner\"><div class=\"wpb_wrapper\"><div class=\"wpb_text_column\"><div class=\"wpb_wrapper\"><p>A National Express estava buscando desenvolver sua pr\u00f3pria plataforma de recompensas com marca pr\u00f3pria, com o objetivo de construir relacionamentos duradouros e lucrativos com os clientes.<\/p>\n<p><strong>Os principais objetivos eram:<\/strong><\/p>\n<ul>\n<li><strong>Incentivar compras repetidas<\/strong>, recompensando os clientes por sua fidelidade em compras.<\/li>\n<li><strong>Gerar receita incremental<\/strong>, aumentando especificamente a receita por transa\u00e7\u00e3o.<\/li>\n<li><strong>Aumentar o engajamento do cliente<\/strong> em todos os pontos de contato da jornada do cliente.<\/li>\n<\/ul>\n<\/div><\/div><\/div><\/div><\/div><div class=\"vc_col-sm-2 wpb_column vc_column_container\"><div class=\"vc_column-inner\"><div class=\"wpb_wrapper\"><\/div><\/div><\/div><\/div><\/div><\/div><\/div><\/div><\/div><\/section><section class=\"l-section wpb_row us_custom_c70c97eb height_medium with_shape\"><div class=\"l-section-shape type_triangle pos_bottom\" style=\"height:10vh;color:var(--color-content-secondary)\"><svg xmlns=\"http:\/\/www.w3.org\/2000\/svg\" viewBox=\"0 0 64 8\" preserveAspectRatio=\"none\" width=\"100%\" height=\"100%\">\r\n\t<path fill=\"currentColor\" d=\"M64 8 L0 8 L0 0 L32 7.9 L64 0 Z\"\/>\r\n<\/svg><\/div><div class=\"l-section-h i-cf\"><div class=\"g-cols vc_row via_flex valign_top type_default stacking_default\"><div class=\"vc_col-sm-12 wpb_column vc_column_container\"><div class=\"vc_column-inner\"><div class=\"wpb_wrapper\"><\/div><\/div><\/div><\/div><\/div><\/section><section class=\"l-section wpb_row last-row height_medium color_secondary\" id=\"solution\"><div class=\"l-section-h i-cf\"><div class=\"g-cols vc_row via_flex valign_middle type_default stacking_default\"><div class=\"vc_col-sm-6 wpb_column vc_column_container\"><div class=\"vc_column-inner\"><div class=\"wpb_wrapper\"><div class=\"wpb_text_column\"><div class=\"wpb_wrapper\"><h2>Solu\u00e7\u00e3o<\/h2>\n<\/div><\/div><div class=\"wpb_text_column\"><div class=\"wpb_wrapper\"><p>Utilizando a Webloyalty, nossa plataforma de recompensas europeia, a National Express lan\u00e7ou o NX Rewards, uma solu\u00e7\u00e3o de marca pr\u00f3pria, para ajudar os clientes a economizarem em suas compras por meio de incentivos cont\u00ednuos e benef\u00edcios, incluindo uma taxa de Cashback de 12,5% l\u00edder de mercado em reservas de \u00f4nibus e acesso a descontos em dinheiro em mais de 1000 comerciantes.<\/p>\n<p>Com base no perfil dos membros, o NX Rewards oferecia oportunidades mais relevantes e personalizadas de engajamento, incluindo taxas de Cashback aprimoradas com companhias a\u00e9reas relevantes, hot\u00e9is, sa\u00fade e fornecedores de ingressos.<\/p>\n<p>Os principais pontos de contato com o cliente foram otimizados, incluindo as plataformas digitais de varejo de \u00f4nibus e coletivos da National Express, e-mails de confirma\u00e7\u00e3o, ingressos de agentes, ingressos eletr\u00f4nicos, VUER (aplicativo de entretenimento digital da National Express), televendas e folhetos de marketing direto.<\/p>\n<\/div><\/div><\/div><\/div><\/div><div class=\"vc_col-sm-6 wpb_column vc_column_container\"><div class=\"vc_column-inner\"><div class=\"wpb_wrapper\"><div class=\"w-image align_center\"><div class=\"w-image-h\"><img decoding=\"async\" width=\"637\" height=\"392\" src=\"https:\/\/www.tenerity.com\/br\/wp-content\/uploads\/sites\/29\/2023\/05\/image___case_study02.png\" class=\"attachment-large size-large\" alt=\"nx|rewards\" loading=\"lazy\" srcset=\"https:\/\/www.tenerity.com\/br\/wp-content\/uploads\/sites\/29\/2023\/05\/image___case_study02.png 637w, https:\/\/www.tenerity.com\/br\/wp-content\/uploads\/sites\/29\/2023\/05\/image___case_study02-300x185.png 300w\" sizes=\"auto, (max-width: 637px) 100vw, 637px\" \/><\/div><\/div><\/div><\/div><\/div><\/div><\/div><\/section><section class=\"l-section wpb_row us_custom_a9be633b height_medium with_shape\"><div class=\"l-section-shape type_tilt pos_bottom hor_flip\" style=\"height:10vh;color:var(--color-content-bg-alt)\"><svg xmlns=\"http:\/\/www.w3.org\/2000\/svg\" viewBox=\"0 0 64 8\" preserveAspectRatio=\"none\" width=\"100%\" height=\"100%\">\r\n\t<path fill=\"currentColor\" d=\"M64 7.9 L64 10 L0 10 L0 0 Z\"\/>\r\n<\/svg><\/div><div class=\"l-section-h i-cf\"><div class=\"g-cols vc_row via_flex valign_top type_default stacking_default\"><div class=\"vc_col-sm-12 wpb_column vc_column_container\"><div class=\"vc_column-inner\"><div class=\"wpb_wrapper\"><\/div><\/div><\/div><\/div><\/div><\/section><section class=\"l-section wpb_row us_custom_0ef2abdf height_medium\" id=\"challenge\"><div class=\"l-section-h i-cf\"><div class=\"g-cols vc_row via_flex valign_top type_default stacking_default\"><div class=\"vc_col-sm-12 wpb_column vc_column_container\"><div class=\"vc_column-inner\"><div class=\"wpb_wrapper\"><div class=\"wpb_text_column\"><div class=\"wpb_wrapper\"><h2>Resultados principais<\/h2>\n<\/div><\/div><div class=\"g-cols wpb_row via_flex valign_top type_default stacking_default\"><div class=\"vc_col-sm-4 wpb_column vc_column_container\"><div class=\"vc_column-inner\"><div class=\"wpb_wrapper\"><div class=\"wpb_text_column\"><div class=\"wpb_wrapper\"><p><strong>Engajamento do Cliente<\/strong><\/p>\n<p>A National Express aumentou o engajamento do cliente incentivando os membros a fazerem reservas repetidas de \u00f4nibus e coletivos, oferecendo a eles a oportunidade de economizar centenas de libras esterlinas por ano em v\u00e1rias marcas de varejo.<\/p>\n<\/div><\/div><\/div><\/div><\/div><div class=\"vc_col-sm-4 wpb_column vc_column_container\"><div class=\"vc_column-inner\"><div class=\"wpb_wrapper\"><div class=\"wpb_text_column\"><div class=\"wpb_wrapper\"><p><strong>Compra Repetida<\/strong><\/p>\n<p>10% dos membros fizeram outra reserva na National Express dentro de 3 meses ap\u00f3s se tornarem membros.<\/p>\n<\/div><\/div><\/div><\/div><\/div><div class=\"vc_col-sm-4 wpb_column vc_column_container\"><div class=\"vc_column-inner\"><div class=\"wpb_wrapper\"><div class=\"wpb_text_column\"><div class=\"wpb_wrapper\"><p><strong>Receita Incremental<\/strong><\/p>\n<p>A comiss\u00e3o de indica\u00e7\u00e3o aumentou em 50% devido ao aumento nas ades\u00f5es de membros.<\/p>\n<\/div><\/div><\/div><\/div><\/div><\/div><\/div><\/div><\/div><\/div><\/div><\/section><section class=\"l-section wpb_row us_custom_c70c97eb height_medium with_shape\"><div class=\"l-section-shape type_tilt pos_bottom hor_flip\" style=\"height:10vh;\"><svg xmlns=\"http:\/\/www.w3.org\/2000\/svg\" viewBox=\"0 0 64 8\" preserveAspectRatio=\"none\" width=\"100%\" height=\"100%\">\r\n\t<path fill=\"currentColor\" d=\"M64 7.9 L64 10 L0 10 L0 0 Z\"\/>\r\n<\/svg><\/div><div class=\"l-section-h i-cf\"><div class=\"g-cols vc_row via_flex valign_top type_default stacking_default\"><div class=\"vc_col-sm-12 wpb_column vc_column_container\"><div class=\"vc_column-inner\"><div class=\"wpb_wrapper\"><\/div><\/div><\/div><\/div><\/div><\/section><section class=\"l-section wpb_row us_custom_f3f68ac4 height_medium\"><div class=\"l-section-h i-cf\"><div class=\"g-cols vc_row via_flex valign_top type_default stacking_default\"><div class=\"vc_col-sm-3 wpb_column vc_column_container\"><div class=\"vc_column-inner\"><div class=\"wpb_wrapper\"><\/div><\/div><\/div><div class=\"vc_col-sm-6 wpb_column vc_column_container\"><div class=\"vc_column-inner\"><div class=\"wpb_wrapper\"><div class=\"w-iconbox us_custom_50cc7d67 iconpos_top style_default color_contrast align_center no_text no_title\"><div class=\"w-iconbox-icon\" style=\"font-size:3rem;\"><i class=\"fas fa-quote-left\"><\/i><\/div><div class=\"w-iconbox-meta\"><\/div><\/div><div class=\"wpb_text_column\"><div class=\"wpb_wrapper\"><p style=\"text-align: center;\">Estamos trabalhando com a Webloyalty h\u00e1 mais de 11 anos; nesse tempo, nossa parceria tem se fortalecido cada vez mais, com um crescimento substancial na receita. A Webloyalty n\u00e3o apenas nos proporcionou uma solu\u00e7\u00e3o que incentiva compras repetidas, mas tamb\u00e9m adicionou uma valiosa fonte de receita adicional.<\/p>\n<p style=\"text-align: center;\">O valor fornecido pela parceria com a Webloyalty nos permite reinvestir em outras partes do nosso neg\u00f3cio com um impacto m\u00ednimo em nosso neg\u00f3cio principal.<\/p>\n<p style=\"text-align: center;\"><strong>Tony Taylor<\/strong><br \/>\n<em>Chefe de Desenvolvimento de Neg\u00f3cios &#8211; National Express<\/em><\/p>\n<\/div><\/div><\/div><\/div><\/div><div class=\"vc_col-sm-3 wpb_column vc_column_container\"><div class=\"vc_column-inner\"><div class=\"wpb_wrapper\"><\/div><\/div><\/div><\/div><\/div><\/section>\n","protected":false},"excerpt":{"rendered":"National Express Criou mais engajamento do cliente e valor incremental. Destaques 1%dos membros fizeram uma compra repetidaAumento de 1%na comiss\u00e3o de indica\u00e7\u00e3o Desafio A National Express estava buscando desenvolver sua pr\u00f3pria plataforma de recompensas com marca pr\u00f3pria, com o objetivo de construir relacionamentos duradouros e lucrativos com os clientes. Os principais objetivos eram: Incentivar compras...","protected":false},"author":2,"featured_media":1234,"parent":195,"menu_order":2,"comment_status":"closed","ping_status":"closed","template":"","meta":{"footnotes":""},"class_list":["post-1239","page","type-page","status-publish","has-post-thumbnail","hentry"],"yoast_head":"<!-- This site is optimized with the Yoast SEO plugin v27.1.1 - https:\/\/yoast.com\/product\/yoast-seo-wordpress\/ -->\n<title>National Express - Tenerity BR<\/title>\n<meta name=\"robots\" content=\"index, follow, max-snippet:-1, max-image-preview:large, max-video-preview:-1\" \/>\n<link rel=\"canonical\" href=\"https:\/\/www.tenerity.com\/br\/estudos-de-caso\/national-express\/\" \/>\n<meta property=\"og:locale\" content=\"pt_BR\" \/>\n<meta property=\"og:type\" content=\"article\" \/>\n<meta property=\"og:title\" content=\"National Express - Tenerity BR\" \/>\n<meta property=\"og:url\" content=\"https:\/\/www.tenerity.com\/br\/estudos-de-caso\/national-express\/\" \/>\n<meta property=\"og:site_name\" content=\"Tenerity BR\" \/>\n<meta property=\"article:modified_time\" content=\"2023-07-10T18:28:24+00:00\" \/>\n<meta property=\"og:image\" content=\"https:\/\/www.tenerity.com\/br\/wp-content\/uploads\/sites\/29\/2023\/05\/case_study_header___national_express.jpg\" \/>\n\t<meta property=\"og:image:width\" content=\"1024\" \/>\n\t<meta property=\"og:image:height\" content=\"640\" \/>\n\t<meta property=\"og:image:type\" content=\"image\/jpeg\" \/>\n<meta name=\"twitter:card\" content=\"summary_large_image\" \/>\n<meta name=\"twitter:label1\" content=\"Est. tempo de leitura\" \/>\n\t<meta name=\"twitter:data1\" content=\"3 minutos\" \/>\n<script type=\"application\/ld+json\" class=\"yoast-schema-graph\">{\"@context\":\"https:\/\/schema.org\",\"@graph\":[{\"@type\":\"WebPage\",\"@id\":\"https:\/\/www.tenerity.com\/br\/estudos-de-caso\/national-express\/\",\"url\":\"https:\/\/www.tenerity.com\/br\/estudos-de-caso\/national-express\/\",\"name\":\"National Express - Tenerity BR\",\"isPartOf\":{\"@id\":\"https:\/\/www.tenerity.com\/br\/#website\"},\"primaryImageOfPage\":{\"@id\":\"https:\/\/www.tenerity.com\/br\/estudos-de-caso\/national-express\/#primaryimage\"},\"image\":{\"@id\":\"https:\/\/www.tenerity.com\/br\/estudos-de-caso\/national-express\/#primaryimage\"},\"thumbnailUrl\":\"https:\/\/www.tenerity.com\/br\/wp-content\/uploads\/sites\/29\/2023\/05\/case_study_header___national_express.jpg\",\"datePublished\":\"2023-05-23T15:27:59+00:00\",\"dateModified\":\"2023-07-10T18:28:24+00:00\",\"breadcrumb\":{\"@id\":\"https:\/\/www.tenerity.com\/br\/estudos-de-caso\/national-express\/#breadcrumb\"},\"inLanguage\":\"pt-BR\",\"potentialAction\":[{\"@type\":\"ReadAction\",\"target\":[\"https:\/\/www.tenerity.com\/br\/estudos-de-caso\/national-express\/\"]}]},{\"@type\":\"ImageObject\",\"inLanguage\":\"pt-BR\",\"@id\":\"https:\/\/www.tenerity.com\/br\/estudos-de-caso\/national-express\/#primaryimage\",\"url\":\"https:\/\/www.tenerity.com\/br\/wp-content\/uploads\/sites\/29\/2023\/05\/case_study_header___national_express.jpg\",\"contentUrl\":\"https:\/\/www.tenerity.com\/br\/wp-content\/uploads\/sites\/29\/2023\/05\/case_study_header___national_express.jpg\",\"width\":1024,\"height\":640,\"caption\":\"National Express | Tenerity Case Study\"},{\"@type\":\"BreadcrumbList\",\"@id\":\"https:\/\/www.tenerity.com\/br\/estudos-de-caso\/national-express\/#breadcrumb\",\"itemListElement\":[{\"@type\":\"ListItem\",\"position\":1,\"name\":\"Home\",\"item\":\"https:\/\/www.tenerity.com\/br\/\"},{\"@type\":\"ListItem\",\"position\":2,\"name\":\"Estudos de Caso\",\"item\":\"https:\/\/www.tenerity.com\/br\/estudos-de-caso\/\"},{\"@type\":\"ListItem\",\"position\":3,\"name\":\"National Express\"}]},{\"@type\":\"WebSite\",\"@id\":\"https:\/\/www.tenerity.com\/br\/#website\",\"url\":\"https:\/\/www.tenerity.com\/br\/\",\"name\":\"Tenerity\",\"description\":\"Intelligent engagement and loyalty for modern brands\",\"potentialAction\":[{\"@type\":\"SearchAction\",\"target\":{\"@type\":\"EntryPoint\",\"urlTemplate\":\"https:\/\/www.tenerity.com\/br\/?s={search_term_string}\"},\"query-input\":{\"@type\":\"PropertyValueSpecification\",\"valueRequired\":true,\"valueName\":\"search_term_string\"}}],\"inLanguage\":\"pt-BR\"}]}<\/script>\n<!-- \/ Yoast SEO plugin. -->","yoast_head_json":{"title":"National Express - Tenerity BR","robots":{"index":"index","follow":"follow","max-snippet":"max-snippet:-1","max-image-preview":"max-image-preview:large","max-video-preview":"max-video-preview:-1"},"canonical":"https:\/\/www.tenerity.com\/br\/estudos-de-caso\/national-express\/","og_locale":"pt_BR","og_type":"article","og_title":"National Express - Tenerity BR","og_url":"https:\/\/www.tenerity.com\/br\/estudos-de-caso\/national-express\/","og_site_name":"Tenerity BR","article_modified_time":"2023-07-10T18:28:24+00:00","og_image":[{"width":1024,"height":640,"url":"https:\/\/www.tenerity.com\/br\/wp-content\/uploads\/sites\/29\/2023\/05\/case_study_header___national_express.jpg","type":"image\/jpeg"}],"twitter_card":"summary_large_image","twitter_misc":{"Est. tempo de leitura":"3 minutos"},"schema":{"@context":"https:\/\/schema.org","@graph":[{"@type":"WebPage","@id":"https:\/\/www.tenerity.com\/br\/estudos-de-caso\/national-express\/","url":"https:\/\/www.tenerity.com\/br\/estudos-de-caso\/national-express\/","name":"National Express - Tenerity BR","isPartOf":{"@id":"https:\/\/www.tenerity.com\/br\/#website"},"primaryImageOfPage":{"@id":"https:\/\/www.tenerity.com\/br\/estudos-de-caso\/national-express\/#primaryimage"},"image":{"@id":"https:\/\/www.tenerity.com\/br\/estudos-de-caso\/national-express\/#primaryimage"},"thumbnailUrl":"https:\/\/www.tenerity.com\/br\/wp-content\/uploads\/sites\/29\/2023\/05\/case_study_header___national_express.jpg","datePublished":"2023-05-23T15:27:59+00:00","dateModified":"2023-07-10T18:28:24+00:00","breadcrumb":{"@id":"https:\/\/www.tenerity.com\/br\/estudos-de-caso\/national-express\/#breadcrumb"},"inLanguage":"pt-BR","potentialAction":[{"@type":"ReadAction","target":["https:\/\/www.tenerity.com\/br\/estudos-de-caso\/national-express\/"]}]},{"@type":"ImageObject","inLanguage":"pt-BR","@id":"https:\/\/www.tenerity.com\/br\/estudos-de-caso\/national-express\/#primaryimage","url":"https:\/\/www.tenerity.com\/br\/wp-content\/uploads\/sites\/29\/2023\/05\/case_study_header___national_express.jpg","contentUrl":"https:\/\/www.tenerity.com\/br\/wp-content\/uploads\/sites\/29\/2023\/05\/case_study_header___national_express.jpg","width":1024,"height":640,"caption":"National Express | Tenerity Case Study"},{"@type":"BreadcrumbList","@id":"https:\/\/www.tenerity.com\/br\/estudos-de-caso\/national-express\/#breadcrumb","itemListElement":[{"@type":"ListItem","position":1,"name":"Home","item":"https:\/\/www.tenerity.com\/br\/"},{"@type":"ListItem","position":2,"name":"Estudos de Caso","item":"https:\/\/www.tenerity.com\/br\/estudos-de-caso\/"},{"@type":"ListItem","position":3,"name":"National Express"}]},{"@type":"WebSite","@id":"https:\/\/www.tenerity.com\/br\/#website","url":"https:\/\/www.tenerity.com\/br\/","name":"Tenerity","description":"Intelligent engagement and loyalty for modern brands","potentialAction":[{"@type":"SearchAction","target":{"@type":"EntryPoint","urlTemplate":"https:\/\/www.tenerity.com\/br\/?s={search_term_string}"},"query-input":{"@type":"PropertyValueSpecification","valueRequired":true,"valueName":"search_term_string"}}],"inLanguage":"pt-BR"}]}},"_links":{"self":[{"href":"https:\/\/www.tenerity.com\/br\/wp-json\/wp\/v2\/pages\/1239","targetHints":{"allow":["GET"]}}],"collection":[{"href":"https:\/\/www.tenerity.com\/br\/wp-json\/wp\/v2\/pages"}],"about":[{"href":"https:\/\/www.tenerity.com\/br\/wp-json\/wp\/v2\/types\/page"}],"author":[{"embeddable":true,"href":"https:\/\/www.tenerity.com\/br\/wp-json\/wp\/v2\/users\/2"}],"replies":[{"embeddable":true,"href":"https:\/\/www.tenerity.com\/br\/wp-json\/wp\/v2\/comments?post=1239"}],"version-history":[{"count":0,"href":"https:\/\/www.tenerity.com\/br\/wp-json\/wp\/v2\/pages\/1239\/revisions"}],"up":[{"embeddable":true,"href":"https:\/\/www.tenerity.com\/br\/wp-json\/wp\/v2\/pages\/195"}],"wp:featuredmedia":[{"embeddable":true,"href":"https:\/\/www.tenerity.com\/br\/wp-json\/wp\/v2\/media\/1234"}],"wp:attachment":[{"href":"https:\/\/www.tenerity.com\/br\/wp-json\/wp\/v2\/media?parent=1239"}],"curies":[{"name":"wp","href":"https:\/\/api.w.org\/{rel}","templated":true}]}}